{"id":114500,"date":"2023-04-06T13:29:29","date_gmt":"2023-04-06T11:29:29","guid":{"rendered":"https:\/\/miomiorun.com\/?post_type=product&#038;p=114500"},"modified":"2026-05-08T21:38:46","modified_gmt":"2026-05-08T19:38:46","slug":"adv-cool-intensity-ss-damen","status":"publish","type":"product","link":"https:\/\/www.miomiorun.com\/de\/produkt\/adv-cool-intensity-ss-damen\/","title":{"rendered":"ADV Cool Intensity SS damen"},"content":{"rendered":"<p>Das <strong>ADV Cool Intensity Tee<\/strong> f\u00fcr Frauen ist ein leichtes und erfrischendes T-Shirt, das bei hochintensivem Training unter hei\u00dfen Bedingungen ein hervorragendes K\u00f6rpertemperaturmanagement bietet.<\/p>\n<p>Das T-Shirt besteht aus hochfunktionellem, recyceltem Polyester und verf\u00fcgt \u00fcber eine nahtlose Konstruktion mit einer anatomischen Passform f\u00fcr eine bessere Bel\u00fcftung an hei\u00dfen Stellen. Perfekt, um es an hei\u00dfen Sommertagen allein beim Training zu tragen.<\/p>\n<h3>Eigenschaften:<\/h3>\n<ul>\n<li>D\u00fcnner und leichter Stoff aus recyceltem Polyester<\/li>\n<li>Eng anliegende Struktur<\/li>\n<li>Nahtloses Design<\/li>\n<li>Enge Passform<\/li>\n<\/ul>\n<p><strong>Material:<\/strong> 65% recyceltes Polyester 35% Polyester<\/p>\n<p>Maschinenwaschbar bei 40 Grad im Feinwaschprogramm. Auf einem B\u00fcgel trocknen lassen.<\/p>\n<p>&nbsp;<\/p>\n","protected":false},"excerpt":{"rendered":"<ul>\n<li>D\u00fcnner und leichter Stoff aus recyceltem Polyester<\/li>\n<li>Eng anliegende Struktur<\/li>\n<li>Nahtloses Design<\/li>\n<\/ul>\n","protected":false},"featured_media":116142,"template":"","meta":{"_acf_changed":false,"inline_featured_image":false},"product_brand":[],"product_cat":[6400,6401,6489],"product_tag":[6304,6232],"class_list":{"0":"post-114500","1":"product","2":"type-product","3":"status-publish","4":"has-post-thumbnail","6":"product_cat-damen","7":"product_cat-damenbekleidung","8":"product_cat-dament-shirt-de","9":"product_tag-craft-de","10":"product_tag-craft-damen-de","11":"pa_attivita-gehen","12":"pa_attivita-outdoor-de","13":"pa_attivita-running-de","14":"pa_attivita-trail-de","15":"pa_colore-adv-cool-intensity-ss-tee-w-black","16":"pa_colore-adv-cool-intensity-ss-w-lavander-de","17":"pa_colore-adv-cool-intensity-ss-w-pink-de","18":"pa_colore-adv-cool-intensity-ss-w-white-de","19":"pa_marca-craft-de","20":"pa_sesso-damen","21":"pa_size-extra-small-de","22":"pa_size-small-de","23":"pa_size-medium-de","24":"pa_size-large-de","26":"first","27":"instock","28":"sale","29":"taxable","30":"shipping-taxable","31":"purchasable","32":"product-type-variable","33":"wvs-archive-product-wrapper"},"acf":[],"yoast_head":"<!-- This site is optimized with the Yoast SEO plugin v26.8 - https:\/\/yoast.com\/product\/yoast-seo-wordpress\/ -->\n<title>Craft ADV Cool Intensity SS damen - T-Shirt Laufen - MioMioRun<\/title>\n<meta name=\"description\" content=\"Das ADV Cool Intensity Tee f\u00fcr Frauen ist ein leichtes und erfrischendes Shirt, das ein hervorragendes Temperaturmanagement bietet\" \/>\n<meta name=\"robots\" content=\"index, follow, max-snippet:-1, max-image-preview:large, max-video-preview:-1\" \/>\n<link rel=\"canonical\" href=\"https:\/\/www.miomiorun.com\/de\/produkt\/adv-cool-intensity-ss-damen\/\" \/>\n<meta property=\"og:locale\" content=\"de_DE\" \/>\n<meta property=\"og:type\" content=\"article\" \/>\n<meta property=\"og:title\" content=\"Craft ADV Cool Intensity SS damen - T-Shirt Laufen - MioMioRun\" \/>\n<meta property=\"og:description\" content=\"Das ADV Cool Intensity Tee f\u00fcr Frauen ist ein leichtes und erfrischendes Shirt, das ein hervorragendes Temperaturmanagement bietet\" \/>\n<meta property=\"og:url\" content=\"https:\/\/www.miomiorun.com\/de\/produkt\/adv-cool-intensity-ss-damen\/\" \/>\n<meta property=\"og:site_name\" content=\"MioMioRun\" \/>\n<meta property=\"article:publisher\" content=\"https:\/\/www.facebook.com\/miomiorun\/\" \/>\n<meta property=\"article:modified_time\" content=\"2026-05-08T19:38:46+00:00\" \/>\n<meta property=\"og:image\" content=\"https:\/\/www.miomiorun.com\/app\/uploads\/2023\/04\/craft-adv-cool-intensity-ss-W-lavander-1913201-723000.jpg\" \/>\n\t<meta property=\"og:image:width\" content=\"600\" \/>\n\t<meta property=\"og:image:height\" content=\"600\" \/>\n\t<meta property=\"og:image:type\" content=\"image\/jpeg\" \/>\n<meta name=\"twitter:card\" content=\"summary_large_image\" \/>\n<meta name=\"twitter:label1\" content=\"Est. reading time\" \/>\n\t<meta name=\"twitter:data1\" content=\"1 minute\" \/>\n<script type=\"application\/ld+json\" class=\"yoast-schema-graph\">{\"@context\":\"https:\/\/schema.org\",\"@graph\":[{\"@type\":\"WebPage\",\"@id\":\"https:\/\/www.miomiorun.com\/de\/produkt\/adv-cool-intensity-ss-damen\/\",\"url\":\"https:\/\/www.miomiorun.com\/de\/produkt\/adv-cool-intensity-ss-damen\/\",\"name\":\"Craft ADV Cool Intensity SS damen - T-Shirt Laufen - MioMioRun\",\"isPartOf\":{\"@id\":\"https:\/\/www.miomiorun.com\/de\/#website\"},\"primaryImageOfPage\":{\"@id\":\"https:\/\/www.miomiorun.com\/de\/produkt\/adv-cool-intensity-ss-damen\/#primaryimage\"},\"image\":{\"@id\":\"https:\/\/www.miomiorun.com\/de\/produkt\/adv-cool-intensity-ss-damen\/#primaryimage\"},\"thumbnailUrl\":\"https:\/\/www.miomiorun.com\/app\/uploads\/2023\/04\/craft-adv-cool-intensity-ss-W-lavander-1913201-723000.jpg\",\"datePublished\":\"2023-04-06T11:29:29+00:00\",\"dateModified\":\"2026-05-08T19:38:46+00:00\",\"description\":\"Das ADV Cool Intensity Tee f\u00fcr Frauen ist ein leichtes und erfrischendes Shirt, das ein hervorragendes Temperaturmanagement bietet\",\"breadcrumb\":{\"@id\":\"https:\/\/www.miomiorun.com\/de\/produkt\/adv-cool-intensity-ss-damen\/#breadcrumb\"},\"inLanguage\":\"de-DE\",\"potentialAction\":[{\"@type\":\"ReadAction\",\"target\":[\"https:\/\/www.miomiorun.com\/de\/produkt\/adv-cool-intensity-ss-damen\/\"]}]},{\"@type\":\"ImageObject\",\"inLanguage\":\"de-DE\",\"@id\":\"https:\/\/www.miomiorun.com\/de\/produkt\/adv-cool-intensity-ss-damen\/#primaryimage\",\"url\":\"https:\/\/www.miomiorun.com\/app\/uploads\/2023\/04\/craft-adv-cool-intensity-ss-W-lavander-1913201-723000.jpg\",\"contentUrl\":\"https:\/\/www.miomiorun.com\/app\/uploads\/2023\/04\/craft-adv-cool-intensity-ss-W-lavander-1913201-723000.jpg\",\"width\":600,\"height\":600,\"caption\":\"craft-adv-cool-intensity-ss-W-lavander-1913201-723000\"},{\"@type\":\"BreadcrumbList\",\"@id\":\"https:\/\/www.miomiorun.com\/de\/produkt\/adv-cool-intensity-ss-damen\/#breadcrumb\",\"itemListElement\":[{\"@type\":\"ListItem\",\"position\":1,\"name\":\"Home\",\"item\":\"https:\/\/www.miomiorun.com\/de\/\"},{\"@type\":\"ListItem\",\"position\":2,\"name\":\"Shop\",\"item\":\"https:\/\/www.miomiorun.com\/shop\/\"},{\"@type\":\"ListItem\",\"position\":3,\"name\":\"ADV Cool Intensity SS damen\"}]},{\"@type\":\"WebSite\",\"@id\":\"https:\/\/www.miomiorun.com\/de\/#website\",\"url\":\"https:\/\/www.miomiorun.com\/de\/\",\"name\":\"MioMioRun\",\"description\":\"100% Lauf- und Trailshop\",\"publisher\":{\"@id\":\"https:\/\/www.miomiorun.com\/de\/#organization\"},\"potentialAction\":[{\"@type\":\"SearchAction\",\"target\":{\"@type\":\"EntryPoint\",\"urlTemplate\":\"https:\/\/www.miomiorun.com\/de\/?s={search_term_string}\"},\"query-input\":{\"@type\":\"PropertyValueSpecification\",\"valueRequired\":true,\"valueName\":\"search_term_string\"}}],\"inLanguage\":\"de-DE\"},{\"@type\":\"Organization\",\"@id\":\"https:\/\/www.miomiorun.com\/de\/#organization\",\"name\":\"MioMio Run\",\"url\":\"https:\/\/www.miomiorun.com\/de\/\",\"logo\":{\"@type\":\"ImageObject\",\"inLanguage\":\"de-DE\",\"@id\":\"https:\/\/www.miomiorun.com\/de\/#\/schema\/logo\/image\/\",\"url\":\"https:\/\/www.miomiorun.com\/app\/uploads\/2019\/12\/logomio.png\",\"contentUrl\":\"https:\/\/www.miomiorun.com\/app\/uploads\/2019\/12\/logomio.png\",\"width\":115,\"height\":82,\"caption\":\"MioMio Run\"},\"image\":{\"@id\":\"https:\/\/www.miomiorun.com\/de\/#\/schema\/logo\/image\/\"},\"sameAs\":[\"https:\/\/www.facebook.com\/miomiorun\/\",\"https:\/\/www.instagram.com\/miomiorun\/\"]}]}<\/script>\n<!-- \/ Yoast SEO plugin. -->","yoast_head_json":{"title":"Craft ADV Cool Intensity SS damen - T-Shirt Laufen - MioMioRun","description":"Das ADV Cool Intensity Tee f\u00fcr Frauen ist ein leichtes und erfrischendes Shirt, das ein hervorragendes Temperaturmanagement bietet","robots":{"index":"index","follow":"follow","max-snippet":"max-snippet:-1","max-image-preview":"max-image-preview:large","max-video-preview":"max-video-preview:-1"},"canonical":"https:\/\/www.miomiorun.com\/de\/produkt\/adv-cool-intensity-ss-damen\/","og_locale":"de_DE","og_type":"article","og_title":"Craft ADV Cool Intensity SS damen - T-Shirt Laufen - MioMioRun","og_description":"Das ADV Cool Intensity Tee f\u00fcr Frauen ist ein leichtes und erfrischendes Shirt, das ein hervorragendes Temperaturmanagement bietet","og_url":"https:\/\/www.miomiorun.com\/de\/produkt\/adv-cool-intensity-ss-damen\/","og_site_name":"MioMioRun","article_publisher":"https:\/\/www.facebook.com\/miomiorun\/","article_modified_time":"2026-05-08T19:38:46+00:00","og_image":[{"width":600,"height":600,"url":"https:\/\/www.miomiorun.com\/app\/uploads\/2023\/04\/craft-adv-cool-intensity-ss-W-lavander-1913201-723000.jpg","type":"image\/jpeg"}],"twitter_card":"summary_large_image","twitter_misc":{"Est. reading time":"1 minute"},"schema":{"@context":"https:\/\/schema.org","@graph":[{"@type":"WebPage","@id":"https:\/\/www.miomiorun.com\/de\/produkt\/adv-cool-intensity-ss-damen\/","url":"https:\/\/www.miomiorun.com\/de\/produkt\/adv-cool-intensity-ss-damen\/","name":"Craft ADV Cool Intensity SS damen - T-Shirt Laufen - MioMioRun","isPartOf":{"@id":"https:\/\/www.miomiorun.com\/de\/#website"},"primaryImageOfPage":{"@id":"https:\/\/www.miomiorun.com\/de\/produkt\/adv-cool-intensity-ss-damen\/#primaryimage"},"image":{"@id":"https:\/\/www.miomiorun.com\/de\/produkt\/adv-cool-intensity-ss-damen\/#primaryimage"},"thumbnailUrl":"https:\/\/www.miomiorun.com\/app\/uploads\/2023\/04\/craft-adv-cool-intensity-ss-W-lavander-1913201-723000.jpg","datePublished":"2023-04-06T11:29:29+00:00","dateModified":"2026-05-08T19:38:46+00:00","description":"Das ADV Cool Intensity Tee f\u00fcr Frauen ist ein leichtes und erfrischendes Shirt, das ein hervorragendes Temperaturmanagement bietet","breadcrumb":{"@id":"https:\/\/www.miomiorun.com\/de\/produkt\/adv-cool-intensity-ss-damen\/#breadcrumb"},"inLanguage":"de-DE","potentialAction":[{"@type":"ReadAction","target":["https:\/\/www.miomiorun.com\/de\/produkt\/adv-cool-intensity-ss-damen\/"]}]},{"@type":"ImageObject","inLanguage":"de-DE","@id":"https:\/\/www.miomiorun.com\/de\/produkt\/adv-cool-intensity-ss-damen\/#primaryimage","url":"https:\/\/www.miomiorun.com\/app\/uploads\/2023\/04\/craft-adv-cool-intensity-ss-W-lavander-1913201-723000.jpg","contentUrl":"https:\/\/www.miomiorun.com\/app\/uploads\/2023\/04\/craft-adv-cool-intensity-ss-W-lavander-1913201-723000.jpg","width":600,"height":600,"caption":"craft-adv-cool-intensity-ss-W-lavander-1913201-723000"},{"@type":"BreadcrumbList","@id":"https:\/\/www.miomiorun.com\/de\/produkt\/adv-cool-intensity-ss-damen\/#breadcrumb","itemListElement":[{"@type":"ListItem","position":1,"name":"Home","item":"https:\/\/www.miomiorun.com\/de\/"},{"@type":"ListItem","position":2,"name":"Shop","item":"https:\/\/www.miomiorun.com\/shop\/"},{"@type":"ListItem","position":3,"name":"ADV Cool Intensity SS damen"}]},{"@type":"WebSite","@id":"https:\/\/www.miomiorun.com\/de\/#website","url":"https:\/\/www.miomiorun.com\/de\/","name":"MioMioRun","description":"100% Lauf- und Trailshop","publisher":{"@id":"https:\/\/www.miomiorun.com\/de\/#organization"},"potentialAction":[{"@type":"SearchAction","target":{"@type":"EntryPoint","urlTemplate":"https:\/\/www.miomiorun.com\/de\/?s={search_term_string}"},"query-input":{"@type":"PropertyValueSpecification","valueRequired":true,"valueName":"search_term_string"}}],"inLanguage":"de-DE"},{"@type":"Organization","@id":"https:\/\/www.miomiorun.com\/de\/#organization","name":"MioMio Run","url":"https:\/\/www.miomiorun.com\/de\/","logo":{"@type":"ImageObject","inLanguage":"de-DE","@id":"https:\/\/www.miomiorun.com\/de\/#\/schema\/logo\/image\/","url":"https:\/\/www.miomiorun.com\/app\/uploads\/2019\/12\/logomio.png","contentUrl":"https:\/\/www.miomiorun.com\/app\/uploads\/2019\/12\/logomio.png","width":115,"height":82,"caption":"MioMio Run"},"image":{"@id":"https:\/\/www.miomiorun.com\/de\/#\/schema\/logo\/image\/"},"sameAs":["https:\/\/www.facebook.com\/miomiorun\/","https:\/\/www.instagram.com\/miomiorun\/"]}]}},"_links":{"self":[{"href":"https:\/\/www.miomiorun.com\/de\/wp-json\/wp\/v2\/product\/114500","targetHints":{"allow":["GET"]}}],"collection":[{"href":"https:\/\/www.miomiorun.com\/de\/wp-json\/wp\/v2\/product"}],"about":[{"href":"https:\/\/www.miomiorun.com\/de\/wp-json\/wp\/v2\/types\/product"}],"wp:featuredmedia":[{"embeddable":true,"href":"https:\/\/www.miomiorun.com\/de\/wp-json\/wp\/v2\/media\/116142"}],"wp:attachment":[{"href":"https:\/\/www.miomiorun.com\/de\/wp-json\/wp\/v2\/media?parent=114500"}],"wp:term":[{"taxonomy":"product_brand","embeddable":true,"href":"https:\/\/www.miomiorun.com\/de\/wp-json\/wp\/v2\/product_brand?post=114500"},{"taxonomy":"product_cat","embeddable":true,"href":"https:\/\/www.miomiorun.com\/de\/wp-json\/wp\/v2\/product_cat?post=114500"},{"taxonomy":"product_tag","embeddable":true,"href":"https:\/\/www.miomiorun.com\/de\/wp-json\/wp\/v2\/product_tag?post=114500"}],"curies":[{"name":"wp","href":"https:\/\/api.w.org\/{rel}","templated":true}]}}