{"id":113749,"date":"2023-03-30T12:17:40","date_gmt":"2023-03-30T10:17:40","guid":{"rendered":"https:\/\/miomiorun.com\/?post_type=product&#038;p=113749"},"modified":"2025-04-17T09:39:40","modified_gmt":"2025-04-17T07:39:40","slug":"transport-herren","status":"publish","type":"product","link":"https:\/\/www.miomiorun.com\/de\/produkt\/transport-herren\/","title":{"rendered":"Transport herren"},"content":{"rendered":"<div class=\"vc-row container\"><div class=\"vc-column\"><div class=\"vc-column-text\"><\/p>\n<p><strong>Technische Daten<\/strong><\/p>\n<p>Kategorie: Top-D\u00e4mpfung<br \/>\nVersatz: 5 mm<br \/>\nGewicht: 258 g<br \/>\nIdeal f\u00fcr: Ideal f\u00fcr alle, die einen Alltagsschuh suchen, und f\u00fcr Stadtg\u00e4nger, die ein leichtes, gut gepolstertes und sch\u00fctzendes Modell suchen, das auch auf l\u00e4ngeren Strecken maximalen Komfort bietet.<br \/>\nGewicht des Athleten: 70-80 kg<\/p>\n<p><a href=\"https:\/\/miomiorun.com\/de\/leitfaden-fuer-technische-spezifikationen\/\">Leitfaden f\u00fcr technische Spezifikationen<\/a><\/p>\n<p><\/div><\/div><div class=\"vc-column\"><div class=\"vc-column-text\"><\/p>\n<h3>Leistungsmerkmale. City-Stil. Dieses dynamische Modell ist stilvoll und leistungsstark und verf\u00fcgt \u00fcber eine nachhaltige Sohle, Zwischensohle und Obermaterial.<\/h3>\n<p>Der f\u00fcr das Stadtleben konzipierte Herren-<strong>Transport<\/strong> hat eine EVA-Zwischensohle aus 30 % Zuckerrohr, eine Vibram\u00ae EcoStep Natural-Laufsohle mit 90 % erd\u00f6lfreien Bestandteilen und ein Cordura\u00ae RE\/CORE\u2122-Obermaterial mit 100 % rPET. Weitere Merkmale sind die Schnellschn\u00fcrung und eine 360\u00b0 reflektierende Oberfl\u00e4che.<\/p>\n<h3><strong>Merkmale:<\/strong><\/h3>\n<ul>\n<li>Schnelle Verbindung<\/li>\n<li>360\u00b0 reflektierend<\/li>\n<li>Obermaterial aus abriebfestem Cordura\u00ae-Gewebe<\/li>\n<li>Kompressionsgeformte EVA-Zwischensohle mit 30% Zuckerrohranteil<\/li>\n<li>Vibram\u00ae EcoStep Natural Laufsohle<\/li>\n<\/ul>\n<p><strong>Stabilit\u00e4t<\/strong><\/p>\n<p>Der Transport ist mit einem symmetrischen, gepolsterten Bett ausgestattet, ohne zus\u00e4tzliche orthop\u00e4dische Technik. Entwickelt, um Ihnen die Unterst\u00fctzung, die Sie brauchen, ohne \u00fcberfl\u00fcssige Funktionen zu geben.<\/p>\n<p>&nbsp;<\/p>\n<p><strong>D\u00e4mpfung<\/strong><\/p>\n<p>Der Transport wurde entwickelt, um eine sch\u00fctzende D\u00e4mpfung zu bieten und gleichzeitig einen reaktionsfreudigen Schub zu erhalten, wenn Sie die Geschwindigkeit erh\u00f6hen wollen.<\/p>\n<p>&nbsp;<\/p>\n<h2>Sie werden es lieben, denn<\/h2>\n<h3>Schneller Verschluss<\/h3>\n<p>Leichtes An- und Ausziehen<\/p>\n<h3><strong>360\u00b0-Reflektor<\/strong><\/h3>\n<p>Sorgt f\u00fcr bessere Sichtbarkeit<\/p>\n<h3><strong>Obermaterial aus abriebfestem Cordura\u00ae-Gewebe<\/strong><\/h3>\n<p>Bietet hervorragenden Schutz vor Kratzern<\/p>\n<h3>Kompressionsgeformte EVA-Zwischensohle mit 30% Zuckerrohranteil<\/h3>\n<p>Bietet nachhaltige D\u00e4mpfung<\/p>\n<h3>Vibram\u00ae EcoStep Natural Laufsohle<\/h3>\n<p>Gew\u00e4hrleistet Leistung und Langlebigkeit mit 90% erd\u00f6lfreien Inhaltsstoffen und 100% nat\u00fcrlichen Pigmenten<\/p>\n<p><\/div><\/div><\/div>\n","protected":false},"excerpt":{"rendered":"<ul>\n<li>Schnelle Verbindung<\/li>\n<li>360\u00b0 reflektierend<\/li>\n<li>Obermaterial aus abriebfestem Cordura\u00ae-Gewebe<\/li>\n<\/ul>\n","protected":false},"featured_media":329761,"template":"","meta":{"_acf_changed":false,"inline_featured_image":false},"product_brand":[],"product_cat":[6519,6518],"product_tag":[3373,6226],"class_list":{"0":"post-113749","1":"product","2":"type-product","3":"status-publish","4":"has-post-thumbnail","6":"product_cat-herrenschuhe-outlet-de","7":"product_cat-sale-neutral-de","8":"product_tag-hoka-one-one-de","9":"product_tag-hoka-one-one-herren-de","10":"pa_attivita-gehen","11":"pa_colore-transport-black-alabaster-de","12":"pa_colore-transport-maple-grassland-de","13":"pa_colore-transport-sea-moss-eucalyptus-de","14":"pa_marca-hoka-de","15":"pa_sesso-herren","16":"pa_size-42-de","18":"pa_size-43-de","19":"pa_size-44-de","21":"pa_size-46-de","23":"pa_size-47-de","25":"first","26":"instock","27":"sale","28":"taxable","29":"shipping-taxable","30":"purchasable","31":"product-type-variable","32":"wvs-archive-product-wrapper"},"acf":[],"yoast_head":"<!-- This site is optimized with the Yoast SEO plugin v26.8 - https:\/\/yoast.com\/product\/yoast-seo-wordpress\/ -->\n<title>HokaTransport herren - trailschuheMioMioRun.com<\/title>\n<meta name=\"description\" content=\"Herrens Transport hat eine EVA-Zwischensohle aus 30% Zuckerrohr und eine Vibram\u00ae EcoStep Natural-Laufsohle mit 90% erd\u00f6lfreien Bestandteilen\" \/>\n<meta name=\"robots\" content=\"index, follow, max-snippet:-1, max-image-preview:large, max-video-preview:-1\" \/>\n<link rel=\"canonical\" href=\"https:\/\/www.miomiorun.com\/de\/produkt\/transport-herren\/\" \/>\n<meta property=\"og:locale\" content=\"de_DE\" \/>\n<meta property=\"og:type\" content=\"article\" \/>\n<meta property=\"og:title\" content=\"HokaTransport herren - trailschuheMioMioRun.com\" \/>\n<meta property=\"og:description\" content=\"Herrens Transport hat eine EVA-Zwischensohle aus 30% Zuckerrohr und eine Vibram\u00ae EcoStep Natural-Laufsohle mit 90% erd\u00f6lfreien Bestandteilen\" \/>\n<meta property=\"og:url\" content=\"https:\/\/www.miomiorun.com\/de\/produkt\/transport-herren\/\" \/>\n<meta property=\"og:site_name\" content=\"MioMioRun\" \/>\n<meta property=\"article:publisher\" content=\"https:\/\/www.facebook.com\/miomiorun\/\" \/>\n<meta property=\"article:modified_time\" content=\"2025-04-17T07:39:40+00:00\" \/>\n<meta property=\"og:image\" content=\"https:\/\/www.miomiorun.com\/app\/uploads\/2024\/07\/hoka-Transport-varsity-navy-white-1123153-VYN.webp\" \/>\n\t<meta property=\"og:image:width\" content=\"600\" \/>\n\t<meta property=\"og:image:height\" content=\"600\" \/>\n\t<meta property=\"og:image:type\" content=\"image\/webp\" \/>\n<meta name=\"twitter:card\" content=\"summary_large_image\" \/>\n<meta name=\"twitter:label1\" content=\"Est. reading time\" \/>\n\t<meta name=\"twitter:data1\" content=\"2 minutes\" \/>\n<script type=\"application\/ld+json\" class=\"yoast-schema-graph\">{\"@context\":\"https:\/\/schema.org\",\"@graph\":[{\"@type\":\"WebPage\",\"@id\":\"https:\/\/www.miomiorun.com\/de\/produkt\/transport-herren\/\",\"url\":\"https:\/\/www.miomiorun.com\/de\/produkt\/transport-herren\/\",\"name\":\"HokaTransport herren - trailschuheMioMioRun.com\",\"isPartOf\":{\"@id\":\"https:\/\/www.miomiorun.com\/de\/#website\"},\"primaryImageOfPage\":{\"@id\":\"https:\/\/www.miomiorun.com\/de\/produkt\/transport-herren\/#primaryimage\"},\"image\":{\"@id\":\"https:\/\/www.miomiorun.com\/de\/produkt\/transport-herren\/#primaryimage\"},\"thumbnailUrl\":\"https:\/\/www.miomiorun.com\/app\/uploads\/2025\/07\/hoka-Transport-maple-grassland-1123153-MPLG.webp\",\"datePublished\":\"2023-03-30T10:17:40+00:00\",\"dateModified\":\"2025-04-17T07:39:40+00:00\",\"description\":\"Herrens Transport hat eine EVA-Zwischensohle aus 30% Zuckerrohr und eine Vibram\u00ae EcoStep Natural-Laufsohle mit 90% erd\u00f6lfreien Bestandteilen\",\"breadcrumb\":{\"@id\":\"https:\/\/www.miomiorun.com\/de\/produkt\/transport-herren\/#breadcrumb\"},\"inLanguage\":\"de-DE\",\"potentialAction\":[{\"@type\":\"ReadAction\",\"target\":[\"https:\/\/www.miomiorun.com\/de\/produkt\/transport-herren\/\"]}]},{\"@type\":\"ImageObject\",\"inLanguage\":\"de-DE\",\"@id\":\"https:\/\/www.miomiorun.com\/de\/produkt\/transport-herren\/#primaryimage\",\"url\":\"https:\/\/www.miomiorun.com\/app\/uploads\/2025\/07\/hoka-Transport-maple-grassland-1123153-MPLG.webp\",\"contentUrl\":\"https:\/\/www.miomiorun.com\/app\/uploads\/2025\/07\/hoka-Transport-maple-grassland-1123153-MPLG.webp\",\"width\":600,\"height\":600,\"caption\":\"hoka Transport maple grassland 1123153 MPLG\"},{\"@type\":\"BreadcrumbList\",\"@id\":\"https:\/\/www.miomiorun.com\/de\/produkt\/transport-herren\/#breadcrumb\",\"itemListElement\":[{\"@type\":\"ListItem\",\"position\":1,\"name\":\"Home\",\"item\":\"https:\/\/www.miomiorun.com\/de\/\"},{\"@type\":\"ListItem\",\"position\":2,\"name\":\"Shop\",\"item\":\"https:\/\/www.miomiorun.com\/shop\/\"},{\"@type\":\"ListItem\",\"position\":3,\"name\":\"Transport herren\"}]},{\"@type\":\"WebSite\",\"@id\":\"https:\/\/www.miomiorun.com\/de\/#website\",\"url\":\"https:\/\/www.miomiorun.com\/de\/\",\"name\":\"MioMioRun\",\"description\":\"100% Lauf- und Trailshop\",\"publisher\":{\"@id\":\"https:\/\/www.miomiorun.com\/de\/#organization\"},\"potentialAction\":[{\"@type\":\"SearchAction\",\"target\":{\"@type\":\"EntryPoint\",\"urlTemplate\":\"https:\/\/www.miomiorun.com\/de\/?s={search_term_string}\"},\"query-input\":{\"@type\":\"PropertyValueSpecification\",\"valueRequired\":true,\"valueName\":\"search_term_string\"}}],\"inLanguage\":\"de-DE\"},{\"@type\":\"Organization\",\"@id\":\"https:\/\/www.miomiorun.com\/de\/#organization\",\"name\":\"MioMio Run\",\"url\":\"https:\/\/www.miomiorun.com\/de\/\",\"logo\":{\"@type\":\"ImageObject\",\"inLanguage\":\"de-DE\",\"@id\":\"https:\/\/www.miomiorun.com\/de\/#\/schema\/logo\/image\/\",\"url\":\"https:\/\/www.miomiorun.com\/app\/uploads\/2019\/12\/logomio.png\",\"contentUrl\":\"https:\/\/www.miomiorun.com\/app\/uploads\/2019\/12\/logomio.png\",\"width\":115,\"height\":82,\"caption\":\"MioMio Run\"},\"image\":{\"@id\":\"https:\/\/www.miomiorun.com\/de\/#\/schema\/logo\/image\/\"},\"sameAs\":[\"https:\/\/www.facebook.com\/miomiorun\/\",\"https:\/\/www.instagram.com\/miomiorun\/\"]}]}<\/script>\n<!-- \/ Yoast SEO plugin. -->","yoast_head_json":{"title":"HokaTransport herren - trailschuheMioMioRun.com","description":"Herrens Transport hat eine EVA-Zwischensohle aus 30% Zuckerrohr und eine Vibram\u00ae EcoStep Natural-Laufsohle mit 90% erd\u00f6lfreien Bestandteilen","robots":{"index":"index","follow":"follow","max-snippet":"max-snippet:-1","max-image-preview":"max-image-preview:large","max-video-preview":"max-video-preview:-1"},"canonical":"https:\/\/www.miomiorun.com\/de\/produkt\/transport-herren\/","og_locale":"de_DE","og_type":"article","og_title":"HokaTransport herren - trailschuheMioMioRun.com","og_description":"Herrens Transport hat eine EVA-Zwischensohle aus 30% Zuckerrohr und eine Vibram\u00ae EcoStep Natural-Laufsohle mit 90% erd\u00f6lfreien Bestandteilen","og_url":"https:\/\/www.miomiorun.com\/de\/produkt\/transport-herren\/","og_site_name":"MioMioRun","article_publisher":"https:\/\/www.facebook.com\/miomiorun\/","article_modified_time":"2025-04-17T07:39:40+00:00","og_image":[{"width":600,"height":600,"url":"https:\/\/www.miomiorun.com\/app\/uploads\/2024\/07\/hoka-Transport-varsity-navy-white-1123153-VYN.webp","type":"image\/webp"}],"twitter_card":"summary_large_image","twitter_misc":{"Est. reading time":"2 minutes"},"schema":{"@context":"https:\/\/schema.org","@graph":[{"@type":"WebPage","@id":"https:\/\/www.miomiorun.com\/de\/produkt\/transport-herren\/","url":"https:\/\/www.miomiorun.com\/de\/produkt\/transport-herren\/","name":"HokaTransport herren - trailschuheMioMioRun.com","isPartOf":{"@id":"https:\/\/www.miomiorun.com\/de\/#website"},"primaryImageOfPage":{"@id":"https:\/\/www.miomiorun.com\/de\/produkt\/transport-herren\/#primaryimage"},"image":{"@id":"https:\/\/www.miomiorun.com\/de\/produkt\/transport-herren\/#primaryimage"},"thumbnailUrl":"https:\/\/www.miomiorun.com\/app\/uploads\/2025\/07\/hoka-Transport-maple-grassland-1123153-MPLG.webp","datePublished":"2023-03-30T10:17:40+00:00","dateModified":"2025-04-17T07:39:40+00:00","description":"Herrens Transport hat eine EVA-Zwischensohle aus 30% Zuckerrohr und eine Vibram\u00ae EcoStep Natural-Laufsohle mit 90% erd\u00f6lfreien Bestandteilen","breadcrumb":{"@id":"https:\/\/www.miomiorun.com\/de\/produkt\/transport-herren\/#breadcrumb"},"inLanguage":"de-DE","potentialAction":[{"@type":"ReadAction","target":["https:\/\/www.miomiorun.com\/de\/produkt\/transport-herren\/"]}]},{"@type":"ImageObject","inLanguage":"de-DE","@id":"https:\/\/www.miomiorun.com\/de\/produkt\/transport-herren\/#primaryimage","url":"https:\/\/www.miomiorun.com\/app\/uploads\/2025\/07\/hoka-Transport-maple-grassland-1123153-MPLG.webp","contentUrl":"https:\/\/www.miomiorun.com\/app\/uploads\/2025\/07\/hoka-Transport-maple-grassland-1123153-MPLG.webp","width":600,"height":600,"caption":"hoka Transport maple grassland 1123153 MPLG"},{"@type":"BreadcrumbList","@id":"https:\/\/www.miomiorun.com\/de\/produkt\/transport-herren\/#breadcrumb","itemListElement":[{"@type":"ListItem","position":1,"name":"Home","item":"https:\/\/www.miomiorun.com\/de\/"},{"@type":"ListItem","position":2,"name":"Shop","item":"https:\/\/www.miomiorun.com\/shop\/"},{"@type":"ListItem","position":3,"name":"Transport herren"}]},{"@type":"WebSite","@id":"https:\/\/www.miomiorun.com\/de\/#website","url":"https:\/\/www.miomiorun.com\/de\/","name":"MioMioRun","description":"100% Lauf- und Trailshop","publisher":{"@id":"https:\/\/www.miomiorun.com\/de\/#organization"},"potentialAction":[{"@type":"SearchAction","target":{"@type":"EntryPoint","urlTemplate":"https:\/\/www.miomiorun.com\/de\/?s={search_term_string}"},"query-input":{"@type":"PropertyValueSpecification","valueRequired":true,"valueName":"search_term_string"}}],"inLanguage":"de-DE"},{"@type":"Organization","@id":"https:\/\/www.miomiorun.com\/de\/#organization","name":"MioMio Run","url":"https:\/\/www.miomiorun.com\/de\/","logo":{"@type":"ImageObject","inLanguage":"de-DE","@id":"https:\/\/www.miomiorun.com\/de\/#\/schema\/logo\/image\/","url":"https:\/\/www.miomiorun.com\/app\/uploads\/2019\/12\/logomio.png","contentUrl":"https:\/\/www.miomiorun.com\/app\/uploads\/2019\/12\/logomio.png","width":115,"height":82,"caption":"MioMio Run"},"image":{"@id":"https:\/\/www.miomiorun.com\/de\/#\/schema\/logo\/image\/"},"sameAs":["https:\/\/www.facebook.com\/miomiorun\/","https:\/\/www.instagram.com\/miomiorun\/"]}]}},"_links":{"self":[{"href":"https:\/\/www.miomiorun.com\/de\/wp-json\/wp\/v2\/product\/113749","targetHints":{"allow":["GET"]}}],"collection":[{"href":"https:\/\/www.miomiorun.com\/de\/wp-json\/wp\/v2\/product"}],"about":[{"href":"https:\/\/www.miomiorun.com\/de\/wp-json\/wp\/v2\/types\/product"}],"wp:featuredmedia":[{"embeddable":true,"href":"https:\/\/www.miomiorun.com\/de\/wp-json\/wp\/v2\/media\/329761"}],"wp:attachment":[{"href":"https:\/\/www.miomiorun.com\/de\/wp-json\/wp\/v2\/media?parent=113749"}],"wp:term":[{"taxonomy":"product_brand","embeddable":true,"href":"https:\/\/www.miomiorun.com\/de\/wp-json\/wp\/v2\/product_brand?post=113749"},{"taxonomy":"product_cat","embeddable":true,"href":"https:\/\/www.miomiorun.com\/de\/wp-json\/wp\/v2\/product_cat?post=113749"},{"taxonomy":"product_tag","embeddable":true,"href":"https:\/\/www.miomiorun.com\/de\/wp-json\/wp\/v2\/product_tag?post=113749"}],"curies":[{"name":"wp","href":"https:\/\/api.w.org\/{rel}","templated":true}]}}