{"id":113208,"date":"2023-03-23T14:53:12","date_gmt":"2023-03-23T13:53:12","guid":{"rendered":"https:\/\/miomiorun.com\/?post_type=product&#038;p=113208"},"modified":"2024-05-23T12:23:49","modified_gmt":"2024-05-23T10:23:49","slug":"sudden-short","status":"publish","type":"product","link":"https:\/\/www.miomiorun.com\/de\/produkt\/sudden-short\/","title":{"rendered":"Sudden Short damen"},"content":{"rendered":"<p>Die<strong> Sudden Short<\/strong> f\u00fcr Frauen ist eine Berglaufshort, die das Wesentliche betont. Auf Leistung getrimmt, macht sie Leichtigkeit zu ihrem Hauptmerkmal. Schnell trocknendes Material, interne Taillenregulierung und flache N\u00e4hte machen das Produkt bequem und vielseitig f\u00fcr maximalen Laufgenuss.<\/p>\n<h3>Technische Daten:<\/h3>\n<p><img decoding=\"async\" class=\"img-responsive margin-bottom-sm\" src=\"https:\/\/www.lasportiva.com\/media\/techinfo_icons\/Breathability_75x75.png\" \/><\/p>\n<p><strong>Atmungsaktivit\u00e4t:<\/strong><br \/>\nHochgradig atmungsaktive Produkte f\u00fcr optimalen Klimakomfort.<\/p>\n<p><img decoding=\"async\" class=\"img-responsive margin-bottom-sm\" src=\"https:\/\/www.lasportiva.com\/media\/techinfo_icons\/Stretch_75x75.png\" \/><\/p>\n<p><strong>Elastizit\u00e4t:<\/strong><br \/>\nBequeme und reaktionsfreudige Kleidungsst\u00fccke, die maximale Bewegungsfreiheit garantieren.<\/p>\n<p><img decoding=\"async\" src=\"https:\/\/www.lasportiva.com\/media\/techinfo_icons\/Regular-Fit_75x75.png\" \/><\/p>\n<p><strong>Normale Passform:<\/strong><br \/>\nTechnischer und bequemer Schnitt.<\/p>\n<p><img decoding=\"async\" class=\"img-responsive margin-bottom-sm\" src=\"https:\/\/www.lasportiva.com\/media\/techinfo_icons\/Lightweight_75x75.png\" \/><\/p>\n<p><strong>Leichtigkeit:<\/strong><br \/>\nProdukte, die das Gewicht auf ein Minimum reduzieren<\/p>\n<p><img decoding=\"async\" class=\"img-responsive margin-bottom-sm\" src=\"https:\/\/www.lasportiva.com\/media\/techinfo_icons\/Bluesign-product_2.075x75.png\" \/><\/p>\n<p>WAS IST DAS BLUESIGN\u00ae-SYSTEM? Das BlueSign\u00ae-System zertifiziert die Nachhaltigkeit der gesamten textilen Produktionskette, indem es von Anfang an die f\u00fcr Mensch und Umwelt gef\u00e4hrlichen Stoffe eliminiert, indem es die sozial-\u00f6kologischen und umweltfreundlichen Standards aller an der Wertsch\u00f6pfungskette beteiligten Produktionsprozesse festlegt und kontrolliert, um dem Verbraucher den Kauf nachhaltiger Produkte zu garantieren.La Sportiva ist seit 2012 offizielles BlueSign\u00ae-Mitglied: Dies bescheinigt, dass die gesamte textile Produktionskette die von BlueSign\u00ae gef\u00f6rderten sozial-\u00f6kologischen Kriterien respektiert. Seit 2014\/15 stellt La Sportiva au\u00dferdem ausschlie\u00dflich BlueSign\u00ae-zertifizierte Produkte her, die mit dem offiziellen BlueSign\u00ae-Produktlabel versehen sind.WAS BEDEUTET EIN BLUESIGN\u00ae-ZERTIFIZIERTES PRODUKT? Ein BlueSign\u00ae-zertifiziertes Produkt garantiert dem Verbraucher ein H\u00f6chstma\u00df an Sicherheit in Bezug auf die soziale und \u00f6kologische Vertr\u00e4glichkeit und bescheinigt, dass das Produkt unter Einhaltung der von BlueSign\u00ae genehmigten Qualit\u00e4tsstandards und unter Verwendung nachhaltiger Ressourcen in der gesamten Produktionskette mit m\u00f6glichst geringen Auswirkungen auf den Planeten und die Menschen hergestellt wurde. Ein BlueSign\u00ae-Produkt ist ein Beweis f\u00fcr das Engagement des Unternehmens f\u00fcr die Nachhaltigkeit unseres Planeten.<\/p>\n<p><img decoding=\"async\" class=\"img-responsive margin-bottom-sm\" src=\"https:\/\/www.lasportiva.com\/media\/techinfo_icons\/L2_75x75.png\" \/><\/p>\n<p><strong>L2 &#8211; MITTLERE SCHICHT &amp; THERMISCHE SCHICHT<\/strong><br \/>\nBietet zus\u00e4tzliche W\u00e4rmeisolierung und f\u00f6rdert den Schwei\u00dftransport durch hohe Atmungsaktivit\u00e4t.<\/p>\n<p>Eigenschaften:<\/p>\n<p>+ Extrem leicht<br \/>\n+ Reibungsarme Flachn\u00e4hte<br \/>\n+ Interne Bundweitenregulierung<br \/>\n+ Schnell trocknend<\/p>\n<p>Material:Hauptmaterial: (PW07) 86% Polyester, 14% Elastan<br \/>\nPassform:Regular<br \/>\nGr\u00f6\u00dfen:S\/XXL (EU) &#8211; XS\/XL (USA)<br \/>\nGewicht:130 g (L)<\/p>\n","protected":false},"excerpt":{"rendered":"<p>+ Extrem leicht<br \/>\n+ Reibungsarme Flachn\u00e4hte<br \/>\n+ Interne Bundweitenregulierung<br \/>\n+ Schnelltrocknend<\/p>\n","protected":false},"featured_media":119705,"template":"","meta":{"_acf_changed":false,"inline_featured_image":false},"product_brand":[],"product_cat":[6400,6401,6488],"product_tag":[6248,6220],"class_list":{"0":"post-113208","1":"product","2":"type-product","3":"status-publish","4":"has-post-thumbnail","6":"product_cat-damen","7":"product_cat-damenbekleidung","8":"product_cat-damenshorts-de","9":"product_tag-la-sportiva-de","10":"product_tag-la-sportiva-damen-de","11":"pa_attivita-gehen","12":"pa_attivita-trail-de","13":"pa_colore-sudden-short-w-green-banana-de","14":"pa_colore-sudden-short-w-redwood-chalk-de","15":"pa_colore-sudden-short-w-storm-blue-de","16":"pa_marca-la-sportiva-de","17":"pa_sesso-damen","18":"pa_size-extra-small-de","19":"pa_size-small-de","20":"pa_size-medium-de","21":"pa_size-large-de","23":"first","24":"instock","25":"sale","26":"taxable","27":"shipping-taxable","28":"purchasable","29":"product-type-variable","30":"wvs-archive-product-wrapper"},"acf":[],"yoast_head":"<!-- This site is optimized with the Yoast SEO plugin v26.8 - https:\/\/yoast.com\/product\/yoast-seo-wordpress\/ -->\n<title>La Sportiva Sudden Short damen - Damen Shorts - MioMioRun<\/title>\n<meta name=\"description\" content=\"Die Sudden Short f\u00fcr Frauen ist eine Berglaufshort, die das Wesentliche betont. Gew\u00e4hlt f\u00fcr Leistung. Schnell trocknendes Material\" \/>\n<meta name=\"robots\" content=\"index, follow, max-snippet:-1, max-image-preview:large, max-video-preview:-1\" \/>\n<link rel=\"canonical\" href=\"https:\/\/www.miomiorun.com\/de\/produkt\/sudden-short\/\" \/>\n<meta property=\"og:locale\" content=\"de_DE\" \/>\n<meta property=\"og:type\" content=\"article\" \/>\n<meta property=\"og:title\" content=\"La Sportiva Sudden Short damen - Damen Shorts - MioMioRun\" \/>\n<meta property=\"og:description\" content=\"Die Sudden Short f\u00fcr Frauen ist eine Berglaufshort, die das Wesentliche betont. Gew\u00e4hlt f\u00fcr Leistung. Schnell trocknendes Material\" \/>\n<meta property=\"og:url\" content=\"https:\/\/www.miomiorun.com\/de\/produkt\/sudden-short\/\" \/>\n<meta property=\"og:site_name\" content=\"MioMioRun\" \/>\n<meta property=\"article:publisher\" content=\"https:\/\/www.facebook.com\/miomiorun\/\" \/>\n<meta property=\"article:modified_time\" content=\"2024-05-23T10:23:49+00:00\" \/>\n<meta property=\"og:image\" content=\"https:\/\/www.miomiorun.com\/app\/uploads\/2023\/05\/la-sportiva-sudden-short-W-green-banana-Q58728728.jpg\" \/>\n\t<meta property=\"og:image:width\" content=\"600\" \/>\n\t<meta property=\"og:image:height\" content=\"600\" \/>\n\t<meta property=\"og:image:type\" content=\"image\/jpeg\" \/>\n<meta name=\"twitter:card\" content=\"summary_large_image\" \/>\n<meta name=\"twitter:label1\" content=\"Est. reading time\" \/>\n\t<meta name=\"twitter:data1\" content=\"2 minutes\" \/>\n<script type=\"application\/ld+json\" class=\"yoast-schema-graph\">{\"@context\":\"https:\/\/schema.org\",\"@graph\":[{\"@type\":\"WebPage\",\"@id\":\"https:\/\/www.miomiorun.com\/de\/produkt\/sudden-short\/\",\"url\":\"https:\/\/www.miomiorun.com\/de\/produkt\/sudden-short\/\",\"name\":\"La Sportiva Sudden Short damen - Damen Shorts - MioMioRun\",\"isPartOf\":{\"@id\":\"https:\/\/www.miomiorun.com\/de\/#website\"},\"primaryImageOfPage\":{\"@id\":\"https:\/\/www.miomiorun.com\/de\/produkt\/sudden-short\/#primaryimage\"},\"image\":{\"@id\":\"https:\/\/www.miomiorun.com\/de\/produkt\/sudden-short\/#primaryimage\"},\"thumbnailUrl\":\"https:\/\/www.miomiorun.com\/app\/uploads\/2023\/05\/la-sportiva-sudden-short-W-green-banana-Q58728728.jpg\",\"datePublished\":\"2023-03-23T13:53:12+00:00\",\"dateModified\":\"2024-05-23T10:23:49+00:00\",\"description\":\"Die Sudden Short f\u00fcr Frauen ist eine Berglaufshort, die das Wesentliche betont. Gew\u00e4hlt f\u00fcr Leistung. Schnell trocknendes Material\",\"breadcrumb\":{\"@id\":\"https:\/\/www.miomiorun.com\/de\/produkt\/sudden-short\/#breadcrumb\"},\"inLanguage\":\"de-DE\",\"potentialAction\":[{\"@type\":\"ReadAction\",\"target\":[\"https:\/\/www.miomiorun.com\/de\/produkt\/sudden-short\/\"]}]},{\"@type\":\"ImageObject\",\"inLanguage\":\"de-DE\",\"@id\":\"https:\/\/www.miomiorun.com\/de\/produkt\/sudden-short\/#primaryimage\",\"url\":\"https:\/\/www.miomiorun.com\/app\/uploads\/2023\/05\/la-sportiva-sudden-short-W-green-banana-Q58728728.jpg\",\"contentUrl\":\"https:\/\/www.miomiorun.com\/app\/uploads\/2023\/05\/la-sportiva-sudden-short-W-green-banana-Q58728728.jpg\",\"width\":600,\"height\":600,\"caption\":\"la-sportiva-sudden-short-W-green-banana-Q58728728\"},{\"@type\":\"BreadcrumbList\",\"@id\":\"https:\/\/www.miomiorun.com\/de\/produkt\/sudden-short\/#breadcrumb\",\"itemListElement\":[{\"@type\":\"ListItem\",\"position\":1,\"name\":\"Home\",\"item\":\"https:\/\/www.miomiorun.com\/de\/\"},{\"@type\":\"ListItem\",\"position\":2,\"name\":\"Shop\",\"item\":\"https:\/\/www.miomiorun.com\/shop\/\"},{\"@type\":\"ListItem\",\"position\":3,\"name\":\"Sudden Short damen\"}]},{\"@type\":\"WebSite\",\"@id\":\"https:\/\/www.miomiorun.com\/de\/#website\",\"url\":\"https:\/\/www.miomiorun.com\/de\/\",\"name\":\"MioMioRun\",\"description\":\"100% Lauf- und Trailshop\",\"publisher\":{\"@id\":\"https:\/\/www.miomiorun.com\/de\/#organization\"},\"potentialAction\":[{\"@type\":\"SearchAction\",\"target\":{\"@type\":\"EntryPoint\",\"urlTemplate\":\"https:\/\/www.miomiorun.com\/de\/?s={search_term_string}\"},\"query-input\":{\"@type\":\"PropertyValueSpecification\",\"valueRequired\":true,\"valueName\":\"search_term_string\"}}],\"inLanguage\":\"de-DE\"},{\"@type\":\"Organization\",\"@id\":\"https:\/\/www.miomiorun.com\/de\/#organization\",\"name\":\"MioMio Run\",\"url\":\"https:\/\/www.miomiorun.com\/de\/\",\"logo\":{\"@type\":\"ImageObject\",\"inLanguage\":\"de-DE\",\"@id\":\"https:\/\/www.miomiorun.com\/de\/#\/schema\/logo\/image\/\",\"url\":\"https:\/\/www.miomiorun.com\/app\/uploads\/2019\/12\/logomio.png\",\"contentUrl\":\"https:\/\/www.miomiorun.com\/app\/uploads\/2019\/12\/logomio.png\",\"width\":115,\"height\":82,\"caption\":\"MioMio Run\"},\"image\":{\"@id\":\"https:\/\/www.miomiorun.com\/de\/#\/schema\/logo\/image\/\"},\"sameAs\":[\"https:\/\/www.facebook.com\/miomiorun\/\",\"https:\/\/www.instagram.com\/miomiorun\/\"]}]}<\/script>\n<!-- \/ Yoast SEO plugin. -->","yoast_head_json":{"title":"La Sportiva Sudden Short damen - Damen Shorts - MioMioRun","description":"Die Sudden Short f\u00fcr Frauen ist eine Berglaufshort, die das Wesentliche betont. Gew\u00e4hlt f\u00fcr Leistung. Schnell trocknendes Material","robots":{"index":"index","follow":"follow","max-snippet":"max-snippet:-1","max-image-preview":"max-image-preview:large","max-video-preview":"max-video-preview:-1"},"canonical":"https:\/\/www.miomiorun.com\/de\/produkt\/sudden-short\/","og_locale":"de_DE","og_type":"article","og_title":"La Sportiva Sudden Short damen - Damen Shorts - MioMioRun","og_description":"Die Sudden Short f\u00fcr Frauen ist eine Berglaufshort, die das Wesentliche betont. Gew\u00e4hlt f\u00fcr Leistung. Schnell trocknendes Material","og_url":"https:\/\/www.miomiorun.com\/de\/produkt\/sudden-short\/","og_site_name":"MioMioRun","article_publisher":"https:\/\/www.facebook.com\/miomiorun\/","article_modified_time":"2024-05-23T10:23:49+00:00","og_image":[{"width":600,"height":600,"url":"https:\/\/www.miomiorun.com\/app\/uploads\/2023\/05\/la-sportiva-sudden-short-W-green-banana-Q58728728.jpg","type":"image\/jpeg"}],"twitter_card":"summary_large_image","twitter_misc":{"Est. reading time":"2 minutes"},"schema":{"@context":"https:\/\/schema.org","@graph":[{"@type":"WebPage","@id":"https:\/\/www.miomiorun.com\/de\/produkt\/sudden-short\/","url":"https:\/\/www.miomiorun.com\/de\/produkt\/sudden-short\/","name":"La Sportiva Sudden Short damen - Damen Shorts - MioMioRun","isPartOf":{"@id":"https:\/\/www.miomiorun.com\/de\/#website"},"primaryImageOfPage":{"@id":"https:\/\/www.miomiorun.com\/de\/produkt\/sudden-short\/#primaryimage"},"image":{"@id":"https:\/\/www.miomiorun.com\/de\/produkt\/sudden-short\/#primaryimage"},"thumbnailUrl":"https:\/\/www.miomiorun.com\/app\/uploads\/2023\/05\/la-sportiva-sudden-short-W-green-banana-Q58728728.jpg","datePublished":"2023-03-23T13:53:12+00:00","dateModified":"2024-05-23T10:23:49+00:00","description":"Die Sudden Short f\u00fcr Frauen ist eine Berglaufshort, die das Wesentliche betont. Gew\u00e4hlt f\u00fcr Leistung. Schnell trocknendes Material","breadcrumb":{"@id":"https:\/\/www.miomiorun.com\/de\/produkt\/sudden-short\/#breadcrumb"},"inLanguage":"de-DE","potentialAction":[{"@type":"ReadAction","target":["https:\/\/www.miomiorun.com\/de\/produkt\/sudden-short\/"]}]},{"@type":"ImageObject","inLanguage":"de-DE","@id":"https:\/\/www.miomiorun.com\/de\/produkt\/sudden-short\/#primaryimage","url":"https:\/\/www.miomiorun.com\/app\/uploads\/2023\/05\/la-sportiva-sudden-short-W-green-banana-Q58728728.jpg","contentUrl":"https:\/\/www.miomiorun.com\/app\/uploads\/2023\/05\/la-sportiva-sudden-short-W-green-banana-Q58728728.jpg","width":600,"height":600,"caption":"la-sportiva-sudden-short-W-green-banana-Q58728728"},{"@type":"BreadcrumbList","@id":"https:\/\/www.miomiorun.com\/de\/produkt\/sudden-short\/#breadcrumb","itemListElement":[{"@type":"ListItem","position":1,"name":"Home","item":"https:\/\/www.miomiorun.com\/de\/"},{"@type":"ListItem","position":2,"name":"Shop","item":"https:\/\/www.miomiorun.com\/shop\/"},{"@type":"ListItem","position":3,"name":"Sudden Short damen"}]},{"@type":"WebSite","@id":"https:\/\/www.miomiorun.com\/de\/#website","url":"https:\/\/www.miomiorun.com\/de\/","name":"MioMioRun","description":"100% Lauf- und Trailshop","publisher":{"@id":"https:\/\/www.miomiorun.com\/de\/#organization"},"potentialAction":[{"@type":"SearchAction","target":{"@type":"EntryPoint","urlTemplate":"https:\/\/www.miomiorun.com\/de\/?s={search_term_string}"},"query-input":{"@type":"PropertyValueSpecification","valueRequired":true,"valueName":"search_term_string"}}],"inLanguage":"de-DE"},{"@type":"Organization","@id":"https:\/\/www.miomiorun.com\/de\/#organization","name":"MioMio Run","url":"https:\/\/www.miomiorun.com\/de\/","logo":{"@type":"ImageObject","inLanguage":"de-DE","@id":"https:\/\/www.miomiorun.com\/de\/#\/schema\/logo\/image\/","url":"https:\/\/www.miomiorun.com\/app\/uploads\/2019\/12\/logomio.png","contentUrl":"https:\/\/www.miomiorun.com\/app\/uploads\/2019\/12\/logomio.png","width":115,"height":82,"caption":"MioMio Run"},"image":{"@id":"https:\/\/www.miomiorun.com\/de\/#\/schema\/logo\/image\/"},"sameAs":["https:\/\/www.facebook.com\/miomiorun\/","https:\/\/www.instagram.com\/miomiorun\/"]}]}},"_links":{"self":[{"href":"https:\/\/www.miomiorun.com\/de\/wp-json\/wp\/v2\/product\/113208","targetHints":{"allow":["GET"]}}],"collection":[{"href":"https:\/\/www.miomiorun.com\/de\/wp-json\/wp\/v2\/product"}],"about":[{"href":"https:\/\/www.miomiorun.com\/de\/wp-json\/wp\/v2\/types\/product"}],"wp:featuredmedia":[{"embeddable":true,"href":"https:\/\/www.miomiorun.com\/de\/wp-json\/wp\/v2\/media\/119705"}],"wp:attachment":[{"href":"https:\/\/www.miomiorun.com\/de\/wp-json\/wp\/v2\/media?parent=113208"}],"wp:term":[{"taxonomy":"product_brand","embeddable":true,"href":"https:\/\/www.miomiorun.com\/de\/wp-json\/wp\/v2\/product_brand?post=113208"},{"taxonomy":"product_cat","embeddable":true,"href":"https:\/\/www.miomiorun.com\/de\/wp-json\/wp\/v2\/product_cat?post=113208"},{"taxonomy":"product_tag","embeddable":true,"href":"https:\/\/www.miomiorun.com\/de\/wp-json\/wp\/v2\/product_tag?post=113208"}],"curies":[{"name":"wp","href":"https:\/\/api.w.org\/{rel}","templated":true}]}}