{"id":113128,"date":"2023-03-23T13:18:48","date_gmt":"2023-03-23T12:18:48","guid":{"rendered":"https:\/\/miomiorun.com\/?post_type=product&#038;p=113128"},"modified":"2025-03-29T17:37:58","modified_gmt":"2025-03-29T16:37:58","slug":"pocketshell-jkt-damen","status":"publish","type":"product","link":"https:\/\/www.miomiorun.com\/de\/produkt\/pocketshell-jkt-damen\/","title":{"rendered":"Pocketshell Jkt damen"},"content":{"rendered":"<p>Leichter Allwetterschutz, um auch bei Regen und Wind weiterlaufen zu k\u00f6nnen. Die f\u00fcr Ultra-Trail-Running entwickelte <strong>Pocketshell-Jacke<\/strong> f\u00fcr Frauen ist faltbar, wasserabweisend und hat eine vorgeformte, verstellbare Kapuze, die sich Ihren Bewegungen perfekt anpasst.<\/p>\n<h2>Technische Daten:<\/h2>\n<p><img decoding=\"async\" src=\"https:\/\/www.lasportiva.com\/media\/idrorepellenza.png\" \/><\/p>\n<p>W<strong>asserdicht:<\/strong> F\u00fcr den Einsatz bei starkem Regen, Wind oder Schnee<\/p>\n<p><img decoding=\"async\" class=\"img-responsive margin-bottom-sm\" src=\"https:\/\/www.lasportiva.com\/media\/techinfo_icons\/Breathability_75x75.png\" \/><\/p>\n<p>A<strong>tmungsaktivit\u00e4t<\/strong>: Hochgradig atmungsaktive Produkte f\u00fcr optimalen Klimakomfort.<\/p>\n<p>&nbsp;<\/p>\n<p><img decoding=\"async\" class=\"img-responsive margin-bottom-sm\" src=\"https:\/\/www.lasportiva.com\/media\/techinfo_icons\/Wind-stop_75x75.png\" \/><\/p>\n<p>W<strong>indstopp:<\/strong> Kleidungsst\u00fccke aus winddichten Materialien<\/p>\n<p>&nbsp;<\/p>\n<p><img decoding=\"async\" src=\"https:\/\/www.lasportiva.com\/media\/RECYCLEDfabric_insulation_Icone_75x75_2.png\" alt=\"\" \/><\/p>\n<p>La Sportiva stellt seit 1928 am Fu\u00dfe der Dolomiten Produkte f\u00fcr die Berge her: daher ist die Aufmerksamkeit f\u00fcr jedes Detail, das einen Unterschied f\u00fcr die Umwelt machen kann, maximal. Mit den Logos <strong>RECYCLED FABRIC &amp; INSULATIONS<\/strong> haben wir umweltfreundliche Produkte gekennzeichnet, bei denen dank der Wahl der Produktions- und Konstruktionsverfahren Materialien verwendet werden, die aus der Wiederverwendung von Kunststoffen stammen, so dass der Verbraucher einen umweltbewussten und respektvollen Kauf t\u00e4tigen kann.<\/p>\n<p>R<strong>ECYCLED FABRIC<\/strong> Polyesterfasern, die aus recycelten Plastikflaschen und umweltfreundlichen Verfahren hergestellt werden.<\/p>\n<p>&#8211; Mit <strong>RECYCLED FABRIC<\/strong> hergestellte Kleidungsst\u00fccke tragen zur Verringerung der Umweltbelastung bei &#8211; Alle petrochemischen Stoffe wurden durch recycelte Plastikflaschen ersetzt &#8211; Der Produktionsprozess von recycelten Fasern reduziert die CO2-Emissionen in die Atmosph\u00e4re um etwa 54 % &#8211; Langlebigkeit und Qualit\u00e4t sind garantiert<\/p>\n<div class=\"item-block collapsible-plus active\" role=\"tablist\" data-collapsible=\"true\">\n<h3 class=\"data item content\" role=\"tabpanel\" aria-hidden=\"false\" data-role=\"content\" aria-labelledby=\"tab-label-plus\">Eigenschaften:<\/h3>\n<p>+ entspricht den Rennrichtlinien + PFC0 DWR-Behandlung + reflektierende Details + Unterarmbel\u00fcftung + elastische \u00c4rmelb\u00fcndchen und Bund + wasserabweisendes Material 2,5L 20.000 mm Wassers\u00e4ule und 15.000 g\/m2\/24H Atmungsaktivit\u00e4t + elastische vorgeformte Kapuze f\u00fcr maximalen Schutz<\/p>\n<\/div>\n<p>&nbsp;<\/p>\n<div class=\"item-block collapsible-plus active\" role=\"tablist\" data-collapsible=\"true\">\n<div role=\"tabpanel\" aria-hidden=\"false\" data-role=\"content\" aria-labelledby=\"tab-label-plus\">\n<p>M<b>aterial: <\/b>Hauptmaterial: HDL09 Obermaterial: 100% Recyceltes PolyamidMembran: 100% Recyceltes Polyester + Silberdruck<b>Gewicht: <\/b>194<b>Passform: <\/b>REGULAR<\/p>\n<\/div>\n<\/div>\n","protected":false},"excerpt":{"rendered":"<ul>\n<li>Entspricht den Ausschreibungsrichtlinien<\/li>\n<li>PFC0 DWR-Behandlung<\/li>\n<li>Reflektierende Details<\/li>\n<li>Unterarm-Bel\u00fcftung<\/li>\n<\/ul>\n","protected":false},"featured_media":119911,"template":"","meta":{"_acf_changed":false,"inline_featured_image":false},"product_brand":[],"product_cat":[6400,6401,6404],"product_tag":[6248,6220],"class_list":{"0":"post-113128","1":"product","2":"type-product","3":"status-publish","4":"has-post-thumbnail","6":"product_cat-damen","7":"product_cat-damenbekleidung","8":"product_cat-damenjacken","9":"product_tag-la-sportiva-de","10":"product_tag-la-sportiva-damen-de","11":"pa_attivita-gehen","12":"pa_attivita-outdoor-de","13":"pa_attivita-trail-de","14":"pa_colore-pocketshell-jkt-w-azalea-night-sky","15":"pa_colore-pocketshell-jkt-w-lagoon-de","16":"pa_colore-pocketshell-jkt-w-limestone-night-sky","17":"pa_colore-pocketshell-jkt-w-moonlight-deep-sea-de","18":"pa_marca-la-sportiva-de","19":"pa_sesso-damen","20":"pa_size-extra-small-de","21":"pa_size-small-de","22":"pa_size-medium-de","23":"pa_size-large-de","25":"first","26":"instock","27":"sale","28":"taxable","29":"shipping-taxable","30":"purchasable","31":"product-type-variable","32":"wvs-archive-product-wrapper"},"acf":[],"yoast_head":"<!-- This site is optimized with the Yoast SEO plugin v26.8 - https:\/\/yoast.com\/product\/yoast-seo-wordpress\/ -->\n<title>La SportivaPocketshell Jkt damen - Laufjacke - MioMioRun<\/title>\n<meta name=\"description\" content=\"Leichter Allwetterschutz, um auch bei Regen und Wind weiterlaufen zu k\u00f6nnen. Entwickelt f\u00fcr Ultra Trail Running\" \/>\n<meta name=\"robots\" content=\"index, follow, max-snippet:-1, max-image-preview:large, max-video-preview:-1\" \/>\n<link rel=\"canonical\" href=\"https:\/\/www.miomiorun.com\/de\/produkt\/pocketshell-jkt-damen\/\" \/>\n<meta property=\"og:locale\" content=\"de_DE\" \/>\n<meta property=\"og:type\" content=\"article\" \/>\n<meta property=\"og:title\" content=\"La SportivaPocketshell Jkt damen - Laufjacke - MioMioRun\" \/>\n<meta property=\"og:description\" content=\"Leichter Allwetterschutz, um auch bei Regen und Wind weiterlaufen zu k\u00f6nnen. Entwickelt f\u00fcr Ultra Trail Running\" \/>\n<meta property=\"og:url\" content=\"https:\/\/www.miomiorun.com\/de\/produkt\/pocketshell-jkt-damen\/\" \/>\n<meta property=\"og:site_name\" content=\"MioMioRun\" \/>\n<meta property=\"article:publisher\" content=\"https:\/\/www.facebook.com\/miomiorun\/\" \/>\n<meta property=\"article:modified_time\" content=\"2025-03-29T16:37:58+00:00\" \/>\n<meta property=\"og:image\" content=\"https:\/\/www.miomiorun.com\/app\/uploads\/2023\/05\/la-sportiva-pocketshell-jkt-W-black-hibiscus-Q57999402.jpg\" \/>\n\t<meta property=\"og:image:width\" content=\"600\" \/>\n\t<meta property=\"og:image:height\" content=\"600\" \/>\n\t<meta property=\"og:image:type\" content=\"image\/jpeg\" \/>\n<meta name=\"twitter:card\" content=\"summary_large_image\" \/>\n<meta name=\"twitter:label1\" content=\"Est. reading time\" \/>\n\t<meta name=\"twitter:data1\" content=\"1 minute\" \/>\n<script type=\"application\/ld+json\" class=\"yoast-schema-graph\">{\"@context\":\"https:\/\/schema.org\",\"@graph\":[{\"@type\":\"WebPage\",\"@id\":\"https:\/\/www.miomiorun.com\/de\/produkt\/pocketshell-jkt-damen\/\",\"url\":\"https:\/\/www.miomiorun.com\/de\/produkt\/pocketshell-jkt-damen\/\",\"name\":\"La SportivaPocketshell Jkt damen - Laufjacke - MioMioRun\",\"isPartOf\":{\"@id\":\"https:\/\/www.miomiorun.com\/de\/#website\"},\"primaryImageOfPage\":{\"@id\":\"https:\/\/www.miomiorun.com\/de\/produkt\/pocketshell-jkt-damen\/#primaryimage\"},\"image\":{\"@id\":\"https:\/\/www.miomiorun.com\/de\/produkt\/pocketshell-jkt-damen\/#primaryimage\"},\"thumbnailUrl\":\"https:\/\/www.miomiorun.com\/app\/uploads\/2023\/05\/la-sportiva-pocketshell-jkt-W-black-hibiscus-Q57999402.jpg\",\"datePublished\":\"2023-03-23T12:18:48+00:00\",\"dateModified\":\"2025-03-29T16:37:58+00:00\",\"description\":\"Leichter Allwetterschutz, um auch bei Regen und Wind weiterlaufen zu k\u00f6nnen. Entwickelt f\u00fcr Ultra Trail Running\",\"breadcrumb\":{\"@id\":\"https:\/\/www.miomiorun.com\/de\/produkt\/pocketshell-jkt-damen\/#breadcrumb\"},\"inLanguage\":\"de-DE\",\"potentialAction\":[{\"@type\":\"ReadAction\",\"target\":[\"https:\/\/www.miomiorun.com\/de\/produkt\/pocketshell-jkt-damen\/\"]}]},{\"@type\":\"ImageObject\",\"inLanguage\":\"de-DE\",\"@id\":\"https:\/\/www.miomiorun.com\/de\/produkt\/pocketshell-jkt-damen\/#primaryimage\",\"url\":\"https:\/\/www.miomiorun.com\/app\/uploads\/2023\/05\/la-sportiva-pocketshell-jkt-W-black-hibiscus-Q57999402.jpg\",\"contentUrl\":\"https:\/\/www.miomiorun.com\/app\/uploads\/2023\/05\/la-sportiva-pocketshell-jkt-W-black-hibiscus-Q57999402.jpg\",\"width\":600,\"height\":600,\"caption\":\"la-sportiva-pocketshell-jkt-W-black-hibiscus-Q57999402\"},{\"@type\":\"BreadcrumbList\",\"@id\":\"https:\/\/www.miomiorun.com\/de\/produkt\/pocketshell-jkt-damen\/#breadcrumb\",\"itemListElement\":[{\"@type\":\"ListItem\",\"position\":1,\"name\":\"Home\",\"item\":\"https:\/\/www.miomiorun.com\/de\/\"},{\"@type\":\"ListItem\",\"position\":2,\"name\":\"Shop\",\"item\":\"https:\/\/www.miomiorun.com\/shop\/\"},{\"@type\":\"ListItem\",\"position\":3,\"name\":\"Pocketshell Jkt damen\"}]},{\"@type\":\"WebSite\",\"@id\":\"https:\/\/www.miomiorun.com\/de\/#website\",\"url\":\"https:\/\/www.miomiorun.com\/de\/\",\"name\":\"MioMioRun\",\"description\":\"100% Lauf- und Trailshop\",\"publisher\":{\"@id\":\"https:\/\/www.miomiorun.com\/de\/#organization\"},\"potentialAction\":[{\"@type\":\"SearchAction\",\"target\":{\"@type\":\"EntryPoint\",\"urlTemplate\":\"https:\/\/www.miomiorun.com\/de\/?s={search_term_string}\"},\"query-input\":{\"@type\":\"PropertyValueSpecification\",\"valueRequired\":true,\"valueName\":\"search_term_string\"}}],\"inLanguage\":\"de-DE\"},{\"@type\":\"Organization\",\"@id\":\"https:\/\/www.miomiorun.com\/de\/#organization\",\"name\":\"MioMio Run\",\"url\":\"https:\/\/www.miomiorun.com\/de\/\",\"logo\":{\"@type\":\"ImageObject\",\"inLanguage\":\"de-DE\",\"@id\":\"https:\/\/www.miomiorun.com\/de\/#\/schema\/logo\/image\/\",\"url\":\"https:\/\/www.miomiorun.com\/app\/uploads\/2019\/12\/logomio.png\",\"contentUrl\":\"https:\/\/www.miomiorun.com\/app\/uploads\/2019\/12\/logomio.png\",\"width\":115,\"height\":82,\"caption\":\"MioMio Run\"},\"image\":{\"@id\":\"https:\/\/www.miomiorun.com\/de\/#\/schema\/logo\/image\/\"},\"sameAs\":[\"https:\/\/www.facebook.com\/miomiorun\/\",\"https:\/\/www.instagram.com\/miomiorun\/\"]}]}<\/script>\n<!-- \/ Yoast SEO plugin. -->","yoast_head_json":{"title":"La SportivaPocketshell Jkt damen - Laufjacke - MioMioRun","description":"Leichter Allwetterschutz, um auch bei Regen und Wind weiterlaufen zu k\u00f6nnen. Entwickelt f\u00fcr Ultra Trail Running","robots":{"index":"index","follow":"follow","max-snippet":"max-snippet:-1","max-image-preview":"max-image-preview:large","max-video-preview":"max-video-preview:-1"},"canonical":"https:\/\/www.miomiorun.com\/de\/produkt\/pocketshell-jkt-damen\/","og_locale":"de_DE","og_type":"article","og_title":"La SportivaPocketshell Jkt damen - Laufjacke - MioMioRun","og_description":"Leichter Allwetterschutz, um auch bei Regen und Wind weiterlaufen zu k\u00f6nnen. Entwickelt f\u00fcr Ultra Trail Running","og_url":"https:\/\/www.miomiorun.com\/de\/produkt\/pocketshell-jkt-damen\/","og_site_name":"MioMioRun","article_publisher":"https:\/\/www.facebook.com\/miomiorun\/","article_modified_time":"2025-03-29T16:37:58+00:00","og_image":[{"width":600,"height":600,"url":"https:\/\/www.miomiorun.com\/app\/uploads\/2023\/05\/la-sportiva-pocketshell-jkt-W-black-hibiscus-Q57999402.jpg","type":"image\/jpeg"}],"twitter_card":"summary_large_image","twitter_misc":{"Est. reading time":"1 minute"},"schema":{"@context":"https:\/\/schema.org","@graph":[{"@type":"WebPage","@id":"https:\/\/www.miomiorun.com\/de\/produkt\/pocketshell-jkt-damen\/","url":"https:\/\/www.miomiorun.com\/de\/produkt\/pocketshell-jkt-damen\/","name":"La SportivaPocketshell Jkt damen - Laufjacke - MioMioRun","isPartOf":{"@id":"https:\/\/www.miomiorun.com\/de\/#website"},"primaryImageOfPage":{"@id":"https:\/\/www.miomiorun.com\/de\/produkt\/pocketshell-jkt-damen\/#primaryimage"},"image":{"@id":"https:\/\/www.miomiorun.com\/de\/produkt\/pocketshell-jkt-damen\/#primaryimage"},"thumbnailUrl":"https:\/\/www.miomiorun.com\/app\/uploads\/2023\/05\/la-sportiva-pocketshell-jkt-W-black-hibiscus-Q57999402.jpg","datePublished":"2023-03-23T12:18:48+00:00","dateModified":"2025-03-29T16:37:58+00:00","description":"Leichter Allwetterschutz, um auch bei Regen und Wind weiterlaufen zu k\u00f6nnen. Entwickelt f\u00fcr Ultra Trail Running","breadcrumb":{"@id":"https:\/\/www.miomiorun.com\/de\/produkt\/pocketshell-jkt-damen\/#breadcrumb"},"inLanguage":"de-DE","potentialAction":[{"@type":"ReadAction","target":["https:\/\/www.miomiorun.com\/de\/produkt\/pocketshell-jkt-damen\/"]}]},{"@type":"ImageObject","inLanguage":"de-DE","@id":"https:\/\/www.miomiorun.com\/de\/produkt\/pocketshell-jkt-damen\/#primaryimage","url":"https:\/\/www.miomiorun.com\/app\/uploads\/2023\/05\/la-sportiva-pocketshell-jkt-W-black-hibiscus-Q57999402.jpg","contentUrl":"https:\/\/www.miomiorun.com\/app\/uploads\/2023\/05\/la-sportiva-pocketshell-jkt-W-black-hibiscus-Q57999402.jpg","width":600,"height":600,"caption":"la-sportiva-pocketshell-jkt-W-black-hibiscus-Q57999402"},{"@type":"BreadcrumbList","@id":"https:\/\/www.miomiorun.com\/de\/produkt\/pocketshell-jkt-damen\/#breadcrumb","itemListElement":[{"@type":"ListItem","position":1,"name":"Home","item":"https:\/\/www.miomiorun.com\/de\/"},{"@type":"ListItem","position":2,"name":"Shop","item":"https:\/\/www.miomiorun.com\/shop\/"},{"@type":"ListItem","position":3,"name":"Pocketshell Jkt damen"}]},{"@type":"WebSite","@id":"https:\/\/www.miomiorun.com\/de\/#website","url":"https:\/\/www.miomiorun.com\/de\/","name":"MioMioRun","description":"100% Lauf- und Trailshop","publisher":{"@id":"https:\/\/www.miomiorun.com\/de\/#organization"},"potentialAction":[{"@type":"SearchAction","target":{"@type":"EntryPoint","urlTemplate":"https:\/\/www.miomiorun.com\/de\/?s={search_term_string}"},"query-input":{"@type":"PropertyValueSpecification","valueRequired":true,"valueName":"search_term_string"}}],"inLanguage":"de-DE"},{"@type":"Organization","@id":"https:\/\/www.miomiorun.com\/de\/#organization","name":"MioMio Run","url":"https:\/\/www.miomiorun.com\/de\/","logo":{"@type":"ImageObject","inLanguage":"de-DE","@id":"https:\/\/www.miomiorun.com\/de\/#\/schema\/logo\/image\/","url":"https:\/\/www.miomiorun.com\/app\/uploads\/2019\/12\/logomio.png","contentUrl":"https:\/\/www.miomiorun.com\/app\/uploads\/2019\/12\/logomio.png","width":115,"height":82,"caption":"MioMio Run"},"image":{"@id":"https:\/\/www.miomiorun.com\/de\/#\/schema\/logo\/image\/"},"sameAs":["https:\/\/www.facebook.com\/miomiorun\/","https:\/\/www.instagram.com\/miomiorun\/"]}]}},"_links":{"self":[{"href":"https:\/\/www.miomiorun.com\/de\/wp-json\/wp\/v2\/product\/113128","targetHints":{"allow":["GET"]}}],"collection":[{"href":"https:\/\/www.miomiorun.com\/de\/wp-json\/wp\/v2\/product"}],"about":[{"href":"https:\/\/www.miomiorun.com\/de\/wp-json\/wp\/v2\/types\/product"}],"wp:featuredmedia":[{"embeddable":true,"href":"https:\/\/www.miomiorun.com\/de\/wp-json\/wp\/v2\/media\/119911"}],"wp:attachment":[{"href":"https:\/\/www.miomiorun.com\/de\/wp-json\/wp\/v2\/media?parent=113128"}],"wp:term":[{"taxonomy":"product_brand","embeddable":true,"href":"https:\/\/www.miomiorun.com\/de\/wp-json\/wp\/v2\/product_brand?post=113128"},{"taxonomy":"product_cat","embeddable":true,"href":"https:\/\/www.miomiorun.com\/de\/wp-json\/wp\/v2\/product_cat?post=113128"},{"taxonomy":"product_tag","embeddable":true,"href":"https:\/\/www.miomiorun.com\/de\/wp-json\/wp\/v2\/product_tag?post=113128"}],"curies":[{"name":"wp","href":"https:\/\/api.w.org\/{rel}","templated":true}]}}