{"id":113089,"date":"2023-03-23T13:07:32","date_gmt":"2023-03-23T12:07:32","guid":{"rendered":"https:\/\/miomiorun.com\/?post_type=product&#038;p=113089"},"modified":"2025-02-12T16:20:38","modified_gmt":"2025-02-12T15:20:38","slug":"tracer-t-shirt-herren","status":"publish","type":"product","link":"https:\/\/www.miomiorun.com\/de\/produkt\/tracer-t-shirt-herren\/","title":{"rendered":"Tracer T-shirt herren"},"content":{"rendered":"<p>Kurze L\u00e4ufe und schnelle Trainingseinheiten erfordern Komfort und Funktionalit\u00e4t. Dank der innovativen S-Caf\u00e9-Technologie, die in die Fasern integriert ist, reguliert das<strong> Tracer T-Shirt<\/strong> f\u00fcr Herren auf nat\u00fcrliche Weise Geruch und Schwei\u00df. Das sportliche Design folgt Ihren Bewegungen und wird durch reflektierende Details aufgewertet.<\/p>\n<h3>Technische Informationen:<\/h3>\n<div class=\"data item content\" role=\"tabpanel\" aria-hidden=\"false\" data-role=\"content\" aria-labelledby=\"tab-label-techinfo\">\n<div class=\"techinfo-container\">\n<div class=\"techinfo-icons\">\n<div><img decoding=\"async\" src=\"https:\/\/www.lasportiva.com\/media\/RECYCLEDfabric_Icone_75x75_1.png\" \/><\/div>\n<div>\n<p>La Sportiva stellt seit 1928 am Fu\u00dfe der Dolomiten Produkte f\u00fcr die Berge her: aus diesem Grund ist die Aufmerksamkeit f\u00fcr jedes Detail, das auch f\u00fcr die Umwelt einen Unterschied machen kann, maximal. Mit den Logos <strong>RECYCLED FABRIC &amp; INSULATIONS<\/strong> haben wir umweltfreundliche Produkte gekennzeichnet, die dank der Wahl der Produktions- und Konstruktionsverfahren Materialien verwenden, die aus der Wiederverwendung von Kunststoffen stammen, und so dem Verbraucher einen umweltbewussten und respektvollen Kauf erm\u00f6glichen.<\/p>\n<p>R<strong>ECYCLED FABRIC<\/strong> Polyesterfasern, die aus recycelten Plastikflaschen und umweltfreundlichen Verfahren hergestellt werden.<\/p>\n<p>&#8211; Kleidungsst\u00fccke aus <strong>RECYCLED FABRIC<\/strong> tragen zur Verringerung der Umweltbelastung bei &#8211; Alle petrochemischen Substanzen wurden durch recycelte Plastikflaschen ersetzt &#8211; Der Produktionsprozess von recycelten Fasern reduziert die CO2-Emissionen in die Atmosph\u00e4re um ca. 54% &#8211; Langfristige Haltbarkeit und Qualit\u00e4t garantiert<\/p>\n<\/div>\n<div><\/div>\n<div class=\"techinfo-icon\"><a><img decoding=\"async\" src=\"https:\/\/www.lasportiva.com\/media\/techinfo_icons\/leggerezza.png\" alt=\"La Sportiva\" \/><\/a><\/div>\n<div>\nL<strong>eichtigkeit:<\/strong> Produkte, die das Gewicht auf ein Minimum reduzieren<\/div>\n<div><\/div>\n<div><img loading=\"lazy\" decoding=\"async\" class=\"\" src=\"https:\/\/www.lasportiva.com\/media\/techinfo_icons\/s\/c\/scaf__icona_125x75.png\" alt=\"La Sportiva\" width=\"80\" height=\"48\" \/><\/div>\n<div><\/div>\n<div><strong>Die Technologie S. <\/strong>Caf\u00e9\u00ae , ein industrielles, energiesparendes Verfahren mit niedriger Temperatur und hohem Druck, kombiniert recycelten Kaffeesatz auf der Garnoberfl\u00e4che und ver\u00e4ndert die Eigenschaften des Filaments. Dank dieses Prozesses erreicht der Stoff nachhaltig Eigenschaften wie Geruchskontrolle und schnelle Trocknung.<\/div>\n<div><\/div>\n<\/div>\n<div class=\"techinfo-description\">\n<p>M<b>aterial: <\/b>Hauptmaterial: KSM18 100% Recyceltes Polyester<b>Gewicht: <\/b>108<b>Passform: <\/b>REGULAR<\/div>\n<div><\/div>\n<\/div>\n<h3>Merkmale:<\/h3>\n<div>\n<p>+ geruchshemmendes und schnelltrocknendes Material + reflektierende Details an den Schultern + N\u00e4hte mit Flatlock-Anti-Reibungs-Technologie<\/p><\/div>\n<\/div>\n","protected":false},"excerpt":{"rendered":"<ul>\n<li>\u00a0Geruchshemmendes und schnelltrocknendes Material<\/li>\n<li>Reflektierende Details an den Schultern<\/li>\n<li>N\u00e4hte mit Flatlock-Technologie gegen Reibung<\/li>\n<\/ul>\n","protected":false},"featured_media":255797,"template":"","meta":{"_acf_changed":false,"inline_featured_image":false},"product_brand":[],"product_cat":[6540,6508],"product_tag":[6248,6218],"class_list":{"0":"post-113089","1":"product","2":"type-product","3":"status-publish","4":"has-post-thumbnail","6":"product_cat-herrenbekleidung","7":"product_cat-herrent-shirt","8":"product_tag-la-sportiva-de","9":"product_tag-la-sportiva-herren-de","10":"pa_attivita-gehen","11":"pa_attivita-outdoor-de","12":"pa_attivita-trail-de","13":"pa_colore-tracer-t-shirt-m-night-sky-savana-de","14":"pa_colore-tracer-t-shirt-m-yellow-black-de","15":"pa_marca-la-sportiva-de","16":"pa_sesso-herren","17":"pa_size-small-de","18":"pa_size-medium-de","19":"pa_size-large-de","21":"first","22":"instock","23":"sale","24":"taxable","25":"shipping-taxable","26":"purchasable","27":"product-type-variable","28":"wvs-archive-product-wrapper"},"acf":[],"yoast_head":"<!-- This site is optimized with the Yoast SEO plugin v26.8 - https:\/\/yoast.com\/product\/yoast-seo-wordpress\/ -->\n<title>La Sportiva Tracer T-shirt herren - T-Shirt-Laufen - MioMioRun<\/title>\n<meta name=\"description\" content=\"Kurze L\u00e4ufe und schnelle Trainingseinheiten erfordern Komfort und Funktionalit\u00e4t. Dank der innovativen S-Caf\u00e9-Technologie, die in die Fasern integriert ist\" \/>\n<meta name=\"robots\" content=\"index, follow, max-snippet:-1, max-image-preview:large, max-video-preview:-1\" \/>\n<link rel=\"canonical\" href=\"https:\/\/www.miomiorun.com\/de\/produkt\/tracer-t-shirt-herren\/\" \/>\n<meta property=\"og:locale\" content=\"de_DE\" \/>\n<meta property=\"og:type\" content=\"article\" \/>\n<meta property=\"og:title\" content=\"La Sportiva Tracer T-shirt herren - T-Shirt-Laufen - MioMioRun\" \/>\n<meta property=\"og:description\" content=\"Kurze L\u00e4ufe und schnelle Trainingseinheiten erfordern Komfort und Funktionalit\u00e4t. Dank der innovativen S-Caf\u00e9-Technologie, die in die Fasern integriert ist\" \/>\n<meta property=\"og:url\" content=\"https:\/\/www.miomiorun.com\/de\/produkt\/tracer-t-shirt-herren\/\" \/>\n<meta property=\"og:site_name\" content=\"MioMioRun\" \/>\n<meta property=\"article:publisher\" content=\"https:\/\/www.facebook.com\/miomiorun\/\" \/>\n<meta property=\"article:modified_time\" content=\"2025-02-12T15:20:38+00:00\" \/>\n<meta property=\"og:image\" content=\"https:\/\/www.miomiorun.com\/app\/uploads\/2025\/02\/la-sportiva-Tracer-t-shirt-M-night-sky-savana-P71646732.webp\" \/>\n\t<meta property=\"og:image:width\" content=\"600\" \/>\n\t<meta property=\"og:image:height\" content=\"600\" \/>\n\t<meta property=\"og:image:type\" content=\"image\/webp\" \/>\n<meta name=\"twitter:card\" content=\"summary_large_image\" \/>\n<meta name=\"twitter:label1\" content=\"Est. reading time\" \/>\n\t<meta name=\"twitter:data1\" content=\"2 minutes\" \/>\n<script type=\"application\/ld+json\" class=\"yoast-schema-graph\">{\"@context\":\"https:\/\/schema.org\",\"@graph\":[{\"@type\":\"WebPage\",\"@id\":\"https:\/\/www.miomiorun.com\/de\/produkt\/tracer-t-shirt-herren\/\",\"url\":\"https:\/\/www.miomiorun.com\/de\/produkt\/tracer-t-shirt-herren\/\",\"name\":\"La Sportiva Tracer T-shirt herren - T-Shirt-Laufen - MioMioRun\",\"isPartOf\":{\"@id\":\"https:\/\/www.miomiorun.com\/de\/#website\"},\"primaryImageOfPage\":{\"@id\":\"https:\/\/www.miomiorun.com\/de\/produkt\/tracer-t-shirt-herren\/#primaryimage\"},\"image\":{\"@id\":\"https:\/\/www.miomiorun.com\/de\/produkt\/tracer-t-shirt-herren\/#primaryimage\"},\"thumbnailUrl\":\"https:\/\/www.miomiorun.com\/app\/uploads\/2025\/02\/la-sportiva-Tracer-t-shirt-M-night-sky-savana-P71646732.webp\",\"datePublished\":\"2023-03-23T12:07:32+00:00\",\"dateModified\":\"2025-02-12T15:20:38+00:00\",\"description\":\"Kurze L\u00e4ufe und schnelle Trainingseinheiten erfordern Komfort und Funktionalit\u00e4t. Dank der innovativen S-Caf\u00e9-Technologie, die in die Fasern integriert ist\",\"breadcrumb\":{\"@id\":\"https:\/\/www.miomiorun.com\/de\/produkt\/tracer-t-shirt-herren\/#breadcrumb\"},\"inLanguage\":\"de-DE\",\"potentialAction\":[{\"@type\":\"ReadAction\",\"target\":[\"https:\/\/www.miomiorun.com\/de\/produkt\/tracer-t-shirt-herren\/\"]}]},{\"@type\":\"ImageObject\",\"inLanguage\":\"de-DE\",\"@id\":\"https:\/\/www.miomiorun.com\/de\/produkt\/tracer-t-shirt-herren\/#primaryimage\",\"url\":\"https:\/\/www.miomiorun.com\/app\/uploads\/2025\/02\/la-sportiva-Tracer-t-shirt-M-night-sky-savana-P71646732.webp\",\"contentUrl\":\"https:\/\/www.miomiorun.com\/app\/uploads\/2025\/02\/la-sportiva-Tracer-t-shirt-M-night-sky-savana-P71646732.webp\",\"width\":600,\"height\":600,\"caption\":\"la sportiva Tracer t-shirt M night sky savana P71646732\"},{\"@type\":\"BreadcrumbList\",\"@id\":\"https:\/\/www.miomiorun.com\/de\/produkt\/tracer-t-shirt-herren\/#breadcrumb\",\"itemListElement\":[{\"@type\":\"ListItem\",\"position\":1,\"name\":\"Home\",\"item\":\"https:\/\/www.miomiorun.com\/de\/\"},{\"@type\":\"ListItem\",\"position\":2,\"name\":\"Shop\",\"item\":\"https:\/\/www.miomiorun.com\/shop\/\"},{\"@type\":\"ListItem\",\"position\":3,\"name\":\"Tracer T-shirt herren\"}]},{\"@type\":\"WebSite\",\"@id\":\"https:\/\/www.miomiorun.com\/de\/#website\",\"url\":\"https:\/\/www.miomiorun.com\/de\/\",\"name\":\"MioMioRun\",\"description\":\"100% Lauf- und Trailshop\",\"publisher\":{\"@id\":\"https:\/\/www.miomiorun.com\/de\/#organization\"},\"potentialAction\":[{\"@type\":\"SearchAction\",\"target\":{\"@type\":\"EntryPoint\",\"urlTemplate\":\"https:\/\/www.miomiorun.com\/de\/?s={search_term_string}\"},\"query-input\":{\"@type\":\"PropertyValueSpecification\",\"valueRequired\":true,\"valueName\":\"search_term_string\"}}],\"inLanguage\":\"de-DE\"},{\"@type\":\"Organization\",\"@id\":\"https:\/\/www.miomiorun.com\/de\/#organization\",\"name\":\"MioMio Run\",\"url\":\"https:\/\/www.miomiorun.com\/de\/\",\"logo\":{\"@type\":\"ImageObject\",\"inLanguage\":\"de-DE\",\"@id\":\"https:\/\/www.miomiorun.com\/de\/#\/schema\/logo\/image\/\",\"url\":\"https:\/\/www.miomiorun.com\/app\/uploads\/2019\/12\/logomio.png\",\"contentUrl\":\"https:\/\/www.miomiorun.com\/app\/uploads\/2019\/12\/logomio.png\",\"width\":115,\"height\":82,\"caption\":\"MioMio Run\"},\"image\":{\"@id\":\"https:\/\/www.miomiorun.com\/de\/#\/schema\/logo\/image\/\"},\"sameAs\":[\"https:\/\/www.facebook.com\/miomiorun\/\",\"https:\/\/www.instagram.com\/miomiorun\/\"]}]}<\/script>\n<!-- \/ Yoast SEO plugin. -->","yoast_head_json":{"title":"La Sportiva Tracer T-shirt herren - T-Shirt-Laufen - MioMioRun","description":"Kurze L\u00e4ufe und schnelle Trainingseinheiten erfordern Komfort und Funktionalit\u00e4t. Dank der innovativen S-Caf\u00e9-Technologie, die in die Fasern integriert ist","robots":{"index":"index","follow":"follow","max-snippet":"max-snippet:-1","max-image-preview":"max-image-preview:large","max-video-preview":"max-video-preview:-1"},"canonical":"https:\/\/www.miomiorun.com\/de\/produkt\/tracer-t-shirt-herren\/","og_locale":"de_DE","og_type":"article","og_title":"La Sportiva Tracer T-shirt herren - T-Shirt-Laufen - MioMioRun","og_description":"Kurze L\u00e4ufe und schnelle Trainingseinheiten erfordern Komfort und Funktionalit\u00e4t. Dank der innovativen S-Caf\u00e9-Technologie, die in die Fasern integriert ist","og_url":"https:\/\/www.miomiorun.com\/de\/produkt\/tracer-t-shirt-herren\/","og_site_name":"MioMioRun","article_publisher":"https:\/\/www.facebook.com\/miomiorun\/","article_modified_time":"2025-02-12T15:20:38+00:00","og_image":[{"width":600,"height":600,"url":"https:\/\/www.miomiorun.com\/app\/uploads\/2025\/02\/la-sportiva-Tracer-t-shirt-M-night-sky-savana-P71646732.webp","type":"image\/webp"}],"twitter_card":"summary_large_image","twitter_misc":{"Est. reading time":"2 minutes"},"schema":{"@context":"https:\/\/schema.org","@graph":[{"@type":"WebPage","@id":"https:\/\/www.miomiorun.com\/de\/produkt\/tracer-t-shirt-herren\/","url":"https:\/\/www.miomiorun.com\/de\/produkt\/tracer-t-shirt-herren\/","name":"La Sportiva Tracer T-shirt herren - T-Shirt-Laufen - MioMioRun","isPartOf":{"@id":"https:\/\/www.miomiorun.com\/de\/#website"},"primaryImageOfPage":{"@id":"https:\/\/www.miomiorun.com\/de\/produkt\/tracer-t-shirt-herren\/#primaryimage"},"image":{"@id":"https:\/\/www.miomiorun.com\/de\/produkt\/tracer-t-shirt-herren\/#primaryimage"},"thumbnailUrl":"https:\/\/www.miomiorun.com\/app\/uploads\/2025\/02\/la-sportiva-Tracer-t-shirt-M-night-sky-savana-P71646732.webp","datePublished":"2023-03-23T12:07:32+00:00","dateModified":"2025-02-12T15:20:38+00:00","description":"Kurze L\u00e4ufe und schnelle Trainingseinheiten erfordern Komfort und Funktionalit\u00e4t. Dank der innovativen S-Caf\u00e9-Technologie, die in die Fasern integriert ist","breadcrumb":{"@id":"https:\/\/www.miomiorun.com\/de\/produkt\/tracer-t-shirt-herren\/#breadcrumb"},"inLanguage":"de-DE","potentialAction":[{"@type":"ReadAction","target":["https:\/\/www.miomiorun.com\/de\/produkt\/tracer-t-shirt-herren\/"]}]},{"@type":"ImageObject","inLanguage":"de-DE","@id":"https:\/\/www.miomiorun.com\/de\/produkt\/tracer-t-shirt-herren\/#primaryimage","url":"https:\/\/www.miomiorun.com\/app\/uploads\/2025\/02\/la-sportiva-Tracer-t-shirt-M-night-sky-savana-P71646732.webp","contentUrl":"https:\/\/www.miomiorun.com\/app\/uploads\/2025\/02\/la-sportiva-Tracer-t-shirt-M-night-sky-savana-P71646732.webp","width":600,"height":600,"caption":"la sportiva Tracer t-shirt M night sky savana P71646732"},{"@type":"BreadcrumbList","@id":"https:\/\/www.miomiorun.com\/de\/produkt\/tracer-t-shirt-herren\/#breadcrumb","itemListElement":[{"@type":"ListItem","position":1,"name":"Home","item":"https:\/\/www.miomiorun.com\/de\/"},{"@type":"ListItem","position":2,"name":"Shop","item":"https:\/\/www.miomiorun.com\/shop\/"},{"@type":"ListItem","position":3,"name":"Tracer T-shirt herren"}]},{"@type":"WebSite","@id":"https:\/\/www.miomiorun.com\/de\/#website","url":"https:\/\/www.miomiorun.com\/de\/","name":"MioMioRun","description":"100% Lauf- und Trailshop","publisher":{"@id":"https:\/\/www.miomiorun.com\/de\/#organization"},"potentialAction":[{"@type":"SearchAction","target":{"@type":"EntryPoint","urlTemplate":"https:\/\/www.miomiorun.com\/de\/?s={search_term_string}"},"query-input":{"@type":"PropertyValueSpecification","valueRequired":true,"valueName":"search_term_string"}}],"inLanguage":"de-DE"},{"@type":"Organization","@id":"https:\/\/www.miomiorun.com\/de\/#organization","name":"MioMio Run","url":"https:\/\/www.miomiorun.com\/de\/","logo":{"@type":"ImageObject","inLanguage":"de-DE","@id":"https:\/\/www.miomiorun.com\/de\/#\/schema\/logo\/image\/","url":"https:\/\/www.miomiorun.com\/app\/uploads\/2019\/12\/logomio.png","contentUrl":"https:\/\/www.miomiorun.com\/app\/uploads\/2019\/12\/logomio.png","width":115,"height":82,"caption":"MioMio Run"},"image":{"@id":"https:\/\/www.miomiorun.com\/de\/#\/schema\/logo\/image\/"},"sameAs":["https:\/\/www.facebook.com\/miomiorun\/","https:\/\/www.instagram.com\/miomiorun\/"]}]}},"_links":{"self":[{"href":"https:\/\/www.miomiorun.com\/de\/wp-json\/wp\/v2\/product\/113089","targetHints":{"allow":["GET"]}}],"collection":[{"href":"https:\/\/www.miomiorun.com\/de\/wp-json\/wp\/v2\/product"}],"about":[{"href":"https:\/\/www.miomiorun.com\/de\/wp-json\/wp\/v2\/types\/product"}],"wp:featuredmedia":[{"embeddable":true,"href":"https:\/\/www.miomiorun.com\/de\/wp-json\/wp\/v2\/media\/255797"}],"wp:attachment":[{"href":"https:\/\/www.miomiorun.com\/de\/wp-json\/wp\/v2\/media?parent=113089"}],"wp:term":[{"taxonomy":"product_brand","embeddable":true,"href":"https:\/\/www.miomiorun.com\/de\/wp-json\/wp\/v2\/product_brand?post=113089"},{"taxonomy":"product_cat","embeddable":true,"href":"https:\/\/www.miomiorun.com\/de\/wp-json\/wp\/v2\/product_cat?post=113089"},{"taxonomy":"product_tag","embeddable":true,"href":"https:\/\/www.miomiorun.com\/de\/wp-json\/wp\/v2\/product_tag?post=113089"}],"curies":[{"name":"wp","href":"https:\/\/api.w.org\/{rel}","templated":true}]}}