{"id":112719,"date":"2023-03-17T18:52:36","date_gmt":"2023-03-17T17:52:36","guid":{"rendered":"https:\/\/miomiorun.com\/?post_type=product&#038;p=112719"},"modified":"2025-02-12T17:59:07","modified_gmt":"2025-02-12T16:59:07","slug":"briza-windbreaker-vest-damen","status":"publish","type":"product","link":"https:\/\/www.miomiorun.com\/de\/produkt\/briza-windbreaker-vest-damen\/","title":{"rendered":"Briza Windbreaker Vest damen"},"content":{"rendered":"<p>Die <strong>Blizzard Windbreaker<\/strong> Vest f\u00fcr Frauen ist eine packbare und atmungsaktive Laufweste, die zusammen mit unseren besten Athletinnen entwickelt wurde. Leicht und sch\u00fctzend ist sie ein Must-have f\u00fcr Ihre Kurz-, Mittel- oder Langstreckenl\u00e4ufe.<\/p>\n<h3>Eigenschaften:<\/h3>\n<ul>\n<li>Reflektierende Aufdrucke<\/li>\n<li>Front-Rei\u00dfverschluss<\/li>\n<li>Winddicht<\/li>\n<li>Wasserabweisend<\/li>\n<li>Mesh-Eins\u00e4tze auf dem R\u00fccken f\u00fcr bessere Atmungsaktivit\u00e4t<\/li>\n<li>Packbar<\/li>\n<\/ul>\n<p><img decoding=\"async\" class=\"img-responsive margin-bottom-sm\" src=\"https:\/\/www.lasportiva.com\/media\/techinfo_icons\/Breathability_75x75.png\" \/><\/p>\n<p>A<strong>tmungsaktivit\u00e4t:<\/strong> Hochgradig atmungsaktive Produkte f\u00fcr optimalen Klimakomfort.<\/p>\n<p><img loading=\"lazy\" decoding=\"async\" class=\"lazyloaded\" src=\"https:\/\/www.lasportiva.com\/media\/techinfo_icons\/slim-fit.png\" alt=\"La Sportiva\" width=\"75\" height=\"75\" data-src=\"https:\/\/www.lasportiva.com\/media\/techinfo_icons\/slim-fit.png\" \/><\/p>\n<p>S<strong>chmale<\/strong> Passform: Sehr enge Passform f\u00fcr maximale Leistung im Wettkampf<\/p>\n<p><img decoding=\"async\" class=\"img-responsive margin-bottom-sm\" src=\"https:\/\/www.lasportiva.com\/media\/techinfo_icons\/Lightweight_75x75.png\" \/><\/p>\n<p>L<strong>ightweight<\/strong>: Produkte, die das Gewicht auf ein Minimum reduzieren<\/p>\n<p><img decoding=\"async\" class=\"img-responsive margin-bottom-sm\" src=\"https:\/\/www.lasportiva.com\/media\/techinfo_icons\/Wind-stop_75x75.png\" \/><\/p>\n<p>W<strong>indstopp:<\/strong> Kleidungsst\u00fccke aus winddichten Materialien<\/p>\n<p><img decoding=\"async\" src=\"https:\/\/www.lasportiva.com\/media\/RECYCLEDfabric_Icone_75x75_1.png\" \/><\/p>\n<p>Polyesterfasern aus recycelten Plastikflaschen und umweltfreundlichen Prozessen &#8211; Kleidungsst\u00fccke aus<strong>RECYCLED<\/strong> FABRIC tragen dazu bei, die Umweltbelastung zu reduzieren &#8211; Alle petrochemischen Stoffe wurden durch recycelte Plastikflaschen ersetzt &#8211; Der Produktionsprozess von recycelten Fasern reduziert die CO2-Emissionen in die Atmosph\u00e4re um ca. 54% &#8211; Langlebigkeit und Qualit\u00e4t auf lange Sicht garantiert<\/p>\n<p>M<b>aterial: <\/b> WSL10 100% Recyceltes Polyamid &gt; R\u00fcckseite: MSL02 100% Recyceltes Polyester&gt; Tasche: MSL01 84% Polyester 16% Elastan<b>Gewicht: <\/b>62<b>Passform: <\/b>SLIM<\/p>\n<h3>Details:<\/h3>\n<p>+ reflektierende Details + vom Rennen inspirierte Sublimationsgrafik + hintere Netztasche f\u00fcr Stauraum + perforiertes R\u00fcckenteil f\u00fcr erh\u00f6hte Atmungsaktivit\u00e4t + Brustinnentasche<\/p>\n<p>&nbsp;<\/p>\n","protected":false},"excerpt":{"rendered":"<ul>\n<li>Reflektierende Aufdrucke<\/li>\n<li>Front-Rei\u00dfverschluss<\/li>\n<li>Winddicht<\/li>\n<\/ul>\n","protected":false},"featured_media":119903,"template":"","meta":{"_acf_changed":false,"inline_featured_image":false},"product_brand":[],"product_cat":[6400,6401,6404],"product_tag":[6248,6220],"class_list":{"0":"post-112719","1":"product","2":"type-product","3":"status-publish","4":"has-post-thumbnail","6":"product_cat-damen","7":"product_cat-damenbekleidung","8":"product_cat-damenjacken","9":"product_tag-la-sportiva-de","10":"product_tag-la-sportiva-damen-de","11":"pa_attivita-gehen","12":"pa_attivita-outdoor-de","13":"pa_attivita-trail-de","14":"pa_colore-briza-windbreaker-vest-w-hibiscus-malibu-de","15":"pa_marca-la-sportiva-de","16":"pa_sesso-damen","17":"pa_size-small-de","18":"pa_size-medium-de","20":"first","21":"instock","22":"sale","23":"taxable","24":"shipping-taxable","25":"purchasable","26":"product-type-variable","27":"wvs-archive-product-wrapper"},"acf":[],"yoast_head":"<!-- This site is optimized with the Yoast SEO plugin v26.8 - https:\/\/yoast.com\/product\/yoast-seo-wordpress\/ -->\n<title>La SportivaBriza Windbreaker Vest damen - Laufweste - MioMioRun<\/title>\n<meta name=\"description\" content=\"Die Blizzard Windbreaker Vest f\u00fcr Frauen ist eine packbare, atmungsaktive Laufweste, die gemeinsam mit unseren Top-Athleten entwickelt wurde.\" \/>\n<meta name=\"robots\" content=\"index, follow, max-snippet:-1, max-image-preview:large, max-video-preview:-1\" \/>\n<link rel=\"canonical\" href=\"https:\/\/www.miomiorun.com\/de\/produkt\/briza-windbreaker-vest-damen\/\" \/>\n<meta property=\"og:locale\" content=\"de_DE\" \/>\n<meta property=\"og:type\" content=\"article\" \/>\n<meta property=\"og:title\" content=\"La SportivaBriza Windbreaker Vest damen - Laufweste - MioMioRun\" \/>\n<meta property=\"og:description\" content=\"Die Blizzard Windbreaker Vest f\u00fcr Frauen ist eine packbare, atmungsaktive Laufweste, die gemeinsam mit unseren Top-Athleten entwickelt wurde.\" \/>\n<meta property=\"og:url\" content=\"https:\/\/www.miomiorun.com\/de\/produkt\/briza-windbreaker-vest-damen\/\" \/>\n<meta property=\"og:site_name\" content=\"MioMioRun\" \/>\n<meta property=\"article:publisher\" content=\"https:\/\/www.facebook.com\/miomiorun\/\" \/>\n<meta property=\"article:modified_time\" content=\"2025-02-12T16:59:07+00:00\" \/>\n<meta property=\"og:image\" content=\"https:\/\/www.miomiorun.com\/app\/uploads\/2023\/05\/la-sportiva-briza-windbreaker-vest-W-hibiscus-malibu-Q49402602.jpg\" \/>\n\t<meta property=\"og:image:width\" content=\"600\" \/>\n\t<meta property=\"og:image:height\" content=\"600\" \/>\n\t<meta property=\"og:image:type\" content=\"image\/jpeg\" \/>\n<meta name=\"twitter:card\" content=\"summary_large_image\" \/>\n<meta name=\"twitter:label1\" content=\"Est. reading time\" \/>\n\t<meta name=\"twitter:data1\" content=\"1 minute\" \/>\n<script type=\"application\/ld+json\" class=\"yoast-schema-graph\">{\"@context\":\"https:\/\/schema.org\",\"@graph\":[{\"@type\":\"WebPage\",\"@id\":\"https:\/\/www.miomiorun.com\/de\/produkt\/briza-windbreaker-vest-damen\/\",\"url\":\"https:\/\/www.miomiorun.com\/de\/produkt\/briza-windbreaker-vest-damen\/\",\"name\":\"La SportivaBriza Windbreaker Vest damen - Laufweste - MioMioRun\",\"isPartOf\":{\"@id\":\"https:\/\/www.miomiorun.com\/de\/#website\"},\"primaryImageOfPage\":{\"@id\":\"https:\/\/www.miomiorun.com\/de\/produkt\/briza-windbreaker-vest-damen\/#primaryimage\"},\"image\":{\"@id\":\"https:\/\/www.miomiorun.com\/de\/produkt\/briza-windbreaker-vest-damen\/#primaryimage\"},\"thumbnailUrl\":\"https:\/\/www.miomiorun.com\/app\/uploads\/2023\/05\/la-sportiva-briza-windbreaker-vest-W-hibiscus-malibu-Q49402602.jpg\",\"datePublished\":\"2023-03-17T17:52:36+00:00\",\"dateModified\":\"2025-02-12T16:59:07+00:00\",\"description\":\"Die Blizzard Windbreaker Vest f\u00fcr Frauen ist eine packbare, atmungsaktive Laufweste, die gemeinsam mit unseren Top-Athleten entwickelt wurde.\",\"breadcrumb\":{\"@id\":\"https:\/\/www.miomiorun.com\/de\/produkt\/briza-windbreaker-vest-damen\/#breadcrumb\"},\"inLanguage\":\"de-DE\",\"potentialAction\":[{\"@type\":\"ReadAction\",\"target\":[\"https:\/\/www.miomiorun.com\/de\/produkt\/briza-windbreaker-vest-damen\/\"]}]},{\"@type\":\"ImageObject\",\"inLanguage\":\"de-DE\",\"@id\":\"https:\/\/www.miomiorun.com\/de\/produkt\/briza-windbreaker-vest-damen\/#primaryimage\",\"url\":\"https:\/\/www.miomiorun.com\/app\/uploads\/2023\/05\/la-sportiva-briza-windbreaker-vest-W-hibiscus-malibu-Q49402602.jpg\",\"contentUrl\":\"https:\/\/www.miomiorun.com\/app\/uploads\/2023\/05\/la-sportiva-briza-windbreaker-vest-W-hibiscus-malibu-Q49402602.jpg\",\"width\":600,\"height\":600,\"caption\":\"la-sportiva-briza-windbreaker-vest-W-hibiscus-malibu-Q49402602\"},{\"@type\":\"BreadcrumbList\",\"@id\":\"https:\/\/www.miomiorun.com\/de\/produkt\/briza-windbreaker-vest-damen\/#breadcrumb\",\"itemListElement\":[{\"@type\":\"ListItem\",\"position\":1,\"name\":\"Home\",\"item\":\"https:\/\/www.miomiorun.com\/de\/\"},{\"@type\":\"ListItem\",\"position\":2,\"name\":\"Shop\",\"item\":\"https:\/\/www.miomiorun.com\/shop\/\"},{\"@type\":\"ListItem\",\"position\":3,\"name\":\"Briza Windbreaker Vest damen\"}]},{\"@type\":\"WebSite\",\"@id\":\"https:\/\/www.miomiorun.com\/de\/#website\",\"url\":\"https:\/\/www.miomiorun.com\/de\/\",\"name\":\"MioMioRun\",\"description\":\"100% Lauf- und Trailshop\",\"publisher\":{\"@id\":\"https:\/\/www.miomiorun.com\/de\/#organization\"},\"potentialAction\":[{\"@type\":\"SearchAction\",\"target\":{\"@type\":\"EntryPoint\",\"urlTemplate\":\"https:\/\/www.miomiorun.com\/de\/?s={search_term_string}\"},\"query-input\":{\"@type\":\"PropertyValueSpecification\",\"valueRequired\":true,\"valueName\":\"search_term_string\"}}],\"inLanguage\":\"de-DE\"},{\"@type\":\"Organization\",\"@id\":\"https:\/\/www.miomiorun.com\/de\/#organization\",\"name\":\"MioMio Run\",\"url\":\"https:\/\/www.miomiorun.com\/de\/\",\"logo\":{\"@type\":\"ImageObject\",\"inLanguage\":\"de-DE\",\"@id\":\"https:\/\/www.miomiorun.com\/de\/#\/schema\/logo\/image\/\",\"url\":\"https:\/\/www.miomiorun.com\/app\/uploads\/2019\/12\/logomio.png\",\"contentUrl\":\"https:\/\/www.miomiorun.com\/app\/uploads\/2019\/12\/logomio.png\",\"width\":115,\"height\":82,\"caption\":\"MioMio Run\"},\"image\":{\"@id\":\"https:\/\/www.miomiorun.com\/de\/#\/schema\/logo\/image\/\"},\"sameAs\":[\"https:\/\/www.facebook.com\/miomiorun\/\",\"https:\/\/www.instagram.com\/miomiorun\/\"]}]}<\/script>\n<!-- \/ Yoast SEO plugin. -->","yoast_head_json":{"title":"La SportivaBriza Windbreaker Vest damen - Laufweste - MioMioRun","description":"Die Blizzard Windbreaker Vest f\u00fcr Frauen ist eine packbare, atmungsaktive Laufweste, die gemeinsam mit unseren Top-Athleten entwickelt wurde.","robots":{"index":"index","follow":"follow","max-snippet":"max-snippet:-1","max-image-preview":"max-image-preview:large","max-video-preview":"max-video-preview:-1"},"canonical":"https:\/\/www.miomiorun.com\/de\/produkt\/briza-windbreaker-vest-damen\/","og_locale":"de_DE","og_type":"article","og_title":"La SportivaBriza Windbreaker Vest damen - Laufweste - MioMioRun","og_description":"Die Blizzard Windbreaker Vest f\u00fcr Frauen ist eine packbare, atmungsaktive Laufweste, die gemeinsam mit unseren Top-Athleten entwickelt wurde.","og_url":"https:\/\/www.miomiorun.com\/de\/produkt\/briza-windbreaker-vest-damen\/","og_site_name":"MioMioRun","article_publisher":"https:\/\/www.facebook.com\/miomiorun\/","article_modified_time":"2025-02-12T16:59:07+00:00","og_image":[{"width":600,"height":600,"url":"https:\/\/www.miomiorun.com\/app\/uploads\/2023\/05\/la-sportiva-briza-windbreaker-vest-W-hibiscus-malibu-Q49402602.jpg","type":"image\/jpeg"}],"twitter_card":"summary_large_image","twitter_misc":{"Est. reading time":"1 minute"},"schema":{"@context":"https:\/\/schema.org","@graph":[{"@type":"WebPage","@id":"https:\/\/www.miomiorun.com\/de\/produkt\/briza-windbreaker-vest-damen\/","url":"https:\/\/www.miomiorun.com\/de\/produkt\/briza-windbreaker-vest-damen\/","name":"La SportivaBriza Windbreaker Vest damen - Laufweste - MioMioRun","isPartOf":{"@id":"https:\/\/www.miomiorun.com\/de\/#website"},"primaryImageOfPage":{"@id":"https:\/\/www.miomiorun.com\/de\/produkt\/briza-windbreaker-vest-damen\/#primaryimage"},"image":{"@id":"https:\/\/www.miomiorun.com\/de\/produkt\/briza-windbreaker-vest-damen\/#primaryimage"},"thumbnailUrl":"https:\/\/www.miomiorun.com\/app\/uploads\/2023\/05\/la-sportiva-briza-windbreaker-vest-W-hibiscus-malibu-Q49402602.jpg","datePublished":"2023-03-17T17:52:36+00:00","dateModified":"2025-02-12T16:59:07+00:00","description":"Die Blizzard Windbreaker Vest f\u00fcr Frauen ist eine packbare, atmungsaktive Laufweste, die gemeinsam mit unseren Top-Athleten entwickelt wurde.","breadcrumb":{"@id":"https:\/\/www.miomiorun.com\/de\/produkt\/briza-windbreaker-vest-damen\/#breadcrumb"},"inLanguage":"de-DE","potentialAction":[{"@type":"ReadAction","target":["https:\/\/www.miomiorun.com\/de\/produkt\/briza-windbreaker-vest-damen\/"]}]},{"@type":"ImageObject","inLanguage":"de-DE","@id":"https:\/\/www.miomiorun.com\/de\/produkt\/briza-windbreaker-vest-damen\/#primaryimage","url":"https:\/\/www.miomiorun.com\/app\/uploads\/2023\/05\/la-sportiva-briza-windbreaker-vest-W-hibiscus-malibu-Q49402602.jpg","contentUrl":"https:\/\/www.miomiorun.com\/app\/uploads\/2023\/05\/la-sportiva-briza-windbreaker-vest-W-hibiscus-malibu-Q49402602.jpg","width":600,"height":600,"caption":"la-sportiva-briza-windbreaker-vest-W-hibiscus-malibu-Q49402602"},{"@type":"BreadcrumbList","@id":"https:\/\/www.miomiorun.com\/de\/produkt\/briza-windbreaker-vest-damen\/#breadcrumb","itemListElement":[{"@type":"ListItem","position":1,"name":"Home","item":"https:\/\/www.miomiorun.com\/de\/"},{"@type":"ListItem","position":2,"name":"Shop","item":"https:\/\/www.miomiorun.com\/shop\/"},{"@type":"ListItem","position":3,"name":"Briza Windbreaker Vest damen"}]},{"@type":"WebSite","@id":"https:\/\/www.miomiorun.com\/de\/#website","url":"https:\/\/www.miomiorun.com\/de\/","name":"MioMioRun","description":"100% Lauf- und Trailshop","publisher":{"@id":"https:\/\/www.miomiorun.com\/de\/#organization"},"potentialAction":[{"@type":"SearchAction","target":{"@type":"EntryPoint","urlTemplate":"https:\/\/www.miomiorun.com\/de\/?s={search_term_string}"},"query-input":{"@type":"PropertyValueSpecification","valueRequired":true,"valueName":"search_term_string"}}],"inLanguage":"de-DE"},{"@type":"Organization","@id":"https:\/\/www.miomiorun.com\/de\/#organization","name":"MioMio Run","url":"https:\/\/www.miomiorun.com\/de\/","logo":{"@type":"ImageObject","inLanguage":"de-DE","@id":"https:\/\/www.miomiorun.com\/de\/#\/schema\/logo\/image\/","url":"https:\/\/www.miomiorun.com\/app\/uploads\/2019\/12\/logomio.png","contentUrl":"https:\/\/www.miomiorun.com\/app\/uploads\/2019\/12\/logomio.png","width":115,"height":82,"caption":"MioMio Run"},"image":{"@id":"https:\/\/www.miomiorun.com\/de\/#\/schema\/logo\/image\/"},"sameAs":["https:\/\/www.facebook.com\/miomiorun\/","https:\/\/www.instagram.com\/miomiorun\/"]}]}},"_links":{"self":[{"href":"https:\/\/www.miomiorun.com\/de\/wp-json\/wp\/v2\/product\/112719","targetHints":{"allow":["GET"]}}],"collection":[{"href":"https:\/\/www.miomiorun.com\/de\/wp-json\/wp\/v2\/product"}],"about":[{"href":"https:\/\/www.miomiorun.com\/de\/wp-json\/wp\/v2\/types\/product"}],"wp:featuredmedia":[{"embeddable":true,"href":"https:\/\/www.miomiorun.com\/de\/wp-json\/wp\/v2\/media\/119903"}],"wp:attachment":[{"href":"https:\/\/www.miomiorun.com\/de\/wp-json\/wp\/v2\/media?parent=112719"}],"wp:term":[{"taxonomy":"product_brand","embeddable":true,"href":"https:\/\/www.miomiorun.com\/de\/wp-json\/wp\/v2\/product_brand?post=112719"},{"taxonomy":"product_cat","embeddable":true,"href":"https:\/\/www.miomiorun.com\/de\/wp-json\/wp\/v2\/product_cat?post=112719"},{"taxonomy":"product_tag","embeddable":true,"href":"https:\/\/www.miomiorun.com\/de\/wp-json\/wp\/v2\/product_tag?post=112719"}],"curies":[{"name":"wp","href":"https:\/\/api.w.org\/{rel}","templated":true}]}}