{"id":112325,"date":"2023-03-16T13:11:42","date_gmt":"2023-03-16T12:11:42","guid":{"rendered":"https:\/\/miomiorun.com\/?post_type=product&#038;p=112325"},"modified":"2023-05-19T14:13:44","modified_gmt":"2023-05-19T12:13:44","slug":"t-shirt-viper-herren","status":"publish","type":"product","link":"https:\/\/www.miomiorun.com\/de\/produkt\/t-shirt-viper-herren\/","title":{"rendered":"T-Shirt Viper herren"},"content":{"rendered":"<div class=\"single-product-description\">\n<p>Das <strong>Viper-T-Shirt<\/strong> f\u00fcr M\u00e4nner f\u00fcr Trekking muss so konstruiert sein, dass die verschiedenen Bereiche entsprechend dem unterschiedlichen Schwei\u00dfbedarf der einzelnen K\u00f6rperteile differenziert sind. Die Vorderseite, die der Luft am meisten ausgesetzt ist, besteht aus einem dicht gewebten einlagigen Gewebe, die Schultertr\u00e4ger zum Schutz vor Rucksackabnutzung sind mit einem weichen, aber widerstandsf\u00e4higen Karbonfadengewebe verst\u00e4rkt, der Unterarmbereich besteht aus hoch atmungsaktivem Mesh und der R\u00fccken und die R\u00fcckseite des \u00c4rmels sind aus einem Gewebe mit Wabenstruktur gefertigt, das die Ableitung von Feuchtigkeit beg\u00fcnstigt. \u00c4sthetische Merkmale sind die flachen N\u00e4hte und das Logo auf der Vorderseite mit lasergeschnittenen Mikrol\u00f6chern.<\/p>\n<p><strong>Merkmale:<\/strong><\/p>\n<ul>\n<li>Differenzierte Gewebekonstruktion<\/li>\n<li>Weiche, strapazierf\u00e4hige Karbongewebe-Verst\u00e4rkung an den Schultern<\/li>\n<li>Logo auf der Vorderseite mit lasergeschnittenen Mikrol\u00f6chern<\/li>\n<li>Flatlock-N\u00e4hte<\/li>\n<\/ul>\n<\/div>\n","protected":false},"excerpt":{"rendered":"<ul>\n<li>Differenzierte Gewebekonstruktion<\/li>\n<li>Weiche, strapazierf\u00e4hige Karbongewebe-Verst\u00e4rkung an den Schultern<\/li>\n<li>Logo auf der Vorderseite mit lasergeschnittenen Mikrol\u00f6chern<\/li>\n<li>Flatlock-N\u00e4hte<\/li>\n<\/ul>\n","protected":false},"featured_media":112597,"template":"","meta":{"_acf_changed":false,"inline_featured_image":false},"product_brand":[],"product_cat":[6515,6540,6508],"product_tag":[3370,6238],"class_list":{"0":"post-112325","1":"product","2":"type-product","3":"status-publish","4":"has-post-thumbnail","6":"product_cat-herren-de","7":"product_cat-herrenbekleidung","8":"product_cat-herrent-shirt","9":"product_tag-crazy-idea-de","10":"product_tag-crazy-idea-herren-de","11":"pa_attivita-gehen","12":"pa_attivita-outdoor-de","13":"pa_colore-t-shirt-viper-black-de","14":"pa_colore-t-shirt-viper-liken-de","15":"pa_marca-crazy-idea-de","16":"pa_sesso-herren","17":"pa_size-medium-de","18":"pa_size-large-de","20":"first","21":"instock","22":"sale","23":"taxable","24":"shipping-taxable","25":"purchasable","26":"product-type-variable","27":"wvs-archive-product-wrapper"},"acf":[],"yoast_head":"<!-- This site is optimized with the Yoast SEO plugin v26.8 - https:\/\/yoast.com\/product\/yoast-seo-wordpress\/ -->\n<title>Crazy Idea T-Shirt Viper herren - T-Shirt Laufen - MioMioRun.com<\/title>\n<meta name=\"description\" content=\"Das Viper-T-Shirt f\u00fcr M\u00e4nner f\u00fcr den Trekkingbereich muss so konstruiert sein, dass die verschiedenen Bereiche entsprechend den unterschiedlichen\" \/>\n<meta name=\"robots\" content=\"index, follow, max-snippet:-1, max-image-preview:large, max-video-preview:-1\" \/>\n<link rel=\"canonical\" href=\"https:\/\/www.miomiorun.com\/de\/produkt\/t-shirt-viper-herren\/\" \/>\n<meta property=\"og:locale\" content=\"de_DE\" \/>\n<meta property=\"og:type\" content=\"article\" \/>\n<meta property=\"og:title\" content=\"Crazy Idea T-Shirt Viper herren - T-Shirt Laufen - MioMioRun.com\" \/>\n<meta property=\"og:description\" content=\"Das Viper-T-Shirt f\u00fcr M\u00e4nner f\u00fcr den Trekkingbereich muss so konstruiert sein, dass die verschiedenen Bereiche entsprechend den unterschiedlichen\" \/>\n<meta property=\"og:url\" content=\"https:\/\/www.miomiorun.com\/de\/produkt\/t-shirt-viper-herren\/\" \/>\n<meta property=\"og:site_name\" content=\"MioMioRun\" \/>\n<meta property=\"article:publisher\" content=\"https:\/\/www.facebook.com\/miomiorun\/\" \/>\n<meta property=\"article:modified_time\" content=\"2023-05-19T12:13:44+00:00\" \/>\n<meta property=\"og:image\" content=\"https:\/\/www.miomiorun.com\/app\/uploads\/2023\/03\/crazy-idea-t-shirt-viper-liken-S23095109U-0093.jpg\" \/>\n\t<meta property=\"og:image:width\" content=\"600\" \/>\n\t<meta property=\"og:image:height\" content=\"600\" \/>\n\t<meta property=\"og:image:type\" content=\"image\/jpeg\" \/>\n<meta name=\"twitter:card\" content=\"summary_large_image\" \/>\n<meta name=\"twitter:label1\" content=\"Est. reading time\" \/>\n\t<meta name=\"twitter:data1\" content=\"1 minute\" \/>\n<script type=\"application\/ld+json\" class=\"yoast-schema-graph\">{\"@context\":\"https:\/\/schema.org\",\"@graph\":[{\"@type\":\"WebPage\",\"@id\":\"https:\/\/www.miomiorun.com\/de\/produkt\/t-shirt-viper-herren\/\",\"url\":\"https:\/\/www.miomiorun.com\/de\/produkt\/t-shirt-viper-herren\/\",\"name\":\"Crazy Idea T-Shirt Viper herren - T-Shirt Laufen - MioMioRun.com\",\"isPartOf\":{\"@id\":\"https:\/\/www.miomiorun.com\/de\/#website\"},\"primaryImageOfPage\":{\"@id\":\"https:\/\/www.miomiorun.com\/de\/produkt\/t-shirt-viper-herren\/#primaryimage\"},\"image\":{\"@id\":\"https:\/\/www.miomiorun.com\/de\/produkt\/t-shirt-viper-herren\/#primaryimage\"},\"thumbnailUrl\":\"https:\/\/www.miomiorun.com\/app\/uploads\/2023\/03\/crazy-idea-t-shirt-viper-liken-S23095109U-0093.jpg\",\"datePublished\":\"2023-03-16T12:11:42+00:00\",\"dateModified\":\"2023-05-19T12:13:44+00:00\",\"description\":\"Das Viper-T-Shirt f\u00fcr M\u00e4nner f\u00fcr den Trekkingbereich muss so konstruiert sein, dass die verschiedenen Bereiche entsprechend den unterschiedlichen\",\"breadcrumb\":{\"@id\":\"https:\/\/www.miomiorun.com\/de\/produkt\/t-shirt-viper-herren\/#breadcrumb\"},\"inLanguage\":\"de-DE\",\"potentialAction\":[{\"@type\":\"ReadAction\",\"target\":[\"https:\/\/www.miomiorun.com\/de\/produkt\/t-shirt-viper-herren\/\"]}]},{\"@type\":\"ImageObject\",\"inLanguage\":\"de-DE\",\"@id\":\"https:\/\/www.miomiorun.com\/de\/produkt\/t-shirt-viper-herren\/#primaryimage\",\"url\":\"https:\/\/www.miomiorun.com\/app\/uploads\/2023\/03\/crazy-idea-t-shirt-viper-liken-S23095109U-0093.jpg\",\"contentUrl\":\"https:\/\/www.miomiorun.com\/app\/uploads\/2023\/03\/crazy-idea-t-shirt-viper-liken-S23095109U-0093.jpg\",\"width\":600,\"height\":600,\"caption\":\"crazy-idea-t-shirt-viper-liken-S23095109U-0093\"},{\"@type\":\"BreadcrumbList\",\"@id\":\"https:\/\/www.miomiorun.com\/de\/produkt\/t-shirt-viper-herren\/#breadcrumb\",\"itemListElement\":[{\"@type\":\"ListItem\",\"position\":1,\"name\":\"Home\",\"item\":\"https:\/\/www.miomiorun.com\/de\/\"},{\"@type\":\"ListItem\",\"position\":2,\"name\":\"Shop\",\"item\":\"https:\/\/www.miomiorun.com\/shop\/\"},{\"@type\":\"ListItem\",\"position\":3,\"name\":\"T-Shirt Viper herren\"}]},{\"@type\":\"WebSite\",\"@id\":\"https:\/\/www.miomiorun.com\/de\/#website\",\"url\":\"https:\/\/www.miomiorun.com\/de\/\",\"name\":\"MioMioRun\",\"description\":\"100% Lauf- und Trailshop\",\"publisher\":{\"@id\":\"https:\/\/www.miomiorun.com\/de\/#organization\"},\"potentialAction\":[{\"@type\":\"SearchAction\",\"target\":{\"@type\":\"EntryPoint\",\"urlTemplate\":\"https:\/\/www.miomiorun.com\/de\/?s={search_term_string}\"},\"query-input\":{\"@type\":\"PropertyValueSpecification\",\"valueRequired\":true,\"valueName\":\"search_term_string\"}}],\"inLanguage\":\"de-DE\"},{\"@type\":\"Organization\",\"@id\":\"https:\/\/www.miomiorun.com\/de\/#organization\",\"name\":\"MioMio Run\",\"url\":\"https:\/\/www.miomiorun.com\/de\/\",\"logo\":{\"@type\":\"ImageObject\",\"inLanguage\":\"de-DE\",\"@id\":\"https:\/\/www.miomiorun.com\/de\/#\/schema\/logo\/image\/\",\"url\":\"https:\/\/www.miomiorun.com\/app\/uploads\/2019\/12\/logomio.png\",\"contentUrl\":\"https:\/\/www.miomiorun.com\/app\/uploads\/2019\/12\/logomio.png\",\"width\":115,\"height\":82,\"caption\":\"MioMio Run\"},\"image\":{\"@id\":\"https:\/\/www.miomiorun.com\/de\/#\/schema\/logo\/image\/\"},\"sameAs\":[\"https:\/\/www.facebook.com\/miomiorun\/\",\"https:\/\/www.instagram.com\/miomiorun\/\"]}]}<\/script>\n<!-- \/ Yoast SEO plugin. -->","yoast_head_json":{"title":"Crazy Idea T-Shirt Viper herren - T-Shirt Laufen - MioMioRun.com","description":"Das Viper-T-Shirt f\u00fcr M\u00e4nner f\u00fcr den Trekkingbereich muss so konstruiert sein, dass die verschiedenen Bereiche entsprechend den unterschiedlichen","robots":{"index":"index","follow":"follow","max-snippet":"max-snippet:-1","max-image-preview":"max-image-preview:large","max-video-preview":"max-video-preview:-1"},"canonical":"https:\/\/www.miomiorun.com\/de\/produkt\/t-shirt-viper-herren\/","og_locale":"de_DE","og_type":"article","og_title":"Crazy Idea T-Shirt Viper herren - T-Shirt Laufen - MioMioRun.com","og_description":"Das Viper-T-Shirt f\u00fcr M\u00e4nner f\u00fcr den Trekkingbereich muss so konstruiert sein, dass die verschiedenen Bereiche entsprechend den unterschiedlichen","og_url":"https:\/\/www.miomiorun.com\/de\/produkt\/t-shirt-viper-herren\/","og_site_name":"MioMioRun","article_publisher":"https:\/\/www.facebook.com\/miomiorun\/","article_modified_time":"2023-05-19T12:13:44+00:00","og_image":[{"width":600,"height":600,"url":"https:\/\/www.miomiorun.com\/app\/uploads\/2023\/03\/crazy-idea-t-shirt-viper-liken-S23095109U-0093.jpg","type":"image\/jpeg"}],"twitter_card":"summary_large_image","twitter_misc":{"Est. reading time":"1 minute"},"schema":{"@context":"https:\/\/schema.org","@graph":[{"@type":"WebPage","@id":"https:\/\/www.miomiorun.com\/de\/produkt\/t-shirt-viper-herren\/","url":"https:\/\/www.miomiorun.com\/de\/produkt\/t-shirt-viper-herren\/","name":"Crazy Idea T-Shirt Viper herren - T-Shirt Laufen - MioMioRun.com","isPartOf":{"@id":"https:\/\/www.miomiorun.com\/de\/#website"},"primaryImageOfPage":{"@id":"https:\/\/www.miomiorun.com\/de\/produkt\/t-shirt-viper-herren\/#primaryimage"},"image":{"@id":"https:\/\/www.miomiorun.com\/de\/produkt\/t-shirt-viper-herren\/#primaryimage"},"thumbnailUrl":"https:\/\/www.miomiorun.com\/app\/uploads\/2023\/03\/crazy-idea-t-shirt-viper-liken-S23095109U-0093.jpg","datePublished":"2023-03-16T12:11:42+00:00","dateModified":"2023-05-19T12:13:44+00:00","description":"Das Viper-T-Shirt f\u00fcr M\u00e4nner f\u00fcr den Trekkingbereich muss so konstruiert sein, dass die verschiedenen Bereiche entsprechend den unterschiedlichen","breadcrumb":{"@id":"https:\/\/www.miomiorun.com\/de\/produkt\/t-shirt-viper-herren\/#breadcrumb"},"inLanguage":"de-DE","potentialAction":[{"@type":"ReadAction","target":["https:\/\/www.miomiorun.com\/de\/produkt\/t-shirt-viper-herren\/"]}]},{"@type":"ImageObject","inLanguage":"de-DE","@id":"https:\/\/www.miomiorun.com\/de\/produkt\/t-shirt-viper-herren\/#primaryimage","url":"https:\/\/www.miomiorun.com\/app\/uploads\/2023\/03\/crazy-idea-t-shirt-viper-liken-S23095109U-0093.jpg","contentUrl":"https:\/\/www.miomiorun.com\/app\/uploads\/2023\/03\/crazy-idea-t-shirt-viper-liken-S23095109U-0093.jpg","width":600,"height":600,"caption":"crazy-idea-t-shirt-viper-liken-S23095109U-0093"},{"@type":"BreadcrumbList","@id":"https:\/\/www.miomiorun.com\/de\/produkt\/t-shirt-viper-herren\/#breadcrumb","itemListElement":[{"@type":"ListItem","position":1,"name":"Home","item":"https:\/\/www.miomiorun.com\/de\/"},{"@type":"ListItem","position":2,"name":"Shop","item":"https:\/\/www.miomiorun.com\/shop\/"},{"@type":"ListItem","position":3,"name":"T-Shirt Viper herren"}]},{"@type":"WebSite","@id":"https:\/\/www.miomiorun.com\/de\/#website","url":"https:\/\/www.miomiorun.com\/de\/","name":"MioMioRun","description":"100% Lauf- und Trailshop","publisher":{"@id":"https:\/\/www.miomiorun.com\/de\/#organization"},"potentialAction":[{"@type":"SearchAction","target":{"@type":"EntryPoint","urlTemplate":"https:\/\/www.miomiorun.com\/de\/?s={search_term_string}"},"query-input":{"@type":"PropertyValueSpecification","valueRequired":true,"valueName":"search_term_string"}}],"inLanguage":"de-DE"},{"@type":"Organization","@id":"https:\/\/www.miomiorun.com\/de\/#organization","name":"MioMio Run","url":"https:\/\/www.miomiorun.com\/de\/","logo":{"@type":"ImageObject","inLanguage":"de-DE","@id":"https:\/\/www.miomiorun.com\/de\/#\/schema\/logo\/image\/","url":"https:\/\/www.miomiorun.com\/app\/uploads\/2019\/12\/logomio.png","contentUrl":"https:\/\/www.miomiorun.com\/app\/uploads\/2019\/12\/logomio.png","width":115,"height":82,"caption":"MioMio Run"},"image":{"@id":"https:\/\/www.miomiorun.com\/de\/#\/schema\/logo\/image\/"},"sameAs":["https:\/\/www.facebook.com\/miomiorun\/","https:\/\/www.instagram.com\/miomiorun\/"]}]}},"_links":{"self":[{"href":"https:\/\/www.miomiorun.com\/de\/wp-json\/wp\/v2\/product\/112325","targetHints":{"allow":["GET"]}}],"collection":[{"href":"https:\/\/www.miomiorun.com\/de\/wp-json\/wp\/v2\/product"}],"about":[{"href":"https:\/\/www.miomiorun.com\/de\/wp-json\/wp\/v2\/types\/product"}],"wp:featuredmedia":[{"embeddable":true,"href":"https:\/\/www.miomiorun.com\/de\/wp-json\/wp\/v2\/media\/112597"}],"wp:attachment":[{"href":"https:\/\/www.miomiorun.com\/de\/wp-json\/wp\/v2\/media?parent=112325"}],"wp:term":[{"taxonomy":"product_brand","embeddable":true,"href":"https:\/\/www.miomiorun.com\/de\/wp-json\/wp\/v2\/product_brand?post=112325"},{"taxonomy":"product_cat","embeddable":true,"href":"https:\/\/www.miomiorun.com\/de\/wp-json\/wp\/v2\/product_cat?post=112325"},{"taxonomy":"product_tag","embeddable":true,"href":"https:\/\/www.miomiorun.com\/de\/wp-json\/wp\/v2\/product_tag?post=112325"}],"curies":[{"name":"wp","href":"https:\/\/api.w.org\/{rel}","templated":true}]}}