{"id":112286,"date":"2023-03-16T12:29:18","date_gmt":"2023-03-16T11:29:18","guid":{"rendered":"https:\/\/miomiorun.com\/?post_type=product&#038;p=112286"},"modified":"2025-02-13T10:05:48","modified_gmt":"2025-02-13T09:05:48","slug":"dare-strappy-2-0-run-bh","status":"publish","type":"product","link":"https:\/\/www.miomiorun.com\/de\/produkt\/dare-strappy-2-0-run-bh\/","title":{"rendered":"Dare Strappy 2.0 Run BH"},"content":{"rendered":"<div class=\"single-product-description\">\n<div class=\"single-product-description\">Atmungsaktivit\u00e4t und Halt sind entscheidend bei der Suche nach dem richtigen Sport-BH: ein BH mit Standardtr\u00e4gern ist nicht unbedingt die richtige Wahl.<\/div>\n<div class=\"single-product-description\">Der aktualisierte <strong>Dare Strappy 2.0 Run Bra<\/strong> bietet Unterst\u00fctzung und Atmungsaktivit\u00e4t f\u00fcr anstrengende Aktivit\u00e4ten sowie einen neuen, tadellosen Stil.<\/div>\n<div><\/div>\n<h3>Eigenschaften:<\/h3>\n<ul class=\"m-long-description__features\">\n<li class=\"m-long-description__feature\">Unterst\u00fctzung beim Laufen mit hoher Belastung<\/li>\n<li class=\"m-long-description__feature\">Atmungsaktive Konstruktion<\/li>\n<li class=\"m-long-description__feature\">Optimiertes Tragegef\u00fchl<\/li>\n<\/ul>\n<h3 class=\"a-type-h2\">Mit diesem Lauf-BH im Pullover-Stil mit Tr\u00e4gern haben Sie die Unterst\u00fctzung, die Sie bei anstrengenden L\u00e4ufen brauchen.<\/h3>\n<h3 class=\"a-type-h4 o-feature-callout__feature-eyebrow\">LAUFEN SIE MEHR. WENIGER SPRINGEN.<\/h3>\n<h3 class=\"a-type-h3--big o-feature-callout__feature-header\">Unterst\u00fctzung f\u00fcr anstrengende L\u00e4ufe in einem unverzichtbaren Stil, der sich leicht an- und ausziehen l\u00e4sst.<\/h3>\n<p class=\"a-type-p o-feature-callout__feature-body\">Dieser BH bietet au\u00dfergew\u00f6hnliche Unterst\u00fctzung durch eine im Labor erprobte Kombination aus Bewegungsreduktion und Komfort, die wir &#8220;Running Support&#8221; nennen.<\/p>\n<div class=\"o-feature-callout__feature-copy\">\n<div class=\"o-feature-callout__feature-copy\">\n<div class=\"o-feature-callout__feature-copy\">\n<h3 class=\"a-type-h4 o-feature-callout__feature-eyebrow\">INTEGRIERTER LUFTDURCHLASS<\/h3>\n<h2 class=\"a-type-h3--big o-feature-callout__feature-header\">Atmungsaktives Design<\/h2>\n<p class=\"a-type-p o-feature-callout__feature-body\">Das leistungsstarke DriLayer\u00ae-Gewebe absorbiert Schwei\u00df und bietet sicheren Schutz, w\u00e4hrend laserperforierte Abschnitte in stark schwitzenden Bereichen den Luftdurchlass optimieren.<\/p>\n<\/div>\n<\/div>\n<\/div>\n<\/div>\n","protected":false},"excerpt":{"rendered":"<ul class=\"m-long-description__features\">\n<li class=\"m-long-description__feature\">Unterst\u00fctzung beim Laufen mit hoher Belastung<\/li>\n<li class=\"m-long-description__feature\">Atmungsaktive Konstruktion<\/li>\n<li class=\"m-long-description__feature\">Optimiertes Tragegef\u00fchl<\/li>\n<\/ul>\n","protected":false},"featured_media":120860,"template":"","meta":{"_acf_changed":false,"inline_featured_image":false},"product_brand":[],"product_cat":[6400,6401,6485],"product_tag":[3362,6205],"class_list":{"0":"post-112286","1":"product","2":"type-product","3":"status-publish","4":"has-post-thumbnail","6":"product_cat-damen","7":"product_cat-damenbekleidung","8":"product_cat-damenwaesche-de","9":"product_tag-brooks-de","10":"product_tag-brooks-damen-de","11":"pa_attivita-fitness-de","12":"pa_attivita-gehen","13":"pa_attivita-running-de","14":"pa_colore-dare-strappy-run-bra-2-0-lagoon-de","15":"pa_marca-brooks-de","16":"pa_sesso-damen","17":"pa_size-36ab-de","19":"first","20":"instock","21":"sale","22":"taxable","23":"shipping-taxable","24":"purchasable","25":"product-type-variable","26":"wvs-archive-product-wrapper"},"acf":[],"yoast_head":"<!-- This site is optimized with the Yoast SEO plugin v26.8 - https:\/\/yoast.com\/product\/yoast-seo-wordpress\/ -->\n<title>Brooks Dare Strappy 2.0 Run BH - BH - MioMioRun<\/title>\n<meta name=\"description\" content=\"Dieser BH bietet au\u00dfergew\u00f6hnliche Unterst\u00fctzung durch eine im Labor getestete Kombination aus Bewegungsreduktion und Komfort\" \/>\n<meta name=\"robots\" content=\"index, follow, max-snippet:-1, max-image-preview:large, max-video-preview:-1\" \/>\n<link rel=\"canonical\" href=\"https:\/\/www.miomiorun.com\/de\/produkt\/dare-strappy-2-0-run-bh\/\" \/>\n<meta property=\"og:locale\" content=\"de_DE\" \/>\n<meta property=\"og:type\" content=\"article\" \/>\n<meta property=\"og:title\" content=\"Brooks Dare Strappy 2.0 Run BH - BH - MioMioRun\" \/>\n<meta property=\"og:description\" content=\"Dieser BH bietet au\u00dfergew\u00f6hnliche Unterst\u00fctzung durch eine im Labor getestete Kombination aus Bewegungsreduktion und Komfort\" \/>\n<meta property=\"og:url\" content=\"https:\/\/www.miomiorun.com\/de\/produkt\/dare-strappy-2-0-run-bh\/\" \/>\n<meta property=\"og:site_name\" content=\"MioMioRun\" \/>\n<meta property=\"article:publisher\" content=\"https:\/\/www.facebook.com\/miomiorun\/\" \/>\n<meta property=\"article:modified_time\" content=\"2025-02-13T09:05:48+00:00\" \/>\n<meta property=\"og:image\" content=\"https:\/\/www.miomiorun.com\/app\/uploads\/2023\/05\/brooks-dare-strappy-run-bra-2.0-lagoon-350088453.jpg\" \/>\n\t<meta property=\"og:image:width\" content=\"600\" \/>\n\t<meta property=\"og:image:height\" content=\"600\" \/>\n\t<meta property=\"og:image:type\" content=\"image\/jpeg\" \/>\n<meta name=\"twitter:card\" content=\"summary_large_image\" \/>\n<meta name=\"twitter:label1\" content=\"Est. reading time\" \/>\n\t<meta name=\"twitter:data1\" content=\"2 minutes\" \/>\n<script type=\"application\/ld+json\" class=\"yoast-schema-graph\">{\"@context\":\"https:\/\/schema.org\",\"@graph\":[{\"@type\":\"WebPage\",\"@id\":\"https:\/\/www.miomiorun.com\/de\/produkt\/dare-strappy-2-0-run-bh\/\",\"url\":\"https:\/\/www.miomiorun.com\/de\/produkt\/dare-strappy-2-0-run-bh\/\",\"name\":\"Brooks Dare Strappy 2.0 Run BH - BH - MioMioRun\",\"isPartOf\":{\"@id\":\"https:\/\/www.miomiorun.com\/de\/#website\"},\"primaryImageOfPage\":{\"@id\":\"https:\/\/www.miomiorun.com\/de\/produkt\/dare-strappy-2-0-run-bh\/#primaryimage\"},\"image\":{\"@id\":\"https:\/\/www.miomiorun.com\/de\/produkt\/dare-strappy-2-0-run-bh\/#primaryimage\"},\"thumbnailUrl\":\"https:\/\/www.miomiorun.com\/app\/uploads\/2023\/05\/brooks-dare-strappy-run-bra-2.0-lagoon-350088453.jpg\",\"datePublished\":\"2023-03-16T11:29:18+00:00\",\"dateModified\":\"2025-02-13T09:05:48+00:00\",\"description\":\"Dieser BH bietet au\u00dfergew\u00f6hnliche Unterst\u00fctzung durch eine im Labor getestete Kombination aus Bewegungsreduktion und Komfort\",\"breadcrumb\":{\"@id\":\"https:\/\/www.miomiorun.com\/de\/produkt\/dare-strappy-2-0-run-bh\/#breadcrumb\"},\"inLanguage\":\"de-DE\",\"potentialAction\":[{\"@type\":\"ReadAction\",\"target\":[\"https:\/\/www.miomiorun.com\/de\/produkt\/dare-strappy-2-0-run-bh\/\"]}]},{\"@type\":\"ImageObject\",\"inLanguage\":\"de-DE\",\"@id\":\"https:\/\/www.miomiorun.com\/de\/produkt\/dare-strappy-2-0-run-bh\/#primaryimage\",\"url\":\"https:\/\/www.miomiorun.com\/app\/uploads\/2023\/05\/brooks-dare-strappy-run-bra-2.0-lagoon-350088453.jpg\",\"contentUrl\":\"https:\/\/www.miomiorun.com\/app\/uploads\/2023\/05\/brooks-dare-strappy-run-bra-2.0-lagoon-350088453.jpg\",\"width\":600,\"height\":600,\"caption\":\"brooks-dare-strappy-run-bra-2.0-lagoon-350088453\"},{\"@type\":\"BreadcrumbList\",\"@id\":\"https:\/\/www.miomiorun.com\/de\/produkt\/dare-strappy-2-0-run-bh\/#breadcrumb\",\"itemListElement\":[{\"@type\":\"ListItem\",\"position\":1,\"name\":\"Home\",\"item\":\"https:\/\/www.miomiorun.com\/de\/\"},{\"@type\":\"ListItem\",\"position\":2,\"name\":\"Shop\",\"item\":\"https:\/\/www.miomiorun.com\/shop\/\"},{\"@type\":\"ListItem\",\"position\":3,\"name\":\"Dare Strappy 2.0 Run BH\"}]},{\"@type\":\"WebSite\",\"@id\":\"https:\/\/www.miomiorun.com\/de\/#website\",\"url\":\"https:\/\/www.miomiorun.com\/de\/\",\"name\":\"MioMioRun\",\"description\":\"100% Lauf- und Trailshop\",\"publisher\":{\"@id\":\"https:\/\/www.miomiorun.com\/de\/#organization\"},\"potentialAction\":[{\"@type\":\"SearchAction\",\"target\":{\"@type\":\"EntryPoint\",\"urlTemplate\":\"https:\/\/www.miomiorun.com\/de\/?s={search_term_string}\"},\"query-input\":{\"@type\":\"PropertyValueSpecification\",\"valueRequired\":true,\"valueName\":\"search_term_string\"}}],\"inLanguage\":\"de-DE\"},{\"@type\":\"Organization\",\"@id\":\"https:\/\/www.miomiorun.com\/de\/#organization\",\"name\":\"MioMio Run\",\"url\":\"https:\/\/www.miomiorun.com\/de\/\",\"logo\":{\"@type\":\"ImageObject\",\"inLanguage\":\"de-DE\",\"@id\":\"https:\/\/www.miomiorun.com\/de\/#\/schema\/logo\/image\/\",\"url\":\"https:\/\/www.miomiorun.com\/app\/uploads\/2019\/12\/logomio.png\",\"contentUrl\":\"https:\/\/www.miomiorun.com\/app\/uploads\/2019\/12\/logomio.png\",\"width\":115,\"height\":82,\"caption\":\"MioMio Run\"},\"image\":{\"@id\":\"https:\/\/www.miomiorun.com\/de\/#\/schema\/logo\/image\/\"},\"sameAs\":[\"https:\/\/www.facebook.com\/miomiorun\/\",\"https:\/\/www.instagram.com\/miomiorun\/\"]}]}<\/script>\n<!-- \/ Yoast SEO plugin. -->","yoast_head_json":{"title":"Brooks Dare Strappy 2.0 Run BH - BH - MioMioRun","description":"Dieser BH bietet au\u00dfergew\u00f6hnliche Unterst\u00fctzung durch eine im Labor getestete Kombination aus Bewegungsreduktion und Komfort","robots":{"index":"index","follow":"follow","max-snippet":"max-snippet:-1","max-image-preview":"max-image-preview:large","max-video-preview":"max-video-preview:-1"},"canonical":"https:\/\/www.miomiorun.com\/de\/produkt\/dare-strappy-2-0-run-bh\/","og_locale":"de_DE","og_type":"article","og_title":"Brooks Dare Strappy 2.0 Run BH - BH - MioMioRun","og_description":"Dieser BH bietet au\u00dfergew\u00f6hnliche Unterst\u00fctzung durch eine im Labor getestete Kombination aus Bewegungsreduktion und Komfort","og_url":"https:\/\/www.miomiorun.com\/de\/produkt\/dare-strappy-2-0-run-bh\/","og_site_name":"MioMioRun","article_publisher":"https:\/\/www.facebook.com\/miomiorun\/","article_modified_time":"2025-02-13T09:05:48+00:00","og_image":[{"width":600,"height":600,"url":"https:\/\/www.miomiorun.com\/app\/uploads\/2023\/05\/brooks-dare-strappy-run-bra-2.0-lagoon-350088453.jpg","type":"image\/jpeg"}],"twitter_card":"summary_large_image","twitter_misc":{"Est. reading time":"2 minutes"},"schema":{"@context":"https:\/\/schema.org","@graph":[{"@type":"WebPage","@id":"https:\/\/www.miomiorun.com\/de\/produkt\/dare-strappy-2-0-run-bh\/","url":"https:\/\/www.miomiorun.com\/de\/produkt\/dare-strappy-2-0-run-bh\/","name":"Brooks Dare Strappy 2.0 Run BH - BH - MioMioRun","isPartOf":{"@id":"https:\/\/www.miomiorun.com\/de\/#website"},"primaryImageOfPage":{"@id":"https:\/\/www.miomiorun.com\/de\/produkt\/dare-strappy-2-0-run-bh\/#primaryimage"},"image":{"@id":"https:\/\/www.miomiorun.com\/de\/produkt\/dare-strappy-2-0-run-bh\/#primaryimage"},"thumbnailUrl":"https:\/\/www.miomiorun.com\/app\/uploads\/2023\/05\/brooks-dare-strappy-run-bra-2.0-lagoon-350088453.jpg","datePublished":"2023-03-16T11:29:18+00:00","dateModified":"2025-02-13T09:05:48+00:00","description":"Dieser BH bietet au\u00dfergew\u00f6hnliche Unterst\u00fctzung durch eine im Labor getestete Kombination aus Bewegungsreduktion und Komfort","breadcrumb":{"@id":"https:\/\/www.miomiorun.com\/de\/produkt\/dare-strappy-2-0-run-bh\/#breadcrumb"},"inLanguage":"de-DE","potentialAction":[{"@type":"ReadAction","target":["https:\/\/www.miomiorun.com\/de\/produkt\/dare-strappy-2-0-run-bh\/"]}]},{"@type":"ImageObject","inLanguage":"de-DE","@id":"https:\/\/www.miomiorun.com\/de\/produkt\/dare-strappy-2-0-run-bh\/#primaryimage","url":"https:\/\/www.miomiorun.com\/app\/uploads\/2023\/05\/brooks-dare-strappy-run-bra-2.0-lagoon-350088453.jpg","contentUrl":"https:\/\/www.miomiorun.com\/app\/uploads\/2023\/05\/brooks-dare-strappy-run-bra-2.0-lagoon-350088453.jpg","width":600,"height":600,"caption":"brooks-dare-strappy-run-bra-2.0-lagoon-350088453"},{"@type":"BreadcrumbList","@id":"https:\/\/www.miomiorun.com\/de\/produkt\/dare-strappy-2-0-run-bh\/#breadcrumb","itemListElement":[{"@type":"ListItem","position":1,"name":"Home","item":"https:\/\/www.miomiorun.com\/de\/"},{"@type":"ListItem","position":2,"name":"Shop","item":"https:\/\/www.miomiorun.com\/shop\/"},{"@type":"ListItem","position":3,"name":"Dare Strappy 2.0 Run BH"}]},{"@type":"WebSite","@id":"https:\/\/www.miomiorun.com\/de\/#website","url":"https:\/\/www.miomiorun.com\/de\/","name":"MioMioRun","description":"100% Lauf- und Trailshop","publisher":{"@id":"https:\/\/www.miomiorun.com\/de\/#organization"},"potentialAction":[{"@type":"SearchAction","target":{"@type":"EntryPoint","urlTemplate":"https:\/\/www.miomiorun.com\/de\/?s={search_term_string}"},"query-input":{"@type":"PropertyValueSpecification","valueRequired":true,"valueName":"search_term_string"}}],"inLanguage":"de-DE"},{"@type":"Organization","@id":"https:\/\/www.miomiorun.com\/de\/#organization","name":"MioMio Run","url":"https:\/\/www.miomiorun.com\/de\/","logo":{"@type":"ImageObject","inLanguage":"de-DE","@id":"https:\/\/www.miomiorun.com\/de\/#\/schema\/logo\/image\/","url":"https:\/\/www.miomiorun.com\/app\/uploads\/2019\/12\/logomio.png","contentUrl":"https:\/\/www.miomiorun.com\/app\/uploads\/2019\/12\/logomio.png","width":115,"height":82,"caption":"MioMio Run"},"image":{"@id":"https:\/\/www.miomiorun.com\/de\/#\/schema\/logo\/image\/"},"sameAs":["https:\/\/www.facebook.com\/miomiorun\/","https:\/\/www.instagram.com\/miomiorun\/"]}]}},"_links":{"self":[{"href":"https:\/\/www.miomiorun.com\/de\/wp-json\/wp\/v2\/product\/112286","targetHints":{"allow":["GET"]}}],"collection":[{"href":"https:\/\/www.miomiorun.com\/de\/wp-json\/wp\/v2\/product"}],"about":[{"href":"https:\/\/www.miomiorun.com\/de\/wp-json\/wp\/v2\/types\/product"}],"wp:featuredmedia":[{"embeddable":true,"href":"https:\/\/www.miomiorun.com\/de\/wp-json\/wp\/v2\/media\/120860"}],"wp:attachment":[{"href":"https:\/\/www.miomiorun.com\/de\/wp-json\/wp\/v2\/media?parent=112286"}],"wp:term":[{"taxonomy":"product_brand","embeddable":true,"href":"https:\/\/www.miomiorun.com\/de\/wp-json\/wp\/v2\/product_brand?post=112286"},{"taxonomy":"product_cat","embeddable":true,"href":"https:\/\/www.miomiorun.com\/de\/wp-json\/wp\/v2\/product_cat?post=112286"},{"taxonomy":"product_tag","embeddable":true,"href":"https:\/\/www.miomiorun.com\/de\/wp-json\/wp\/v2\/product_tag?post=112286"}],"curies":[{"name":"wp","href":"https:\/\/api.w.org\/{rel}","templated":true}]}}