{"id":111535,"date":"2023-03-09T11:56:13","date_gmt":"2023-03-09T10:56:13","guid":{"rendered":"https:\/\/miomiorun.com\/?post_type=product&#038;p=111535"},"modified":"2025-02-13T10:07:44","modified_gmt":"2025-02-13T09:07:44","slug":"high-point-32-in-1-short-damen","status":"publish","type":"product","link":"https:\/\/www.miomiorun.com\/de\/produkt\/high-point-32-in-1-short-damen\/","title":{"rendered":"High Point 3&#8243; 2-in 1 short damen"},"content":{"rendered":"<p>Mach dich bereit f\u00fcr ein endloses Abenteuer mit der High Point Trail Running Shorts.<\/p>\n<p>Mit dem Ripstop-Gewebe, dem scheuerfesten Kurzfutter, der laufsicheren Passform und viel Stauraum kannst du dich mit maximalem Komfort auf lange Tage auf den Trails vorbereiten.<\/p>\n<p><strong>Eigenschaften:<\/strong><\/p>\n<ul class=\"m-long-description__features\">\n<li class=\"m-long-description__feature\">Dauerhafter Schutz<\/li>\n<li class=\"m-long-description__feature\">Maximale Bewegungsfreiheit<\/li>\n<li class=\"m-long-description__feature\">Platz f\u00fcr das N\u00f6tigste<\/li>\n<\/ul>\n<p class=\"a-type-h2\">Zuverl\u00e4ssiger Komfort und Leistung f\u00fcr unberechenbare Trails<\/p>\n<p class=\"a-type-h4 o-feature-callout__feature-eyebrow\">LANGLEBIG UND BEREIT F\u00dcR DEN TRAIL<\/p>\n<p class=\"a-type-h3--big o-feature-callout__feature-header\">Langlebiger Schutz<\/p>\n<p class=\"a-type-p o-feature-callout__feature-body\">Die Frontpartie aus Ripstop-Gewebe, das mit wasserdichter Technologie behandelt wurde, bietet Wasser- und Rei\u00dffestigkeit auf bewachsenen Wegen. Das Gewebe bietet au\u00dferdem UPF 30+ Schutz vor Sonnenlicht.<\/p>\n<ul class=\"o-feature-callout__feature-list\">\n<li class=\"a-type-p o-feature-callout__feature-list-item\"><span class=\"a-type-p o-feature-callout__feature-list-item-text\">DWR steht f\u00fcr Durable Water Repellence<\/span><\/li>\n<\/ul>\n<p class=\"a-type-h4 o-feature-callout__feature-eyebrow\">SCHIESSEN, KLETTERN ODER RUTSCHEN, WIE SIE WOLLEN<\/p>\n<p class=\"a-type-h3--big o-feature-callout__feature-header\">Maximale Bewegungsfreiheit<\/p>\n<p class=\"a-type-p o-feature-callout__feature-body\">Die Shorts mit Seitenschlitzen erm\u00f6glichen volle Bewegungsfreiheit, w\u00e4hrend der scheuerfreie Innenslip weichen Komfort bietet.<\/p>\n<ul class=\"o-feature-callout__feature-list\">\n<li class=\"a-type-p o-feature-callout__feature-list-item\"><span class=\"a-type-p o-feature-callout__feature-list-item-text\">Der \u00e4u\u00dfere Kordelzug erm\u00f6glicht eine einfache Anpassung der Passform w\u00e4hrend der Fahrt.<\/span><\/li>\n<\/ul>\n<p class=\"a-type-h4 o-feature-callout__feature-eyebrow\">\u00dcBER TASCHEN<\/p>\n<p class=\"a-type-h3--big o-feature-callout__feature-header\">Platz f\u00fcr das Wesentliche<\/p>\n<p class=\"a-type-p o-feature-callout__feature-body\">In den vier Seitentaschen lassen sich die wichtigsten Dinge verstauen, w\u00e4hrend in der Ges\u00e4\u00dftasche mit Rei\u00dfverschluss Schl\u00fcssel und Karten sicher aufbewahrt werden k\u00f6nnen.<\/p>\n<ul class=\"o-feature-callout__feature-list\">\n<li class=\"a-type-p o-feature-callout__feature-list-item\"><span class=\"a-type-p o-feature-callout__feature-list-item-text\">Die Klappe an der Ges\u00e4\u00dftasche mit Rei\u00dfverschluss l\u00e4sst sich auch mit Handschuhen oder kalten Fingern leicht \u00f6ffnen und schlie\u00dfen.<\/span><\/li>\n<\/ul>\n","protected":false},"excerpt":{"rendered":"<ul class=\"m-long-description__features\">\n<li class=\"m-long-description__feature\">Dauerhafter Schutz<\/li>\n<li class=\"m-long-description__feature\">Maximale Bewegungsfreiheit<\/li>\n<li class=\"m-long-description__feature\">Stauraum f\u00fcr das N\u00f6tigste<\/li>\n<\/ul>\n","protected":false},"featured_media":198798,"template":"","meta":{"_acf_changed":false,"inline_featured_image":false},"product_brand":[],"product_cat":[6401,6488],"product_tag":[3362,6205],"class_list":{"0":"post-111535","1":"product","2":"type-product","3":"status-publish","4":"has-post-thumbnail","6":"product_cat-damenbekleidung","7":"product_cat-damenshorts-de","8":"product_tag-brooks-de","9":"product_tag-brooks-damen-de","10":"pa_attivita-gehen","11":"pa_attivita-running-de","12":"pa_colore-high-point-3-2in1-short-2-0-w-black-de","13":"pa_colore-high-point-3-2in1-short-w-aegean-lt-slate-de","14":"pa_colore-high-point-3-2in1-short-w-black-de","15":"pa_colore-high-point-3-2in1-short-w-hazelwood-ochre-fuchsia-de","16":"pa_colore-high-point-3-2in1-short-w-navy-neo-pink-de","17":"pa_colore-w-high-point-3-2in1-short-2-0-dk-russet","18":"pa_marca-brooks-de","19":"pa_sesso-damen","20":"pa_size-extra-small-de","21":"pa_size-small-de","22":"pa_size-medium-de","23":"pa_size-large-de","25":"first","26":"instock","27":"sale","28":"taxable","29":"shipping-taxable","30":"purchasable","31":"product-type-variable","32":"wvs-archive-product-wrapper"},"acf":[],"yoast_head":"<!-- This site is optimized with the Yoast SEO plugin v26.8 - https:\/\/yoast.com\/product\/yoast-seo-wordpress\/ -->\n<title>Brooks High Point 3&quot; 2-in 1 short damen - Short - MioMioRun<\/title>\n<meta name=\"description\" content=\"Ripstop-Gewebe, kurzes, scheuerfestes Futter, renntaugliche Passform und viel Stauraum. Mehr Informationen auf unserer Website\" \/>\n<meta name=\"robots\" content=\"index, follow, max-snippet:-1, max-image-preview:large, max-video-preview:-1\" \/>\n<link rel=\"canonical\" href=\"https:\/\/www.miomiorun.com\/de\/produkt\/high-point-32-in-1-short-damen\/\" \/>\n<meta property=\"og:locale\" content=\"de_DE\" \/>\n<meta property=\"og:type\" content=\"article\" \/>\n<meta property=\"og:title\" content=\"Brooks High Point 3&quot; 2-in 1 short damen - Short - MioMioRun\" \/>\n<meta property=\"og:description\" content=\"Ripstop-Gewebe, kurzes, scheuerfestes Futter, renntaugliche Passform und viel Stauraum. Mehr Informationen auf unserer Website\" \/>\n<meta property=\"og:url\" content=\"https:\/\/www.miomiorun.com\/de\/produkt\/high-point-32-in-1-short-damen\/\" \/>\n<meta property=\"og:site_name\" content=\"MioMioRun\" \/>\n<meta property=\"article:publisher\" content=\"https:\/\/www.facebook.com\/miomiorun\/\" \/>\n<meta property=\"article:modified_time\" content=\"2025-02-13T09:07:44+00:00\" \/>\n<meta property=\"og:image\" content=\"https:\/\/www.miomiorun.com\/app\/uploads\/2024\/09\/brooks-High-Point-3-2in1-short-W-navy-neo-pink-221656439.webp\" \/>\n\t<meta property=\"og:image:width\" content=\"600\" \/>\n\t<meta property=\"og:image:height\" content=\"600\" \/>\n\t<meta property=\"og:image:type\" content=\"image\/webp\" \/>\n<meta name=\"twitter:card\" content=\"summary_large_image\" \/>\n<meta name=\"twitter:label1\" content=\"Est. reading time\" \/>\n\t<meta name=\"twitter:data1\" content=\"2 minutes\" \/>\n<script type=\"application\/ld+json\" class=\"yoast-schema-graph\">{\"@context\":\"https:\/\/schema.org\",\"@graph\":[{\"@type\":\"WebPage\",\"@id\":\"https:\/\/www.miomiorun.com\/de\/produkt\/high-point-32-in-1-short-damen\/\",\"url\":\"https:\/\/www.miomiorun.com\/de\/produkt\/high-point-32-in-1-short-damen\/\",\"name\":\"Brooks High Point 3\\\" 2-in 1 short damen - Short - MioMioRun\",\"isPartOf\":{\"@id\":\"https:\/\/www.miomiorun.com\/de\/#website\"},\"primaryImageOfPage\":{\"@id\":\"https:\/\/www.miomiorun.com\/de\/produkt\/high-point-32-in-1-short-damen\/#primaryimage\"},\"image\":{\"@id\":\"https:\/\/www.miomiorun.com\/de\/produkt\/high-point-32-in-1-short-damen\/#primaryimage\"},\"thumbnailUrl\":\"https:\/\/www.miomiorun.com\/app\/uploads\/2024\/09\/brooks-High-Point-3-2in1-short-W-navy-neo-pink-221656439.webp\",\"datePublished\":\"2023-03-09T10:56:13+00:00\",\"dateModified\":\"2025-02-13T09:07:44+00:00\",\"description\":\"Ripstop-Gewebe, kurzes, scheuerfestes Futter, renntaugliche Passform und viel Stauraum. Mehr Informationen auf unserer Website\",\"breadcrumb\":{\"@id\":\"https:\/\/www.miomiorun.com\/de\/produkt\/high-point-32-in-1-short-damen\/#breadcrumb\"},\"inLanguage\":\"de-DE\",\"potentialAction\":[{\"@type\":\"ReadAction\",\"target\":[\"https:\/\/www.miomiorun.com\/de\/produkt\/high-point-32-in-1-short-damen\/\"]}]},{\"@type\":\"ImageObject\",\"inLanguage\":\"de-DE\",\"@id\":\"https:\/\/www.miomiorun.com\/de\/produkt\/high-point-32-in-1-short-damen\/#primaryimage\",\"url\":\"https:\/\/www.miomiorun.com\/app\/uploads\/2024\/09\/brooks-High-Point-3-2in1-short-W-navy-neo-pink-221656439.webp\",\"contentUrl\":\"https:\/\/www.miomiorun.com\/app\/uploads\/2024\/09\/brooks-High-Point-3-2in1-short-W-navy-neo-pink-221656439.webp\",\"width\":600,\"height\":600,\"caption\":\"brooks High Point 3 2in1 short W navy neo pink 221656439\"},{\"@type\":\"BreadcrumbList\",\"@id\":\"https:\/\/www.miomiorun.com\/de\/produkt\/high-point-32-in-1-short-damen\/#breadcrumb\",\"itemListElement\":[{\"@type\":\"ListItem\",\"position\":1,\"name\":\"Home\",\"item\":\"https:\/\/www.miomiorun.com\/de\/\"},{\"@type\":\"ListItem\",\"position\":2,\"name\":\"Shop\",\"item\":\"https:\/\/www.miomiorun.com\/shop\/\"},{\"@type\":\"ListItem\",\"position\":3,\"name\":\"High Point 3&#8243; 2-in 1 short damen\"}]},{\"@type\":\"WebSite\",\"@id\":\"https:\/\/www.miomiorun.com\/de\/#website\",\"url\":\"https:\/\/www.miomiorun.com\/de\/\",\"name\":\"MioMioRun\",\"description\":\"100% Lauf- und Trailshop\",\"publisher\":{\"@id\":\"https:\/\/www.miomiorun.com\/de\/#organization\"},\"potentialAction\":[{\"@type\":\"SearchAction\",\"target\":{\"@type\":\"EntryPoint\",\"urlTemplate\":\"https:\/\/www.miomiorun.com\/de\/?s={search_term_string}\"},\"query-input\":{\"@type\":\"PropertyValueSpecification\",\"valueRequired\":true,\"valueName\":\"search_term_string\"}}],\"inLanguage\":\"de-DE\"},{\"@type\":\"Organization\",\"@id\":\"https:\/\/www.miomiorun.com\/de\/#organization\",\"name\":\"MioMio Run\",\"url\":\"https:\/\/www.miomiorun.com\/de\/\",\"logo\":{\"@type\":\"ImageObject\",\"inLanguage\":\"de-DE\",\"@id\":\"https:\/\/www.miomiorun.com\/de\/#\/schema\/logo\/image\/\",\"url\":\"https:\/\/www.miomiorun.com\/app\/uploads\/2019\/12\/logomio.png\",\"contentUrl\":\"https:\/\/www.miomiorun.com\/app\/uploads\/2019\/12\/logomio.png\",\"width\":115,\"height\":82,\"caption\":\"MioMio Run\"},\"image\":{\"@id\":\"https:\/\/www.miomiorun.com\/de\/#\/schema\/logo\/image\/\"},\"sameAs\":[\"https:\/\/www.facebook.com\/miomiorun\/\",\"https:\/\/www.instagram.com\/miomiorun\/\"]}]}<\/script>\n<!-- \/ Yoast SEO plugin. -->","yoast_head_json":{"title":"Brooks High Point 3\" 2-in 1 short damen - Short - MioMioRun","description":"Ripstop-Gewebe, kurzes, scheuerfestes Futter, renntaugliche Passform und viel Stauraum. Mehr Informationen auf unserer Website","robots":{"index":"index","follow":"follow","max-snippet":"max-snippet:-1","max-image-preview":"max-image-preview:large","max-video-preview":"max-video-preview:-1"},"canonical":"https:\/\/www.miomiorun.com\/de\/produkt\/high-point-32-in-1-short-damen\/","og_locale":"de_DE","og_type":"article","og_title":"Brooks High Point 3\" 2-in 1 short damen - Short - MioMioRun","og_description":"Ripstop-Gewebe, kurzes, scheuerfestes Futter, renntaugliche Passform und viel Stauraum. Mehr Informationen auf unserer Website","og_url":"https:\/\/www.miomiorun.com\/de\/produkt\/high-point-32-in-1-short-damen\/","og_site_name":"MioMioRun","article_publisher":"https:\/\/www.facebook.com\/miomiorun\/","article_modified_time":"2025-02-13T09:07:44+00:00","og_image":[{"width":600,"height":600,"url":"https:\/\/www.miomiorun.com\/app\/uploads\/2024\/09\/brooks-High-Point-3-2in1-short-W-navy-neo-pink-221656439.webp","type":"image\/webp"}],"twitter_card":"summary_large_image","twitter_misc":{"Est. reading time":"2 minutes"},"schema":{"@context":"https:\/\/schema.org","@graph":[{"@type":"WebPage","@id":"https:\/\/www.miomiorun.com\/de\/produkt\/high-point-32-in-1-short-damen\/","url":"https:\/\/www.miomiorun.com\/de\/produkt\/high-point-32-in-1-short-damen\/","name":"Brooks High Point 3\" 2-in 1 short damen - Short - MioMioRun","isPartOf":{"@id":"https:\/\/www.miomiorun.com\/de\/#website"},"primaryImageOfPage":{"@id":"https:\/\/www.miomiorun.com\/de\/produkt\/high-point-32-in-1-short-damen\/#primaryimage"},"image":{"@id":"https:\/\/www.miomiorun.com\/de\/produkt\/high-point-32-in-1-short-damen\/#primaryimage"},"thumbnailUrl":"https:\/\/www.miomiorun.com\/app\/uploads\/2024\/09\/brooks-High-Point-3-2in1-short-W-navy-neo-pink-221656439.webp","datePublished":"2023-03-09T10:56:13+00:00","dateModified":"2025-02-13T09:07:44+00:00","description":"Ripstop-Gewebe, kurzes, scheuerfestes Futter, renntaugliche Passform und viel Stauraum. Mehr Informationen auf unserer Website","breadcrumb":{"@id":"https:\/\/www.miomiorun.com\/de\/produkt\/high-point-32-in-1-short-damen\/#breadcrumb"},"inLanguage":"de-DE","potentialAction":[{"@type":"ReadAction","target":["https:\/\/www.miomiorun.com\/de\/produkt\/high-point-32-in-1-short-damen\/"]}]},{"@type":"ImageObject","inLanguage":"de-DE","@id":"https:\/\/www.miomiorun.com\/de\/produkt\/high-point-32-in-1-short-damen\/#primaryimage","url":"https:\/\/www.miomiorun.com\/app\/uploads\/2024\/09\/brooks-High-Point-3-2in1-short-W-navy-neo-pink-221656439.webp","contentUrl":"https:\/\/www.miomiorun.com\/app\/uploads\/2024\/09\/brooks-High-Point-3-2in1-short-W-navy-neo-pink-221656439.webp","width":600,"height":600,"caption":"brooks High Point 3 2in1 short W navy neo pink 221656439"},{"@type":"BreadcrumbList","@id":"https:\/\/www.miomiorun.com\/de\/produkt\/high-point-32-in-1-short-damen\/#breadcrumb","itemListElement":[{"@type":"ListItem","position":1,"name":"Home","item":"https:\/\/www.miomiorun.com\/de\/"},{"@type":"ListItem","position":2,"name":"Shop","item":"https:\/\/www.miomiorun.com\/shop\/"},{"@type":"ListItem","position":3,"name":"High Point 3&#8243; 2-in 1 short damen"}]},{"@type":"WebSite","@id":"https:\/\/www.miomiorun.com\/de\/#website","url":"https:\/\/www.miomiorun.com\/de\/","name":"MioMioRun","description":"100% Lauf- und Trailshop","publisher":{"@id":"https:\/\/www.miomiorun.com\/de\/#organization"},"potentialAction":[{"@type":"SearchAction","target":{"@type":"EntryPoint","urlTemplate":"https:\/\/www.miomiorun.com\/de\/?s={search_term_string}"},"query-input":{"@type":"PropertyValueSpecification","valueRequired":true,"valueName":"search_term_string"}}],"inLanguage":"de-DE"},{"@type":"Organization","@id":"https:\/\/www.miomiorun.com\/de\/#organization","name":"MioMio Run","url":"https:\/\/www.miomiorun.com\/de\/","logo":{"@type":"ImageObject","inLanguage":"de-DE","@id":"https:\/\/www.miomiorun.com\/de\/#\/schema\/logo\/image\/","url":"https:\/\/www.miomiorun.com\/app\/uploads\/2019\/12\/logomio.png","contentUrl":"https:\/\/www.miomiorun.com\/app\/uploads\/2019\/12\/logomio.png","width":115,"height":82,"caption":"MioMio Run"},"image":{"@id":"https:\/\/www.miomiorun.com\/de\/#\/schema\/logo\/image\/"},"sameAs":["https:\/\/www.facebook.com\/miomiorun\/","https:\/\/www.instagram.com\/miomiorun\/"]}]}},"_links":{"self":[{"href":"https:\/\/www.miomiorun.com\/de\/wp-json\/wp\/v2\/product\/111535","targetHints":{"allow":["GET"]}}],"collection":[{"href":"https:\/\/www.miomiorun.com\/de\/wp-json\/wp\/v2\/product"}],"about":[{"href":"https:\/\/www.miomiorun.com\/de\/wp-json\/wp\/v2\/types\/product"}],"wp:featuredmedia":[{"embeddable":true,"href":"https:\/\/www.miomiorun.com\/de\/wp-json\/wp\/v2\/media\/198798"}],"wp:attachment":[{"href":"https:\/\/www.miomiorun.com\/de\/wp-json\/wp\/v2\/media?parent=111535"}],"wp:term":[{"taxonomy":"product_brand","embeddable":true,"href":"https:\/\/www.miomiorun.com\/de\/wp-json\/wp\/v2\/product_brand?post=111535"},{"taxonomy":"product_cat","embeddable":true,"href":"https:\/\/www.miomiorun.com\/de\/wp-json\/wp\/v2\/product_cat?post=111535"},{"taxonomy":"product_tag","embeddable":true,"href":"https:\/\/www.miomiorun.com\/de\/wp-json\/wp\/v2\/product_tag?post=111535"}],"curies":[{"name":"wp","href":"https:\/\/api.w.org\/{rel}","templated":true}]}}