{"id":111303,"date":"2023-03-08T15:02:46","date_gmt":"2023-03-08T14:02:46","guid":{"rendered":"https:\/\/miomiorun.com\/?post_type=product&#038;p=111303"},"modified":"2026-05-08T21:41:54","modified_gmt":"2026-05-08T19:41:54","slug":"high-point-waterproof-jacke-herren","status":"publish","type":"product","link":"https:\/\/www.miomiorun.com\/de\/produkt\/high-point-waterproof-jacke-herren\/","title":{"rendered":"High Point Waterproof Jacke herren"},"content":{"rendered":"<h3>Eine wasserdichte Jacke ist ein unverzichtbares Kleidungsst\u00fcck beim Trailrunning.<\/h3>\n<p>Die<strong> High Point Waterproof<\/strong> Herrenjacke ist aus wasserdichtem und atmungsaktivem Material gefertigt und hat Schlitze f\u00fcr die Atmungsaktivit\u00e4t. Sie ist faltbar und kann als letzte Schicht verwendet werden. Die halbstarke Silhouette sorgt daf\u00fcr, dass Sie immer volle Bewegungsfreiheit haben.<\/p>\n<h3>Eigenschaften:<\/h3>\n<ul class=\"m-long-description__features\">\n<li class=\"m-long-description__feature\">Wasserdichter Schutz<\/li>\n<li class=\"m-long-description__feature\">Mobilit\u00e4t und Leichtigkeit<\/li>\n<li class=\"m-long-description__feature\">Zusammenklappbares Design<\/li>\n<\/ul>\n<h2 class=\"a-type-h2\">Robuster, trailtauglicher und faltbarer Schutz.<\/h2>\n<h3 class=\"a-type-h4 o-feature-callout__feature-eyebrow\">UMARMT DEN REGEN<\/h3>\n<h2 class=\"a-type-h3--big o-feature-callout__feature-header\">Wasserdichter Schutz<\/h2>\n<p class=\"a-type-p o-feature-callout__feature-body\">Das DriLayer\u00ae Seal-Gewebe bietet umfassenden Schutz und bleibt gleichzeitig atmungsaktiv, damit Sie auch bei schlechtem Wetter bequem weiterlaufen k\u00f6nnen.<\/p>\n<ul class=\"o-feature-callout__feature-list\">\n<li class=\"a-type-p o-feature-callout__feature-list-item\"><span class=\"a-type-p o-feature-callout__feature-list-item-text\">Wasserdichtes 2,5-Liter-Gewebe mit verschwei\u00dften N\u00e4hten und wasserdichtem Rei\u00dfverschluss.<\/span><\/li>\n<li class=\"a-type-p o-feature-callout__feature-list-item\"><span class=\"a-type-p o-feature-callout__feature-list-item-text\">Schlitze sorgen f\u00fcr zus\u00e4tzliche Atmungsaktivit\u00e4t, ohne dass Wasser eindringen kann, und erm\u00f6glichen das Tragen eines Rucksacks darunter.<\/span><\/li>\n<\/ul>\n<h3 class=\"a-type-h4 o-feature-callout__feature-eyebrow\">BEWEGUNG IN FREIHEIT<\/h3>\n<h2 class=\"a-type-h3--big o-feature-callout__feature-header\">Mobilit\u00e4t und Leichtigkeit<\/h2>\n<p class=\"a-type-p o-feature-callout__feature-body\">Das semi-sticky Design erm\u00f6glicht maximale Bewegungsfreiheit auch \u00fcber anderen Schichten.<\/p>\n<ul class=\"o-feature-callout__feature-list\">\n<li class=\"a-type-p o-feature-callout__feature-list-item\"><span class=\"a-type-p o-feature-callout__feature-list-item-text\">Das Visier an der Kapuze bietet Platz und Funktionalit\u00e4t f\u00fcr eine Stirnlampe<\/span><\/li>\n<\/ul>\n<h3 class=\"a-type-h4 o-feature-callout__feature-eyebrow\">REIST \u00dcBERALL HIN<\/h3>\n<h2 class=\"a-type-h3--big o-feature-callout__feature-header\">Zusammenklappbares Design<\/h2>\n<p class=\"a-type-p o-feature-callout__feature-body\">Das Design reduziert Gewicht und Volumen, so dass Sie es mit minimalem Volumen zusammenfalten k\u00f6nnen.<\/p>\n<p>&nbsp;<\/p>\n<p>&nbsp;<\/p>\n","protected":false},"excerpt":{"rendered":"<ul class=\"m-long-description__features\">\n<li class=\"m-long-description__feature\">Wasserdichter Schutz<\/li>\n<li class=\"m-long-description__feature\">Mobilit\u00e4t und Leichtigkeit<\/li>\n<li class=\"m-long-description__feature\">Zusammenklappbare Konstruktion<\/li>\n<\/ul>\n","protected":false},"featured_media":121359,"template":"","meta":{"_acf_changed":false,"inline_featured_image":false},"product_brand":[],"product_cat":[6540,6512],"product_tag":[3362,6207],"class_list":{"0":"post-111303","1":"product","2":"type-product","3":"status-publish","4":"has-post-thumbnail","6":"product_cat-herrenbekleidung","7":"product_cat-jacken","8":"product_tag-brooks-de","9":"product_tag-brooks-herren-de","10":"pa_attivita-gehen","11":"pa_attivita-outdoor-de","12":"pa_attivita-trail-de","13":"pa_colore-high-point-waterproof-jacket-aegean-bright-orange-lt-slate-de","14":"pa_colore-high-point-waterproof-jacket-black-de","15":"pa_marca-brooks-de","16":"pa_sesso-herren","17":"pa_size-small-de","18":"pa_size-medium-de","19":"pa_size-large-de","21":"first","22":"instock","23":"sale","24":"taxable","25":"shipping-taxable","26":"purchasable","27":"product-type-variable","28":"wvs-archive-product-wrapper"},"acf":[],"yoast_head":"<!-- This site is optimized with the Yoast SEO plugin v26.8 - https:\/\/yoast.com\/product\/yoast-seo-wordpress\/ -->\n<title>High Point Waterproof Jacke herren - Herren-Jacke - MioMioRun<\/title>\n<meta name=\"description\" content=\"Die High Point Waterproof Herrenjacke ist aus wasserdichtem und atmungsaktivem Material gefertigt und verf\u00fcgt \u00fcber Schlitze\" \/>\n<meta name=\"robots\" content=\"index, follow, max-snippet:-1, max-image-preview:large, max-video-preview:-1\" \/>\n<link rel=\"canonical\" href=\"https:\/\/www.miomiorun.com\/de\/produkt\/high-point-waterproof-jacke-herren\/\" \/>\n<meta property=\"og:locale\" content=\"de_DE\" \/>\n<meta property=\"og:type\" content=\"article\" \/>\n<meta property=\"og:title\" content=\"High Point Waterproof Jacke herren - Herren-Jacke - MioMioRun\" \/>\n<meta property=\"og:description\" content=\"Die High Point Waterproof Herrenjacke ist aus wasserdichtem und atmungsaktivem Material gefertigt und verf\u00fcgt \u00fcber Schlitze\" \/>\n<meta property=\"og:url\" content=\"https:\/\/www.miomiorun.com\/de\/produkt\/high-point-waterproof-jacke-herren\/\" \/>\n<meta property=\"og:site_name\" content=\"MioMioRun\" \/>\n<meta property=\"article:publisher\" content=\"https:\/\/www.facebook.com\/miomiorun\/\" \/>\n<meta property=\"article:modified_time\" content=\"2026-05-08T19:41:54+00:00\" \/>\n<meta property=\"og:image\" content=\"https:\/\/www.miomiorun.com\/app\/uploads\/2023\/05\/brooks-high-point-waterproof-jacket-black-211448001.jpg\" \/>\n\t<meta property=\"og:image:width\" content=\"600\" \/>\n\t<meta property=\"og:image:height\" content=\"600\" \/>\n\t<meta property=\"og:image:type\" content=\"image\/jpeg\" \/>\n<meta name=\"twitter:card\" content=\"summary_large_image\" \/>\n<meta name=\"twitter:label1\" content=\"Est. reading time\" \/>\n\t<meta name=\"twitter:data1\" content=\"1 minute\" \/>\n<script type=\"application\/ld+json\" class=\"yoast-schema-graph\">{\"@context\":\"https:\/\/schema.org\",\"@graph\":[{\"@type\":\"WebPage\",\"@id\":\"https:\/\/www.miomiorun.com\/de\/produkt\/high-point-waterproof-jacke-herren\/\",\"url\":\"https:\/\/www.miomiorun.com\/de\/produkt\/high-point-waterproof-jacke-herren\/\",\"name\":\"High Point Waterproof Jacke herren - Herren-Jacke - MioMioRun\",\"isPartOf\":{\"@id\":\"https:\/\/www.miomiorun.com\/de\/#website\"},\"primaryImageOfPage\":{\"@id\":\"https:\/\/www.miomiorun.com\/de\/produkt\/high-point-waterproof-jacke-herren\/#primaryimage\"},\"image\":{\"@id\":\"https:\/\/www.miomiorun.com\/de\/produkt\/high-point-waterproof-jacke-herren\/#primaryimage\"},\"thumbnailUrl\":\"https:\/\/www.miomiorun.com\/app\/uploads\/2023\/05\/brooks-high-point-waterproof-jacket-black-211448001.jpg\",\"datePublished\":\"2023-03-08T14:02:46+00:00\",\"dateModified\":\"2026-05-08T19:41:54+00:00\",\"description\":\"Die High Point Waterproof Herrenjacke ist aus wasserdichtem und atmungsaktivem Material gefertigt und verf\u00fcgt \u00fcber Schlitze\",\"breadcrumb\":{\"@id\":\"https:\/\/www.miomiorun.com\/de\/produkt\/high-point-waterproof-jacke-herren\/#breadcrumb\"},\"inLanguage\":\"de-DE\",\"potentialAction\":[{\"@type\":\"ReadAction\",\"target\":[\"https:\/\/www.miomiorun.com\/de\/produkt\/high-point-waterproof-jacke-herren\/\"]}]},{\"@type\":\"ImageObject\",\"inLanguage\":\"de-DE\",\"@id\":\"https:\/\/www.miomiorun.com\/de\/produkt\/high-point-waterproof-jacke-herren\/#primaryimage\",\"url\":\"https:\/\/www.miomiorun.com\/app\/uploads\/2023\/05\/brooks-high-point-waterproof-jacket-black-211448001.jpg\",\"contentUrl\":\"https:\/\/www.miomiorun.com\/app\/uploads\/2023\/05\/brooks-high-point-waterproof-jacket-black-211448001.jpg\",\"width\":600,\"height\":600,\"caption\":\"brooks-high-point-waterproof-jacket-black-211448001\"},{\"@type\":\"BreadcrumbList\",\"@id\":\"https:\/\/www.miomiorun.com\/de\/produkt\/high-point-waterproof-jacke-herren\/#breadcrumb\",\"itemListElement\":[{\"@type\":\"ListItem\",\"position\":1,\"name\":\"Home\",\"item\":\"https:\/\/www.miomiorun.com\/de\/\"},{\"@type\":\"ListItem\",\"position\":2,\"name\":\"Shop\",\"item\":\"https:\/\/www.miomiorun.com\/shop\/\"},{\"@type\":\"ListItem\",\"position\":3,\"name\":\"High Point Waterproof Jacke herren\"}]},{\"@type\":\"WebSite\",\"@id\":\"https:\/\/www.miomiorun.com\/de\/#website\",\"url\":\"https:\/\/www.miomiorun.com\/de\/\",\"name\":\"MioMioRun\",\"description\":\"100% Lauf- und Trailshop\",\"publisher\":{\"@id\":\"https:\/\/www.miomiorun.com\/de\/#organization\"},\"potentialAction\":[{\"@type\":\"SearchAction\",\"target\":{\"@type\":\"EntryPoint\",\"urlTemplate\":\"https:\/\/www.miomiorun.com\/de\/?s={search_term_string}\"},\"query-input\":{\"@type\":\"PropertyValueSpecification\",\"valueRequired\":true,\"valueName\":\"search_term_string\"}}],\"inLanguage\":\"de-DE\"},{\"@type\":\"Organization\",\"@id\":\"https:\/\/www.miomiorun.com\/de\/#organization\",\"name\":\"MioMio Run\",\"url\":\"https:\/\/www.miomiorun.com\/de\/\",\"logo\":{\"@type\":\"ImageObject\",\"inLanguage\":\"de-DE\",\"@id\":\"https:\/\/www.miomiorun.com\/de\/#\/schema\/logo\/image\/\",\"url\":\"https:\/\/www.miomiorun.com\/app\/uploads\/2019\/12\/logomio.png\",\"contentUrl\":\"https:\/\/www.miomiorun.com\/app\/uploads\/2019\/12\/logomio.png\",\"width\":115,\"height\":82,\"caption\":\"MioMio Run\"},\"image\":{\"@id\":\"https:\/\/www.miomiorun.com\/de\/#\/schema\/logo\/image\/\"},\"sameAs\":[\"https:\/\/www.facebook.com\/miomiorun\/\",\"https:\/\/www.instagram.com\/miomiorun\/\"]}]}<\/script>\n<!-- \/ Yoast SEO plugin. -->","yoast_head_json":{"title":"High Point Waterproof Jacke herren - Herren-Jacke - MioMioRun","description":"Die High Point Waterproof Herrenjacke ist aus wasserdichtem und atmungsaktivem Material gefertigt und verf\u00fcgt \u00fcber Schlitze","robots":{"index":"index","follow":"follow","max-snippet":"max-snippet:-1","max-image-preview":"max-image-preview:large","max-video-preview":"max-video-preview:-1"},"canonical":"https:\/\/www.miomiorun.com\/de\/produkt\/high-point-waterproof-jacke-herren\/","og_locale":"de_DE","og_type":"article","og_title":"High Point Waterproof Jacke herren - Herren-Jacke - MioMioRun","og_description":"Die High Point Waterproof Herrenjacke ist aus wasserdichtem und atmungsaktivem Material gefertigt und verf\u00fcgt \u00fcber Schlitze","og_url":"https:\/\/www.miomiorun.com\/de\/produkt\/high-point-waterproof-jacke-herren\/","og_site_name":"MioMioRun","article_publisher":"https:\/\/www.facebook.com\/miomiorun\/","article_modified_time":"2026-05-08T19:41:54+00:00","og_image":[{"width":600,"height":600,"url":"https:\/\/www.miomiorun.com\/app\/uploads\/2023\/05\/brooks-high-point-waterproof-jacket-black-211448001.jpg","type":"image\/jpeg"}],"twitter_card":"summary_large_image","twitter_misc":{"Est. reading time":"1 minute"},"schema":{"@context":"https:\/\/schema.org","@graph":[{"@type":"WebPage","@id":"https:\/\/www.miomiorun.com\/de\/produkt\/high-point-waterproof-jacke-herren\/","url":"https:\/\/www.miomiorun.com\/de\/produkt\/high-point-waterproof-jacke-herren\/","name":"High Point Waterproof Jacke herren - Herren-Jacke - MioMioRun","isPartOf":{"@id":"https:\/\/www.miomiorun.com\/de\/#website"},"primaryImageOfPage":{"@id":"https:\/\/www.miomiorun.com\/de\/produkt\/high-point-waterproof-jacke-herren\/#primaryimage"},"image":{"@id":"https:\/\/www.miomiorun.com\/de\/produkt\/high-point-waterproof-jacke-herren\/#primaryimage"},"thumbnailUrl":"https:\/\/www.miomiorun.com\/app\/uploads\/2023\/05\/brooks-high-point-waterproof-jacket-black-211448001.jpg","datePublished":"2023-03-08T14:02:46+00:00","dateModified":"2026-05-08T19:41:54+00:00","description":"Die High Point Waterproof Herrenjacke ist aus wasserdichtem und atmungsaktivem Material gefertigt und verf\u00fcgt \u00fcber Schlitze","breadcrumb":{"@id":"https:\/\/www.miomiorun.com\/de\/produkt\/high-point-waterproof-jacke-herren\/#breadcrumb"},"inLanguage":"de-DE","potentialAction":[{"@type":"ReadAction","target":["https:\/\/www.miomiorun.com\/de\/produkt\/high-point-waterproof-jacke-herren\/"]}]},{"@type":"ImageObject","inLanguage":"de-DE","@id":"https:\/\/www.miomiorun.com\/de\/produkt\/high-point-waterproof-jacke-herren\/#primaryimage","url":"https:\/\/www.miomiorun.com\/app\/uploads\/2023\/05\/brooks-high-point-waterproof-jacket-black-211448001.jpg","contentUrl":"https:\/\/www.miomiorun.com\/app\/uploads\/2023\/05\/brooks-high-point-waterproof-jacket-black-211448001.jpg","width":600,"height":600,"caption":"brooks-high-point-waterproof-jacket-black-211448001"},{"@type":"BreadcrumbList","@id":"https:\/\/www.miomiorun.com\/de\/produkt\/high-point-waterproof-jacke-herren\/#breadcrumb","itemListElement":[{"@type":"ListItem","position":1,"name":"Home","item":"https:\/\/www.miomiorun.com\/de\/"},{"@type":"ListItem","position":2,"name":"Shop","item":"https:\/\/www.miomiorun.com\/shop\/"},{"@type":"ListItem","position":3,"name":"High Point Waterproof Jacke herren"}]},{"@type":"WebSite","@id":"https:\/\/www.miomiorun.com\/de\/#website","url":"https:\/\/www.miomiorun.com\/de\/","name":"MioMioRun","description":"100% Lauf- und Trailshop","publisher":{"@id":"https:\/\/www.miomiorun.com\/de\/#organization"},"potentialAction":[{"@type":"SearchAction","target":{"@type":"EntryPoint","urlTemplate":"https:\/\/www.miomiorun.com\/de\/?s={search_term_string}"},"query-input":{"@type":"PropertyValueSpecification","valueRequired":true,"valueName":"search_term_string"}}],"inLanguage":"de-DE"},{"@type":"Organization","@id":"https:\/\/www.miomiorun.com\/de\/#organization","name":"MioMio Run","url":"https:\/\/www.miomiorun.com\/de\/","logo":{"@type":"ImageObject","inLanguage":"de-DE","@id":"https:\/\/www.miomiorun.com\/de\/#\/schema\/logo\/image\/","url":"https:\/\/www.miomiorun.com\/app\/uploads\/2019\/12\/logomio.png","contentUrl":"https:\/\/www.miomiorun.com\/app\/uploads\/2019\/12\/logomio.png","width":115,"height":82,"caption":"MioMio Run"},"image":{"@id":"https:\/\/www.miomiorun.com\/de\/#\/schema\/logo\/image\/"},"sameAs":["https:\/\/www.facebook.com\/miomiorun\/","https:\/\/www.instagram.com\/miomiorun\/"]}]}},"_links":{"self":[{"href":"https:\/\/www.miomiorun.com\/de\/wp-json\/wp\/v2\/product\/111303","targetHints":{"allow":["GET"]}}],"collection":[{"href":"https:\/\/www.miomiorun.com\/de\/wp-json\/wp\/v2\/product"}],"about":[{"href":"https:\/\/www.miomiorun.com\/de\/wp-json\/wp\/v2\/types\/product"}],"wp:featuredmedia":[{"embeddable":true,"href":"https:\/\/www.miomiorun.com\/de\/wp-json\/wp\/v2\/media\/121359"}],"wp:attachment":[{"href":"https:\/\/www.miomiorun.com\/de\/wp-json\/wp\/v2\/media?parent=111303"}],"wp:term":[{"taxonomy":"product_brand","embeddable":true,"href":"https:\/\/www.miomiorun.com\/de\/wp-json\/wp\/v2\/product_brand?post=111303"},{"taxonomy":"product_cat","embeddable":true,"href":"https:\/\/www.miomiorun.com\/de\/wp-json\/wp\/v2\/product_cat?post=111303"},{"taxonomy":"product_tag","embeddable":true,"href":"https:\/\/www.miomiorun.com\/de\/wp-json\/wp\/v2\/product_tag?post=111303"}],"curies":[{"name":"wp","href":"https:\/\/api.w.org\/{rel}","templated":true}]}}