{"id":102159,"date":"2022-12-23T09:34:08","date_gmt":"2022-12-23T08:34:08","guid":{"rendered":"https:\/\/miomiorun.com\/?post_type=product&#038;p=102159"},"modified":"2023-01-21T16:36:56","modified_gmt":"2023-01-21T15:36:56","slug":"medium-over-the-calf","status":"publish","type":"product","link":"https:\/\/www.miomiorun.com\/de\/produkt\/medium-over-the-calf\/","title":{"rendered":"Medium Over the calf"},"content":{"rendered":"<p>Betrachten Sie dies als Ihre Saisonkarte f\u00fcr Comfort Mountain. Diese OTC Schneesocken bestehen aus einer Mischung aus warmem und reaktionsf\u00e4higem Poly. Sie sind mittelstark gepolstert, um Erm\u00fcdungserscheinungen zu verringern und Reizungen zwischen Schuh und Haut zu reduzieren.<\/p>\n<h2>Eigenschaften<\/h2>\n<ul>\n<li>Luftkissen mit Luftkan\u00e4len: Dank des verbesserten Luftstroms unserer Luftkissen mit Luftkan\u00e4len f\u00e4llt das Atmen leichter.<\/li>\n<li>Technischer Kn\u00f6chelschutz: Der technische Kn\u00f6chelschutz sch\u00fctzt die F\u00fc\u00dfe vor l\u00e4stigem Reiben durch Schuhe.<\/li>\n<li>Stiefelschutz: Der Stiefelschutz erg\u00e4nzt das Klettern durch strategisch platzierte D\u00e4mpfung.<\/li>\n<li>Performance Cushioning: Das Performance Cushioning System kombiniert Aufprallschutz mit Komfort, um den Schwung zu erhalten.<\/li>\n<li>Performance Mesh: Performance Mesh h\u00e4lt den K\u00f6rper durch maximale Luftzirkulation und Atmungsaktivit\u00e4t k\u00fchl.<\/li>\n<\/ul>\n<h2>Mittlere D\u00e4mpfung<\/h2>\n<p>Moderate D\u00e4mpfung in der gesamten Socke f\u00fcr einen sicheren Sitz mit erh\u00f6htem Aufprallschutz.<\/p>\n<h2>Oberhalb der Wade<\/h2>\n<p>Diese H\u00f6he deckt den gesamten Unterschenkel ab und reicht bis knapp unter das Knie.<\/p>\n<h2>Produktpflege<\/h2>\n<ul>\n<li>Maschinenw\u00e4sche bei 40\u00b0C<\/li>\n<li>Vermeiden Sie Bleichen oder B\u00fcgeln<\/li>\n<li>Socken halten l\u00e4nger, wenn Sie sie nicht im Trockner trocknen lassen<\/li>\n<\/ul>\n","protected":false},"excerpt":{"rendered":"<p>W\u00e4hlen Sie Gr\u00f6\u00dfe und Farbe und entdecken Sie die Eigenschaften der verschiedenen Modelle<\/p>\n","protected":false},"featured_media":102140,"template":"","meta":{"_acf_changed":false,"inline_featured_image":false},"product_brand":[],"product_cat":[6515,6540,6514,6400,6401,6402],"product_tag":[3397,6313,6286],"class_list":{"0":"post-102159","1":"product","2":"type-product","3":"status-publish","4":"has-post-thumbnail","6":"product_cat-herren-de","7":"product_cat-herrenbekleidung","8":"product_cat-socken","9":"product_cat-damen","10":"product_cat-damenbekleidung","11":"product_cat-damensocken-de","12":"product_tag-stance-de","13":"product_tag-stance-damen-de","14":"product_tag-stance-herren-de","15":"pa_attivita-gehen","16":"pa_attivita-outdoor-de","17":"pa_colore-bobbin-2-pack-navy-de","18":"pa_marca-stance-de","19":"pa_sesso-damen","20":"pa_sesso-herren","21":"pa_size-38-42-de","22":"pa_size-43-46-de","24":"first","25":"instock","26":"sale","27":"taxable","28":"shipping-taxable","29":"purchasable","30":"product-type-variable","31":"wvs-archive-product-wrapper"},"acf":[],"yoast_head":"<!-- This site is optimized with the Yoast SEO plugin v26.8 - https:\/\/yoast.com\/product\/yoast-seo-wordpress\/ -->\n<title>Stance Medium Over the calf - Laufsocken - MioMioRun.com<\/title>\n<meta name=\"description\" content=\"Betrachten Sie dies als Ihre Saisonkarte f\u00fcr Comfort Mountain. Diese OTC Schneesocken sind aus einer Mischung aus warmem und reaktivem Poly hergestellt.\" \/>\n<meta name=\"robots\" content=\"index, follow, max-snippet:-1, max-image-preview:large, max-video-preview:-1\" \/>\n<link rel=\"canonical\" href=\"https:\/\/www.miomiorun.com\/de\/produkt\/medium-over-the-calf\/\" \/>\n<meta property=\"og:locale\" content=\"de_DE\" \/>\n<meta property=\"og:type\" content=\"article\" \/>\n<meta property=\"og:title\" content=\"Stance Medium Over the calf - Laufsocken - MioMioRun.com\" \/>\n<meta property=\"og:description\" content=\"Betrachten Sie dies als Ihre Saisonkarte f\u00fcr Comfort Mountain. Diese OTC Schneesocken sind aus einer Mischung aus warmem und reaktivem Poly hergestellt.\" \/>\n<meta property=\"og:url\" content=\"https:\/\/www.miomiorun.com\/de\/produkt\/medium-over-the-calf\/\" \/>\n<meta property=\"og:site_name\" content=\"MioMioRun\" \/>\n<meta property=\"article:publisher\" content=\"https:\/\/www.facebook.com\/miomiorun\/\" \/>\n<meta property=\"article:modified_time\" content=\"2023-01-21T15:36:56+00:00\" \/>\n<meta property=\"og:image\" content=\"https:\/\/www.miomiorun.com\/app\/uploads\/2022\/12\/stance-bobbin-2-pack-navy-61USSN00010.jpg\" \/>\n\t<meta property=\"og:image:width\" content=\"600\" \/>\n\t<meta property=\"og:image:height\" content=\"600\" \/>\n\t<meta property=\"og:image:type\" content=\"image\/jpeg\" \/>\n<meta name=\"twitter:card\" content=\"summary_large_image\" \/>\n<meta name=\"twitter:label1\" content=\"Est. reading time\" \/>\n\t<meta name=\"twitter:data1\" content=\"1 minute\" \/>\n<script type=\"application\/ld+json\" class=\"yoast-schema-graph\">{\"@context\":\"https:\/\/schema.org\",\"@graph\":[{\"@type\":\"WebPage\",\"@id\":\"https:\/\/www.miomiorun.com\/de\/produkt\/medium-over-the-calf\/\",\"url\":\"https:\/\/www.miomiorun.com\/de\/produkt\/medium-over-the-calf\/\",\"name\":\"Stance Medium Over the calf - Laufsocken - MioMioRun.com\",\"isPartOf\":{\"@id\":\"https:\/\/www.miomiorun.com\/de\/#website\"},\"primaryImageOfPage\":{\"@id\":\"https:\/\/www.miomiorun.com\/de\/produkt\/medium-over-the-calf\/#primaryimage\"},\"image\":{\"@id\":\"https:\/\/www.miomiorun.com\/de\/produkt\/medium-over-the-calf\/#primaryimage\"},\"thumbnailUrl\":\"https:\/\/www.miomiorun.com\/app\/uploads\/2022\/12\/stance-bobbin-2-pack-navy-61USSN00010.jpg\",\"datePublished\":\"2022-12-23T08:34:08+00:00\",\"dateModified\":\"2023-01-21T15:36:56+00:00\",\"description\":\"Betrachten Sie dies als Ihre Saisonkarte f\u00fcr Comfort Mountain. Diese OTC Schneesocken sind aus einer Mischung aus warmem und reaktivem Poly hergestellt.\",\"breadcrumb\":{\"@id\":\"https:\/\/www.miomiorun.com\/de\/produkt\/medium-over-the-calf\/#breadcrumb\"},\"inLanguage\":\"de-DE\",\"potentialAction\":[{\"@type\":\"ReadAction\",\"target\":[\"https:\/\/www.miomiorun.com\/de\/produkt\/medium-over-the-calf\/\"]}]},{\"@type\":\"ImageObject\",\"inLanguage\":\"de-DE\",\"@id\":\"https:\/\/www.miomiorun.com\/de\/produkt\/medium-over-the-calf\/#primaryimage\",\"url\":\"https:\/\/www.miomiorun.com\/app\/uploads\/2022\/12\/stance-bobbin-2-pack-navy-61USSN00010.jpg\",\"contentUrl\":\"https:\/\/www.miomiorun.com\/app\/uploads\/2022\/12\/stance-bobbin-2-pack-navy-61USSN00010.jpg\",\"width\":600,\"height\":600,\"caption\":\"stance-bobbin-2-pack-navy-61USSN00010\"},{\"@type\":\"BreadcrumbList\",\"@id\":\"https:\/\/www.miomiorun.com\/de\/produkt\/medium-over-the-calf\/#breadcrumb\",\"itemListElement\":[{\"@type\":\"ListItem\",\"position\":1,\"name\":\"Home\",\"item\":\"https:\/\/www.miomiorun.com\/de\/\"},{\"@type\":\"ListItem\",\"position\":2,\"name\":\"Shop\",\"item\":\"https:\/\/www.miomiorun.com\/shop\/\"},{\"@type\":\"ListItem\",\"position\":3,\"name\":\"Medium Over the calf\"}]},{\"@type\":\"WebSite\",\"@id\":\"https:\/\/www.miomiorun.com\/de\/#website\",\"url\":\"https:\/\/www.miomiorun.com\/de\/\",\"name\":\"MioMioRun\",\"description\":\"100% Lauf- und Trailshop\",\"publisher\":{\"@id\":\"https:\/\/www.miomiorun.com\/de\/#organization\"},\"potentialAction\":[{\"@type\":\"SearchAction\",\"target\":{\"@type\":\"EntryPoint\",\"urlTemplate\":\"https:\/\/www.miomiorun.com\/de\/?s={search_term_string}\"},\"query-input\":{\"@type\":\"PropertyValueSpecification\",\"valueRequired\":true,\"valueName\":\"search_term_string\"}}],\"inLanguage\":\"de-DE\"},{\"@type\":\"Organization\",\"@id\":\"https:\/\/www.miomiorun.com\/de\/#organization\",\"name\":\"MioMio Run\",\"url\":\"https:\/\/www.miomiorun.com\/de\/\",\"logo\":{\"@type\":\"ImageObject\",\"inLanguage\":\"de-DE\",\"@id\":\"https:\/\/www.miomiorun.com\/de\/#\/schema\/logo\/image\/\",\"url\":\"https:\/\/www.miomiorun.com\/app\/uploads\/2019\/12\/logomio.png\",\"contentUrl\":\"https:\/\/www.miomiorun.com\/app\/uploads\/2019\/12\/logomio.png\",\"width\":115,\"height\":82,\"caption\":\"MioMio Run\"},\"image\":{\"@id\":\"https:\/\/www.miomiorun.com\/de\/#\/schema\/logo\/image\/\"},\"sameAs\":[\"https:\/\/www.facebook.com\/miomiorun\/\",\"https:\/\/www.instagram.com\/miomiorun\/\"]}]}<\/script>\n<!-- \/ Yoast SEO plugin. -->","yoast_head_json":{"title":"Stance Medium Over the calf - Laufsocken - MioMioRun.com","description":"Betrachten Sie dies als Ihre Saisonkarte f\u00fcr Comfort Mountain. Diese OTC Schneesocken sind aus einer Mischung aus warmem und reaktivem Poly hergestellt.","robots":{"index":"index","follow":"follow","max-snippet":"max-snippet:-1","max-image-preview":"max-image-preview:large","max-video-preview":"max-video-preview:-1"},"canonical":"https:\/\/www.miomiorun.com\/de\/produkt\/medium-over-the-calf\/","og_locale":"de_DE","og_type":"article","og_title":"Stance Medium Over the calf - Laufsocken - MioMioRun.com","og_description":"Betrachten Sie dies als Ihre Saisonkarte f\u00fcr Comfort Mountain. Diese OTC Schneesocken sind aus einer Mischung aus warmem und reaktivem Poly hergestellt.","og_url":"https:\/\/www.miomiorun.com\/de\/produkt\/medium-over-the-calf\/","og_site_name":"MioMioRun","article_publisher":"https:\/\/www.facebook.com\/miomiorun\/","article_modified_time":"2023-01-21T15:36:56+00:00","og_image":[{"width":600,"height":600,"url":"https:\/\/www.miomiorun.com\/app\/uploads\/2022\/12\/stance-bobbin-2-pack-navy-61USSN00010.jpg","type":"image\/jpeg"}],"twitter_card":"summary_large_image","twitter_misc":{"Est. reading time":"1 minute"},"schema":{"@context":"https:\/\/schema.org","@graph":[{"@type":"WebPage","@id":"https:\/\/www.miomiorun.com\/de\/produkt\/medium-over-the-calf\/","url":"https:\/\/www.miomiorun.com\/de\/produkt\/medium-over-the-calf\/","name":"Stance Medium Over the calf - Laufsocken - MioMioRun.com","isPartOf":{"@id":"https:\/\/www.miomiorun.com\/de\/#website"},"primaryImageOfPage":{"@id":"https:\/\/www.miomiorun.com\/de\/produkt\/medium-over-the-calf\/#primaryimage"},"image":{"@id":"https:\/\/www.miomiorun.com\/de\/produkt\/medium-over-the-calf\/#primaryimage"},"thumbnailUrl":"https:\/\/www.miomiorun.com\/app\/uploads\/2022\/12\/stance-bobbin-2-pack-navy-61USSN00010.jpg","datePublished":"2022-12-23T08:34:08+00:00","dateModified":"2023-01-21T15:36:56+00:00","description":"Betrachten Sie dies als Ihre Saisonkarte f\u00fcr Comfort Mountain. Diese OTC Schneesocken sind aus einer Mischung aus warmem und reaktivem Poly hergestellt.","breadcrumb":{"@id":"https:\/\/www.miomiorun.com\/de\/produkt\/medium-over-the-calf\/#breadcrumb"},"inLanguage":"de-DE","potentialAction":[{"@type":"ReadAction","target":["https:\/\/www.miomiorun.com\/de\/produkt\/medium-over-the-calf\/"]}]},{"@type":"ImageObject","inLanguage":"de-DE","@id":"https:\/\/www.miomiorun.com\/de\/produkt\/medium-over-the-calf\/#primaryimage","url":"https:\/\/www.miomiorun.com\/app\/uploads\/2022\/12\/stance-bobbin-2-pack-navy-61USSN00010.jpg","contentUrl":"https:\/\/www.miomiorun.com\/app\/uploads\/2022\/12\/stance-bobbin-2-pack-navy-61USSN00010.jpg","width":600,"height":600,"caption":"stance-bobbin-2-pack-navy-61USSN00010"},{"@type":"BreadcrumbList","@id":"https:\/\/www.miomiorun.com\/de\/produkt\/medium-over-the-calf\/#breadcrumb","itemListElement":[{"@type":"ListItem","position":1,"name":"Home","item":"https:\/\/www.miomiorun.com\/de\/"},{"@type":"ListItem","position":2,"name":"Shop","item":"https:\/\/www.miomiorun.com\/shop\/"},{"@type":"ListItem","position":3,"name":"Medium Over the calf"}]},{"@type":"WebSite","@id":"https:\/\/www.miomiorun.com\/de\/#website","url":"https:\/\/www.miomiorun.com\/de\/","name":"MioMioRun","description":"100% Lauf- und Trailshop","publisher":{"@id":"https:\/\/www.miomiorun.com\/de\/#organization"},"potentialAction":[{"@type":"SearchAction","target":{"@type":"EntryPoint","urlTemplate":"https:\/\/www.miomiorun.com\/de\/?s={search_term_string}"},"query-input":{"@type":"PropertyValueSpecification","valueRequired":true,"valueName":"search_term_string"}}],"inLanguage":"de-DE"},{"@type":"Organization","@id":"https:\/\/www.miomiorun.com\/de\/#organization","name":"MioMio Run","url":"https:\/\/www.miomiorun.com\/de\/","logo":{"@type":"ImageObject","inLanguage":"de-DE","@id":"https:\/\/www.miomiorun.com\/de\/#\/schema\/logo\/image\/","url":"https:\/\/www.miomiorun.com\/app\/uploads\/2019\/12\/logomio.png","contentUrl":"https:\/\/www.miomiorun.com\/app\/uploads\/2019\/12\/logomio.png","width":115,"height":82,"caption":"MioMio Run"},"image":{"@id":"https:\/\/www.miomiorun.com\/de\/#\/schema\/logo\/image\/"},"sameAs":["https:\/\/www.facebook.com\/miomiorun\/","https:\/\/www.instagram.com\/miomiorun\/"]}]}},"_links":{"self":[{"href":"https:\/\/www.miomiorun.com\/de\/wp-json\/wp\/v2\/product\/102159","targetHints":{"allow":["GET"]}}],"collection":[{"href":"https:\/\/www.miomiorun.com\/de\/wp-json\/wp\/v2\/product"}],"about":[{"href":"https:\/\/www.miomiorun.com\/de\/wp-json\/wp\/v2\/types\/product"}],"wp:featuredmedia":[{"embeddable":true,"href":"https:\/\/www.miomiorun.com\/de\/wp-json\/wp\/v2\/media\/102140"}],"wp:attachment":[{"href":"https:\/\/www.miomiorun.com\/de\/wp-json\/wp\/v2\/media?parent=102159"}],"wp:term":[{"taxonomy":"product_brand","embeddable":true,"href":"https:\/\/www.miomiorun.com\/de\/wp-json\/wp\/v2\/product_brand?post=102159"},{"taxonomy":"product_cat","embeddable":true,"href":"https:\/\/www.miomiorun.com\/de\/wp-json\/wp\/v2\/product_cat?post=102159"},{"taxonomy":"product_tag","embeddable":true,"href":"https:\/\/www.miomiorun.com\/de\/wp-json\/wp\/v2\/product_tag?post=102159"}],"curies":[{"name":"wp","href":"https:\/\/api.w.org\/{rel}","templated":true}]}}