{"id":101303,"date":"2022-12-17T10:36:00","date_gmt":"2022-12-17T09:36:00","guid":{"rendered":"https:\/\/miomiorun.com\/?post_type=product&#038;p=101303"},"modified":"2026-05-08T21:37:08","modified_gmt":"2026-05-08T19:37:08","slug":"ultratrail-fx-one-superlite","status":"publish","type":"product","link":"https:\/\/www.miomiorun.com\/de\/produkt\/ultratrail-fx-one-superlite\/","title":{"rendered":"Ultratrail FX. One superlite"},"content":{"rendered":"<div class=\"emotion-sorter\">\n<div id=\"\" class=\"emotion\">\n<div class=\"row\">\n<div class=\"col-sm-12 clickbox\">\n<div class=\"row\">\n<div class=\"col-sm-7 clickbox\">\n<div class=\"row\">\n<div class=\"col-sm-12 clickbox\">\n<div class=\"height-1\">\n<div class=\"neom-emotion-element only-text title\">\n<p>Ultratrail FX.One Superlite unterst\u00fctzt Sie Kilometer f\u00fcr Kilometer in gro\u00dfer H\u00f6he! Er ist mit dem neuen Trail Shark ausgestattet, dem ersten Griff- und Schn\u00fcrsystem, das f\u00fcr Trailrunning entwickelt wurde. Neue Bel\u00fcftungskan\u00e4le reduzieren das Gewicht des Griffs um 30 % im Vergleich zum bekannten Shark-System. Das Netz des Shark Frame Strap ist eng anliegend und \u00fcbertr\u00e4gt die Kraft in die Mitte des Stocks. Die spitz zulaufende Form der Shark-Spitze erm\u00f6glicht es, die Schlaufe mit geschlossenen Augen einzuhaken. Eine zus\u00e4tzliche Nase am Griff bietet eine zweite Griffm\u00f6glichkeit f\u00fcr pr\u00e4ziseres F\u00fchren. Ein zus\u00e4tzlicher Vorteil ergibt sich, wenn man den Stock zusammengeklappt in den H\u00e4nden h\u00e4lt: Der schlanke Durchmesser von 14\/12 Millimetern erm\u00f6glicht ein sicheres Halten und Tragen auf flachen Passagen. Mit einem Packma\u00df von 35 cm und einem Gewicht von 137 g bei einer L\u00e4nge von 120 cm ist der Ultratrail FX.One Superlite ein unverzichtbarer Begleiter f\u00fcr Ihre n\u00e4chste Fahrt!<\/p>\n<h3>System der Griffe<\/h3>\n<p><img loading=\"lazy\" decoding=\"async\" class=\"\" src=\"https:\/\/res.cloudinary.com\/leki-lenhart-gmbh\/iu\/c_fit,h_1050,w_750\/f_auto\/q_auto\/media\/0b\/33\/57\/1645628634\/Shark%20System_Icon?_a=AAAH2AI\" width=\"144\" height=\"144\" \/><\/p>\n<p><img loading=\"lazy\" decoding=\"async\" class=\"\" src=\"https:\/\/res.cloudinary.com\/leki-lenhart-gmbh\/iu\/c_fit,h_1050,w_750\/f_auto\/q_auto\/media\/d7\/57\/d9\/1643288579\/Shark%20System%20Schwarz_Logo?_a=AAAH2AI\" width=\"256\" height=\"15\" \/><\/p>\n<p>Das <strong>Shark-System<\/strong> bietet eine optimale Kraft\u00fcbertragung, da es die Hand in direkte Verbindung mit dem Stock bringt. Damit k\u00f6nnen Sie den Griff schnell befestigen und l\u00f6sen. Alle Shark Gurte und Handschuhe sind mit Shark St\u00f6cken kompatibel.<\/p>\n<h3>Handgriff<\/h3>\n<p><img loading=\"lazy\" decoding=\"async\" class=\"\" src=\"https:\/\/res.cloudinary.com\/leki-lenhart-gmbh\/iu\/c_fit,h_1050,w_750\/f_auto\/q_auto\/media\/61\/15\/9a\/1642580354\/Trail%20Shark_Icon?_a=AAAH2AI\" width=\"122\" height=\"122\" \/><\/p>\n<p><strong>Wanderhai<\/strong><\/p>\n<p>Dieser speziell f\u00fcr den Trailrunning-Bereich entwickelte Griff kombiniert dank seiner Air-Channel-Struktur ultraleichtes Gewicht mit maximaler Stabilit\u00e4t. Das Shark-System erm\u00f6glicht ein schnelles Anbringen und Abnehmen des Griffs mit nur einem Fingerdruck.<\/p>\n<h3>Lanyard<\/h3>\n<p><img loading=\"lazy\" decoding=\"async\" class=\"\" src=\"https:\/\/res.cloudinary.com\/leki-lenhart-gmbh\/iu\/c_fit,h_1050,w_750\/f_auto\/q_auto\/media\/f8\/78\/22\/1643642465\/Shark%20Frame%20Strap_Icon?_a=AAAH2AI\" width=\"120\" height=\"120\" \/><\/p>\n<p><strong>Haifisch Rahmen Riemen Mesh<\/strong><\/p>\n<p>Stufenlos anpassbarer, individuell verstellbarer Gurt. Erm\u00f6glicht ein schnelles und einfaches Anbringen und L\u00f6sen des Stocks und ist mit allen Shark-St\u00f6cken kompatibel.<\/p>\n<h3>Material des Rohres<\/h3>\n<p><img loading=\"lazy\" decoding=\"async\" class=\"\" src=\"https:\/\/res.cloudinary.com\/leki-lenhart-gmbh\/iu\/c_fit,h_1050,w_750\/f_auto\/q_auto\/media\/cb\/91\/d1\/1642586379\/Material_Icon?_a=AAAH2AI\" width=\"122\" height=\"122\" \/><\/p>\n<div class=\"col-7 col-lg-6 product-highlight-content-container\">\n<div class=\"product-highlight-headline\">\n<p class=\"product-headline\"><strong>Kohlenstoff<\/strong><\/p>\n<\/div>\n<div class=\"product-highlight-content\">\n<p>Carbonio HRC (H\u00f6chstes Rennkarbon) max<\/p>\n<h3>Platte<\/h3>\n<p><img loading=\"lazy\" decoding=\"async\" class=\"\" src=\"https:\/\/res.cloudinary.com\/leki-lenhart-gmbh\/iu\/c_fit,h_1050,w_750\/f_auto\/q_auto\/media\/30\/f6\/c9\/1645612656\/Trail%20Running%20Teller_Icon?_a=AAAH2AI\" width=\"120\" height=\"120\" \/><\/p>\n<div class=\"col-7 col-lg-6 product-highlight-content-container\">\n<div class=\"product-highlight-headline\">\n<p class=\"product-headline\"><strong>Trailrunning-Platte<\/strong><\/p>\n<\/div>\n<div class=\"product-highlight-content\">\n<p>Minimalistische Platte mit sehr geringem Gewicht.<\/p>\n<\/div>\n<\/div>\n<\/div>\n<\/div>\n<h3>Klappbares System<\/h3>\n<p><img loading=\"lazy\" decoding=\"async\" class=\"\" src=\"https:\/\/res.cloudinary.com\/leki-lenhart-gmbh\/iu\/c_fit,h_1050,w_750\/f_auto\/q_auto\/media\/07\/b5\/dc\/1642579033\/PB_Icon?_a=AAAH2AI\" width=\"122\" height=\"122\" \/><\/p>\n<p class=\"product-headline\"><strong>Push-Button<\/strong><\/p>\n<p>Das Push-Button-System erm\u00f6glicht ein schnelles \u00d6ffnen und Schlie\u00dfen der Faltst\u00f6cke per Knopfdruck.<\/p>\n<h3>Top<\/h3>\n<p><img loading=\"lazy\" decoding=\"async\" class=\"\" src=\"https:\/\/res.cloudinary.com\/leki-lenhart-gmbh\/iu\/c_fit,h_1050,w_750\/f_auto\/q_auto\/media\/20\/e1\/81\/1637918587\/Trail%20Tip_Icon?_a=AAAH2AI\" width=\"120\" height=\"120\" \/><\/p>\n<p class=\"product-headline\"><strong>Pfad-Tipp<\/strong><\/p>\n<p>Robuste Spitze f\u00fcr pr\u00e4zises Stockhandling und perfekten Grip auf fast allen Untergr\u00fcnden.<\/p>\n<h3>Aufbewahrungstasche<\/h3>\n<p><img loading=\"lazy\" decoding=\"async\" class=\"\" src=\"https:\/\/res.cloudinary.com\/leki-lenhart-gmbh\/iu\/c_fit,h_1050,w_750\/f_auto\/q_auto\/media\/05\/dd\/d1\/1648716329\/Foldingpole%20Bag_Icon?_a=AAAH2AI\" width=\"119\" height=\"119\" \/><\/p>\n<p class=\"product-headline\"><strong>Tasche f\u00fcr Faltst\u00f6cke<\/strong><\/p>\n<p>Praktische, ultraleichte Tasche zur Aufbewahrung von Faltst\u00f6cken.<\/p>\n<h2 class=\"headline-beta\">Alle Merkmale:<\/h2>\n<table class=\"table product-detail-properties-table\">\n<tbody>\n<tr class=\"properties-row\">\n<th class=\"properties-label\">Aktivit\u00e4ten:<\/th>\n<td class=\"properties-value\">Trail Running<\/td>\n<\/tr>\n<tr class=\"properties-row\">\n<th class=\"properties-label\">Altersgruppe:<\/th>\n<td class=\"properties-value\">Erwachsene<\/td>\n<\/tr>\n<tr class=\"properties-row\">\n<th class=\"properties-label\">Genre:<\/th>\n<td class=\"properties-value\">Unisex<\/td>\n<\/tr>\n<tr class=\"properties-row\">\n<th class=\"properties-label\">Sizerun:<\/th>\n<td class=\"properties-value\">105 &#8211; 130 cm (5 cm steps)<\/td>\n<\/tr>\n<tr class=\"properties-row\">\n<th class=\"properties-label\">Konstruktion:<\/th>\n<td class=\"properties-value\">Feste L\u00e4nge | Zusammenklappbar<\/td>\n<\/tr>\n<tr class=\"properties-row\">\n<th class=\"properties-label\">Verpackungsgr\u00f6\u00dfe:<\/th>\n<td class=\"properties-value\">35 cm<\/td>\n<\/tr>\n<tr class=\"properties-row\">\n<th class=\"properties-label\">Gewicht:<\/th>\n<td class=\"properties-value\">137 g<\/td>\n<\/tr>\n<tr class=\"properties-row\">\n<th class=\"properties-label\">Segmente:<\/th>\n<td class=\"properties-value\">4<\/td>\n<\/tr>\n<tr class=\"properties-row\">\n<th class=\"properties-label\">Durchmesser:<\/th>\n<td class=\"properties-value\">14|12|12|12 mm<\/td>\n<\/tr>\n<tr class=\"properties-row\">\n<th class=\"properties-label\">System der Griffe:<\/th>\n<td class=\"properties-value\">Shark System<\/td>\n<\/tr>\n<tr class=\"properties-row\">\n<th class=\"properties-label\">Geometrie der Rohre:<\/th>\n<td class=\"properties-value\">No bend<\/td>\n<\/tr>\n<tr class=\"properties-row\">\n<th class=\"properties-label\">Rohrform:<\/th>\n<td class=\"properties-value\">\u00a0Zylindrisch<\/td>\n<\/tr>\n<tr class=\"properties-row\">\n<th class=\"properties-label\">Greifen:<\/th>\n<td class=\"properties-value\">Trail Shark<\/td>\n<\/tr>\n<tr class=\"properties-row\">\n<th class=\"properties-label\">Spitze:<\/th>\n<td class=\"properties-value\">Shark Frame Strap Mesh<\/td>\n<\/tr>\n<tr class=\"properties-row\">\n<th class=\"properties-label\">Erweiterung der Impugantura:<\/th>\n<td class=\"properties-value\">1K Foam<\/td>\n<\/tr>\n<tr class=\"properties-row\">\n<th class=\"properties-label\">Material der R\u00f6hre:<\/th>\n<td class=\"properties-value\">Carbonio (HRC)<\/td>\n<\/tr>\n<tr class=\"properties-row\">\n<th class=\"properties-label\">Parte superiore del tubo:<\/th>\n<td class=\"properties-value\">Carbonio<\/td>\n<\/tr>\n<tr class=\"properties-row\">\n<th class=\"properties-label\">Zentraler Abschnitt des Rohrs (1):<\/th>\n<td class=\"properties-value\">Carbonio<\/td>\n<\/tr>\n<tr class=\"properties-row\">\n<th class=\"properties-label\">Zentraler Abschnitt des Rohrs (2):<\/th>\n<td class=\"properties-value\">Carbonio<\/td>\n<\/tr>\n<tr class=\"properties-row\">\n<th class=\"properties-label\">Unterer Teil des Rohrs:<\/th>\n<td class=\"properties-value\">Carbonio<\/td>\n<\/tr>\n<tr class=\"properties-row\">\n<th class=\"properties-label\">Klappbares System:<\/th>\n<td class=\"properties-value\">Push-Button<\/td>\n<\/tr>\n<tr class=\"properties-row\">\n<th class=\"properties-label\">Teller:<\/th>\n<td class=\"properties-value\">Trail Running Teller<\/td>\n<\/tr>\n<tr class=\"properties-row\">\n<th class=\"properties-label\">Top:<\/th>\n<td class=\"properties-value\">Trail Running Tip<\/td>\n<\/tr>\n<tr class=\"properties-row\">\n<th class=\"properties-label\">Aufbewahrungstasche:<\/th>\n<td class=\"properties-value\">Faltstocktasche<\/td>\n<\/tr>\n<\/tbody>\n<\/table>\n<p>&nbsp;<\/p>\n<\/div>\n<\/div>\n<\/div>\n<\/div>\n<\/div>\n<\/div>\n<\/div>\n<\/div>\n<div class=\"row\">\n<div class=\"col-sm-12 clickbox\">\n<div class=\"row\">\n<div class=\"col-sm-7 clickbox\">\n<div class=\"row\">\n<div class=\"col-sm-12 clickbox\">\n<div class=\"height-1\">\n<div class=\"neom-emotion-element only-text no-title\"><\/div>\n<\/div>\n<\/div>\n<\/div>\n<\/div>\n<\/div>\n<\/div>\n<\/div>\n<\/div>\n<\/div>\n","protected":false},"excerpt":{"rendered":"<p>Ultratrail FX.One Superlite unterst\u00fctzt Sie Kilometer f\u00fcr Kilometer in gro\u00dfer H\u00f6he! Er ist mit dem neuen Trail Shark ausgestattet, dem ersten Griff- und Schn\u00fcrsystem, das f\u00fcr Trailrunning entwickelt wurde. Neue Bel\u00fcftungskan\u00e4le reduzieren das Gewicht des Griffs um 30 % im Vergleich zum bekannten Shark-System. Das Netz des Shark Frame Strap ist eng anliegend und \u00fcbertr\u00e4gt &hellip; <a href=\"https:\/\/www.miomiorun.com\/de\/produkt\/ultratrail-fx-one-superlite\/\">Continued<\/a><\/p>\n","protected":false},"featured_media":272746,"template":"","meta":{"_acf_changed":false,"inline_featured_image":false},"product_brand":[],"product_cat":[6342,6344],"product_tag":[6250],"class_list":{"0":"post-101303","1":"product","2":"type-product","3":"status-publish","4":"has-post-thumbnail","6":"product_cat-zubehoer","7":"product_cat-stocke-de","8":"product_tag-leki-de","9":"pa_attivita-outdoor-de","10":"pa_attivita-trail-de","11":"pa_colore-ultratrail-fx-one-sl-bright-red-violet-n","12":"pa_colore-ultratrail-fx-one-superlite-bright-red-de","13":"pa_colore-ultratrail-fx-one-superlite-pink-de","14":"pa_marca-leki-de","15":"pa_misura-110-cm-de","16":"pa_misura-115-cm-de","17":"pa_misura-120-cm-de","18":"pa_misura-125-cm-de","19":"pa_misura-105-cm-de","20":"pa_sesso-damen","21":"pa_sesso-herren","23":"first","24":"instock","25":"sale","26":"taxable","27":"shipping-taxable","28":"purchasable","29":"product-type-variable","30":"wvs-archive-product-wrapper"},"acf":[],"yoast_head":"<!-- This site is optimized with the Yoast SEO plugin v26.8 - https:\/\/yoast.com\/product\/yoast-seo-wordpress\/ -->\n<title>Leki Ultratrail FX. One superlite - Running Stick - MioMioRun.com<\/title>\n<meta name=\"description\" content=\"Der Ultratrail FX.One superlite ist ein unverzichtbarer Begleiter f\u00fcr Ihren n\u00e4chsten Trailrun! Er ist mit dem neuen Trail Shark ausgestattet.\" \/>\n<meta name=\"robots\" content=\"index, follow, max-snippet:-1, max-image-preview:large, max-video-preview:-1\" \/>\n<link rel=\"canonical\" href=\"https:\/\/www.miomiorun.com\/de\/produkt\/ultratrail-fx-one-superlite\/\" \/>\n<meta property=\"og:locale\" content=\"de_DE\" \/>\n<meta property=\"og:type\" content=\"article\" \/>\n<meta property=\"og:title\" content=\"Leki Ultratrail FX. One superlite - Running Stick - MioMioRun.com\" \/>\n<meta property=\"og:description\" content=\"Der Ultratrail FX.One superlite ist ein unverzichtbarer Begleiter f\u00fcr Ihren n\u00e4chsten Trailrun! Er ist mit dem neuen Trail Shark ausgestattet.\" \/>\n<meta property=\"og:url\" content=\"https:\/\/www.miomiorun.com\/de\/produkt\/ultratrail-fx-one-superlite\/\" \/>\n<meta property=\"og:site_name\" content=\"MioMioRun\" \/>\n<meta property=\"article:publisher\" content=\"https:\/\/www.facebook.com\/miomiorun\/\" \/>\n<meta property=\"article:modified_time\" content=\"2026-05-08T19:37:08+00:00\" \/>\n<meta property=\"og:image\" content=\"https:\/\/www.miomiorun.com\/app\/uploads\/2025\/04\/leki-Ultratrail-FX.One-Superlite-65225841.webp\" \/>\n\t<meta property=\"og:image:width\" content=\"600\" \/>\n\t<meta property=\"og:image:height\" content=\"600\" \/>\n\t<meta property=\"og:image:type\" content=\"image\/webp\" \/>\n<meta name=\"twitter:card\" content=\"summary_large_image\" \/>\n<meta name=\"twitter:label1\" content=\"Est. reading time\" \/>\n\t<meta name=\"twitter:data1\" content=\"2 minutes\" \/>\n<script type=\"application\/ld+json\" class=\"yoast-schema-graph\">{\"@context\":\"https:\/\/schema.org\",\"@graph\":[{\"@type\":\"WebPage\",\"@id\":\"https:\/\/www.miomiorun.com\/de\/produkt\/ultratrail-fx-one-superlite\/\",\"url\":\"https:\/\/www.miomiorun.com\/de\/produkt\/ultratrail-fx-one-superlite\/\",\"name\":\"Leki Ultratrail FX. One superlite - Running Stick - MioMioRun.com\",\"isPartOf\":{\"@id\":\"https:\/\/www.miomiorun.com\/de\/#website\"},\"primaryImageOfPage\":{\"@id\":\"https:\/\/www.miomiorun.com\/de\/produkt\/ultratrail-fx-one-superlite\/#primaryimage\"},\"image\":{\"@id\":\"https:\/\/www.miomiorun.com\/de\/produkt\/ultratrail-fx-one-superlite\/#primaryimage\"},\"thumbnailUrl\":\"https:\/\/www.miomiorun.com\/app\/uploads\/2025\/04\/leki-Ultratrail-FX.One-Superlite-65225841.webp\",\"datePublished\":\"2022-12-17T09:36:00+00:00\",\"dateModified\":\"2026-05-08T19:37:08+00:00\",\"description\":\"Der Ultratrail FX.One superlite ist ein unverzichtbarer Begleiter f\u00fcr Ihren n\u00e4chsten Trailrun! Er ist mit dem neuen Trail Shark ausgestattet.\",\"breadcrumb\":{\"@id\":\"https:\/\/www.miomiorun.com\/de\/produkt\/ultratrail-fx-one-superlite\/#breadcrumb\"},\"inLanguage\":\"de-DE\",\"potentialAction\":[{\"@type\":\"ReadAction\",\"target\":[\"https:\/\/www.miomiorun.com\/de\/produkt\/ultratrail-fx-one-superlite\/\"]}]},{\"@type\":\"ImageObject\",\"inLanguage\":\"de-DE\",\"@id\":\"https:\/\/www.miomiorun.com\/de\/produkt\/ultratrail-fx-one-superlite\/#primaryimage\",\"url\":\"https:\/\/www.miomiorun.com\/app\/uploads\/2025\/04\/leki-Ultratrail-FX.One-Superlite-65225841.webp\",\"contentUrl\":\"https:\/\/www.miomiorun.com\/app\/uploads\/2025\/04\/leki-Ultratrail-FX.One-Superlite-65225841.webp\",\"width\":600,\"height\":600,\"caption\":\"leki Ultratrail FX.One Superlite 65225841\"},{\"@type\":\"BreadcrumbList\",\"@id\":\"https:\/\/www.miomiorun.com\/de\/produkt\/ultratrail-fx-one-superlite\/#breadcrumb\",\"itemListElement\":[{\"@type\":\"ListItem\",\"position\":1,\"name\":\"Home\",\"item\":\"https:\/\/www.miomiorun.com\/de\/\"},{\"@type\":\"ListItem\",\"position\":2,\"name\":\"Shop\",\"item\":\"https:\/\/www.miomiorun.com\/shop\/\"},{\"@type\":\"ListItem\",\"position\":3,\"name\":\"Ultratrail FX. One superlite\"}]},{\"@type\":\"WebSite\",\"@id\":\"https:\/\/www.miomiorun.com\/de\/#website\",\"url\":\"https:\/\/www.miomiorun.com\/de\/\",\"name\":\"MioMioRun\",\"description\":\"100% Lauf- und Trailshop\",\"publisher\":{\"@id\":\"https:\/\/www.miomiorun.com\/de\/#organization\"},\"potentialAction\":[{\"@type\":\"SearchAction\",\"target\":{\"@type\":\"EntryPoint\",\"urlTemplate\":\"https:\/\/www.miomiorun.com\/de\/?s={search_term_string}\"},\"query-input\":{\"@type\":\"PropertyValueSpecification\",\"valueRequired\":true,\"valueName\":\"search_term_string\"}}],\"inLanguage\":\"de-DE\"},{\"@type\":\"Organization\",\"@id\":\"https:\/\/www.miomiorun.com\/de\/#organization\",\"name\":\"MioMio Run\",\"url\":\"https:\/\/www.miomiorun.com\/de\/\",\"logo\":{\"@type\":\"ImageObject\",\"inLanguage\":\"de-DE\",\"@id\":\"https:\/\/www.miomiorun.com\/de\/#\/schema\/logo\/image\/\",\"url\":\"https:\/\/www.miomiorun.com\/app\/uploads\/2019\/12\/logomio.png\",\"contentUrl\":\"https:\/\/www.miomiorun.com\/app\/uploads\/2019\/12\/logomio.png\",\"width\":115,\"height\":82,\"caption\":\"MioMio Run\"},\"image\":{\"@id\":\"https:\/\/www.miomiorun.com\/de\/#\/schema\/logo\/image\/\"},\"sameAs\":[\"https:\/\/www.facebook.com\/miomiorun\/\",\"https:\/\/www.instagram.com\/miomiorun\/\"]}]}<\/script>\n<!-- \/ Yoast SEO plugin. -->","yoast_head_json":{"title":"Leki Ultratrail FX. One superlite - Running Stick - MioMioRun.com","description":"Der Ultratrail FX.One superlite ist ein unverzichtbarer Begleiter f\u00fcr Ihren n\u00e4chsten Trailrun! Er ist mit dem neuen Trail Shark ausgestattet.","robots":{"index":"index","follow":"follow","max-snippet":"max-snippet:-1","max-image-preview":"max-image-preview:large","max-video-preview":"max-video-preview:-1"},"canonical":"https:\/\/www.miomiorun.com\/de\/produkt\/ultratrail-fx-one-superlite\/","og_locale":"de_DE","og_type":"article","og_title":"Leki Ultratrail FX. One superlite - Running Stick - MioMioRun.com","og_description":"Der Ultratrail FX.One superlite ist ein unverzichtbarer Begleiter f\u00fcr Ihren n\u00e4chsten Trailrun! Er ist mit dem neuen Trail Shark ausgestattet.","og_url":"https:\/\/www.miomiorun.com\/de\/produkt\/ultratrail-fx-one-superlite\/","og_site_name":"MioMioRun","article_publisher":"https:\/\/www.facebook.com\/miomiorun\/","article_modified_time":"2026-05-08T19:37:08+00:00","og_image":[{"width":600,"height":600,"url":"https:\/\/www.miomiorun.com\/app\/uploads\/2025\/04\/leki-Ultratrail-FX.One-Superlite-65225841.webp","type":"image\/webp"}],"twitter_card":"summary_large_image","twitter_misc":{"Est. reading time":"2 minutes"},"schema":{"@context":"https:\/\/schema.org","@graph":[{"@type":"WebPage","@id":"https:\/\/www.miomiorun.com\/de\/produkt\/ultratrail-fx-one-superlite\/","url":"https:\/\/www.miomiorun.com\/de\/produkt\/ultratrail-fx-one-superlite\/","name":"Leki Ultratrail FX. One superlite - Running Stick - MioMioRun.com","isPartOf":{"@id":"https:\/\/www.miomiorun.com\/de\/#website"},"primaryImageOfPage":{"@id":"https:\/\/www.miomiorun.com\/de\/produkt\/ultratrail-fx-one-superlite\/#primaryimage"},"image":{"@id":"https:\/\/www.miomiorun.com\/de\/produkt\/ultratrail-fx-one-superlite\/#primaryimage"},"thumbnailUrl":"https:\/\/www.miomiorun.com\/app\/uploads\/2025\/04\/leki-Ultratrail-FX.One-Superlite-65225841.webp","datePublished":"2022-12-17T09:36:00+00:00","dateModified":"2026-05-08T19:37:08+00:00","description":"Der Ultratrail FX.One superlite ist ein unverzichtbarer Begleiter f\u00fcr Ihren n\u00e4chsten Trailrun! Er ist mit dem neuen Trail Shark ausgestattet.","breadcrumb":{"@id":"https:\/\/www.miomiorun.com\/de\/produkt\/ultratrail-fx-one-superlite\/#breadcrumb"},"inLanguage":"de-DE","potentialAction":[{"@type":"ReadAction","target":["https:\/\/www.miomiorun.com\/de\/produkt\/ultratrail-fx-one-superlite\/"]}]},{"@type":"ImageObject","inLanguage":"de-DE","@id":"https:\/\/www.miomiorun.com\/de\/produkt\/ultratrail-fx-one-superlite\/#primaryimage","url":"https:\/\/www.miomiorun.com\/app\/uploads\/2025\/04\/leki-Ultratrail-FX.One-Superlite-65225841.webp","contentUrl":"https:\/\/www.miomiorun.com\/app\/uploads\/2025\/04\/leki-Ultratrail-FX.One-Superlite-65225841.webp","width":600,"height":600,"caption":"leki Ultratrail FX.One Superlite 65225841"},{"@type":"BreadcrumbList","@id":"https:\/\/www.miomiorun.com\/de\/produkt\/ultratrail-fx-one-superlite\/#breadcrumb","itemListElement":[{"@type":"ListItem","position":1,"name":"Home","item":"https:\/\/www.miomiorun.com\/de\/"},{"@type":"ListItem","position":2,"name":"Shop","item":"https:\/\/www.miomiorun.com\/shop\/"},{"@type":"ListItem","position":3,"name":"Ultratrail FX. One superlite"}]},{"@type":"WebSite","@id":"https:\/\/www.miomiorun.com\/de\/#website","url":"https:\/\/www.miomiorun.com\/de\/","name":"MioMioRun","description":"100% Lauf- und Trailshop","publisher":{"@id":"https:\/\/www.miomiorun.com\/de\/#organization"},"potentialAction":[{"@type":"SearchAction","target":{"@type":"EntryPoint","urlTemplate":"https:\/\/www.miomiorun.com\/de\/?s={search_term_string}"},"query-input":{"@type":"PropertyValueSpecification","valueRequired":true,"valueName":"search_term_string"}}],"inLanguage":"de-DE"},{"@type":"Organization","@id":"https:\/\/www.miomiorun.com\/de\/#organization","name":"MioMio Run","url":"https:\/\/www.miomiorun.com\/de\/","logo":{"@type":"ImageObject","inLanguage":"de-DE","@id":"https:\/\/www.miomiorun.com\/de\/#\/schema\/logo\/image\/","url":"https:\/\/www.miomiorun.com\/app\/uploads\/2019\/12\/logomio.png","contentUrl":"https:\/\/www.miomiorun.com\/app\/uploads\/2019\/12\/logomio.png","width":115,"height":82,"caption":"MioMio Run"},"image":{"@id":"https:\/\/www.miomiorun.com\/de\/#\/schema\/logo\/image\/"},"sameAs":["https:\/\/www.facebook.com\/miomiorun\/","https:\/\/www.instagram.com\/miomiorun\/"]}]}},"_links":{"self":[{"href":"https:\/\/www.miomiorun.com\/de\/wp-json\/wp\/v2\/product\/101303","targetHints":{"allow":["GET"]}}],"collection":[{"href":"https:\/\/www.miomiorun.com\/de\/wp-json\/wp\/v2\/product"}],"about":[{"href":"https:\/\/www.miomiorun.com\/de\/wp-json\/wp\/v2\/types\/product"}],"wp:featuredmedia":[{"embeddable":true,"href":"https:\/\/www.miomiorun.com\/de\/wp-json\/wp\/v2\/media\/272746"}],"wp:attachment":[{"href":"https:\/\/www.miomiorun.com\/de\/wp-json\/wp\/v2\/media?parent=101303"}],"wp:term":[{"taxonomy":"product_brand","embeddable":true,"href":"https:\/\/www.miomiorun.com\/de\/wp-json\/wp\/v2\/product_brand?post=101303"},{"taxonomy":"product_cat","embeddable":true,"href":"https:\/\/www.miomiorun.com\/de\/wp-json\/wp\/v2\/product_cat?post=101303"},{"taxonomy":"product_tag","embeddable":true,"href":"https:\/\/www.miomiorun.com\/de\/wp-json\/wp\/v2\/product_tag?post=101303"}],"curies":[{"name":"wp","href":"https:\/\/api.w.org\/{rel}","templated":true}]}}