{"id":72994,"date":"2020-06-10T15:53:17","date_gmt":"2020-06-10T13:53:17","guid":{"rendered":"https:\/\/miomiorun.com\/il-negozio-di-pordenone\/"},"modified":"2022-06-04T18:28:36","modified_gmt":"2022-06-04T16:28:36","slug":"der-shop-der-pordenone","status":"publish","type":"page","link":"https:\/\/www.miomiorun.com\/de\/der-shop-der-pordenone\/","title":{"rendered":"Der laden in Pordenone"},"content":{"rendered":"<p><div class=\"vc-row container\"><div class=\"vc-column\"><iframe src=\"https:\/\/www.google.com\/maps\/embed?pb=!4v1651657257111!6m8!1m7!1sCAoSLEFGMVFpcE1JcGY4cUgwRnJQTkVpZzZjUTFmMkFQQTBwck1reDhYQXVWQy1q!2m2!1d45.947325382217!2d12.656578687524!3f257.63757076118617!4f-12.472585340109319!5f0.7820865974627469\" width=\"600\" height=\"450\" style=\"border:0;\" allowfullscreen=\"\" loading=\"lazy\" referrerpolicy=\"no-referrer-when-downgrade\"><\/iframe><img loading=\"lazy\" decoding=\"async\" width=\"1920\" height=\"1440\" src=\"https:\/\/www.miomiorun.com\/app\/uploads\/2020\/06\/IMG_2869.jpg\" class=\"vc-single-image  wvs-archive-product-image\" alt=\"IMG_2869\" srcset=\"https:\/\/www.miomiorun.com\/app\/uploads\/2020\/06\/IMG_2869.jpg 1920w, https:\/\/www.miomiorun.com\/app\/uploads\/2020\/06\/IMG_2869-600x450.jpg 600w, https:\/\/www.miomiorun.com\/app\/uploads\/2020\/06\/IMG_2869-300x225.jpg 300w, https:\/\/www.miomiorun.com\/app\/uploads\/2020\/06\/IMG_2869-1024x768.jpg 1024w, https:\/\/www.miomiorun.com\/app\/uploads\/2020\/06\/IMG_2869-768x576.jpg 768w, https:\/\/www.miomiorun.com\/app\/uploads\/2020\/06\/IMG_2869-1536x1152.jpg 1536w, https:\/\/www.miomiorun.com\/app\/uploads\/2020\/06\/IMG_2869-463x348.jpg 463w, https:\/\/www.miomiorun.com\/app\/uploads\/2020\/06\/IMG_2869-640x480.jpg 640w, https:\/\/www.miomiorun.com\/app\/uploads\/2020\/06\/IMG_2869-400x300.jpg 400w\" sizes=\"auto, (max-width: 1920px) 100vw, 1920px\" \/><img loading=\"lazy\" decoding=\"async\" width=\"1440\" height=\"1920\" src=\"https:\/\/www.miomiorun.com\/app\/uploads\/2020\/06\/IMG_2871.jpg\" class=\"vc-single-image  wvs-archive-product-image\" alt=\"IMG_2871\" srcset=\"https:\/\/www.miomiorun.com\/app\/uploads\/2020\/06\/IMG_2871.jpg 1440w, https:\/\/www.miomiorun.com\/app\/uploads\/2020\/06\/IMG_2871-600x800.jpg 600w, https:\/\/www.miomiorun.com\/app\/uploads\/2020\/06\/IMG_2871-225x300.jpg 225w, https:\/\/www.miomiorun.com\/app\/uploads\/2020\/06\/IMG_2871-768x1024.jpg 768w, https:\/\/www.miomiorun.com\/app\/uploads\/2020\/06\/IMG_2871-1152x1536.jpg 1152w, https:\/\/www.miomiorun.com\/app\/uploads\/2020\/06\/IMG_2871-640x853.jpg 640w, https:\/\/www.miomiorun.com\/app\/uploads\/2020\/06\/IMG_2871-400x533.jpg 400w\" sizes=\"auto, (max-width: 1440px) 100vw, 1440px\" \/><\/div><div class=\"vc-column\"><div class=\"vc-column-text\"><\/p>\n<h2>Die Er\u00f6ffnung<\/h2>\n<p>F\u00fcnf Jahre nach unserer ersten Er\u00f6ffnung und ein Jahr nach der Einweihung unserer neuen, erweiterten R\u00e4umlichkeiten in Conegliano, haben wir am 18. Mai 2020 auch unsere neuen R\u00e4umlichkeiten in Pordenone eingeweiht.<\/p>\n<p>Das Gesch\u00e4ft tritt in die Fu\u00dfstapfen seines Vorg\u00e4ngers in Venetien und beh\u00e4lt die gleichen Marken und Produkte bei. Au\u00dferdem steht hier ein Laufband zur Verf\u00fcgung, auf dem die Kunden die Schuhe vor dem Kauf &#8220;auf der Stra\u00dfe&#8221; anprobieren k\u00f6nnen.<\/p>\n<h2>Garmin Shop<\/h2>\n<p>In Pordenone finden Sie auch einen gut sortierten Garmin Shop, in dem Sie alle Garmin Produkte f\u00fcr den Sport finden, vom Laufen bis zum Schwimmen, vom Radfahren bis zur Outdoor-Welt.<\/p>\n<h2>Tacx Test Center<\/h2>\n<p>Zus\u00e4tzlich zur Garmin-Welt befindet sich im Laden ein Tacx NEO Bike Smart Trainer, so dass Sie die Qualit\u00e4t und Effizienz der Tacx-Welt, der Smart Bikes und der interaktiven Rollen aus erster Hand erleben k\u00f6nnen.<\/p>\n<h2>Der Schwerpunkt des Shops<\/h2>\n<p>Wie im Gesch\u00e4ft in Conegliano verfolgen wir auch in Pordenone unser Ziel, unseren Kunden einen Bezugspunkt zu bieten, damit sie ihren Sport in vollen Z\u00fcgen genie\u00dfen k\u00f6nnen. Wir sind st\u00e4ndig auf der Suche nach originellen und qualitativ hochwertigen Marken, die sich von der Masse abheben und die auch ein Auge f\u00fcr \u00c4sthetik haben.<\/p>\n<p>Unsere Mitarbeiter testen pers\u00f6nlich die verschiedenen Schuh- und Bekleidungsmodelle und versuchen, unseren Kunden den bestm\u00f6glichen Service zu bieten, indem sie nach Qualit\u00e4tsprodukten und technischer Vorbereitung suchen, um jedem den Artikel vorzuschlagen, der seinen Bed\u00fcrfnissen am besten entspricht.<\/div><\/div><\/div><div class=\"vc-row container\"><div class=\"vc-column\"><div class=\"vc-gallery\"><img loading=\"lazy\" decoding=\"async\" width=\"1920\" height=\"1440\" src=\"https:\/\/www.miomiorun.com\/app\/uploads\/2020\/06\/IMG_2872.jpg\" class=\"attachment-1180x500 size-1180x500 wvs-archive-product-image\" alt=\"IMG_2872\" srcset=\"https:\/\/www.miomiorun.com\/app\/uploads\/2020\/06\/IMG_2872.jpg 1920w, https:\/\/www.miomiorun.com\/app\/uploads\/2020\/06\/IMG_2872-600x450.jpg 600w, https:\/\/www.miomiorun.com\/app\/uploads\/2020\/06\/IMG_2872-300x225.jpg 300w, https:\/\/www.miomiorun.com\/app\/uploads\/2020\/06\/IMG_2872-1024x768.jpg 1024w, https:\/\/www.miomiorun.com\/app\/uploads\/2020\/06\/IMG_2872-768x576.jpg 768w, https:\/\/www.miomiorun.com\/app\/uploads\/2020\/06\/IMG_2872-1536x1152.jpg 1536w, https:\/\/www.miomiorun.com\/app\/uploads\/2020\/06\/IMG_2872-463x348.jpg 463w, https:\/\/www.miomiorun.com\/app\/uploads\/2020\/06\/IMG_2872-640x480.jpg 640w, https:\/\/www.miomiorun.com\/app\/uploads\/2020\/06\/IMG_2872-400x300.jpg 400w\" sizes=\"auto, (max-width: 1920px) 100vw, 1920px\" \/><img loading=\"lazy\" decoding=\"async\" width=\"1920\" height=\"1440\" src=\"https:\/\/www.miomiorun.com\/app\/uploads\/2020\/06\/IMG_2867.jpg\" class=\"attachment-1180x500 size-1180x500 wvs-archive-product-image\" alt=\"IMG_2867\" srcset=\"https:\/\/www.miomiorun.com\/app\/uploads\/2020\/06\/IMG_2867.jpg 1920w, https:\/\/www.miomiorun.com\/app\/uploads\/2020\/06\/IMG_2867-600x450.jpg 600w, https:\/\/www.miomiorun.com\/app\/uploads\/2020\/06\/IMG_2867-300x225.jpg 300w, https:\/\/www.miomiorun.com\/app\/uploads\/2020\/06\/IMG_2867-1024x768.jpg 1024w, https:\/\/www.miomiorun.com\/app\/uploads\/2020\/06\/IMG_2867-768x576.jpg 768w, https:\/\/www.miomiorun.com\/app\/uploads\/2020\/06\/IMG_2867-1536x1152.jpg 1536w, https:\/\/www.miomiorun.com\/app\/uploads\/2020\/06\/IMG_2867-463x348.jpg 463w, https:\/\/www.miomiorun.com\/app\/uploads\/2020\/06\/IMG_2867-640x480.jpg 640w, https:\/\/www.miomiorun.com\/app\/uploads\/2020\/06\/IMG_2867-400x300.jpg 400w\" sizes=\"auto, (max-width: 1920px) 100vw, 1920px\" \/><img loading=\"lazy\" decoding=\"async\" width=\"1920\" height=\"1440\" src=\"https:\/\/www.miomiorun.com\/app\/uploads\/2020\/06\/IMG_2870.jpg\" class=\"attachment-1180x500 size-1180x500 wvs-archive-product-image\" alt=\"IMG_2870\" srcset=\"https:\/\/www.miomiorun.com\/app\/uploads\/2020\/06\/IMG_2870.jpg 1920w, https:\/\/www.miomiorun.com\/app\/uploads\/2020\/06\/IMG_2870-600x450.jpg 600w, https:\/\/www.miomiorun.com\/app\/uploads\/2020\/06\/IMG_2870-300x225.jpg 300w, https:\/\/www.miomiorun.com\/app\/uploads\/2020\/06\/IMG_2870-1024x768.jpg 1024w, https:\/\/www.miomiorun.com\/app\/uploads\/2020\/06\/IMG_2870-768x576.jpg 768w, https:\/\/www.miomiorun.com\/app\/uploads\/2020\/06\/IMG_2870-1536x1152.jpg 1536w, https:\/\/www.miomiorun.com\/app\/uploads\/2020\/06\/IMG_2870-463x348.jpg 463w, https:\/\/www.miomiorun.com\/app\/uploads\/2020\/06\/IMG_2870-640x480.jpg 640w, https:\/\/www.miomiorun.com\/app\/uploads\/2020\/06\/IMG_2870-400x300.jpg 400w\" sizes=\"auto, (max-width: 1920px) 100vw, 1920px\" \/><\/div><\/div><\/div><div class=\"vc-row container\"><div class=\"vc-column\"><div class=\"row\"><div class=\"col-md-12\"><\/div><\/div><\/div><div class=\"vc-column\"><div class=\"row\"><div class=\"col-md-12\"><\/div><\/div><\/div><\/div><\/p>\n","protected":false},"excerpt":{"rendered":"","protected":false},"author":3102,"featured_media":0,"parent":0,"menu_order":0,"comment_status":"closed","ping_status":"closed","template":"","meta":{"_acf_changed":false,"inline_featured_image":[],"footnotes":""},"class_list":["post-72994","page","type-page","status-publish","hentry"],"acf":[],"yoast_head":"<!-- This site is optimized with the Yoast SEO plugin v26.8 - https:\/\/yoast.com\/product\/yoast-seo-wordpress\/ -->\n<title>Entdecken Sie Der laden in Pordenone - MioMioRun<\/title>\n<meta name=\"description\" content=\"In unserem Gesch\u00e4ft in Pordenone finden Sie alle Laufprodukte von den besten Marken und Fachpersonal.\" \/>\n<meta name=\"robots\" content=\"index, follow, max-snippet:-1, max-image-preview:large, max-video-preview:-1\" \/>\n<link rel=\"canonical\" href=\"https:\/\/www.miomiorun.com\/de\/der-shop-der-pordenone\/\" \/>\n<meta property=\"og:locale\" content=\"de_DE\" \/>\n<meta property=\"og:type\" content=\"article\" \/>\n<meta property=\"og:title\" content=\"Entdecken Sie Der laden in Pordenone - MioMioRun\" \/>\n<meta property=\"og:description\" content=\"In unserem Gesch\u00e4ft in Pordenone finden Sie alle Laufprodukte von den besten Marken und Fachpersonal.\" \/>\n<meta property=\"og:url\" content=\"https:\/\/www.miomiorun.com\/de\/der-shop-der-pordenone\/\" \/>\n<meta property=\"og:site_name\" content=\"MioMioRun\" \/>\n<meta property=\"article:publisher\" content=\"https:\/\/www.facebook.com\/miomiorun\/\" \/>\n<meta property=\"article:modified_time\" content=\"2022-06-04T16:28:36+00:00\" \/>\n<meta name=\"twitter:card\" content=\"summary_large_image\" \/>\n<meta name=\"twitter:label1\" content=\"Est. reading time\" \/>\n\t<meta name=\"twitter:data1\" content=\"3 minutes\" \/>\n<script type=\"application\/ld+json\" class=\"yoast-schema-graph\">{\"@context\":\"https:\/\/schema.org\",\"@graph\":[{\"@type\":\"WebPage\",\"@id\":\"https:\/\/www.miomiorun.com\/de\/der-shop-der-pordenone\/\",\"url\":\"https:\/\/www.miomiorun.com\/de\/der-shop-der-pordenone\/\",\"name\":\"Entdecken Sie Der laden in Pordenone - MioMioRun\",\"isPartOf\":{\"@id\":\"https:\/\/www.miomiorun.com\/de\/#website\"},\"datePublished\":\"2020-06-10T13:53:17+00:00\",\"dateModified\":\"2022-06-04T16:28:36+00:00\",\"description\":\"In unserem Gesch\u00e4ft in Pordenone finden Sie alle Laufprodukte von den besten Marken und Fachpersonal.\",\"breadcrumb\":{\"@id\":\"https:\/\/www.miomiorun.com\/de\/der-shop-der-pordenone\/#breadcrumb\"},\"inLanguage\":\"de-DE\",\"potentialAction\":[{\"@type\":\"ReadAction\",\"target\":[\"https:\/\/www.miomiorun.com\/de\/der-shop-der-pordenone\/\"]}]},{\"@type\":\"BreadcrumbList\",\"@id\":\"https:\/\/www.miomiorun.com\/de\/der-shop-der-pordenone\/#breadcrumb\",\"itemListElement\":[{\"@type\":\"ListItem\",\"position\":1,\"name\":\"Home\",\"item\":\"https:\/\/www.miomiorun.com\/de\/\"},{\"@type\":\"ListItem\",\"position\":2,\"name\":\"Der laden in Pordenone\"}]},{\"@type\":\"WebSite\",\"@id\":\"https:\/\/www.miomiorun.com\/de\/#website\",\"url\":\"https:\/\/www.miomiorun.com\/de\/\",\"name\":\"MioMioRun\",\"description\":\"100% Lauf- und Trailshop\",\"publisher\":{\"@id\":\"https:\/\/www.miomiorun.com\/de\/#organization\"},\"potentialAction\":[{\"@type\":\"SearchAction\",\"target\":{\"@type\":\"EntryPoint\",\"urlTemplate\":\"https:\/\/www.miomiorun.com\/de\/?s={search_term_string}\"},\"query-input\":{\"@type\":\"PropertyValueSpecification\",\"valueRequired\":true,\"valueName\":\"search_term_string\"}}],\"inLanguage\":\"de-DE\"},{\"@type\":\"Organization\",\"@id\":\"https:\/\/www.miomiorun.com\/de\/#organization\",\"name\":\"MioMio Run\",\"url\":\"https:\/\/www.miomiorun.com\/de\/\",\"logo\":{\"@type\":\"ImageObject\",\"inLanguage\":\"de-DE\",\"@id\":\"https:\/\/www.miomiorun.com\/de\/#\/schema\/logo\/image\/\",\"url\":\"https:\/\/www.miomiorun.com\/app\/uploads\/2019\/12\/logomio.png\",\"contentUrl\":\"https:\/\/www.miomiorun.com\/app\/uploads\/2019\/12\/logomio.png\",\"width\":115,\"height\":82,\"caption\":\"MioMio Run\"},\"image\":{\"@id\":\"https:\/\/www.miomiorun.com\/de\/#\/schema\/logo\/image\/\"},\"sameAs\":[\"https:\/\/www.facebook.com\/miomiorun\/\",\"https:\/\/www.instagram.com\/miomiorun\/\"]}]}<\/script>\n<!-- \/ Yoast SEO plugin. -->","yoast_head_json":{"title":"Entdecken Sie Der laden in Pordenone - MioMioRun","description":"In unserem Gesch\u00e4ft in Pordenone finden Sie alle Laufprodukte von den besten Marken und Fachpersonal.","robots":{"index":"index","follow":"follow","max-snippet":"max-snippet:-1","max-image-preview":"max-image-preview:large","max-video-preview":"max-video-preview:-1"},"canonical":"https:\/\/www.miomiorun.com\/de\/der-shop-der-pordenone\/","og_locale":"de_DE","og_type":"article","og_title":"Entdecken Sie Der laden in Pordenone - MioMioRun","og_description":"In unserem Gesch\u00e4ft in Pordenone finden Sie alle Laufprodukte von den besten Marken und Fachpersonal.","og_url":"https:\/\/www.miomiorun.com\/de\/der-shop-der-pordenone\/","og_site_name":"MioMioRun","article_publisher":"https:\/\/www.facebook.com\/miomiorun\/","article_modified_time":"2022-06-04T16:28:36+00:00","twitter_card":"summary_large_image","twitter_misc":{"Est. reading time":"3 minutes"},"schema":{"@context":"https:\/\/schema.org","@graph":[{"@type":"WebPage","@id":"https:\/\/www.miomiorun.com\/de\/der-shop-der-pordenone\/","url":"https:\/\/www.miomiorun.com\/de\/der-shop-der-pordenone\/","name":"Entdecken Sie Der laden in Pordenone - MioMioRun","isPartOf":{"@id":"https:\/\/www.miomiorun.com\/de\/#website"},"datePublished":"2020-06-10T13:53:17+00:00","dateModified":"2022-06-04T16:28:36+00:00","description":"In unserem Gesch\u00e4ft in Pordenone finden Sie alle Laufprodukte von den besten Marken und Fachpersonal.","breadcrumb":{"@id":"https:\/\/www.miomiorun.com\/de\/der-shop-der-pordenone\/#breadcrumb"},"inLanguage":"de-DE","potentialAction":[{"@type":"ReadAction","target":["https:\/\/www.miomiorun.com\/de\/der-shop-der-pordenone\/"]}]},{"@type":"BreadcrumbList","@id":"https:\/\/www.miomiorun.com\/de\/der-shop-der-pordenone\/#breadcrumb","itemListElement":[{"@type":"ListItem","position":1,"name":"Home","item":"https:\/\/www.miomiorun.com\/de\/"},{"@type":"ListItem","position":2,"name":"Der laden in Pordenone"}]},{"@type":"WebSite","@id":"https:\/\/www.miomiorun.com\/de\/#website","url":"https:\/\/www.miomiorun.com\/de\/","name":"MioMioRun","description":"100% Lauf- und Trailshop","publisher":{"@id":"https:\/\/www.miomiorun.com\/de\/#organization"},"potentialAction":[{"@type":"SearchAction","target":{"@type":"EntryPoint","urlTemplate":"https:\/\/www.miomiorun.com\/de\/?s={search_term_string}"},"query-input":{"@type":"PropertyValueSpecification","valueRequired":true,"valueName":"search_term_string"}}],"inLanguage":"de-DE"},{"@type":"Organization","@id":"https:\/\/www.miomiorun.com\/de\/#organization","name":"MioMio Run","url":"https:\/\/www.miomiorun.com\/de\/","logo":{"@type":"ImageObject","inLanguage":"de-DE","@id":"https:\/\/www.miomiorun.com\/de\/#\/schema\/logo\/image\/","url":"https:\/\/www.miomiorun.com\/app\/uploads\/2019\/12\/logomio.png","contentUrl":"https:\/\/www.miomiorun.com\/app\/uploads\/2019\/12\/logomio.png","width":115,"height":82,"caption":"MioMio Run"},"image":{"@id":"https:\/\/www.miomiorun.com\/de\/#\/schema\/logo\/image\/"},"sameAs":["https:\/\/www.facebook.com\/miomiorun\/","https:\/\/www.instagram.com\/miomiorun\/"]}]}},"_links":{"self":[{"href":"https:\/\/www.miomiorun.com\/de\/wp-json\/wp\/v2\/pages\/72994","targetHints":{"allow":["GET"]}}],"collection":[{"href":"https:\/\/www.miomiorun.com\/de\/wp-json\/wp\/v2\/pages"}],"about":[{"href":"https:\/\/www.miomiorun.com\/de\/wp-json\/wp\/v2\/types\/page"}],"author":[{"embeddable":true,"href":"https:\/\/www.miomiorun.com\/de\/wp-json\/wp\/v2\/users\/3102"}],"replies":[{"embeddable":true,"href":"https:\/\/www.miomiorun.com\/de\/wp-json\/wp\/v2\/comments?post=72994"}],"version-history":[{"count":0,"href":"https:\/\/www.miomiorun.com\/de\/wp-json\/wp\/v2\/pages\/72994\/revisions"}],"wp:attachment":[{"href":"https:\/\/www.miomiorun.com\/de\/wp-json\/wp\/v2\/media?parent=72994"}],"curies":[{"name":"wp","href":"https:\/\/api.w.org\/{rel}","templated":true}]}}