{"id":72981,"date":"2016-06-13T15:48:45","date_gmt":"2016-06-13T13:48:45","guid":{"rendered":"https:\/\/miomiorun.com\/il-negozio-di-conegliano\/"},"modified":"2023-06-28T18:52:36","modified_gmt":"2023-06-28T16:52:36","slug":"der-shop-von-san-vendemiano","status":"publish","type":"page","link":"https:\/\/www.miomiorun.com\/de\/der-shop-von-san-vendemiano\/","title":{"rendered":"Das Gesch\u00e4ft in San Vendemiano"},"content":{"rendered":"<p><div class=\"vc-row container\"><div class=\"vc-column\"><iframe src=\"https:\/\/www.google.com\/maps\/embed?pb=!4v1687948533692!6m8!1m7!1sCAoSLEFGMVFpcE02bHRpMFViWThrSmxCNWpESHF1TnB5N0szVzdTWlVRb0lzYy1Q!2m2!1d45.891088488849!2d12.325689600416!3f315.19782418912814!4f-15.933438664817231!5f0.7820865974627469\" width=\"600\" height=\"450\" style=\"border:0;\" allowfullscreen=\"\" loading=\"lazy\" referrerpolicy=\"no-referrer-when-downgrade\"><\/iframe><img loading=\"lazy\" decoding=\"async\" width=\"1494\" height=\"1080\" src=\"https:\/\/www.miomiorun.com\/app\/uploads\/2023\/06\/parete-scarpe.jpg\" class=\"vc-single-image  wvs-archive-product-image\" alt=\"parete-scarpe\" srcset=\"https:\/\/www.miomiorun.com\/app\/uploads\/2023\/06\/parete-scarpe.jpg 1494w, https:\/\/www.miomiorun.com\/app\/uploads\/2023\/06\/parete-scarpe-600x434.jpg 600w, https:\/\/www.miomiorun.com\/app\/uploads\/2023\/06\/parete-scarpe-300x217.jpg 300w, https:\/\/www.miomiorun.com\/app\/uploads\/2023\/06\/parete-scarpe-1024x740.jpg 1024w, https:\/\/www.miomiorun.com\/app\/uploads\/2023\/06\/parete-scarpe-768x555.jpg 768w, https:\/\/www.miomiorun.com\/app\/uploads\/2023\/06\/parete-scarpe-640x463.jpg 640w, https:\/\/www.miomiorun.com\/app\/uploads\/2023\/06\/parete-scarpe-400x289.jpg 400w\" sizes=\"auto, (max-width: 1494px) 100vw, 1494px\" \/><img loading=\"lazy\" decoding=\"async\" width=\"1920\" height=\"1080\" src=\"https:\/\/www.miomiorun.com\/app\/uploads\/2023\/06\/interno.2.jpg\" class=\"vc-single-image  wvs-archive-product-image\" alt=\"interno.2\" srcset=\"https:\/\/www.miomiorun.com\/app\/uploads\/2023\/06\/interno.2.jpg 1920w, https:\/\/www.miomiorun.com\/app\/uploads\/2023\/06\/interno.2-600x338.jpg 600w, https:\/\/www.miomiorun.com\/app\/uploads\/2023\/06\/interno.2-300x169.jpg 300w, https:\/\/www.miomiorun.com\/app\/uploads\/2023\/06\/interno.2-1024x576.jpg 1024w, https:\/\/www.miomiorun.com\/app\/uploads\/2023\/06\/interno.2-768x432.jpg 768w, https:\/\/www.miomiorun.com\/app\/uploads\/2023\/06\/interno.2-1536x864.jpg 1536w, https:\/\/www.miomiorun.com\/app\/uploads\/2023\/06\/interno.2-640x360.jpg 640w, https:\/\/www.miomiorun.com\/app\/uploads\/2023\/06\/interno.2-400x225.jpg 400w\" sizes=\"auto, (max-width: 1920px) 100vw, 1920px\" \/><\/div><div class=\"vc-column\"><div class=\"vc-column-text\"><\/p>\n<h2>WER WIR SIND<\/h2>\n<p>Gegr\u00fcndet im Jahr 2015, getrieben von unserer Leidenschaft f\u00fcr den Laufsport, haben wir von Anfang an versucht, uns als Referenzgesch\u00e4ft f\u00fcr alle L\u00e4ufer in der Region und dar\u00fcber hinaus zu pr\u00e4sentieren.<\/p>\n<p>Nach fast 4 Jahren war das &#8220;erste&#8221; Gesch\u00e4ft f\u00fcr die gewonnene Kundschaft ein wenig zu eng geworden.<br \/>\nEnde 2018 haben wir beschlossen, in ein gr\u00f6\u00dferes und einladenderes Umfeld umzuziehen, um unseren Kunden einen besseren und umfassenderen Service zu bieten.<br \/>\nAnfang 2019 haben wir unsere neuen R\u00e4umlichkeiten mit einer Fl\u00e4che von 140 Quadratmetern er\u00f6ffnet.<br \/>\nIm Inneren befindet sich der erste Garmin Shop in Italien, in dem Sie die gesamte Produktpalette f\u00fcr den Sport finden k\u00f6nnen.<\/p>\n<p>Im M\u00e4rz 2023 ein neuer Umzug. Auf der Suche nach einem neuen, gr\u00f6\u00dferen und einladenderen Raum f\u00fcr unsere Kunden sind wir in neue R\u00e4umlichkeiten in San Vendemiano mit fast 300 Quadratmetern Verkaufsfl\u00e4che umgezogen.<\/p>\n<p>Die Gr\u00f6\u00dfe des neuen Shops hat es uns erm\u00f6glicht, die Schuhkategorien besser nach den Bed\u00fcrfnissen der Kunden zu unterteilen: Sie finden den technischen Laufschuh, den Trail-Schuh und den Jogging-\/Walking-Schuh in den verschiedenen Abteilungen, die speziell f\u00fcr eine \u00fcbersichtliche und schnelle Darstellung geschaffen wurden.<br \/>\nUnser Ziel ist es, Enthusiasten und Athleten einen Bezugspunkt zu bieten, damit sie ihren Sport bestm\u00f6glich aus\u00fcben k\u00f6nnen. Wir sind st\u00e4ndig auf der Suche nach originellen, qualitativ hochwertigen Marken, die sich von der Masse abheben und die auch ein Auge f\u00fcr \u00c4sthetik haben.<\/p>\n<p>Wir testen pers\u00f6nlich die verschiedenen Schuh- und Bekleidungsmodelle und versuchen, unseren Kunden den bestm\u00f6glichen Service zu bieten, indem wir nach Qualit\u00e4tsprodukten und technischer Vorbereitung suchen, um jedem den Artikel vorzuschlagen, der seinen Bed\u00fcrfnissen am besten entspricht.<\/div><\/div><\/div><div class=\"vc-row container\"><div class=\"vc-column\"><div class=\"vc-gallery\"><img loading=\"lazy\" decoding=\"async\" width=\"1494\" height=\"1080\" src=\"https:\/\/www.miomiorun.com\/app\/uploads\/2023\/06\/parete-scarpe.jpg\" class=\"attachment-1180x500 size-1180x500 wvs-archive-product-image\" alt=\"parete-scarpe\" srcset=\"https:\/\/www.miomiorun.com\/app\/uploads\/2023\/06\/parete-scarpe.jpg 1494w, https:\/\/www.miomiorun.com\/app\/uploads\/2023\/06\/parete-scarpe-600x434.jpg 600w, https:\/\/www.miomiorun.com\/app\/uploads\/2023\/06\/parete-scarpe-300x217.jpg 300w, https:\/\/www.miomiorun.com\/app\/uploads\/2023\/06\/parete-scarpe-1024x740.jpg 1024w, https:\/\/www.miomiorun.com\/app\/uploads\/2023\/06\/parete-scarpe-768x555.jpg 768w, https:\/\/www.miomiorun.com\/app\/uploads\/2023\/06\/parete-scarpe-640x463.jpg 640w, https:\/\/www.miomiorun.com\/app\/uploads\/2023\/06\/parete-scarpe-400x289.jpg 400w\" sizes=\"auto, (max-width: 1494px) 100vw, 1494px\" \/><img loading=\"lazy\" decoding=\"async\" width=\"1376\" height=\"1080\" src=\"https:\/\/www.miomiorun.com\/app\/uploads\/2023\/06\/interno.jpg\" class=\"attachment-1180x500 size-1180x500 wvs-archive-product-image\" alt=\"interno\" srcset=\"https:\/\/www.miomiorun.com\/app\/uploads\/2023\/06\/interno.jpg 1376w, https:\/\/www.miomiorun.com\/app\/uploads\/2023\/06\/interno-600x471.jpg 600w, https:\/\/www.miomiorun.com\/app\/uploads\/2023\/06\/interno-300x235.jpg 300w, https:\/\/www.miomiorun.com\/app\/uploads\/2023\/06\/interno-1024x804.jpg 1024w, https:\/\/www.miomiorun.com\/app\/uploads\/2023\/06\/interno-768x603.jpg 768w, https:\/\/www.miomiorun.com\/app\/uploads\/2023\/06\/interno-640x502.jpg 640w, https:\/\/www.miomiorun.com\/app\/uploads\/2023\/06\/interno-400x314.jpg 400w\" sizes=\"auto, (max-width: 1376px) 100vw, 1376px\" \/><img loading=\"lazy\" decoding=\"async\" width=\"1920\" height=\"1080\" src=\"https:\/\/www.miomiorun.com\/app\/uploads\/2023\/06\/interno.2.jpg\" class=\"attachment-1180x500 size-1180x500 wvs-archive-product-image\" alt=\"interno.2\" srcset=\"https:\/\/www.miomiorun.com\/app\/uploads\/2023\/06\/interno.2.jpg 1920w, https:\/\/www.miomiorun.com\/app\/uploads\/2023\/06\/interno.2-600x338.jpg 600w, https:\/\/www.miomiorun.com\/app\/uploads\/2023\/06\/interno.2-300x169.jpg 300w, https:\/\/www.miomiorun.com\/app\/uploads\/2023\/06\/interno.2-1024x576.jpg 1024w, https:\/\/www.miomiorun.com\/app\/uploads\/2023\/06\/interno.2-768x432.jpg 768w, https:\/\/www.miomiorun.com\/app\/uploads\/2023\/06\/interno.2-1536x864.jpg 1536w, https:\/\/www.miomiorun.com\/app\/uploads\/2023\/06\/interno.2-640x360.jpg 640w, https:\/\/www.miomiorun.com\/app\/uploads\/2023\/06\/interno.2-400x225.jpg 400w\" sizes=\"auto, (max-width: 1920px) 100vw, 1920px\" \/><img loading=\"lazy\" decoding=\"async\" width=\"1093\" height=\"902\" src=\"https:\/\/www.miomiorun.com\/app\/uploads\/2023\/06\/esterno.2.jpg\" class=\"attachment-1180x500 size-1180x500 wvs-archive-product-image\" alt=\"esterno.2\" srcset=\"https:\/\/www.miomiorun.com\/app\/uploads\/2023\/06\/esterno.2.jpg 1093w, https:\/\/www.miomiorun.com\/app\/uploads\/2023\/06\/esterno.2-600x495.jpg 600w, https:\/\/www.miomiorun.com\/app\/uploads\/2023\/06\/esterno.2-300x248.jpg 300w, https:\/\/www.miomiorun.com\/app\/uploads\/2023\/06\/esterno.2-1024x845.jpg 1024w, https:\/\/www.miomiorun.com\/app\/uploads\/2023\/06\/esterno.2-768x634.jpg 768w, https:\/\/www.miomiorun.com\/app\/uploads\/2023\/06\/esterno.2-640x528.jpg 640w, https:\/\/www.miomiorun.com\/app\/uploads\/2023\/06\/esterno.2-400x330.jpg 400w\" sizes=\"auto, (max-width: 1093px) 100vw, 1093px\" \/><\/div><\/div><\/div><div class=\"vc-row container\"><div class=\"vc-column\"><div class=\"row\"><div class=\"col-md-12\"><\/div><\/div><\/div><div class=\"vc-column\"><div class=\"row\"><div class=\"col-md-12\"><\/div><\/div><\/div><\/div><\/p>\n","protected":false},"excerpt":{"rendered":"","protected":false},"author":3102,"featured_media":0,"parent":0,"menu_order":0,"comment_status":"closed","ping_status":"closed","template":"","meta":{"_acf_changed":false,"inline_featured_image":[],"footnotes":""},"class_list":["post-72981","page","type-page","status-publish","hentry"],"acf":[],"yoast_head":"<!-- This site is optimized with the Yoast SEO plugin v26.8 - https:\/\/yoast.com\/product\/yoast-seo-wordpress\/ -->\n<title>Entdecken Sie Das Gesch\u00e4ft in San Vendemiano - MioMioRun .com<\/title>\n<meta name=\"description\" content=\"Auch in unserem Gesch\u00e4ft in San Vendemiano, testen wir pers\u00f6nlich Schuhe und Kleidung, um Ihnen den bestm\u00f6glichen Service zu bieten\" \/>\n<meta name=\"robots\" content=\"index, follow, max-snippet:-1, max-image-preview:large, max-video-preview:-1\" \/>\n<link rel=\"canonical\" href=\"https:\/\/www.miomiorun.com\/de\/der-shop-von-san-vendemiano\/\" \/>\n<meta property=\"og:locale\" content=\"de_DE\" \/>\n<meta property=\"og:type\" content=\"article\" \/>\n<meta property=\"og:title\" content=\"Entdecken Sie Das Gesch\u00e4ft in San Vendemiano - MioMioRun .com\" \/>\n<meta property=\"og:description\" content=\"Auch in unserem Gesch\u00e4ft in San Vendemiano, testen wir pers\u00f6nlich Schuhe und Kleidung, um Ihnen den bestm\u00f6glichen Service zu bieten\" \/>\n<meta property=\"og:url\" content=\"https:\/\/www.miomiorun.com\/de\/der-shop-von-san-vendemiano\/\" \/>\n<meta property=\"og:site_name\" content=\"MioMioRun\" \/>\n<meta property=\"article:publisher\" content=\"https:\/\/www.facebook.com\/miomiorun\/\" \/>\n<meta property=\"article:modified_time\" content=\"2023-06-28T16:52:36+00:00\" \/>\n<meta name=\"twitter:card\" content=\"summary_large_image\" \/>\n<meta name=\"twitter:label1\" content=\"Est. reading time\" \/>\n\t<meta name=\"twitter:data1\" content=\"3 minutes\" \/>\n<script type=\"application\/ld+json\" class=\"yoast-schema-graph\">{\"@context\":\"https:\/\/schema.org\",\"@graph\":[{\"@type\":\"WebPage\",\"@id\":\"https:\/\/www.miomiorun.com\/de\/der-shop-von-san-vendemiano\/\",\"url\":\"https:\/\/www.miomiorun.com\/de\/der-shop-von-san-vendemiano\/\",\"name\":\"Entdecken Sie Das Gesch\u00e4ft in San Vendemiano - MioMioRun .com\",\"isPartOf\":{\"@id\":\"https:\/\/www.miomiorun.com\/de\/#website\"},\"datePublished\":\"2016-06-13T13:48:45+00:00\",\"dateModified\":\"2023-06-28T16:52:36+00:00\",\"description\":\"Auch in unserem Gesch\u00e4ft in San Vendemiano, testen wir pers\u00f6nlich Schuhe und Kleidung, um Ihnen den bestm\u00f6glichen Service zu bieten\",\"breadcrumb\":{\"@id\":\"https:\/\/www.miomiorun.com\/de\/der-shop-von-san-vendemiano\/#breadcrumb\"},\"inLanguage\":\"de-DE\",\"potentialAction\":[{\"@type\":\"ReadAction\",\"target\":[\"https:\/\/www.miomiorun.com\/de\/der-shop-von-san-vendemiano\/\"]}]},{\"@type\":\"BreadcrumbList\",\"@id\":\"https:\/\/www.miomiorun.com\/de\/der-shop-von-san-vendemiano\/#breadcrumb\",\"itemListElement\":[{\"@type\":\"ListItem\",\"position\":1,\"name\":\"Home\",\"item\":\"https:\/\/www.miomiorun.com\/de\/\"},{\"@type\":\"ListItem\",\"position\":2,\"name\":\"Das Gesch\u00e4ft in San Vendemiano\"}]},{\"@type\":\"WebSite\",\"@id\":\"https:\/\/www.miomiorun.com\/de\/#website\",\"url\":\"https:\/\/www.miomiorun.com\/de\/\",\"name\":\"MioMioRun\",\"description\":\"100% Lauf- und Trailshop\",\"publisher\":{\"@id\":\"https:\/\/www.miomiorun.com\/de\/#organization\"},\"potentialAction\":[{\"@type\":\"SearchAction\",\"target\":{\"@type\":\"EntryPoint\",\"urlTemplate\":\"https:\/\/www.miomiorun.com\/de\/?s={search_term_string}\"},\"query-input\":{\"@type\":\"PropertyValueSpecification\",\"valueRequired\":true,\"valueName\":\"search_term_string\"}}],\"inLanguage\":\"de-DE\"},{\"@type\":\"Organization\",\"@id\":\"https:\/\/www.miomiorun.com\/de\/#organization\",\"name\":\"MioMio Run\",\"url\":\"https:\/\/www.miomiorun.com\/de\/\",\"logo\":{\"@type\":\"ImageObject\",\"inLanguage\":\"de-DE\",\"@id\":\"https:\/\/www.miomiorun.com\/de\/#\/schema\/logo\/image\/\",\"url\":\"https:\/\/www.miomiorun.com\/app\/uploads\/2019\/12\/logomio.png\",\"contentUrl\":\"https:\/\/www.miomiorun.com\/app\/uploads\/2019\/12\/logomio.png\",\"width\":115,\"height\":82,\"caption\":\"MioMio Run\"},\"image\":{\"@id\":\"https:\/\/www.miomiorun.com\/de\/#\/schema\/logo\/image\/\"},\"sameAs\":[\"https:\/\/www.facebook.com\/miomiorun\/\",\"https:\/\/www.instagram.com\/miomiorun\/\"]}]}<\/script>\n<!-- \/ Yoast SEO plugin. -->","yoast_head_json":{"title":"Entdecken Sie Das Gesch\u00e4ft in San Vendemiano - MioMioRun .com","description":"Auch in unserem Gesch\u00e4ft in San Vendemiano, testen wir pers\u00f6nlich Schuhe und Kleidung, um Ihnen den bestm\u00f6glichen Service zu bieten","robots":{"index":"index","follow":"follow","max-snippet":"max-snippet:-1","max-image-preview":"max-image-preview:large","max-video-preview":"max-video-preview:-1"},"canonical":"https:\/\/www.miomiorun.com\/de\/der-shop-von-san-vendemiano\/","og_locale":"de_DE","og_type":"article","og_title":"Entdecken Sie Das Gesch\u00e4ft in San Vendemiano - MioMioRun .com","og_description":"Auch in unserem Gesch\u00e4ft in San Vendemiano, testen wir pers\u00f6nlich Schuhe und Kleidung, um Ihnen den bestm\u00f6glichen Service zu bieten","og_url":"https:\/\/www.miomiorun.com\/de\/der-shop-von-san-vendemiano\/","og_site_name":"MioMioRun","article_publisher":"https:\/\/www.facebook.com\/miomiorun\/","article_modified_time":"2023-06-28T16:52:36+00:00","twitter_card":"summary_large_image","twitter_misc":{"Est. reading time":"3 minutes"},"schema":{"@context":"https:\/\/schema.org","@graph":[{"@type":"WebPage","@id":"https:\/\/www.miomiorun.com\/de\/der-shop-von-san-vendemiano\/","url":"https:\/\/www.miomiorun.com\/de\/der-shop-von-san-vendemiano\/","name":"Entdecken Sie Das Gesch\u00e4ft in San Vendemiano - MioMioRun .com","isPartOf":{"@id":"https:\/\/www.miomiorun.com\/de\/#website"},"datePublished":"2016-06-13T13:48:45+00:00","dateModified":"2023-06-28T16:52:36+00:00","description":"Auch in unserem Gesch\u00e4ft in San Vendemiano, testen wir pers\u00f6nlich Schuhe und Kleidung, um Ihnen den bestm\u00f6glichen Service zu bieten","breadcrumb":{"@id":"https:\/\/www.miomiorun.com\/de\/der-shop-von-san-vendemiano\/#breadcrumb"},"inLanguage":"de-DE","potentialAction":[{"@type":"ReadAction","target":["https:\/\/www.miomiorun.com\/de\/der-shop-von-san-vendemiano\/"]}]},{"@type":"BreadcrumbList","@id":"https:\/\/www.miomiorun.com\/de\/der-shop-von-san-vendemiano\/#breadcrumb","itemListElement":[{"@type":"ListItem","position":1,"name":"Home","item":"https:\/\/www.miomiorun.com\/de\/"},{"@type":"ListItem","position":2,"name":"Das Gesch\u00e4ft in San Vendemiano"}]},{"@type":"WebSite","@id":"https:\/\/www.miomiorun.com\/de\/#website","url":"https:\/\/www.miomiorun.com\/de\/","name":"MioMioRun","description":"100% Lauf- und Trailshop","publisher":{"@id":"https:\/\/www.miomiorun.com\/de\/#organization"},"potentialAction":[{"@type":"SearchAction","target":{"@type":"EntryPoint","urlTemplate":"https:\/\/www.miomiorun.com\/de\/?s={search_term_string}"},"query-input":{"@type":"PropertyValueSpecification","valueRequired":true,"valueName":"search_term_string"}}],"inLanguage":"de-DE"},{"@type":"Organization","@id":"https:\/\/www.miomiorun.com\/de\/#organization","name":"MioMio Run","url":"https:\/\/www.miomiorun.com\/de\/","logo":{"@type":"ImageObject","inLanguage":"de-DE","@id":"https:\/\/www.miomiorun.com\/de\/#\/schema\/logo\/image\/","url":"https:\/\/www.miomiorun.com\/app\/uploads\/2019\/12\/logomio.png","contentUrl":"https:\/\/www.miomiorun.com\/app\/uploads\/2019\/12\/logomio.png","width":115,"height":82,"caption":"MioMio Run"},"image":{"@id":"https:\/\/www.miomiorun.com\/de\/#\/schema\/logo\/image\/"},"sameAs":["https:\/\/www.facebook.com\/miomiorun\/","https:\/\/www.instagram.com\/miomiorun\/"]}]}},"_links":{"self":[{"href":"https:\/\/www.miomiorun.com\/de\/wp-json\/wp\/v2\/pages\/72981","targetHints":{"allow":["GET"]}}],"collection":[{"href":"https:\/\/www.miomiorun.com\/de\/wp-json\/wp\/v2\/pages"}],"about":[{"href":"https:\/\/www.miomiorun.com\/de\/wp-json\/wp\/v2\/types\/page"}],"author":[{"embeddable":true,"href":"https:\/\/www.miomiorun.com\/de\/wp-json\/wp\/v2\/users\/3102"}],"replies":[{"embeddable":true,"href":"https:\/\/www.miomiorun.com\/de\/wp-json\/wp\/v2\/comments?post=72981"}],"version-history":[{"count":0,"href":"https:\/\/www.miomiorun.com\/de\/wp-json\/wp\/v2\/pages\/72981\/revisions"}],"wp:attachment":[{"href":"https:\/\/www.miomiorun.com\/de\/wp-json\/wp\/v2\/media?parent=72981"}],"curies":[{"name":"wp","href":"https:\/\/api.w.org\/{rel}","templated":true}]}}