{"id":72939,"date":"2019-11-22T15:57:53","date_gmt":"2019-11-22T14:57:53","guid":{"rendered":"https:\/\/miomiorun.com\/termini-e-condizioni-duso\/"},"modified":"2022-05-31T11:36:16","modified_gmt":"2022-05-31T09:36:16","slug":"nutzungsbedingungen-und-bedingungen","status":"publish","type":"page","link":"https:\/\/www.miomiorun.com\/de\/nutzungsbedingungen-und-bedingungen\/","title":{"rendered":"Bedingungen und Konditionen"},"content":{"rendered":"<p><div class=\"vc-row container\"><div class=\"vc-column\"><\/div><\/div><div class=\"vc-row container\"><div class=\"vc-column\"><div class=\"vc-column-text\"><\/p>\n<h3><strong>Urheberrecht<\/strong><\/h3>\n<p>Alle Inhalte, Texte, Grafiken, Dateien, Tabellen, Bilder und Informationen auf dieser Website sind durch das Urheberrecht, das Patentrecht und das Recht am geistigen Eigentum gesch\u00fctzt. Alle auf dieser Website genannten Produkte oder Unternehmen sind Marken der jeweiligen Eigent\u00fcmer oder Inhaber und k\u00f6nnen durch Patente und\/oder Urheberrechte gesch\u00fctzt sein, die von den zust\u00e4ndigen Beh\u00f6rden erteilt oder eingetragen wurden. Sie d\u00fcrfen daher nur f\u00fcr den pers\u00f6nlichen und nichtkommerziellen Gebrauch heruntergeladen oder verwendet werden: Es darf also nichts, auch nicht teilweise, zu Gewinnzwecken oder zur Erzielung eines Nutzens kopiert, ver\u00e4ndert oder weiterverkauft werden.<\/p>\n<p>&nbsp;<\/p>\n<h3><strong>Nutzung der Website und Haftungsausschluss<\/strong><\/h3>\n<p>Unter keinen Umst\u00e4nden kann das Unternehmen f\u00fcr Sch\u00e4den jeglicher Art haftbar gemacht werden, die direkt oder indirekt durch den Zugriff auf die Website, durch die Unm\u00f6glichkeit des Zugriffs auf die Website oder durch Ihr Vertrauen auf die darin enthaltenen Informationen und deren Nutzung entstehen. Das Unternehmen beh\u00e4lt sich das Recht vor, den Inhalt der Website und die rechtlichen Hinweise jederzeit und ohne vorherige Ank\u00fcndigung zu \u00e4ndern.<br \/>\nBei der Bereitstellung und Pflege dieser Website wird das Unternehmen versuchen, durch technische Fehler verursachte St\u00f6rungen so weit wie m\u00f6glich zu minimieren. Das Unternehmen kann jedoch nicht garantieren, dass der Dienst niemals unterbrochen oder durch technische Probleme beeintr\u00e4chtigt wird. Daher \u00fcbernimmt das Unternehmen keine Haftung f\u00fcr Probleme, die durch die Nutzung dieser Website oder der mit ihr verlinkten Websites entstehen.<\/p>\n<p>Das Unternehmen verpflichtet sich, die Informationen auf der Website auf dem neuesten Stand zu halten, was einer st\u00e4ndigen \u00dcberpr\u00fcfung und Kontrolle unterzogen wird. Dennoch bittet das Unternehmen Sie, im Hinblick auf das auf der Website enthaltene Material stets die folgenden \u00dcberlegungen zu ber\u00fccksichtigen:<\/p>\n<ul>\n<li>Dieses Material besteht ausschlie\u00dflich aus allgemeinen Informationen, die sich nicht auf spezifische Situationen in Bezug auf eine bestimmte Person oder Einrichtung beziehen;<\/li>\n<li>ist nicht notwendigerweise ersch\u00f6pfend, vollst\u00e4ndig, genau oder aktuell;<\/li>\n<li>stellt keine Berufs- oder Rechtsberatung dar (f\u00fcr eine spezifische Beratung sollte man sich immer an einen entsprechend qualifizierten Fachmann wenden);<\/li>\n<li>die auf der Website enthaltenen Informationen k\u00f6nnen aufgrund der f\u00fcr die Aktualisierung erforderlichen technischen Zeit nicht rechtsg\u00fcltig sein.<\/li>\n<\/ul>\n<p>Mit dieser Haftungsausschlussklausel wird weder bezweckt, die Anforderungen der geltenden nationalen Rechtsvorschriften zu umgehen, noch die Haftung in F\u00e4llen auszuschlie\u00dfen, in denen sie nach den nationalen Rechtsvorschriften nicht ausgeschlossen werden kann.<\/p>\n<p>&nbsp;<\/p>\n<h3><strong>Zugang zu externen verlinkten Seiten<\/strong><\/h3>\n<p>Das Unternehmen \u00fcbernimmt keine Verantwortung f\u00fcr die Websites, die \u00fcber Links auf der Website selbst zug\u00e4nglich sind, die als einfacher Service f\u00fcr die Nutzer des Netzes bereitgestellt werden.<br \/>\nDie Tatsache, dass das Unternehmen diese Links zur Verf\u00fcgung stellt, bedeutet nicht, dass es die Websites selbst billigt, f\u00fcr deren Qualit\u00e4t, Inhalt und Grafik das Unternehmen keine Verantwortung \u00fcbernimmt. F\u00fcr die Vollst\u00e4ndigkeit und Richtigkeit der Informationen sind daher die Eigent\u00fcmer der Seiten verantwortlich, zu denen der Zugang unter ihren eigenen Bedingungen erfolgt.<br \/>\nDas Unternehmen bietet keine Gew\u00e4hr f\u00fcr die Software, die auf seiner eigenen Website oder auf externen Websites vorhanden ist, und kann nicht f\u00fcr ihre Qualit\u00e4t, Sicherheit und Kompatibilit\u00e4t mit den verwendeten Systemen garantieren.<\/p>\n<p>&nbsp;<\/p>\n<h3><strong>Download<\/strong><\/h3>\n<p>Objekte, Produkte, Programme und Routinen, die auf dieser Website zum Herunterladen (Download) angeboten werden, wie z. B. technische Dokumentationen, kommerzielle Dokumentationen, Software usw., sind, sofern nicht anders angegeben, unter den vom Eigent\u00fcmer festgelegten Bedingungen frei und kostenlos verf\u00fcgbar.<br \/>\nDas Unternehmen \u00fcbernimmt keinerlei Haftung f\u00fcr den Inhalt der Dokumente oder die Eigenschaften der dokumentierten Produkte oder das Funktionieren der Programme.<br \/>\nAlles, was von dieser Website heruntergeladen werden kann, kann durch Urheber-, Nutzungs- und\/oder Vervielf\u00e4ltigungsrechte der jeweiligen Eigent\u00fcmer gesch\u00fctzt sein. Das Unternehmen bittet Sie daher, die Nutzungs- und Rechtebedingungen zu pr\u00fcfen und entbindet sich ausdr\u00fccklich von jeglicher Haftung in dieser Hinsicht.<\/p>\n<p>&nbsp;<\/p>\n<h3><strong>Computerviren<\/strong><\/h3>\n<p>Das Unternehmen garantiert nicht, dass die Website frei von Fehlern oder Viren ist. Das Unternehmen, seine Lieferanten und Mitarbeiter haften nicht f\u00fcr Sch\u00e4den, die dem Nutzer durch solche Elemente entstehen.<\/p>\n<p>&nbsp;<\/p>\n<h3><strong>VERARBEITUNG VON PERSONENBEZOGENEN DATEN<\/strong><\/h3>\n<p>Verarbeitung personenbezogener Daten Erkl\u00e4rung gem\u00e4\u00df Gesetzesdekret Nr. 196 von 2003<\/p>\n<p>&nbsp;<\/p>\n<h3><strong>GEGENSTAND UND VORAUSSETZUNGEN<\/strong><\/h3>\n<p>Auf dieser Seite wird beschrieben, wie das Portal im Hinblick auf die Verarbeitung der personenbezogenen Daten der Nutzer, die es besuchen, verwaltet wird.<\/p>\n<p>Diese Mitteilung wird auch gem\u00e4\u00df Art. 13 des Gesetzesdekrets Nr. 196 vom 30.6.2003 &#8220;Kodex f\u00fcr den Schutz personenbezogener Daten&#8221; denjenigen zur Verf\u00fcgung gestellt, die mit den Webdiensten des Unternehmens interagieren, die \u00fcber die Adressen telematisch zug\u00e4nglich sind:<\/p>\n<p>Die Informationen orientieren sich auch an der Empfehlung Nr. 2\/2001, die die europ\u00e4ischen Beh\u00f6rden f\u00fcr den Schutz personenbezogener Daten, die in der durch Artikel 29 der Richtlinie 95\/46\/EG eingesetzten Arbeitsgruppe zusammengeschlossen sind, am 17. Mai 2001 angenommen haben, um bestimmte Mindestanforderungen f\u00fcr die Erhebung personenbezogener Daten im Internet festzulegen, insbesondere die Art und Weise, den Zeitpunkt und die Art der Informationen, die die f\u00fcr die Datenverarbeitung Verantwortlichen den Nutzern zur Verf\u00fcgung stellen m\u00fcssen, wenn sie sich mit Webseiten verbinden, unabh\u00e4ngig vom Zweck der Verbindung.<\/div><\/div><\/div><div class=\"vc-row container\"><div class=\"vc-column\"><hr class=\"vc-separator\"><\/div><\/div><\/p>\n","protected":false},"excerpt":{"rendered":"","protected":false},"author":3102,"featured_media":0,"parent":0,"menu_order":0,"comment_status":"closed","ping_status":"closed","template":"","meta":{"_acf_changed":false,"inline_featured_image":[],"footnotes":""},"class_list":["post-72939","page","type-page","status-publish","hentry"],"acf":[],"yoast_head":"<!-- This site is optimized with the Yoast SEO plugin v26.8 - https:\/\/yoast.com\/product\/yoast-seo-wordpress\/ -->\n<title>Bedingungen und Konditionen - MioMioRun<\/title>\n<meta name=\"robots\" content=\"index, follow, max-snippet:-1, max-image-preview:large, max-video-preview:-1\" \/>\n<link rel=\"canonical\" href=\"https:\/\/www.miomiorun.com\/de\/nutzungsbedingungen-und-bedingungen\/\" \/>\n<meta property=\"og:locale\" content=\"de_DE\" \/>\n<meta property=\"og:type\" content=\"article\" \/>\n<meta property=\"og:title\" content=\"Bedingungen und Konditionen - MioMioRun\" \/>\n<meta property=\"og:url\" content=\"https:\/\/www.miomiorun.com\/de\/nutzungsbedingungen-und-bedingungen\/\" \/>\n<meta property=\"og:site_name\" content=\"MioMioRun\" \/>\n<meta property=\"article:publisher\" content=\"https:\/\/www.facebook.com\/miomiorun\/\" \/>\n<meta property=\"article:modified_time\" content=\"2022-05-31T09:36:16+00:00\" \/>\n<meta name=\"twitter:card\" content=\"summary_large_image\" \/>\n<meta name=\"twitter:label1\" content=\"Est. reading time\" \/>\n\t<meta name=\"twitter:data1\" content=\"5 minutes\" \/>\n<script type=\"application\/ld+json\" class=\"yoast-schema-graph\">{\"@context\":\"https:\/\/schema.org\",\"@graph\":[{\"@type\":\"WebPage\",\"@id\":\"https:\/\/www.miomiorun.com\/de\/nutzungsbedingungen-und-bedingungen\/\",\"url\":\"https:\/\/www.miomiorun.com\/de\/nutzungsbedingungen-und-bedingungen\/\",\"name\":\"Bedingungen und Konditionen - MioMioRun\",\"isPartOf\":{\"@id\":\"https:\/\/www.miomiorun.com\/de\/#website\"},\"datePublished\":\"2019-11-22T14:57:53+00:00\",\"dateModified\":\"2022-05-31T09:36:16+00:00\",\"breadcrumb\":{\"@id\":\"https:\/\/www.miomiorun.com\/de\/nutzungsbedingungen-und-bedingungen\/#breadcrumb\"},\"inLanguage\":\"de-DE\",\"potentialAction\":[{\"@type\":\"ReadAction\",\"target\":[\"https:\/\/www.miomiorun.com\/de\/nutzungsbedingungen-und-bedingungen\/\"]}]},{\"@type\":\"BreadcrumbList\",\"@id\":\"https:\/\/www.miomiorun.com\/de\/nutzungsbedingungen-und-bedingungen\/#breadcrumb\",\"itemListElement\":[{\"@type\":\"ListItem\",\"position\":1,\"name\":\"Home\",\"item\":\"https:\/\/www.miomiorun.com\/de\/\"},{\"@type\":\"ListItem\",\"position\":2,\"name\":\"Bedingungen und Konditionen\"}]},{\"@type\":\"WebSite\",\"@id\":\"https:\/\/www.miomiorun.com\/de\/#website\",\"url\":\"https:\/\/www.miomiorun.com\/de\/\",\"name\":\"MioMioRun\",\"description\":\"100% Lauf- und Trailshop\",\"publisher\":{\"@id\":\"https:\/\/www.miomiorun.com\/de\/#organization\"},\"potentialAction\":[{\"@type\":\"SearchAction\",\"target\":{\"@type\":\"EntryPoint\",\"urlTemplate\":\"https:\/\/www.miomiorun.com\/de\/?s={search_term_string}\"},\"query-input\":{\"@type\":\"PropertyValueSpecification\",\"valueRequired\":true,\"valueName\":\"search_term_string\"}}],\"inLanguage\":\"de-DE\"},{\"@type\":\"Organization\",\"@id\":\"https:\/\/www.miomiorun.com\/de\/#organization\",\"name\":\"MioMio Run\",\"url\":\"https:\/\/www.miomiorun.com\/de\/\",\"logo\":{\"@type\":\"ImageObject\",\"inLanguage\":\"de-DE\",\"@id\":\"https:\/\/www.miomiorun.com\/de\/#\/schema\/logo\/image\/\",\"url\":\"https:\/\/www.miomiorun.com\/app\/uploads\/2019\/12\/logomio.png\",\"contentUrl\":\"https:\/\/www.miomiorun.com\/app\/uploads\/2019\/12\/logomio.png\",\"width\":115,\"height\":82,\"caption\":\"MioMio Run\"},\"image\":{\"@id\":\"https:\/\/www.miomiorun.com\/de\/#\/schema\/logo\/image\/\"},\"sameAs\":[\"https:\/\/www.facebook.com\/miomiorun\/\",\"https:\/\/www.instagram.com\/miomiorun\/\"]}]}<\/script>\n<!-- \/ Yoast SEO plugin. -->","yoast_head_json":{"title":"Bedingungen und Konditionen - MioMioRun","robots":{"index":"index","follow":"follow","max-snippet":"max-snippet:-1","max-image-preview":"max-image-preview:large","max-video-preview":"max-video-preview:-1"},"canonical":"https:\/\/www.miomiorun.com\/de\/nutzungsbedingungen-und-bedingungen\/","og_locale":"de_DE","og_type":"article","og_title":"Bedingungen und Konditionen - MioMioRun","og_url":"https:\/\/www.miomiorun.com\/de\/nutzungsbedingungen-und-bedingungen\/","og_site_name":"MioMioRun","article_publisher":"https:\/\/www.facebook.com\/miomiorun\/","article_modified_time":"2022-05-31T09:36:16+00:00","twitter_card":"summary_large_image","twitter_misc":{"Est. reading time":"5 minutes"},"schema":{"@context":"https:\/\/schema.org","@graph":[{"@type":"WebPage","@id":"https:\/\/www.miomiorun.com\/de\/nutzungsbedingungen-und-bedingungen\/","url":"https:\/\/www.miomiorun.com\/de\/nutzungsbedingungen-und-bedingungen\/","name":"Bedingungen und Konditionen - MioMioRun","isPartOf":{"@id":"https:\/\/www.miomiorun.com\/de\/#website"},"datePublished":"2019-11-22T14:57:53+00:00","dateModified":"2022-05-31T09:36:16+00:00","breadcrumb":{"@id":"https:\/\/www.miomiorun.com\/de\/nutzungsbedingungen-und-bedingungen\/#breadcrumb"},"inLanguage":"de-DE","potentialAction":[{"@type":"ReadAction","target":["https:\/\/www.miomiorun.com\/de\/nutzungsbedingungen-und-bedingungen\/"]}]},{"@type":"BreadcrumbList","@id":"https:\/\/www.miomiorun.com\/de\/nutzungsbedingungen-und-bedingungen\/#breadcrumb","itemListElement":[{"@type":"ListItem","position":1,"name":"Home","item":"https:\/\/www.miomiorun.com\/de\/"},{"@type":"ListItem","position":2,"name":"Bedingungen und Konditionen"}]},{"@type":"WebSite","@id":"https:\/\/www.miomiorun.com\/de\/#website","url":"https:\/\/www.miomiorun.com\/de\/","name":"MioMioRun","description":"100% Lauf- und Trailshop","publisher":{"@id":"https:\/\/www.miomiorun.com\/de\/#organization"},"potentialAction":[{"@type":"SearchAction","target":{"@type":"EntryPoint","urlTemplate":"https:\/\/www.miomiorun.com\/de\/?s={search_term_string}"},"query-input":{"@type":"PropertyValueSpecification","valueRequired":true,"valueName":"search_term_string"}}],"inLanguage":"de-DE"},{"@type":"Organization","@id":"https:\/\/www.miomiorun.com\/de\/#organization","name":"MioMio Run","url":"https:\/\/www.miomiorun.com\/de\/","logo":{"@type":"ImageObject","inLanguage":"de-DE","@id":"https:\/\/www.miomiorun.com\/de\/#\/schema\/logo\/image\/","url":"https:\/\/www.miomiorun.com\/app\/uploads\/2019\/12\/logomio.png","contentUrl":"https:\/\/www.miomiorun.com\/app\/uploads\/2019\/12\/logomio.png","width":115,"height":82,"caption":"MioMio Run"},"image":{"@id":"https:\/\/www.miomiorun.com\/de\/#\/schema\/logo\/image\/"},"sameAs":["https:\/\/www.facebook.com\/miomiorun\/","https:\/\/www.instagram.com\/miomiorun\/"]}]}},"_links":{"self":[{"href":"https:\/\/www.miomiorun.com\/de\/wp-json\/wp\/v2\/pages\/72939","targetHints":{"allow":["GET"]}}],"collection":[{"href":"https:\/\/www.miomiorun.com\/de\/wp-json\/wp\/v2\/pages"}],"about":[{"href":"https:\/\/www.miomiorun.com\/de\/wp-json\/wp\/v2\/types\/page"}],"author":[{"embeddable":true,"href":"https:\/\/www.miomiorun.com\/de\/wp-json\/wp\/v2\/users\/3102"}],"replies":[{"embeddable":true,"href":"https:\/\/www.miomiorun.com\/de\/wp-json\/wp\/v2\/comments?post=72939"}],"version-history":[{"count":0,"href":"https:\/\/www.miomiorun.com\/de\/wp-json\/wp\/v2\/pages\/72939\/revisions"}],"wp:attachment":[{"href":"https:\/\/www.miomiorun.com\/de\/wp-json\/wp\/v2\/media?parent=72939"}],"curies":[{"name":"wp","href":"https:\/\/api.w.org\/{rel}","templated":true}]}}