{"id":72919,"date":"2019-11-22T16:02:48","date_gmt":"2019-11-22T15:02:48","guid":{"rendered":"https:\/\/miomiorun.com\/diritto-di-recesso\/"},"modified":"2025-01-08T10:47:20","modified_gmt":"2025-01-08T09:47:20","slug":"recht-auf-einen-versuch","status":"publish","type":"page","link":"https:\/\/www.miomiorun.com\/de\/recht-auf-einen-versuch\/","title":{"rendered":"Recht auf Widerruf"},"content":{"rendered":"<p><div class=\"vc-row container\"><div class=\"vc-column\"><\/div><\/div><div class=\"vc-row container\"><div class=\"vc-column\"><div class=\"vc-column-text\">Das Widerrufsrecht kann nur bei Vertr\u00e4gen \u00fcber den Verkauf von Waren oder Dienstleistungen ausge\u00fcbt werden, die im Fernabsatz, d. h. au\u00dferhalb von Gesch\u00e4ftsr\u00e4umen, zwischen einem Verbraucher (1) und einem Unternehmer (2) geschlossen werden, und zwar nur vom Verbraucher gegen\u00fcber dem Unternehmer und nicht umgekehrt.<\/p>\n<ol>\n<li>Ein Verbraucher ist definiert als eine nat\u00fcrliche Person, die zu Zwecken handelt, die nicht im Zusammenhang mit einer gewerblichen oder beruflichen T\u00e4tigkeit stehen.<\/li>\n<li>Ein Gewerbetreibender ist eine nat\u00fcrliche oder juristische Person, die in Aus\u00fcbung ihrer gewerblichen, unternehmerischen oder beruflichen T\u00e4tigkeit handelt.<\/li>\n<\/ol>\n<p>Der Verk\u00e4ufer ist stets verpflichtet, den Verbraucher \u00fcber sein Widerrufsrecht zu informieren.<\/p>\n<p>R\u00fcckgabeantr\u00e4ge m\u00fcssen \u00fcber ein spezielles Portal eingereicht werden. Sie werden zu diesem Portal weitergeleitet, wenn Sie <a href=\"https:\/\/miomiorun.shipping-portal.com\/rp\/\">hier klicken<\/a>.<\/p>\n<p>Um eine R\u00fccksendung zu beantragen, m\u00fcssen die Postleitzahl und die Versandnummer\/Bestellnummer angegeben werden.<\/p>\n<p>Der Verbraucher kann die Waren nur nach Genehmigung durch Desport SRL zur\u00fccksenden.<\/p>\n<p>Nach Erhalt der Genehmigung muss der Verbraucher die Waren in ihrer Originalverpackung verpacken und das Paket bei der gew\u00e4hlten Abholstelle abgeben.<\/p>\n<p>Das Widerrufsrecht gilt unter den folgenden Bedingungen:<\/p>\n<ul>\n<li>Das Produkt muss mit der \u00fcblichen Sorgfalt gelagert, gehandhabt und gepr\u00fcft worden sein und muss unbesch\u00e4digt, vollst\u00e4ndig in allen Teilen, voll funktionsf\u00e4hig, mit allen Zubeh\u00f6rteilen und Beipackzetteln, mit den noch am Produkt angebrachten Kennzeichnungsschildern, Etiketten und dem Einwegsiegel, sofern vorhanden, unversehrt und unbeeintr\u00e4chtigt zur\u00fcckgegeben werden sowie f\u00fcr den vorgesehenen Verwendungszweck einwandfrei geeignet sein und keine Anzeichen von Abnutzung oder Verschmutzung aufweisen.<\/li>\n<li>Dar\u00fcber hinaus gilt das Widerrufsrecht f\u00fcr das Produkt in seiner Gesamtheit. Das Widerrufsrecht kann daher nicht in Bezug auf Teile und\/oder Zubeh\u00f6r des Produkts ausge\u00fcbt werden. Falls die Seriennummer des Produkts auf der Verpackung angegeben ist, ist sie Teil des Produkts und muss daher in der Originalverpackung zur\u00fcckgeschickt werden, die in eine zus\u00e4tzliche Verpackung gelegt werden muss, da kein anderes Etikett oder Klebeband darauf angebracht werden darf.<\/li>\n<li>Das Material muss in der unbesch\u00e4digten Originalverpackung zur\u00fcckgeschickt werden, die in eine zus\u00e4tzliche Verpackung gelegt werden muss, und es darf kein anderes Etikett oder Klebeband daran angebracht werden.<\/li>\n<li>Dem zur\u00fcckgesandten Material ist ein Dokument beizuf\u00fcgen, aus dem die Nummer und das Datum der Rechnung f\u00fcr das Produkt hervorgehen.<\/li>\n<li>Garmin-Ger\u00e4te d\u00fcrfen nicht eingeschaltet und auf Garmin-Servern (Garmin Connect, Garmin Express usw.) registriert sein.<\/li>\n<\/ul>\n<p>Je nach Verf\u00fcgbarkeit des Lagers wird Desport SRL die Genehmigung f\u00fcr die Gr\u00f6\u00dfen\u00e4nderung erteilen oder im Falle der fehlenden Verf\u00fcgbarkeit eine alternative L\u00f6sung vorschlagen, die hinsichtlich des Preises und der technischen Merkmale als angemessen erachtet wird.<\/p>\n<p>Der Kunde muss das Paket nach Anbringung des Etiketts und in der Originalverpackung verpackt an die gew\u00e4hlte Abholstelle liefern.<\/p>\n<p>Sobald die R\u00fccksendung eingegangen ist und die Unversehrtheit des Pakets, einschlie\u00dflich der Verpackung, \u00fcberpr\u00fcft wurde, versendet Desport SRL den gew\u00fcnschten Artikel oder erstattet den Betrag.<\/p>\n<p>F\u00fcr jede Bestellung hat der Kunde nur Anspruch auf eine Gr\u00f6\u00dfen\u00e4nderung.<\/p>\n<p>Die \u00c4nderung der Gr\u00f6\u00dfe hat den Verlust des R\u00fccktrittsrechts des Kunden zur Folge.<\/p>\n<p>Wird der Widerruf nicht gem\u00e4\u00df den Bestimmungen des geltenden Rechts ausge\u00fcbt, so f\u00fchrt dies nicht zur Beendigung des Vertrags und gibt dem Nutzer folglich keinen Anspruch auf R\u00fcckerstattung. Desport SRL wird den Benutzer innerhalb von 5 Werktagen nach Erhalt des Produkts per E-Mail benachrichtigen und den Antrag auf R\u00fccknahme ablehnen. Das Produkt verbleibt bei Desport SRL und steht dem Benutzer zur Abholung zur Verf\u00fcgung, die auf Kosten und unter der Verantwortung des Benutzers erfolgen muss.<br \/>\nWird das R\u00fccktrittsrecht gem\u00e4\u00df den Bestimmungen ausge\u00fcbt, erfolgt die R\u00fcckerstattung der gezahlten Betr\u00e4ge entsprechend dem vom Nutzer verwendeten Zahlungsmittel oder auf jeden Fall per Bank\u00fcberweisung und so schnell wie m\u00f6glich, auf jeden Fall aber innerhalb von 14 Kalendertagen nach Erhalt der R\u00fccktrittserkl\u00e4rung.<br \/>\nDas Widerrufsrecht wird durch das LEGISLATIVDEKRET 206\/2005 geregelt.<\/div><\/div><\/div><div class=\"vc-row container\"><div class=\"vc-column\"><hr class=\"vc-separator\"><\/div><\/div><\/p>\n","protected":false},"excerpt":{"rendered":"","protected":false},"author":3102,"featured_media":0,"parent":0,"menu_order":0,"comment_status":"closed","ping_status":"closed","template":"","meta":{"_acf_changed":false,"inline_featured_image":[],"footnotes":""},"class_list":["post-72919","page","type-page","status-publish","hentry"],"acf":[],"yoast_head":"<!-- This site is optimized with the Yoast SEO plugin v26.8 - https:\/\/yoast.com\/product\/yoast-seo-wordpress\/ -->\n<title>Recht auf Widerruf - MioMioRun<\/title>\n<meta name=\"robots\" content=\"index, follow, max-snippet:-1, max-image-preview:large, max-video-preview:-1\" \/>\n<link rel=\"canonical\" href=\"https:\/\/www.miomiorun.com\/de\/recht-auf-einen-versuch\/\" \/>\n<meta property=\"og:locale\" content=\"de_DE\" \/>\n<meta property=\"og:type\" content=\"article\" \/>\n<meta property=\"og:title\" content=\"Recht auf Widerruf - MioMioRun\" \/>\n<meta property=\"og:url\" content=\"https:\/\/www.miomiorun.com\/de\/recht-auf-einen-versuch\/\" \/>\n<meta property=\"og:site_name\" content=\"MioMioRun\" \/>\n<meta property=\"article:publisher\" content=\"https:\/\/www.facebook.com\/miomiorun\/\" \/>\n<meta property=\"article:modified_time\" content=\"2025-01-08T09:47:20+00:00\" \/>\n<meta name=\"twitter:card\" content=\"summary_large_image\" \/>\n<meta name=\"twitter:label1\" content=\"Est. reading time\" \/>\n\t<meta name=\"twitter:data1\" content=\"3 minutes\" \/>\n<script type=\"application\/ld+json\" class=\"yoast-schema-graph\">{\"@context\":\"https:\/\/schema.org\",\"@graph\":[{\"@type\":\"WebPage\",\"@id\":\"https:\/\/www.miomiorun.com\/de\/recht-auf-einen-versuch\/\",\"url\":\"https:\/\/www.miomiorun.com\/de\/recht-auf-einen-versuch\/\",\"name\":\"Recht auf Widerruf - MioMioRun\",\"isPartOf\":{\"@id\":\"https:\/\/www.miomiorun.com\/de\/#website\"},\"datePublished\":\"2019-11-22T15:02:48+00:00\",\"dateModified\":\"2025-01-08T09:47:20+00:00\",\"breadcrumb\":{\"@id\":\"https:\/\/www.miomiorun.com\/de\/recht-auf-einen-versuch\/#breadcrumb\"},\"inLanguage\":\"de-DE\",\"potentialAction\":[{\"@type\":\"ReadAction\",\"target\":[\"https:\/\/www.miomiorun.com\/de\/recht-auf-einen-versuch\/\"]}]},{\"@type\":\"BreadcrumbList\",\"@id\":\"https:\/\/www.miomiorun.com\/de\/recht-auf-einen-versuch\/#breadcrumb\",\"itemListElement\":[{\"@type\":\"ListItem\",\"position\":1,\"name\":\"Home\",\"item\":\"https:\/\/www.miomiorun.com\/de\/\"},{\"@type\":\"ListItem\",\"position\":2,\"name\":\"Recht auf Widerruf\"}]},{\"@type\":\"WebSite\",\"@id\":\"https:\/\/www.miomiorun.com\/de\/#website\",\"url\":\"https:\/\/www.miomiorun.com\/de\/\",\"name\":\"MioMioRun\",\"description\":\"100% Lauf- und Trailshop\",\"publisher\":{\"@id\":\"https:\/\/www.miomiorun.com\/de\/#organization\"},\"potentialAction\":[{\"@type\":\"SearchAction\",\"target\":{\"@type\":\"EntryPoint\",\"urlTemplate\":\"https:\/\/www.miomiorun.com\/de\/?s={search_term_string}\"},\"query-input\":{\"@type\":\"PropertyValueSpecification\",\"valueRequired\":true,\"valueName\":\"search_term_string\"}}],\"inLanguage\":\"de-DE\"},{\"@type\":\"Organization\",\"@id\":\"https:\/\/www.miomiorun.com\/de\/#organization\",\"name\":\"MioMio Run\",\"url\":\"https:\/\/www.miomiorun.com\/de\/\",\"logo\":{\"@type\":\"ImageObject\",\"inLanguage\":\"de-DE\",\"@id\":\"https:\/\/www.miomiorun.com\/de\/#\/schema\/logo\/image\/\",\"url\":\"https:\/\/www.miomiorun.com\/app\/uploads\/2019\/12\/logomio.png\",\"contentUrl\":\"https:\/\/www.miomiorun.com\/app\/uploads\/2019\/12\/logomio.png\",\"width\":115,\"height\":82,\"caption\":\"MioMio Run\"},\"image\":{\"@id\":\"https:\/\/www.miomiorun.com\/de\/#\/schema\/logo\/image\/\"},\"sameAs\":[\"https:\/\/www.facebook.com\/miomiorun\/\",\"https:\/\/www.instagram.com\/miomiorun\/\"]}]}<\/script>\n<!-- \/ Yoast SEO plugin. -->","yoast_head_json":{"title":"Recht auf Widerruf - MioMioRun","robots":{"index":"index","follow":"follow","max-snippet":"max-snippet:-1","max-image-preview":"max-image-preview:large","max-video-preview":"max-video-preview:-1"},"canonical":"https:\/\/www.miomiorun.com\/de\/recht-auf-einen-versuch\/","og_locale":"de_DE","og_type":"article","og_title":"Recht auf Widerruf - MioMioRun","og_url":"https:\/\/www.miomiorun.com\/de\/recht-auf-einen-versuch\/","og_site_name":"MioMioRun","article_publisher":"https:\/\/www.facebook.com\/miomiorun\/","article_modified_time":"2025-01-08T09:47:20+00:00","twitter_card":"summary_large_image","twitter_misc":{"Est. reading time":"3 minutes"},"schema":{"@context":"https:\/\/schema.org","@graph":[{"@type":"WebPage","@id":"https:\/\/www.miomiorun.com\/de\/recht-auf-einen-versuch\/","url":"https:\/\/www.miomiorun.com\/de\/recht-auf-einen-versuch\/","name":"Recht auf Widerruf - MioMioRun","isPartOf":{"@id":"https:\/\/www.miomiorun.com\/de\/#website"},"datePublished":"2019-11-22T15:02:48+00:00","dateModified":"2025-01-08T09:47:20+00:00","breadcrumb":{"@id":"https:\/\/www.miomiorun.com\/de\/recht-auf-einen-versuch\/#breadcrumb"},"inLanguage":"de-DE","potentialAction":[{"@type":"ReadAction","target":["https:\/\/www.miomiorun.com\/de\/recht-auf-einen-versuch\/"]}]},{"@type":"BreadcrumbList","@id":"https:\/\/www.miomiorun.com\/de\/recht-auf-einen-versuch\/#breadcrumb","itemListElement":[{"@type":"ListItem","position":1,"name":"Home","item":"https:\/\/www.miomiorun.com\/de\/"},{"@type":"ListItem","position":2,"name":"Recht auf Widerruf"}]},{"@type":"WebSite","@id":"https:\/\/www.miomiorun.com\/de\/#website","url":"https:\/\/www.miomiorun.com\/de\/","name":"MioMioRun","description":"100% Lauf- und Trailshop","publisher":{"@id":"https:\/\/www.miomiorun.com\/de\/#organization"},"potentialAction":[{"@type":"SearchAction","target":{"@type":"EntryPoint","urlTemplate":"https:\/\/www.miomiorun.com\/de\/?s={search_term_string}"},"query-input":{"@type":"PropertyValueSpecification","valueRequired":true,"valueName":"search_term_string"}}],"inLanguage":"de-DE"},{"@type":"Organization","@id":"https:\/\/www.miomiorun.com\/de\/#organization","name":"MioMio Run","url":"https:\/\/www.miomiorun.com\/de\/","logo":{"@type":"ImageObject","inLanguage":"de-DE","@id":"https:\/\/www.miomiorun.com\/de\/#\/schema\/logo\/image\/","url":"https:\/\/www.miomiorun.com\/app\/uploads\/2019\/12\/logomio.png","contentUrl":"https:\/\/www.miomiorun.com\/app\/uploads\/2019\/12\/logomio.png","width":115,"height":82,"caption":"MioMio Run"},"image":{"@id":"https:\/\/www.miomiorun.com\/de\/#\/schema\/logo\/image\/"},"sameAs":["https:\/\/www.facebook.com\/miomiorun\/","https:\/\/www.instagram.com\/miomiorun\/"]}]}},"_links":{"self":[{"href":"https:\/\/www.miomiorun.com\/de\/wp-json\/wp\/v2\/pages\/72919","targetHints":{"allow":["GET"]}}],"collection":[{"href":"https:\/\/www.miomiorun.com\/de\/wp-json\/wp\/v2\/pages"}],"about":[{"href":"https:\/\/www.miomiorun.com\/de\/wp-json\/wp\/v2\/types\/page"}],"author":[{"embeddable":true,"href":"https:\/\/www.miomiorun.com\/de\/wp-json\/wp\/v2\/users\/3102"}],"replies":[{"embeddable":true,"href":"https:\/\/www.miomiorun.com\/de\/wp-json\/wp\/v2\/comments?post=72919"}],"version-history":[{"count":0,"href":"https:\/\/www.miomiorun.com\/de\/wp-json\/wp\/v2\/pages\/72919\/revisions"}],"wp:attachment":[{"href":"https:\/\/www.miomiorun.com\/de\/wp-json\/wp\/v2\/media?parent=72919"}],"curies":[{"name":"wp","href":"https:\/\/api.w.org\/{rel}","templated":true}]}}