{"id":72881,"date":"2021-06-07T17:36:11","date_gmt":"2021-06-07T15:36:11","guid":{"rendered":"https:\/\/miomiorun.com\/spedizioni-e-resi\/"},"modified":"2026-04-10T10:01:13","modified_gmt":"2026-04-10T08:01:13","slug":"expeditions-and-resorts","status":"publish","type":"page","link":"https:\/\/www.miomiorun.com\/de\/expeditions-and-resorts\/","title":{"rendered":"Sendungen und R\u00fccksendungen"},"content":{"rendered":"<div class=\"vc-row container\"><div class=\"vc-column\"><div class=\"vc-column-text\"><\/p>\n<h2>Versand<\/h2>\n<p>Die Versandkosten richten sich nach dem Bestimmungsland, wie in der nachstehenden Tabelle angegeben.<\/p>\n<div style=\"overflow-x: auto;\">\n<table class=\"responsive-yes\" border=\"1\">\n<thead>\n<tr>\n<td>NATION<\/td>\n<td>VERSANDKOSTEN<\/td>\n<td>FREI VON<\/td>\n<td>LIEFERZEITEN<\/td>\n<\/tr>\n<\/thead>\n<tbody>\n<tr>\n<td>\u00d6STERREICH<\/td>\n<td>10\u20ac<\/td>\n<td>100\u20ac<\/td>\n<td>2 &#8211; 4 DD ab Versand<\/td>\n<\/tr>\n<tr>\n<td>BELGIEN<\/td>\n<td>10\u20ac<\/td>\n<td>100\u20ac<\/td>\n<td>2 &#8211; 4 DD ab Versand<\/td>\n<\/tr>\n<tr>\n<td>BULGARIEN<\/td>\n<td>34\u20ac<\/td>\n<td>340\u20ac<\/td>\n<td>4 &#8211; 6 DD ab Versand<\/td>\n<\/tr>\n<tr>\n<td>ZYPERN<\/td>\n<td>34\u20ac<\/td>\n<td>340\u20ac<\/td>\n<td>4 &#8211; 6 DD ab Versand<\/td>\n<\/tr>\n<tr>\n<td>KROATIEN<\/td>\n<td>18\u20ac<\/td>\n<td>180\u20ac<\/td>\n<td>3 &#8211; 5 DD ab Versand<\/td>\n<\/tr>\n<tr>\n<td>D\u00c4NEMARK<\/td>\n<td>10\u20ac<\/td>\n<td>100\u20ac<\/td>\n<td>2 &#8211; 4 DD ab Versand<\/td>\n<\/tr>\n<tr>\n<td>ESTLAND<\/td>\n<td>18\u20ac<\/td>\n<td>180\u20ac<\/td>\n<td>3 &#8211; 5 DD ab Versand<\/td>\n<\/tr>\n<tr>\n<td>FINNLAND<\/td>\n<td>18\u20ac<\/td>\n<td>180\u20ac<\/td>\n<td>3 &#8211; 5 DD ab Versand<\/td>\n<\/tr>\n<tr>\n<td>FRANKREICH<\/td>\n<td>10\u20ac<\/td>\n<td>100\u20ac<\/td>\n<td>2 &#8211; 4 DD ab Versand<\/td>\n<\/tr>\n<tr>\n<td>DEUTSCHLAND<\/td>\n<td>10\u20ac<\/td>\n<td>100\u20ac<\/td>\n<td>2 &#8211; 4 DD ab Versand<\/td>\n<\/tr>\n<tr>\n<td>GRIECHENLAND<\/td>\n<td>18\u20ac<\/td>\n<td>180\u20ac<\/td>\n<td>3- 5 DD ab Versand<\/td>\n<\/tr>\n<tr>\n<td>ITALIEN<\/td>\n<td>8\u20ac<\/td>\n<td>70\u20ac<\/td>\n<td>24-72h ab Versand<\/td>\n<\/tr>\n<tr>\n<td>LETTLAND<\/td>\n<td>18\u20ac<\/td>\n<td>180\u20ac<\/td>\n<td>3- 5 DD ab Versand<\/td>\n<\/tr>\n<tr>\n<td>LITAUEN<\/td>\n<td>18\u20ac<\/td>\n<td>180\u20ac<\/td>\n<td>3 &#8211; 5 DD ab Versand<\/td>\n<\/tr>\n<tr>\n<td>LUXEMBURG<\/td>\n<td>10\u20ac<\/td>\n<td>100\u20ac<\/td>\n<td>2 &#8211; 4 DD ab Versand<\/td>\n<\/tr>\n<tr>\n<td>NIEDERLANDE<\/td>\n<td>10\u20ac<\/td>\n<td>100\u20ac<\/td>\n<td>2 &#8211; 4 DD ab Versand<\/td>\n<\/tr>\n<tr>\n<td>POLEN<\/td>\n<td>10\u20ac<\/td>\n<td>100\u20ac<\/td>\n<td>2 &#8211; 4 DD ab Versand<\/td>\n<\/tr>\n<tr>\n<td>PORTUGAL<\/td>\n<td>18\u20ac<\/td>\n<td>180\u20ac<\/td>\n<td>3- 5 DD ab Versand<\/td>\n<\/tr>\n<tr>\n<td>TSCHECHISCHE REPUBLIK<\/td>\n<td>10\u20ac<\/td>\n<td>100\u20ac<\/td>\n<td>2 &#8211; 4 DD ab Versand<\/td>\n<\/tr>\n<tr>\n<td>RUM\u00c4NIEN<\/td>\n<td>18\u20ac<\/td>\n<td>180\u20ac<\/td>\n<td>3- 5 DD ab Versand<\/td>\n<\/tr>\n<tr>\n<td>SLOWAKEI<\/td>\n<td>10\u20ac<\/td>\n<td>100\u20ac<\/td>\n<td>2 &#8211; 4 DD ab Versand<\/td>\n<\/tr>\n<tr>\n<td>SLOWENIEN<\/td>\n<td>10\u20ac<\/td>\n<td>100\u20ac<\/td>\n<td>2 &#8211; 4 DD ab Versand<\/td>\n<\/tr>\n<tr>\n<td>SPANIEN<\/td>\n<td>10\u20ac<\/td>\n<td>100\u20ac<\/td>\n<td>2 &#8211; 4 DD ab Versand<\/td>\n<\/tr>\n<tr>\n<td>SCHWEDEN<\/td>\n<td>18\u20ac<\/td>\n<td>180\u20ac<\/td>\n<td>3- 5 DD ab Versand<\/td>\n<\/tr>\n<tr>\n<td>UNGHERIA<\/td>\n<td>10\u20ac<\/td>\n<td>100\u20ac<\/td>\n<td>2 &#8211; 4 DD ab Versand<\/td>\n<\/tr>\n<\/tbody>\n<\/table>\n<\/div>\n<p>Derzeit gibt es keine Lieferungen in andere L\u00e4nder f\u00fcr Direktk\u00e4ufe auf unserer Website. Es ist jedoch m\u00f6glich, ein individuelles Angebot f\u00fcr verschiedene Sendungen anzufordern, indem Sie an die folgende E-Mail-Adresse schreiben <a href=\"mailto:commerciale@miomiorun.com\">commerciale@miomiorun.com<\/a>.<\/p>\n<p>Bei allen K\u00e4ufen per Nachnahme (nur in Italien) wird unabh\u00e4ngig vom Bestellwert ein Zuschlag von 3 \u20ac erhoben.<\/p>\n<p>In Abh\u00e4ngigkeit von der Arbeitsbelastung, der tats\u00e4chlichen Verf\u00fcgbarkeit der Produkte und der vom K\u00e4ufer gew\u00e4hlten Zahlungsmethode versuchen wir, alle eingegangenen Bestellungen so schnell wie m\u00f6glich zu bearbeiten.<\/p>\n<p>Bestellungen, die an Werktagen vor 12 Uhr mittags eingehen, werden in der Regel noch am selben Tag versandt. Bestellungen, die per Bank\u00fcberweisung bezahlt werden, werden am Tag der Bestellung oder am folgenden Tag versandt.<\/p>\n<p>Nach erfolgreichem Versand sendet Desport SRL eine Benachrichtigung \u00fcber die abgeschlossene Bestellung.<\/p>\n<p>Alle Sendungen werden durch Express-Kuriere gemacht, Desport SRL wird dem Kunden Mitteilungen mit der Verfolgung der Sendung zu senden.<\/p>\n<p>Diese Mitteilungen haben rein informativen Charakter und sind in keiner Weise verbindlich, da sie Schwankungen unterliegen, auch aufgrund von Variablen, die nicht direkt dem Luftfahrtunternehmen zuzuschreiben sind.<\/p>\n<p>Die in der obigen Tabelle angegebene durchschnittliche Lieferzeit des Kurierdienstes kann je nach dem Bestimmungsort der Waren variieren.<\/p>\n<h2>R\u00fcckgabe und Umtausch<\/h2>\n<p>R\u00fcckgabeantr\u00e4ge m\u00fcssen \u00fcber ein spezielles Portal eingereicht werden. <a href=\"https:\/\/miomiorun.shipping-portal.com\/rp\/\">Klicken Sie hier<\/a>, um das Portal aufzurufen.<\/p>\n<p>Um eine R\u00fccksendung zu beantragen, werden Sie nach Ihrer Postleitzahl und der Liefer-\/Bestellnummer gefragt.<\/p>\n<p>Der Verbraucher kann die Waren nur nach Genehmigung durch Desport SRL zur\u00fccksenden.\u00a0 Nach Erhalt der Genehmigung muss der Verbraucher die Waren in ihrer Originalverpackung verpacken und das Paket bei der gew\u00e4hlten Sammelstelle abgeben. Der Umtausch oder die R\u00fcckerstattung der Gr\u00f6\u00dfe erfolgt unter den folgenden Bedingungen:<\/p>\n<ul>\n<li>Das Produkt muss mit der \u00fcblichen Sorgfalt gelagert, gehandhabt und gepr\u00fcft worden sein und muss unbesch\u00e4digt, vollst\u00e4ndig in allen Teilen, voll funktionsf\u00e4hig, mit allen Zubeh\u00f6rteilen und Beipackzetteln, mit den noch am Produkt angebrachten Kennzeichnungsschildern, Etiketten und dem Einwegsiegel, sofern vorhanden, unversehrt und unbeeintr\u00e4chtigt zur\u00fcckgegeben werden sowie f\u00fcr den vorgesehenen Verwendungszweck einwandfrei geeignet sein und keine Anzeichen von Abnutzung oder Verschmutzung aufweisen.<\/li>\n<li>Au\u00dferdem gilt die R\u00fcckgabe f\u00fcr das gesamte Produkt. Die R\u00fcckgabe kann daher nicht in Bezug auf Teile und\/oder Zubeh\u00f6r des Produkts ausge\u00fcbt werden. Falls die Seriennummer des Produkts auf der Verpackung angegeben ist, ist sie Teil des Produkts und muss daher in der Originalverpackung zur\u00fcckgeschickt werden, die in eine zus\u00e4tzliche Verpackung gelegt werden muss, da kein anderes Etikett oder Klebeband darauf angebracht werden darf.<\/li>\n<li>Das Material muss in der unbesch\u00e4digten Originalverpackung zur\u00fcckgeschickt werden, die in eine zus\u00e4tzliche Verpackung gelegt werden muss, und es darf kein anderes Etikett oder Klebeband daran angebracht werden.<\/li>\n<li>Dem zur\u00fcckgesandten Material ist ein Dokument beizuf\u00fcgen, aus dem die Nummer und das Datum der Rechnung f\u00fcr das Produkt hervorgehen.<\/li>\n<li>Garmin-Ger\u00e4te d\u00fcrfen nicht eingeschaltet und auf Garmin-Servern (Garmin Connect, Garmin Express usw.) registriert sein.<\/li>\n<\/ul>\n<p>Je nach Verf\u00fcgbarkeit des Lagers wird Desport SRL die Genehmigung f\u00fcr die Gr\u00f6\u00dfen\u00e4nderung erteilen oder im Falle der Nichtverf\u00fcgbarkeit eine alternative L\u00f6sung vorschlagen, die in Bezug auf den Preis und die technischen Merkmale als angemessen erachtet wird.<\/p>\n<p>Der Kunde muss das Paket nach Anbringung des Etiketts in der Originalverpackung an der gew\u00e4hlten Abholstelle abgeben.<\/p>\n<p>Sobald die R\u00fccksendung eingegangen ist und die Unversehrtheit des Pakets, einschlie\u00dflich der Verpackung, \u00fcberpr\u00fcft wurde, wird Desport SRL den gew\u00fcnschten Artikel versenden oder eine R\u00fcckerstattung vornehmen.<\/p>\n<p>Der Kunde hat nur Anspruch auf eine Gr\u00f6\u00dfen\u00e4nderung pro Bestellung.<\/p>\n<p>Eine \u00c4nderung der Gr\u00f6\u00dfe hat den Verlust des R\u00fccktrittsrechts des Kunden zur Folge.<\/div><\/div><\/div>\n","protected":false},"excerpt":{"rendered":"","protected":false},"author":3102,"featured_media":0,"parent":0,"menu_order":0,"comment_status":"closed","ping_status":"closed","template":"","meta":{"_acf_changed":false,"inline_featured_image":[],"footnotes":""},"class_list":["post-72881","page","type-page","status-publish","hentry"],"acf":[],"yoast_head":"<!-- This site is optimized with the Yoast SEO plugin v26.8 - https:\/\/yoast.com\/product\/yoast-seo-wordpress\/ -->\n<title>Sendungen und R\u00fccksendungen - MioMioRun<\/title>\n<meta name=\"robots\" content=\"index, follow, max-snippet:-1, max-image-preview:large, max-video-preview:-1\" \/>\n<link rel=\"canonical\" href=\"https:\/\/www.miomiorun.com\/de\/expeditions-and-resorts\/\" \/>\n<meta property=\"og:locale\" content=\"de_DE\" \/>\n<meta property=\"og:type\" content=\"article\" \/>\n<meta property=\"og:title\" content=\"Sendungen und R\u00fccksendungen - MioMioRun\" \/>\n<meta property=\"og:url\" content=\"https:\/\/www.miomiorun.com\/de\/expeditions-and-resorts\/\" \/>\n<meta property=\"og:site_name\" content=\"MioMioRun\" \/>\n<meta property=\"article:publisher\" content=\"https:\/\/www.facebook.com\/miomiorun\/\" \/>\n<meta property=\"article:modified_time\" content=\"2026-04-10T08:01:13+00:00\" \/>\n<meta name=\"twitter:card\" content=\"summary_large_image\" \/>\n<meta name=\"twitter:label1\" content=\"Est. reading time\" \/>\n\t<meta name=\"twitter:data1\" content=\"5 minutes\" \/>\n<script type=\"application\/ld+json\" class=\"yoast-schema-graph\">{\"@context\":\"https:\/\/schema.org\",\"@graph\":[{\"@type\":\"WebPage\",\"@id\":\"https:\/\/www.miomiorun.com\/de\/expeditions-and-resorts\/\",\"url\":\"https:\/\/www.miomiorun.com\/de\/expeditions-and-resorts\/\",\"name\":\"Sendungen und R\u00fccksendungen - MioMioRun\",\"isPartOf\":{\"@id\":\"https:\/\/www.miomiorun.com\/de\/#website\"},\"datePublished\":\"2021-06-07T15:36:11+00:00\",\"dateModified\":\"2026-04-10T08:01:13+00:00\",\"breadcrumb\":{\"@id\":\"https:\/\/www.miomiorun.com\/de\/expeditions-and-resorts\/#breadcrumb\"},\"inLanguage\":\"de-DE\",\"potentialAction\":[{\"@type\":\"ReadAction\",\"target\":[\"https:\/\/www.miomiorun.com\/de\/expeditions-and-resorts\/\"]}]},{\"@type\":\"BreadcrumbList\",\"@id\":\"https:\/\/www.miomiorun.com\/de\/expeditions-and-resorts\/#breadcrumb\",\"itemListElement\":[{\"@type\":\"ListItem\",\"position\":1,\"name\":\"Home\",\"item\":\"https:\/\/www.miomiorun.com\/de\/\"},{\"@type\":\"ListItem\",\"position\":2,\"name\":\"Sendungen und R\u00fccksendungen\"}]},{\"@type\":\"WebSite\",\"@id\":\"https:\/\/www.miomiorun.com\/de\/#website\",\"url\":\"https:\/\/www.miomiorun.com\/de\/\",\"name\":\"MioMioRun\",\"description\":\"100% Lauf- und Trailshop\",\"publisher\":{\"@id\":\"https:\/\/www.miomiorun.com\/de\/#organization\"},\"potentialAction\":[{\"@type\":\"SearchAction\",\"target\":{\"@type\":\"EntryPoint\",\"urlTemplate\":\"https:\/\/www.miomiorun.com\/de\/?s={search_term_string}\"},\"query-input\":{\"@type\":\"PropertyValueSpecification\",\"valueRequired\":true,\"valueName\":\"search_term_string\"}}],\"inLanguage\":\"de-DE\"},{\"@type\":\"Organization\",\"@id\":\"https:\/\/www.miomiorun.com\/de\/#organization\",\"name\":\"MioMio Run\",\"url\":\"https:\/\/www.miomiorun.com\/de\/\",\"logo\":{\"@type\":\"ImageObject\",\"inLanguage\":\"de-DE\",\"@id\":\"https:\/\/www.miomiorun.com\/de\/#\/schema\/logo\/image\/\",\"url\":\"https:\/\/www.miomiorun.com\/app\/uploads\/2019\/12\/logomio.png\",\"contentUrl\":\"https:\/\/www.miomiorun.com\/app\/uploads\/2019\/12\/logomio.png\",\"width\":115,\"height\":82,\"caption\":\"MioMio Run\"},\"image\":{\"@id\":\"https:\/\/www.miomiorun.com\/de\/#\/schema\/logo\/image\/\"},\"sameAs\":[\"https:\/\/www.facebook.com\/miomiorun\/\",\"https:\/\/www.instagram.com\/miomiorun\/\"]}]}<\/script>\n<!-- \/ Yoast SEO plugin. -->","yoast_head_json":{"title":"Sendungen und R\u00fccksendungen - MioMioRun","robots":{"index":"index","follow":"follow","max-snippet":"max-snippet:-1","max-image-preview":"max-image-preview:large","max-video-preview":"max-video-preview:-1"},"canonical":"https:\/\/www.miomiorun.com\/de\/expeditions-and-resorts\/","og_locale":"de_DE","og_type":"article","og_title":"Sendungen und R\u00fccksendungen - MioMioRun","og_url":"https:\/\/www.miomiorun.com\/de\/expeditions-and-resorts\/","og_site_name":"MioMioRun","article_publisher":"https:\/\/www.facebook.com\/miomiorun\/","article_modified_time":"2026-04-10T08:01:13+00:00","twitter_card":"summary_large_image","twitter_misc":{"Est. reading time":"5 minutes"},"schema":{"@context":"https:\/\/schema.org","@graph":[{"@type":"WebPage","@id":"https:\/\/www.miomiorun.com\/de\/expeditions-and-resorts\/","url":"https:\/\/www.miomiorun.com\/de\/expeditions-and-resorts\/","name":"Sendungen und R\u00fccksendungen - MioMioRun","isPartOf":{"@id":"https:\/\/www.miomiorun.com\/de\/#website"},"datePublished":"2021-06-07T15:36:11+00:00","dateModified":"2026-04-10T08:01:13+00:00","breadcrumb":{"@id":"https:\/\/www.miomiorun.com\/de\/expeditions-and-resorts\/#breadcrumb"},"inLanguage":"de-DE","potentialAction":[{"@type":"ReadAction","target":["https:\/\/www.miomiorun.com\/de\/expeditions-and-resorts\/"]}]},{"@type":"BreadcrumbList","@id":"https:\/\/www.miomiorun.com\/de\/expeditions-and-resorts\/#breadcrumb","itemListElement":[{"@type":"ListItem","position":1,"name":"Home","item":"https:\/\/www.miomiorun.com\/de\/"},{"@type":"ListItem","position":2,"name":"Sendungen und R\u00fccksendungen"}]},{"@type":"WebSite","@id":"https:\/\/www.miomiorun.com\/de\/#website","url":"https:\/\/www.miomiorun.com\/de\/","name":"MioMioRun","description":"100% Lauf- und Trailshop","publisher":{"@id":"https:\/\/www.miomiorun.com\/de\/#organization"},"potentialAction":[{"@type":"SearchAction","target":{"@type":"EntryPoint","urlTemplate":"https:\/\/www.miomiorun.com\/de\/?s={search_term_string}"},"query-input":{"@type":"PropertyValueSpecification","valueRequired":true,"valueName":"search_term_string"}}],"inLanguage":"de-DE"},{"@type":"Organization","@id":"https:\/\/www.miomiorun.com\/de\/#organization","name":"MioMio Run","url":"https:\/\/www.miomiorun.com\/de\/","logo":{"@type":"ImageObject","inLanguage":"de-DE","@id":"https:\/\/www.miomiorun.com\/de\/#\/schema\/logo\/image\/","url":"https:\/\/www.miomiorun.com\/app\/uploads\/2019\/12\/logomio.png","contentUrl":"https:\/\/www.miomiorun.com\/app\/uploads\/2019\/12\/logomio.png","width":115,"height":82,"caption":"MioMio Run"},"image":{"@id":"https:\/\/www.miomiorun.com\/de\/#\/schema\/logo\/image\/"},"sameAs":["https:\/\/www.facebook.com\/miomiorun\/","https:\/\/www.instagram.com\/miomiorun\/"]}]}},"_links":{"self":[{"href":"https:\/\/www.miomiorun.com\/de\/wp-json\/wp\/v2\/pages\/72881","targetHints":{"allow":["GET"]}}],"collection":[{"href":"https:\/\/www.miomiorun.com\/de\/wp-json\/wp\/v2\/pages"}],"about":[{"href":"https:\/\/www.miomiorun.com\/de\/wp-json\/wp\/v2\/types\/page"}],"author":[{"embeddable":true,"href":"https:\/\/www.miomiorun.com\/de\/wp-json\/wp\/v2\/users\/3102"}],"replies":[{"embeddable":true,"href":"https:\/\/www.miomiorun.com\/de\/wp-json\/wp\/v2\/comments?post=72881"}],"version-history":[{"count":1,"href":"https:\/\/www.miomiorun.com\/de\/wp-json\/wp\/v2\/pages\/72881\/revisions"}],"predecessor-version":[{"id":428158,"href":"https:\/\/www.miomiorun.com\/de\/wp-json\/wp\/v2\/pages\/72881\/revisions\/428158"}],"wp:attachment":[{"href":"https:\/\/www.miomiorun.com\/de\/wp-json\/wp\/v2\/media?parent=72881"}],"curies":[{"name":"wp","href":"https:\/\/api.w.org\/{rel}","templated":true}]}}