{"id":72759,"date":"2019-11-21T18:25:06","date_gmt":"2019-11-21T17:25:06","guid":{"rendered":"https:\/\/miomiorun.com\/condizioni-di-vendita\/"},"modified":"2022-05-30T18:18:09","modified_gmt":"2022-05-30T16:18:09","slug":"verkaufsbedingungen","status":"publish","type":"page","link":"https:\/\/www.miomiorun.com\/de\/verkaufsbedingungen\/","title":{"rendered":"Verkaufsbedingungen"},"content":{"rendered":"<p><div class=\"vc-row container\"><div class=\"vc-column\"><\/div><\/div><div class=\"vc-row container\"><div class=\"vc-column\"><div class=\"vc-column-text\"><\/p>\n<h3><strong>Jede Bestellung bedeutet die ausdr\u00fcckliche Annahme der angegebenen Regeln und Verkaufsbedingungen.<br \/>\nDie Produkte werden innerhalb des gesamten Staatsgebiets per Kurierdienst zugestellt.<\/strong><\/h3>\n<p>&nbsp;<\/p>\n<p>&nbsp;<\/p>\n<h2>\u00c4nderungen bestellen<\/h2>\n<p>Um Unstimmigkeiten zu vermeiden, m\u00fcssen auch alle \u00c4nderungsw\u00fcnsche bei nicht in Rechnung gestellten Auftr\u00e4gen immer schriftlich (per E-Mail) und nicht m\u00fcndlich erfolgen. Die \u00c4nderung kann nicht garantiert werden, wenn Ablesung und Empfang nicht \u00fcbereinstimmen.<\/p>\n<p>&nbsp;<\/p>\n<h2>Produktdatenbl\u00e4tter<\/h2>\n<p>Das technische Datenblatt und die Abbildungen eines Produkts sind m\u00f6glicherweise nicht vollst\u00e4ndig und ersch\u00f6pfend in Bezug auf seine Eigenschaften. Die auf der Website enthaltenen technischen Informationen geben die Angaben der Hersteller der im Katalog aufgef\u00fchrten Waren getreu wieder. Desport SRL beh\u00e4lt sich das Recht vor, die technischen Daten der Produkte zu \u00e4ndern, um sie an die von den Herstellern bereitgestellten Daten anzupassen, ohne dass eine vorherige Ank\u00fcndigung erforderlich ist. Es versteht sich von selbst, dass die Bilder, die die Beschreibung eines Produkts begleiten, m\u00f6glicherweise nicht vollkommen repr\u00e4sentativ f\u00fcr seine Eigenschaften sind. Alle Informationen zur Kaufunterst\u00fctzung sind lediglich als allgemeines Informationsmaterial gedacht und beziehen sich nicht auf die tats\u00e4chlichen Eigenschaften jedes einzelnen Produkts.<br \/>\nF\u00fcr weitere Informationen: E-Mail:\u00a0<a href=\"mailto:commerciale@miomiorun.com\" target=\"_blank\" rel=\"noopener noreferrer\">commerciale@miomiorun.com<\/a><\/p>\n<p>&nbsp;<\/p>\n<h2>Verf\u00fcgbarkeit der Produkte<\/h2>\n<p>Die zum Zeitpunkt des angezeigten Produkts verf\u00fcgbare Formulierung ist rein indikativ f\u00fcr die M\u00f6glichkeit von Mehrfachk\u00e4ufen zur gleichen Zeit durch mehrere Nutzer oder \u00dcberbest\u00e4nden.<br \/>\nAus diesem Grund beh\u00e4lt sich Desport SRL das Recht vor, die Verf\u00fcgbarkeit der Ware zu pr\u00fcfen und, falls dies nicht der Fall ist, die Nichtannahme der Bestellung unverz\u00fcglich mitzuteilen.<br \/>\nDie Firma Desport SRL kann nicht haftbar gemacht werden.<br \/>\nDer ordnungsgem\u00e4\u00dfe Eingang der Bestellung wird von Desport SRL durch eine E-Mail-Antwort best\u00e4tigt, die an die vom Kunden mitgeteilte E-Mail-Adresse gesendet wird und eine Auftragsbest\u00e4tigung mit allen zur Identifizierung des Verk\u00e4ufers notwendigen Informationen enth\u00e4lt und die der Kunde aufbewahren muss.<br \/>\nIn dieser Best\u00e4tigungsmeldung werden alle vom Kunden eingegebenen Daten wiederholt. Der Kunde verpflichtet sich, diese auf ihre Richtigkeit zu \u00fcberpr\u00fcfen und eventuelle Korrekturen unverz\u00fcglich mitzuteilen.<br \/>\nMit der Aufgabe der Bestellung auf der Website www.miomiorun.com erkl\u00e4rt der Kunde, dass er die Verkaufsbedingungen, die vorgeschlagenen Zahlungsmodalit\u00e4ten und den gesamten Kaufvorgang gelesen hat.<\/p>\n<h2>Sendungen und R\u00fccksendungen<\/h2>\n<p>Die Versandkosten und -zeiten sowie die R\u00fcckgabemodalit\u00e4ten f\u00fcr den Gr\u00f6\u00dfenumtausch oder die R\u00fcckerstattung finden Sie auf der entsprechenden Seite, indem <a href=\"https:\/\/miomiorun.com\/de\/expeditions-and-resorts\/\">Sie hier klicken<\/a>.<\/p>\n<h2>Zahlungen<\/h2>\n<p>Alle Zahlungen f\u00fcr Bestellungen sind im Voraus vor der Lieferung der Waren zu leisten.<\/p>\n<p>Bei einer Zahlung per PayPal, Kreditkarte oder Nachnahme wird die Bestellung sofort bearbeitet.<\/p>\n<p>Bei Zahlung per Bank\u00fcberweisung beh\u00e4lt sich der Verk\u00e4ufer das Recht vor, die Gutschrift des f\u00e4lligen Betrages abzuwarten, bevor er mit dem Versand fortf\u00e4hrt.<\/p>\n<h2>Gesetzliche Garantie<\/h2>\n<p>Der K\u00e4ufer hat Anspruch auf eine 24-monatige gesetzliche Garantie auf die auf www.miomiorun.com gekauften Produkte.<\/p>\n<p>Die Garantie gilt nur und ausschlie\u00dflich f\u00fcr offensichtliche M\u00e4ngel und\/oder Fehlfunktionen, die auf die Herstellung zur\u00fcckzuf\u00fchren sind.<\/p>\n<p>Von der Garantie ausgeschlossen sind Sch\u00e4den und\/oder M\u00e4ngel, die dem Kunden direkt zuzuschreiben sind und in jedem Fall nicht direkt auf Herstellungsfehler zur\u00fcckzuf\u00fchren sind.<\/p>\n<p>Ebenfalls von der Garantie ausgeschlossen sind alle Zubeh\u00f6rteile und Utensilien, die leicht besch\u00e4digt werden k\u00f6nnen (z. B. Schuhsohlen, Riemen und Ladekabel f\u00fcr elektronische Ger\u00e4te usw.). ), es sei denn, der Verk\u00e4ufer und\/oder der Hersteller geben die Haftung direkt zu.<\/p>\n<p>In einigen F\u00e4llen kann der Kunde vom Verk\u00e4ufer direkt an den Hersteller verwiesen werden.<\/p>\n<h2><strong>Verantwortung\u00a0<\/strong><\/h2>\n<p>De Sport SRL haftet nicht f\u00fcr Unzul\u00e4nglichkeiten, die auf h\u00f6here Gewalt jeglicher Art zur\u00fcckzuf\u00fchren sind, wenn sie nicht in der Lage ist, den Vertrag innerhalb des vereinbarten Zeitrahmens auszuf\u00fchren.<br \/>\nDe Sport SRL haftet nicht f\u00fcr Sch\u00e4den, Verluste und Kosten, die sich aus der Nichterf\u00fcllung des Vertrages, aus welchem Grund auch immer, ergeben; der K\u00e4ufer hat lediglich Anspruch auf die vollst\u00e4ndige Erstattung des gezahlten Preises.<br \/>\nFalls aus irgendeinem Grund (Fehler in unseren Systemen, menschliches Versagen usw.) ein falscher und\/oder eindeutig l\u00e4cherlicher Preis ver\u00f6ffentlicht wird, wird der Auftrag storniert, auch wenn er zun\u00e4chst best\u00e4tigt wurde.<\/p>\n<p>&nbsp;<\/p>\n<h2><strong>Pflichten des Erwerbers\u00a0<\/strong><\/h2>\n<p>Der K\u00e4ufer verpflichtet sich und ist verpflichtet, nach Abschluss des Online-Kaufs die Verkaufsbedingungen zu lesen.<br \/>\nDie in den vorliegenden Verkaufsbedingungen enthaltenen Informationen wurden im \u00dcbrigen bereits eingesehen und akzeptiert, da dieser Schritt vor der Kaufbest\u00e4tigung obligatorisch ist, um die in den Artikeln 52 und 53 des Gesetzesdekrets 206\/2005 festgelegte Bedingung vollst\u00e4ndig zu erf\u00fcllen.<\/p>\n<p>&nbsp;<\/p>\n<h2><strong>Rechtsstreitigkeiten<\/strong><\/h2>\n<p>Der K\u00e4ufer und Desport SRL vereinbaren, dass alle Streitigkeiten im Zusammenhang mit der Anwendung, Erf\u00fcllung, Auslegung und Verletzung des online \u00fcber die Website miomiorun.com abgeschlossenen Kaufvertrags der italienischen Gerichtsbarkeit unterliegen und dem italienischen Recht unterliegen.<br \/>\nWenn der K\u00e4ufer ein Verbraucher ist<br \/>\nF\u00fcr alle Streitigkeiten zwischen den Parteien im Zusammenhang mit diesem Vertrag ist das Gericht des Wohnsitzes des K\u00e4ufers zust\u00e4ndig, sofern dieser auf italienischem Staatsgebiet liegt.<br \/>\nHat der K\u00e4ufer keinen Wohnsitz oder Aufenthalt im italienischen Hoheitsgebiet, so ist das von der klagenden Partei gew\u00e4hlte Gericht zust\u00e4ndig, und zwar stets im italienischen Hoheitsgebiet.<br \/>\n* Gem\u00e4\u00df Gesetzesdekret Nr. 206\/2005 ist &#8220;Verbraucher&#8221; eine nat\u00fcrliche Person, die [&#8230;] zu Zwecken handelt, die nicht mit einer ausge\u00fcbten beruflichen T\u00e4tigkeit verbunden sind.<br \/>\nF\u00fcr den Fall, dass der K\u00e4ufer kein Verbraucher ist und nicht unter die Definition des Gesetzesdekrets 206\/2005 f\u00e4llt.<br \/>\nF\u00fcr alle Streitigkeiten, die sich aus der Auslegung und Ausf\u00fchrung dieses Vertrags ergeben, ist ausschlie\u00dflich die Gerichtsbarkeit des Gerichts von Treviso (TV) zust\u00e4ndig.<\/p>\n<p>&nbsp;<\/p>\n<h2><strong>Dienststunden<\/strong><\/h2>\n<p>Der Dienst ist von Dienstag bis Samstag zu folgenden Zeiten verf\u00fcgbar: 09.30 &#8211; 12.30 Uhr 15.30 &#8211; 19.30 Uhr<br \/>\nF\u00fcr weitere Informationen: E-Mail: <a href=\"mailto:commerciale@miomiorun.com\" target=\"_blank\" rel=\"noopener noreferrer\">commerciale@miomiorun.com<\/a><\/div><\/div><\/div><div class=\"vc-row container\"><div class=\"vc-column\"><hr class=\"vc-separator\"><\/div><\/div><\/p>\n","protected":false},"excerpt":{"rendered":"","protected":false},"author":3102,"featured_media":0,"parent":0,"menu_order":0,"comment_status":"closed","ping_status":"closed","template":"","meta":{"_acf_changed":false,"inline_featured_image":[],"footnotes":""},"class_list":["post-72759","page","type-page","status-publish","hentry"],"acf":[],"yoast_head":"<!-- This site is optimized with the Yoast SEO plugin v26.8 - https:\/\/yoast.com\/product\/yoast-seo-wordpress\/ -->\n<title>Verkaufsbedingungen - MioMioRun<\/title>\n<meta name=\"robots\" content=\"index, follow, max-snippet:-1, max-image-preview:large, max-video-preview:-1\" \/>\n<link rel=\"canonical\" href=\"https:\/\/www.miomiorun.com\/de\/verkaufsbedingungen\/\" \/>\n<meta property=\"og:locale\" content=\"de_DE\" \/>\n<meta property=\"og:type\" content=\"article\" \/>\n<meta property=\"og:title\" content=\"Verkaufsbedingungen - MioMioRun\" \/>\n<meta property=\"og:url\" content=\"https:\/\/www.miomiorun.com\/de\/verkaufsbedingungen\/\" \/>\n<meta property=\"og:site_name\" content=\"MioMioRun\" \/>\n<meta property=\"article:publisher\" content=\"https:\/\/www.facebook.com\/miomiorun\/\" \/>\n<meta property=\"article:modified_time\" content=\"2022-05-30T16:18:09+00:00\" \/>\n<meta name=\"twitter:card\" content=\"summary_large_image\" \/>\n<meta name=\"twitter:label1\" content=\"Est. reading time\" \/>\n\t<meta name=\"twitter:data1\" content=\"4 minutes\" \/>\n<script type=\"application\/ld+json\" class=\"yoast-schema-graph\">{\"@context\":\"https:\/\/schema.org\",\"@graph\":[{\"@type\":\"WebPage\",\"@id\":\"https:\/\/www.miomiorun.com\/de\/verkaufsbedingungen\/\",\"url\":\"https:\/\/www.miomiorun.com\/de\/verkaufsbedingungen\/\",\"name\":\"Verkaufsbedingungen - MioMioRun\",\"isPartOf\":{\"@id\":\"https:\/\/www.miomiorun.com\/de\/#website\"},\"datePublished\":\"2019-11-21T17:25:06+00:00\",\"dateModified\":\"2022-05-30T16:18:09+00:00\",\"breadcrumb\":{\"@id\":\"https:\/\/www.miomiorun.com\/de\/verkaufsbedingungen\/#breadcrumb\"},\"inLanguage\":\"de-DE\",\"potentialAction\":[{\"@type\":\"ReadAction\",\"target\":[\"https:\/\/www.miomiorun.com\/de\/verkaufsbedingungen\/\"]}]},{\"@type\":\"BreadcrumbList\",\"@id\":\"https:\/\/www.miomiorun.com\/de\/verkaufsbedingungen\/#breadcrumb\",\"itemListElement\":[{\"@type\":\"ListItem\",\"position\":1,\"name\":\"Home\",\"item\":\"https:\/\/www.miomiorun.com\/de\/\"},{\"@type\":\"ListItem\",\"position\":2,\"name\":\"Verkaufsbedingungen\"}]},{\"@type\":\"WebSite\",\"@id\":\"https:\/\/www.miomiorun.com\/de\/#website\",\"url\":\"https:\/\/www.miomiorun.com\/de\/\",\"name\":\"MioMioRun\",\"description\":\"100% Lauf- und Trailshop\",\"publisher\":{\"@id\":\"https:\/\/www.miomiorun.com\/de\/#organization\"},\"potentialAction\":[{\"@type\":\"SearchAction\",\"target\":{\"@type\":\"EntryPoint\",\"urlTemplate\":\"https:\/\/www.miomiorun.com\/de\/?s={search_term_string}\"},\"query-input\":{\"@type\":\"PropertyValueSpecification\",\"valueRequired\":true,\"valueName\":\"search_term_string\"}}],\"inLanguage\":\"de-DE\"},{\"@type\":\"Organization\",\"@id\":\"https:\/\/www.miomiorun.com\/de\/#organization\",\"name\":\"MioMio Run\",\"url\":\"https:\/\/www.miomiorun.com\/de\/\",\"logo\":{\"@type\":\"ImageObject\",\"inLanguage\":\"de-DE\",\"@id\":\"https:\/\/www.miomiorun.com\/de\/#\/schema\/logo\/image\/\",\"url\":\"https:\/\/www.miomiorun.com\/app\/uploads\/2019\/12\/logomio.png\",\"contentUrl\":\"https:\/\/www.miomiorun.com\/app\/uploads\/2019\/12\/logomio.png\",\"width\":115,\"height\":82,\"caption\":\"MioMio Run\"},\"image\":{\"@id\":\"https:\/\/www.miomiorun.com\/de\/#\/schema\/logo\/image\/\"},\"sameAs\":[\"https:\/\/www.facebook.com\/miomiorun\/\",\"https:\/\/www.instagram.com\/miomiorun\/\"]}]}<\/script>\n<!-- \/ Yoast SEO plugin. -->","yoast_head_json":{"title":"Verkaufsbedingungen - MioMioRun","robots":{"index":"index","follow":"follow","max-snippet":"max-snippet:-1","max-image-preview":"max-image-preview:large","max-video-preview":"max-video-preview:-1"},"canonical":"https:\/\/www.miomiorun.com\/de\/verkaufsbedingungen\/","og_locale":"de_DE","og_type":"article","og_title":"Verkaufsbedingungen - MioMioRun","og_url":"https:\/\/www.miomiorun.com\/de\/verkaufsbedingungen\/","og_site_name":"MioMioRun","article_publisher":"https:\/\/www.facebook.com\/miomiorun\/","article_modified_time":"2022-05-30T16:18:09+00:00","twitter_card":"summary_large_image","twitter_misc":{"Est. reading time":"4 minutes"},"schema":{"@context":"https:\/\/schema.org","@graph":[{"@type":"WebPage","@id":"https:\/\/www.miomiorun.com\/de\/verkaufsbedingungen\/","url":"https:\/\/www.miomiorun.com\/de\/verkaufsbedingungen\/","name":"Verkaufsbedingungen - MioMioRun","isPartOf":{"@id":"https:\/\/www.miomiorun.com\/de\/#website"},"datePublished":"2019-11-21T17:25:06+00:00","dateModified":"2022-05-30T16:18:09+00:00","breadcrumb":{"@id":"https:\/\/www.miomiorun.com\/de\/verkaufsbedingungen\/#breadcrumb"},"inLanguage":"de-DE","potentialAction":[{"@type":"ReadAction","target":["https:\/\/www.miomiorun.com\/de\/verkaufsbedingungen\/"]}]},{"@type":"BreadcrumbList","@id":"https:\/\/www.miomiorun.com\/de\/verkaufsbedingungen\/#breadcrumb","itemListElement":[{"@type":"ListItem","position":1,"name":"Home","item":"https:\/\/www.miomiorun.com\/de\/"},{"@type":"ListItem","position":2,"name":"Verkaufsbedingungen"}]},{"@type":"WebSite","@id":"https:\/\/www.miomiorun.com\/de\/#website","url":"https:\/\/www.miomiorun.com\/de\/","name":"MioMioRun","description":"100% Lauf- und Trailshop","publisher":{"@id":"https:\/\/www.miomiorun.com\/de\/#organization"},"potentialAction":[{"@type":"SearchAction","target":{"@type":"EntryPoint","urlTemplate":"https:\/\/www.miomiorun.com\/de\/?s={search_term_string}"},"query-input":{"@type":"PropertyValueSpecification","valueRequired":true,"valueName":"search_term_string"}}],"inLanguage":"de-DE"},{"@type":"Organization","@id":"https:\/\/www.miomiorun.com\/de\/#organization","name":"MioMio Run","url":"https:\/\/www.miomiorun.com\/de\/","logo":{"@type":"ImageObject","inLanguage":"de-DE","@id":"https:\/\/www.miomiorun.com\/de\/#\/schema\/logo\/image\/","url":"https:\/\/www.miomiorun.com\/app\/uploads\/2019\/12\/logomio.png","contentUrl":"https:\/\/www.miomiorun.com\/app\/uploads\/2019\/12\/logomio.png","width":115,"height":82,"caption":"MioMio Run"},"image":{"@id":"https:\/\/www.miomiorun.com\/de\/#\/schema\/logo\/image\/"},"sameAs":["https:\/\/www.facebook.com\/miomiorun\/","https:\/\/www.instagram.com\/miomiorun\/"]}]}},"_links":{"self":[{"href":"https:\/\/www.miomiorun.com\/de\/wp-json\/wp\/v2\/pages\/72759","targetHints":{"allow":["GET"]}}],"collection":[{"href":"https:\/\/www.miomiorun.com\/de\/wp-json\/wp\/v2\/pages"}],"about":[{"href":"https:\/\/www.miomiorun.com\/de\/wp-json\/wp\/v2\/types\/page"}],"author":[{"embeddable":true,"href":"https:\/\/www.miomiorun.com\/de\/wp-json\/wp\/v2\/users\/3102"}],"replies":[{"embeddable":true,"href":"https:\/\/www.miomiorun.com\/de\/wp-json\/wp\/v2\/comments?post=72759"}],"version-history":[{"count":0,"href":"https:\/\/www.miomiorun.com\/de\/wp-json\/wp\/v2\/pages\/72759\/revisions"}],"wp:attachment":[{"href":"https:\/\/www.miomiorun.com\/de\/wp-json\/wp\/v2\/media?parent=72759"}],"curies":[{"name":"wp","href":"https:\/\/api.w.org\/{rel}","templated":true}]}}