{"id":72522,"date":"2021-11-15T18:29:06","date_gmt":"2021-11-15T17:29:06","guid":{"rendered":"https:\/\/miomiorun.com\/gift-card\/"},"modified":"2022-05-26T19:36:24","modified_gmt":"2022-05-26T17:36:24","slug":"gift-card","status":"publish","type":"page","link":"https:\/\/www.miomiorun.com\/de\/gift-card\/","title":{"rendered":"Geschenkkarte"},"content":{"rendered":"<p><div class=\"vc-row container\"><div class=\"vc-column\"><div class=\"vc-column-text\"><\/p>\n<h2 style=\"text-align: center;\"><span style=\"font-size: 32px;\">Gift Card<\/span>\u00a0das perfekte Geschenk<\/h2>\n<p><\/div><\/div><\/div><div class=\"vc-row container\"><div class=\"vc-column\"><hr class=\"vc-separator\"><\/div><\/div><div class=\"vc-row container\"><div class=\"vc-column\"><div class=\"vc-column-text\"><\/p>\n<h2 style=\"text-align: center;\">SCHENKEN EINE GESCHENKKARTE KAUFEN<\/h2>\n<p><\/div><div class=\"vc-column-text\"><\/p>\n<div class=\"page-header\"><\/div>\n<div class=\"left_cont\">\n<div>\n<h3>Wie funktioniert das?<\/h3>\n<p>Lassen Sie den Empf\u00e4nger Ihres Geschenks sein eigenes Geschenk in unserem Online-Shop ausw\u00e4hlen.<br \/>\nKaufen Sie die Geschenkkarte f\u00fcr den gew\u00fcnschten Betrag in nur wenigen Sekunden; Sie k\u00f6nnen entscheiden, ob Sie sie direkt an den Empf\u00e4nger senden (per E-Mail) oder selbst empfangen (ebenfalls per E-Mail) und sp\u00e4ter an die gew\u00fcnschte Person aush\u00e4ndigen.<br \/>\nSpeziell, sicher und schnell.<\/p>\n<p>\u2022 Ein Geschenkgutschein f\u00fcr MioMioRun hat immer eine besondere Wirkung auf den Beschenkten: Er kann aus dem Sortiment des dem Laufsport gewidmeten Gesch\u00e4fts mit dem ersten Garmin-Shop Italiens w\u00e4hlen.<br \/>\n\u2022 Sicher, wie alle Eink\u00e4ufe auf MioMioRun.com: keine \u00dcberraschungen, maximale Transparenz.<br \/>\n\u2022\u00a0Schnell: Sie k\u00f6nnen Ihre Geschenkkarte jederzeit kaufen (sogar in der Weihnachtsnacht) und im Handumdrehen wird sie dem Empf\u00e4nger zugestellt. Sie werden nie wieder mit Ihren Geschenken zu sp\u00e4t kommen!<\/p>\n<p>&nbsp;<\/p>\n<h3 style=\"text-align: left;\">Haben Sie eine Geschenkkarte erhalten?<\/h3>\n<\/div>\n<\/div>\n<p><\/div><div class=\"row\"><div class=\"col-md-12\"><a href=\"\/de\/wie-man-eine-geschenkkarte-verwendet\/\" class=\"vc-btn btn btn-primary btn-xl btn-flat\">Finden Sie heraus, wie<\/a><\/div><\/div><\/div><div class=\"vc-column\"><div class=\"vc-column-text\"><\/p>\n<h2 style=\"text-align: center;\">W\u00c4HLEN SIE IHRE GESCHENKKARTE<\/h2>\n<p><\/div><figure class=\"vc-single-image-caption\"><a href=\"https:\/\/miomiorun.com\/buono-regalo\/?attribute_gift-card-amount=\u20ac10,00\" class=\"vc-single-image-link\"><img loading=\"lazy\" decoding=\"async\" width=\"1747\" height=\"1240\" src=\"https:\/\/www.miomiorun.com\/app\/uploads\/2020\/05\/Tropical-Leaves-Thank-You-Card.jpg\" class=\"vc-single-image aligncenter vc_box_rounded hover-effect animate__animated animate__bounceIn wvs-archive-product-image\" alt=\"Tropical Leaves Thank You Card\" srcset=\"https:\/\/www.miomiorun.com\/app\/uploads\/2020\/05\/Tropical-Leaves-Thank-You-Card.jpg 1747w, https:\/\/www.miomiorun.com\/app\/uploads\/2020\/05\/Tropical-Leaves-Thank-You-Card-600x426.jpg 600w, https:\/\/www.miomiorun.com\/app\/uploads\/2020\/05\/Tropical-Leaves-Thank-You-Card-300x213.jpg 300w, https:\/\/www.miomiorun.com\/app\/uploads\/2020\/05\/Tropical-Leaves-Thank-You-Card-1024x727.jpg 1024w, https:\/\/www.miomiorun.com\/app\/uploads\/2020\/05\/Tropical-Leaves-Thank-You-Card-768x545.jpg 768w, https:\/\/www.miomiorun.com\/app\/uploads\/2020\/05\/Tropical-Leaves-Thank-You-Card-1536x1090.jpg 1536w, https:\/\/www.miomiorun.com\/app\/uploads\/2020\/05\/Tropical-Leaves-Thank-You-Card-640x454.jpg 640w, https:\/\/www.miomiorun.com\/app\/uploads\/2020\/05\/Tropical-Leaves-Thank-You-Card-400x284.jpg 400w\" sizes=\"auto, (max-width: 1747px) 100vw, 1747px\" \/><\/a><\/figure><figure class=\"vc-single-image-caption\"><a href=\"https:\/\/miomiorun.com\/buono-regalo\/?attribute_gift-card-amount=\u20ac50,00\" class=\"vc-single-image-link\"><img loading=\"lazy\" decoding=\"async\" width=\"1747\" height=\"1240\" src=\"https:\/\/www.miomiorun.com\/app\/uploads\/2020\/05\/Tropical-Leaves-Thank-You-Card-1.jpg\" class=\"vc-single-image aligncenter vc_box_rounded hover-effect animate__animated animate__bounceIn wvs-archive-product-image\" alt=\"Tropical Leaves Thank You Card (1)\" srcset=\"https:\/\/www.miomiorun.com\/app\/uploads\/2020\/05\/Tropical-Leaves-Thank-You-Card-1.jpg 1747w, https:\/\/www.miomiorun.com\/app\/uploads\/2020\/05\/Tropical-Leaves-Thank-You-Card-1-600x426.jpg 600w, https:\/\/www.miomiorun.com\/app\/uploads\/2020\/05\/Tropical-Leaves-Thank-You-Card-1-300x213.jpg 300w, https:\/\/www.miomiorun.com\/app\/uploads\/2020\/05\/Tropical-Leaves-Thank-You-Card-1-1024x727.jpg 1024w, https:\/\/www.miomiorun.com\/app\/uploads\/2020\/05\/Tropical-Leaves-Thank-You-Card-1-768x545.jpg 768w, https:\/\/www.miomiorun.com\/app\/uploads\/2020\/05\/Tropical-Leaves-Thank-You-Card-1-1536x1090.jpg 1536w, https:\/\/www.miomiorun.com\/app\/uploads\/2020\/05\/Tropical-Leaves-Thank-You-Card-1-640x454.jpg 640w, https:\/\/www.miomiorun.com\/app\/uploads\/2020\/05\/Tropical-Leaves-Thank-You-Card-1-400x284.jpg 400w\" sizes=\"auto, (max-width: 1747px) 100vw, 1747px\" \/><\/a><\/figure><figure class=\"vc-single-image-caption\"><a href=\"https:\/\/miomiorun.com\/buono-regalo\/?attribute_gift-card-amount=\u20ac100,00\" class=\"vc-single-image-link\"><img loading=\"lazy\" decoding=\"async\" width=\"1747\" height=\"1240\" src=\"https:\/\/www.miomiorun.com\/app\/uploads\/2020\/05\/Tropical-Leaves-Thank-You-Card-2.jpg\" class=\"vc-single-image aligncenter vc_box_rounded hover-effect animate__animated animate__bounceIn wvs-archive-product-image\" alt=\"Tropical Leaves Thank You Card (2)\" srcset=\"https:\/\/www.miomiorun.com\/app\/uploads\/2020\/05\/Tropical-Leaves-Thank-You-Card-2.jpg 1747w, https:\/\/www.miomiorun.com\/app\/uploads\/2020\/05\/Tropical-Leaves-Thank-You-Card-2-600x426.jpg 600w, https:\/\/www.miomiorun.com\/app\/uploads\/2020\/05\/Tropical-Leaves-Thank-You-Card-2-300x213.jpg 300w, https:\/\/www.miomiorun.com\/app\/uploads\/2020\/05\/Tropical-Leaves-Thank-You-Card-2-1024x727.jpg 1024w, https:\/\/www.miomiorun.com\/app\/uploads\/2020\/05\/Tropical-Leaves-Thank-You-Card-2-768x545.jpg 768w, https:\/\/www.miomiorun.com\/app\/uploads\/2020\/05\/Tropical-Leaves-Thank-You-Card-2-1536x1090.jpg 1536w, https:\/\/www.miomiorun.com\/app\/uploads\/2020\/05\/Tropical-Leaves-Thank-You-Card-2-640x454.jpg 640w, https:\/\/www.miomiorun.com\/app\/uploads\/2020\/05\/Tropical-Leaves-Thank-You-Card-2-400x284.jpg 400w\" sizes=\"auto, (max-width: 1747px) 100vw, 1747px\" \/><\/a><\/figure><figure class=\"vc-single-image-caption\"><a href=\"https:\/\/miomiorun.com\/buono-regalo\/?attribute_gift-card-amount=\u20ac200,00\" class=\"vc-single-image-link\"><img loading=\"lazy\" decoding=\"async\" width=\"1747\" height=\"1240\" src=\"https:\/\/www.miomiorun.com\/app\/uploads\/2020\/05\/Tropical-Leaves-Thank-You-Card-3.jpg\" class=\"vc-single-image aligncenter vc_box_rounded hover-effect animate__animated animate__bounceIn wvs-archive-product-image\" alt=\"Tropical Leaves Thank You Card (3)\" srcset=\"https:\/\/www.miomiorun.com\/app\/uploads\/2020\/05\/Tropical-Leaves-Thank-You-Card-3.jpg 1747w, https:\/\/www.miomiorun.com\/app\/uploads\/2020\/05\/Tropical-Leaves-Thank-You-Card-3-600x426.jpg 600w, https:\/\/www.miomiorun.com\/app\/uploads\/2020\/05\/Tropical-Leaves-Thank-You-Card-3-300x213.jpg 300w, https:\/\/www.miomiorun.com\/app\/uploads\/2020\/05\/Tropical-Leaves-Thank-You-Card-3-1024x727.jpg 1024w, https:\/\/www.miomiorun.com\/app\/uploads\/2020\/05\/Tropical-Leaves-Thank-You-Card-3-768x545.jpg 768w, https:\/\/www.miomiorun.com\/app\/uploads\/2020\/05\/Tropical-Leaves-Thank-You-Card-3-1536x1090.jpg 1536w, https:\/\/www.miomiorun.com\/app\/uploads\/2020\/05\/Tropical-Leaves-Thank-You-Card-3-640x454.jpg 640w, https:\/\/www.miomiorun.com\/app\/uploads\/2020\/05\/Tropical-Leaves-Thank-You-Card-3-400x284.jpg 400w\" sizes=\"auto, (max-width: 1747px) 100vw, 1747px\" \/><\/a><\/figure><p style=\"font-size: 10px;\">ALLGEMEINE NUTZUNGSBEDINGUNGEN - MioMioRun.com-Geschenkkarten k\u00f6nnen nur auf MioMioRun.com oder in unseren Verkaufsstellen verwendet werden. - Geschenkkarten k\u00f6nnen nicht mit anderen Aktionscodes kombiniert werden. - Geschenkkarten k\u00f6nnen nicht f\u00fcr den Kauf anderer Geschenkkarten verwendet werden. - MioMioRun.com kann dem K\u00e4ufer Informationen \u00fcber die Verwendung der Geschenkkarte zur Verf\u00fcgung stellen. - MioMioRun.com ist nicht haftbar f\u00fcr verlorene, verlegte oder gestohlene Geschenkkarten.<\/p><\/div><\/div><\/p>\n","protected":false},"excerpt":{"rendered":"","protected":false},"author":3102,"featured_media":0,"parent":0,"menu_order":0,"comment_status":"closed","ping_status":"closed","template":"","meta":{"_acf_changed":false,"inline_featured_image":[],"footnotes":""},"class_list":["post-72522","page","type-page","status-publish","hentry"],"acf":[],"yoast_head":"<!-- This site is optimized with the Yoast SEO plugin v26.8 - https:\/\/yoast.com\/product\/yoast-seo-wordpress\/ -->\n<title>Geschenkkarte - Kaufen Sie es f\u00fcr einen besonderen L\u00e4ufer - MioMioRun<\/title>\n<meta name=\"description\" content=\"Mit der MioMioRun-Geschenkkarte k\u00f6nnen Sie einem L\u00e4ufer schnell und einfach das perfekte Geschenk machen.\" \/>\n<meta name=\"robots\" content=\"index, follow, max-snippet:-1, max-image-preview:large, max-video-preview:-1\" \/>\n<link rel=\"canonical\" href=\"https:\/\/www.miomiorun.com\/de\/gift-card\/\" \/>\n<meta property=\"og:locale\" content=\"de_DE\" \/>\n<meta property=\"og:type\" content=\"article\" \/>\n<meta property=\"og:title\" content=\"Geschenkkarte - Kaufen Sie es f\u00fcr einen besonderen L\u00e4ufer - MioMioRun\" \/>\n<meta property=\"og:description\" content=\"Mit der MioMioRun-Geschenkkarte k\u00f6nnen Sie einem L\u00e4ufer schnell und einfach das perfekte Geschenk machen.\" \/>\n<meta property=\"og:url\" content=\"https:\/\/www.miomiorun.com\/de\/gift-card\/\" \/>\n<meta property=\"og:site_name\" content=\"MioMioRun\" \/>\n<meta property=\"article:publisher\" content=\"https:\/\/www.facebook.com\/miomiorun\/\" \/>\n<meta property=\"article:modified_time\" content=\"2022-05-26T17:36:24+00:00\" \/>\n<meta name=\"twitter:card\" content=\"summary_large_image\" \/>\n<meta name=\"twitter:label1\" content=\"Est. reading time\" \/>\n\t<meta name=\"twitter:data1\" content=\"2 minutes\" \/>\n<script type=\"application\/ld+json\" class=\"yoast-schema-graph\">{\"@context\":\"https:\/\/schema.org\",\"@graph\":[{\"@type\":\"WebPage\",\"@id\":\"https:\/\/www.miomiorun.com\/de\/gift-card\/\",\"url\":\"https:\/\/www.miomiorun.com\/de\/gift-card\/\",\"name\":\"Geschenkkarte - Kaufen Sie es f\u00fcr einen besonderen L\u00e4ufer - MioMioRun\",\"isPartOf\":{\"@id\":\"https:\/\/www.miomiorun.com\/de\/#website\"},\"datePublished\":\"2021-11-15T17:29:06+00:00\",\"dateModified\":\"2022-05-26T17:36:24+00:00\",\"description\":\"Mit der MioMioRun-Geschenkkarte k\u00f6nnen Sie einem L\u00e4ufer schnell und einfach das perfekte Geschenk machen.\",\"breadcrumb\":{\"@id\":\"https:\/\/www.miomiorun.com\/de\/gift-card\/#breadcrumb\"},\"inLanguage\":\"de-DE\",\"potentialAction\":[{\"@type\":\"ReadAction\",\"target\":[\"https:\/\/www.miomiorun.com\/de\/gift-card\/\"]}]},{\"@type\":\"BreadcrumbList\",\"@id\":\"https:\/\/www.miomiorun.com\/de\/gift-card\/#breadcrumb\",\"itemListElement\":[{\"@type\":\"ListItem\",\"position\":1,\"name\":\"Home\",\"item\":\"https:\/\/www.miomiorun.com\/de\/\"},{\"@type\":\"ListItem\",\"position\":2,\"name\":\"Geschenkkarte\"}]},{\"@type\":\"WebSite\",\"@id\":\"https:\/\/www.miomiorun.com\/de\/#website\",\"url\":\"https:\/\/www.miomiorun.com\/de\/\",\"name\":\"MioMioRun\",\"description\":\"100% Lauf- und Trailshop\",\"publisher\":{\"@id\":\"https:\/\/www.miomiorun.com\/de\/#organization\"},\"potentialAction\":[{\"@type\":\"SearchAction\",\"target\":{\"@type\":\"EntryPoint\",\"urlTemplate\":\"https:\/\/www.miomiorun.com\/de\/?s={search_term_string}\"},\"query-input\":{\"@type\":\"PropertyValueSpecification\",\"valueRequired\":true,\"valueName\":\"search_term_string\"}}],\"inLanguage\":\"de-DE\"},{\"@type\":\"Organization\",\"@id\":\"https:\/\/www.miomiorun.com\/de\/#organization\",\"name\":\"MioMio Run\",\"url\":\"https:\/\/www.miomiorun.com\/de\/\",\"logo\":{\"@type\":\"ImageObject\",\"inLanguage\":\"de-DE\",\"@id\":\"https:\/\/www.miomiorun.com\/de\/#\/schema\/logo\/image\/\",\"url\":\"https:\/\/www.miomiorun.com\/app\/uploads\/2019\/12\/logomio.png\",\"contentUrl\":\"https:\/\/www.miomiorun.com\/app\/uploads\/2019\/12\/logomio.png\",\"width\":115,\"height\":82,\"caption\":\"MioMio Run\"},\"image\":{\"@id\":\"https:\/\/www.miomiorun.com\/de\/#\/schema\/logo\/image\/\"},\"sameAs\":[\"https:\/\/www.facebook.com\/miomiorun\/\",\"https:\/\/www.instagram.com\/miomiorun\/\"]}]}<\/script>\n<!-- \/ Yoast SEO plugin. -->","yoast_head_json":{"title":"Geschenkkarte - Kaufen Sie es f\u00fcr einen besonderen L\u00e4ufer - MioMioRun","description":"Mit der MioMioRun-Geschenkkarte k\u00f6nnen Sie einem L\u00e4ufer schnell und einfach das perfekte Geschenk machen.","robots":{"index":"index","follow":"follow","max-snippet":"max-snippet:-1","max-image-preview":"max-image-preview:large","max-video-preview":"max-video-preview:-1"},"canonical":"https:\/\/www.miomiorun.com\/de\/gift-card\/","og_locale":"de_DE","og_type":"article","og_title":"Geschenkkarte - Kaufen Sie es f\u00fcr einen besonderen L\u00e4ufer - MioMioRun","og_description":"Mit der MioMioRun-Geschenkkarte k\u00f6nnen Sie einem L\u00e4ufer schnell und einfach das perfekte Geschenk machen.","og_url":"https:\/\/www.miomiorun.com\/de\/gift-card\/","og_site_name":"MioMioRun","article_publisher":"https:\/\/www.facebook.com\/miomiorun\/","article_modified_time":"2022-05-26T17:36:24+00:00","twitter_card":"summary_large_image","twitter_misc":{"Est. reading time":"2 minutes"},"schema":{"@context":"https:\/\/schema.org","@graph":[{"@type":"WebPage","@id":"https:\/\/www.miomiorun.com\/de\/gift-card\/","url":"https:\/\/www.miomiorun.com\/de\/gift-card\/","name":"Geschenkkarte - Kaufen Sie es f\u00fcr einen besonderen L\u00e4ufer - MioMioRun","isPartOf":{"@id":"https:\/\/www.miomiorun.com\/de\/#website"},"datePublished":"2021-11-15T17:29:06+00:00","dateModified":"2022-05-26T17:36:24+00:00","description":"Mit der MioMioRun-Geschenkkarte k\u00f6nnen Sie einem L\u00e4ufer schnell und einfach das perfekte Geschenk machen.","breadcrumb":{"@id":"https:\/\/www.miomiorun.com\/de\/gift-card\/#breadcrumb"},"inLanguage":"de-DE","potentialAction":[{"@type":"ReadAction","target":["https:\/\/www.miomiorun.com\/de\/gift-card\/"]}]},{"@type":"BreadcrumbList","@id":"https:\/\/www.miomiorun.com\/de\/gift-card\/#breadcrumb","itemListElement":[{"@type":"ListItem","position":1,"name":"Home","item":"https:\/\/www.miomiorun.com\/de\/"},{"@type":"ListItem","position":2,"name":"Geschenkkarte"}]},{"@type":"WebSite","@id":"https:\/\/www.miomiorun.com\/de\/#website","url":"https:\/\/www.miomiorun.com\/de\/","name":"MioMioRun","description":"100% Lauf- und Trailshop","publisher":{"@id":"https:\/\/www.miomiorun.com\/de\/#organization"},"potentialAction":[{"@type":"SearchAction","target":{"@type":"EntryPoint","urlTemplate":"https:\/\/www.miomiorun.com\/de\/?s={search_term_string}"},"query-input":{"@type":"PropertyValueSpecification","valueRequired":true,"valueName":"search_term_string"}}],"inLanguage":"de-DE"},{"@type":"Organization","@id":"https:\/\/www.miomiorun.com\/de\/#organization","name":"MioMio Run","url":"https:\/\/www.miomiorun.com\/de\/","logo":{"@type":"ImageObject","inLanguage":"de-DE","@id":"https:\/\/www.miomiorun.com\/de\/#\/schema\/logo\/image\/","url":"https:\/\/www.miomiorun.com\/app\/uploads\/2019\/12\/logomio.png","contentUrl":"https:\/\/www.miomiorun.com\/app\/uploads\/2019\/12\/logomio.png","width":115,"height":82,"caption":"MioMio Run"},"image":{"@id":"https:\/\/www.miomiorun.com\/de\/#\/schema\/logo\/image\/"},"sameAs":["https:\/\/www.facebook.com\/miomiorun\/","https:\/\/www.instagram.com\/miomiorun\/"]}]}},"_links":{"self":[{"href":"https:\/\/www.miomiorun.com\/de\/wp-json\/wp\/v2\/pages\/72522","targetHints":{"allow":["GET"]}}],"collection":[{"href":"https:\/\/www.miomiorun.com\/de\/wp-json\/wp\/v2\/pages"}],"about":[{"href":"https:\/\/www.miomiorun.com\/de\/wp-json\/wp\/v2\/types\/page"}],"author":[{"embeddable":true,"href":"https:\/\/www.miomiorun.com\/de\/wp-json\/wp\/v2\/users\/3102"}],"replies":[{"embeddable":true,"href":"https:\/\/www.miomiorun.com\/de\/wp-json\/wp\/v2\/comments?post=72522"}],"version-history":[{"count":0,"href":"https:\/\/www.miomiorun.com\/de\/wp-json\/wp\/v2\/pages\/72522\/revisions"}],"wp:attachment":[{"href":"https:\/\/www.miomiorun.com\/de\/wp-json\/wp\/v2\/media?parent=72522"}],"curies":[{"name":"wp","href":"https:\/\/api.w.org\/{rel}","templated":true}]}}