{"id":72494,"date":"2016-06-14T06:15:58","date_gmt":"2016-06-14T04:15:58","guid":{"rendered":"https:\/\/miomiorun.com\/contatti\/"},"modified":"2024-03-26T09:52:00","modified_gmt":"2024-03-26T08:52:00","slug":"kontact","status":"publish","type":"page","link":"https:\/\/www.miomiorun.com\/de\/kontact\/","title":{"rendered":"Kontakt"},"content":{"rendered":"<p><div class=\"vc-row container\"><div class=\"vc-column\"><iframe src=\"https:\/\/www.google.com\/maps\/embed?pb=!1m16!1m12!1m3!1d355180.48973023094!2d12.411982659085016!3d45.934346158994884!2m3!1f0!2f0!3f0!3m2!1i1024!2i768!4f13.1!2m1!1smiomio run!5e0!3m2!1sit!2sit!4v1603125474822!5m2!1sit!2sit\" width=\"100%\" height=\"450\" frameborder=\"0\" style=\"border:0;\" allowfullscreen=\"\"><\/iframe><\/div><\/div><div class=\"vc-row container\"><div class=\"vc-column\"><h4 class=\"vc-heading\"><a href=\"https:\/\/miomiorun.com\/de\/der-shop-von-conegliano\/\"><strong>Conegliano<\/strong><\/a><\/h4><div class=\"info-box d-flex align-items-start mb-3\"><div class=\"info-icon me-2\"><i class=\"fas fa-map-marker-alt\"><\/i><\/div><div class=\"info-content\"><h3 class=\"h6 mb-0\">Via Venezia, 16\/18 - 31020 - San Vendemiano TV<\/h3><\/div><\/div><div class=\"info-box d-flex align-items-start mb-3\"><div class=\"info-icon me-2\"><i class=\"fas fa-phone\"><\/i><\/div><div class=\"info-content\"><h3 class=\"h6 mb-0\"><strong>Telefon:<\/strong> +39 0438 430796<\/h3><\/div><\/div><div class=\"info-box d-flex align-items-start mb-3\"><div class=\"info-icon me-2\"><i class=\"fas fa-comment\"><\/i><\/div><div class=\"info-content\"><h3 class=\"h6 mb-0\"><strong>WhatsApp:<\/strong> +39 0438 430796<\/h3><\/div><\/div><div class=\"info-box d-flex align-items-start mb-3\"><div class=\"info-icon me-2\"><i class=\"far fa-envelope\"><\/i><\/div><div class=\"info-content\"><h3 class=\"h6 mb-0\"><strong>Email:<\/strong> commerciale@miomiorun.com<\/h3><\/div><\/div><h4 class=\"vc-heading\"><strong>Fahrplan<\/strong><\/h4><div class=\"info-box d-flex align-items-start mb-3\"><div class=\"info-icon me-2\"><i class=\"far fa-clock\"><\/i><\/div><div class=\"info-content\"><h3 class=\"h6 mb-0\">Montag : 15.30-19.30<\/h3><\/div><\/div><div class=\"info-box d-flex align-items-start mb-3\"><div class=\"info-icon me-2\"><i class=\"far fa-clock\"><\/i><\/div><div class=\"info-content\"><h3 class=\"h6 mb-0\">Dienstag-Samstag : 09.30-12.30 \/ 15.30-19.30<\/h3><\/div><\/div><div class=\"info-box d-flex align-items-start mb-3\"><div class=\"info-icon me-2\"><i class=\"far fa-clock\"><\/i><\/div><div class=\"info-content\"><h3 class=\"h6 mb-0\">Sonntag - geschlossen<\/h3><\/div><\/div><hr class=\"vc-separator\"><\/div><div class=\"vc-column\"><h4 class=\"vc-heading\"><a href=\"https:\/\/miomiorun.com\/de\/der-shop-von-conegliano\/\"><strong>Pordenone<\/strong><\/a><\/h4><div class=\"info-box d-flex align-items-start mb-3\"><div class=\"info-icon me-2\"><i class=\"fas fa-map-marker-alt\"><\/i><\/div><div class=\"info-content\"><h3 class=\"h6 mb-0\">Viale Treviso, 3 - 33170 - Pordenone PN<\/h3><\/div><\/div><div class=\"info-box d-flex align-items-start mb-3\"><div class=\"info-icon me-2\"><i class=\"fas fa-phone\"><\/i><\/div><div class=\"info-content\"><h3 class=\"h6 mb-0\"><strong>Telefon:<\/strong> +39 0434 455295<\/h3><\/div><\/div><div class=\"info-box d-flex align-items-start mb-3\"><div class=\"info-icon me-2\"><i class=\"fas fa-comment\"><\/i><\/div><div class=\"info-content\"><h3 class=\"h6 mb-0\"><strong>WhatsApp:<\/strong> +39 0438 430796<\/h3><\/div><\/div><div class=\"info-box d-flex align-items-start mb-3\"><div class=\"info-icon me-2\"><i class=\"far fa-envelope\"><\/i><\/div><div class=\"info-content\"><h3 class=\"h6 mb-0\"><strong>Email:<\/strong> commerciale@miomiorun.com<\/h3><\/div><\/div><h4 class=\"vc-heading\"><strong>Fahrplan<\/strong><\/h4><div class=\"info-box d-flex align-items-start mb-3\"><div class=\"info-icon me-2\"><i class=\"far fa-clock\"><\/i><\/div><div class=\"info-content\"><h3 class=\"h6 mb-0\">Montag : Geschlossen<\/h3><\/div><\/div><div class=\"info-box d-flex align-items-start mb-3\"><div class=\"info-icon me-2\"><i class=\"far fa-clock\"><\/i><\/div><div class=\"info-content\"><h3 class=\"h6 mb-0\">Dienstag-Samstag : 09.30-12.30 \/ 15.30-19.30<\/h3><\/div><\/div><div class=\"info-box d-flex align-items-start mb-3\"><div class=\"info-icon me-2\"><i class=\"far fa-clock\"><\/i><\/div><div class=\"info-content\"><h3 class=\"h6 mb-0\">Sonntag - geschlossen<\/h3><\/div><\/div><hr class=\"vc-separator\"><\/div><\/div><\/p>\n","protected":false},"excerpt":{"rendered":"","protected":false},"author":3102,"featured_media":0,"parent":0,"menu_order":0,"comment_status":"closed","ping_status":"closed","template":"","meta":{"_acf_changed":false,"inline_featured_image":[],"footnotes":""},"class_list":["post-72494","page","type-page","status-publish","hentry"],"acf":[],"yoast_head":"<!-- This site is optimized with the Yoast SEO plugin v26.8 - https:\/\/yoast.com\/product\/yoast-seo-wordpress\/ -->\n<title>Sportbekleidung, Schuhe und Ausr\u00fcstung - Kontakt MioMioRun<\/title>\n<meta name=\"description\" content=\"Hier finden Sie alle Informationen \u00fcber unsere Gesch\u00e4fte.... Hier finden Sie Informationen, Telefonnummern, E-Mail-Kontakte, Adressen und Informationen.\" \/>\n<meta name=\"robots\" content=\"index, follow, max-snippet:-1, max-image-preview:large, max-video-preview:-1\" \/>\n<link rel=\"canonical\" href=\"https:\/\/www.miomiorun.com\/de\/kontact\/\" \/>\n<meta property=\"og:locale\" content=\"de_DE\" \/>\n<meta property=\"og:type\" content=\"article\" \/>\n<meta property=\"og:title\" content=\"Sportbekleidung, Schuhe und Ausr\u00fcstung - Kontakt MioMioRun\" \/>\n<meta property=\"og:description\" content=\"Hier finden Sie alle Informationen \u00fcber unsere Gesch\u00e4fte.... Hier finden Sie Informationen, Telefonnummern, E-Mail-Kontakte, Adressen und Informationen.\" \/>\n<meta property=\"og:url\" content=\"https:\/\/www.miomiorun.com\/de\/kontact\/\" \/>\n<meta property=\"og:site_name\" content=\"MioMioRun\" \/>\n<meta property=\"article:publisher\" content=\"https:\/\/www.facebook.com\/miomiorun\/\" \/>\n<meta property=\"article:modified_time\" content=\"2024-03-26T08:52:00+00:00\" \/>\n<meta name=\"twitter:card\" content=\"summary_large_image\" \/>\n<meta name=\"twitter:label1\" content=\"Est. reading time\" \/>\n\t<meta name=\"twitter:data1\" content=\"2 minutes\" \/>\n<script type=\"application\/ld+json\" class=\"yoast-schema-graph\">{\"@context\":\"https:\/\/schema.org\",\"@graph\":[{\"@type\":\"WebPage\",\"@id\":\"https:\/\/www.miomiorun.com\/de\/kontact\/\",\"url\":\"https:\/\/www.miomiorun.com\/de\/kontact\/\",\"name\":\"Sportbekleidung, Schuhe und Ausr\u00fcstung - Kontakt MioMioRun\",\"isPartOf\":{\"@id\":\"https:\/\/www.miomiorun.com\/de\/#website\"},\"datePublished\":\"2016-06-14T04:15:58+00:00\",\"dateModified\":\"2024-03-26T08:52:00+00:00\",\"description\":\"Hier finden Sie alle Informationen \u00fcber unsere Gesch\u00e4fte.... Hier finden Sie Informationen, Telefonnummern, E-Mail-Kontakte, Adressen und Informationen.\",\"breadcrumb\":{\"@id\":\"https:\/\/www.miomiorun.com\/de\/kontact\/#breadcrumb\"},\"inLanguage\":\"de-DE\",\"potentialAction\":[{\"@type\":\"ReadAction\",\"target\":[\"https:\/\/www.miomiorun.com\/de\/kontact\/\"]}]},{\"@type\":\"BreadcrumbList\",\"@id\":\"https:\/\/www.miomiorun.com\/de\/kontact\/#breadcrumb\",\"itemListElement\":[{\"@type\":\"ListItem\",\"position\":1,\"name\":\"Home\",\"item\":\"https:\/\/www.miomiorun.com\/de\/\"},{\"@type\":\"ListItem\",\"position\":2,\"name\":\"Kontakt\"}]},{\"@type\":\"WebSite\",\"@id\":\"https:\/\/www.miomiorun.com\/de\/#website\",\"url\":\"https:\/\/www.miomiorun.com\/de\/\",\"name\":\"MioMioRun\",\"description\":\"100% Lauf- und Trailshop\",\"publisher\":{\"@id\":\"https:\/\/www.miomiorun.com\/de\/#organization\"},\"potentialAction\":[{\"@type\":\"SearchAction\",\"target\":{\"@type\":\"EntryPoint\",\"urlTemplate\":\"https:\/\/www.miomiorun.com\/de\/?s={search_term_string}\"},\"query-input\":{\"@type\":\"PropertyValueSpecification\",\"valueRequired\":true,\"valueName\":\"search_term_string\"}}],\"inLanguage\":\"de-DE\"},{\"@type\":\"Organization\",\"@id\":\"https:\/\/www.miomiorun.com\/de\/#organization\",\"name\":\"MioMio Run\",\"url\":\"https:\/\/www.miomiorun.com\/de\/\",\"logo\":{\"@type\":\"ImageObject\",\"inLanguage\":\"de-DE\",\"@id\":\"https:\/\/www.miomiorun.com\/de\/#\/schema\/logo\/image\/\",\"url\":\"https:\/\/www.miomiorun.com\/app\/uploads\/2019\/12\/logomio.png\",\"contentUrl\":\"https:\/\/www.miomiorun.com\/app\/uploads\/2019\/12\/logomio.png\",\"width\":115,\"height\":82,\"caption\":\"MioMio Run\"},\"image\":{\"@id\":\"https:\/\/www.miomiorun.com\/de\/#\/schema\/logo\/image\/\"},\"sameAs\":[\"https:\/\/www.facebook.com\/miomiorun\/\",\"https:\/\/www.instagram.com\/miomiorun\/\"]}]}<\/script>\n<!-- \/ Yoast SEO plugin. -->","yoast_head_json":{"title":"Sportbekleidung, Schuhe und Ausr\u00fcstung - Kontakt MioMioRun","description":"Hier finden Sie alle Informationen \u00fcber unsere Gesch\u00e4fte.... Hier finden Sie Informationen, Telefonnummern, E-Mail-Kontakte, Adressen und Informationen.","robots":{"index":"index","follow":"follow","max-snippet":"max-snippet:-1","max-image-preview":"max-image-preview:large","max-video-preview":"max-video-preview:-1"},"canonical":"https:\/\/www.miomiorun.com\/de\/kontact\/","og_locale":"de_DE","og_type":"article","og_title":"Sportbekleidung, Schuhe und Ausr\u00fcstung - Kontakt MioMioRun","og_description":"Hier finden Sie alle Informationen \u00fcber unsere Gesch\u00e4fte.... Hier finden Sie Informationen, Telefonnummern, E-Mail-Kontakte, Adressen und Informationen.","og_url":"https:\/\/www.miomiorun.com\/de\/kontact\/","og_site_name":"MioMioRun","article_publisher":"https:\/\/www.facebook.com\/miomiorun\/","article_modified_time":"2024-03-26T08:52:00+00:00","twitter_card":"summary_large_image","twitter_misc":{"Est. reading time":"2 minutes"},"schema":{"@context":"https:\/\/schema.org","@graph":[{"@type":"WebPage","@id":"https:\/\/www.miomiorun.com\/de\/kontact\/","url":"https:\/\/www.miomiorun.com\/de\/kontact\/","name":"Sportbekleidung, Schuhe und Ausr\u00fcstung - Kontakt MioMioRun","isPartOf":{"@id":"https:\/\/www.miomiorun.com\/de\/#website"},"datePublished":"2016-06-14T04:15:58+00:00","dateModified":"2024-03-26T08:52:00+00:00","description":"Hier finden Sie alle Informationen \u00fcber unsere Gesch\u00e4fte.... Hier finden Sie Informationen, Telefonnummern, E-Mail-Kontakte, Adressen und Informationen.","breadcrumb":{"@id":"https:\/\/www.miomiorun.com\/de\/kontact\/#breadcrumb"},"inLanguage":"de-DE","potentialAction":[{"@type":"ReadAction","target":["https:\/\/www.miomiorun.com\/de\/kontact\/"]}]},{"@type":"BreadcrumbList","@id":"https:\/\/www.miomiorun.com\/de\/kontact\/#breadcrumb","itemListElement":[{"@type":"ListItem","position":1,"name":"Home","item":"https:\/\/www.miomiorun.com\/de\/"},{"@type":"ListItem","position":2,"name":"Kontakt"}]},{"@type":"WebSite","@id":"https:\/\/www.miomiorun.com\/de\/#website","url":"https:\/\/www.miomiorun.com\/de\/","name":"MioMioRun","description":"100% Lauf- und Trailshop","publisher":{"@id":"https:\/\/www.miomiorun.com\/de\/#organization"},"potentialAction":[{"@type":"SearchAction","target":{"@type":"EntryPoint","urlTemplate":"https:\/\/www.miomiorun.com\/de\/?s={search_term_string}"},"query-input":{"@type":"PropertyValueSpecification","valueRequired":true,"valueName":"search_term_string"}}],"inLanguage":"de-DE"},{"@type":"Organization","@id":"https:\/\/www.miomiorun.com\/de\/#organization","name":"MioMio Run","url":"https:\/\/www.miomiorun.com\/de\/","logo":{"@type":"ImageObject","inLanguage":"de-DE","@id":"https:\/\/www.miomiorun.com\/de\/#\/schema\/logo\/image\/","url":"https:\/\/www.miomiorun.com\/app\/uploads\/2019\/12\/logomio.png","contentUrl":"https:\/\/www.miomiorun.com\/app\/uploads\/2019\/12\/logomio.png","width":115,"height":82,"caption":"MioMio Run"},"image":{"@id":"https:\/\/www.miomiorun.com\/de\/#\/schema\/logo\/image\/"},"sameAs":["https:\/\/www.facebook.com\/miomiorun\/","https:\/\/www.instagram.com\/miomiorun\/"]}]}},"_links":{"self":[{"href":"https:\/\/www.miomiorun.com\/de\/wp-json\/wp\/v2\/pages\/72494","targetHints":{"allow":["GET"]}}],"collection":[{"href":"https:\/\/www.miomiorun.com\/de\/wp-json\/wp\/v2\/pages"}],"about":[{"href":"https:\/\/www.miomiorun.com\/de\/wp-json\/wp\/v2\/types\/page"}],"author":[{"embeddable":true,"href":"https:\/\/www.miomiorun.com\/de\/wp-json\/wp\/v2\/users\/3102"}],"replies":[{"embeddable":true,"href":"https:\/\/www.miomiorun.com\/de\/wp-json\/wp\/v2\/comments?post=72494"}],"version-history":[{"count":0,"href":"https:\/\/www.miomiorun.com\/de\/wp-json\/wp\/v2\/pages\/72494\/revisions"}],"wp:attachment":[{"href":"https:\/\/www.miomiorun.com\/de\/wp-json\/wp\/v2\/media?parent=72494"}],"curies":[{"name":"wp","href":"https:\/\/api.w.org\/{rel}","templated":true}]}}