{"id":72446,"date":"2021-11-15T18:15:17","date_gmt":"2021-11-15T17:15:17","guid":{"rendered":"https:\/\/miomiorun.com\/come-utilizzare-una-gift-card\/"},"modified":"2022-05-26T19:12:40","modified_gmt":"2022-05-26T17:12:40","slug":"wie-man-eine-geschenkkarte-verwendet","status":"publish","type":"page","link":"https:\/\/www.miomiorun.com\/de\/wie-man-eine-geschenkkarte-verwendet\/","title":{"rendered":"Wie man eine Geschenkkarte verwendet"},"content":{"rendered":"<p><div class=\"vc-row container\"><div class=\"vc-column\"><div class=\"vc-column-text\"><\/p>\n<div class=\"page-header text-center\">\n<h2>Haben Sie eine Geschenkkarte erhalten?<\/h2>\n<\/div>\n<div class=\"left_cont\">\n<h3>Herzlichen Gl\u00fcckwunsch!<\/h3>\n<p>Jetzt k\u00f6nnen Sie Ihre Geschenke im MioMioRun.com-Onlineshop ausw\u00e4hlen und sie bequem zu Hause mit einem sehr schnellen Lieferservice in Empfang nehmen. W\u00e4hlen Sie die Produkte, die Sie schon immer haben wollten, und verwenden Sie Ihre Geschenkkarte, um Ihren Einkauf abzuschlie\u00dfen.<\/p>\n<h3>Ein paar einfache Schritte:<\/h3>\n<p>Legen Sie alle Produkte, die Sie erhalten m\u00f6chten, in den Warenkorb und achten Sie darauf, dass der Gesamtbetrag mindestens dem Betrag Ihrer Geschenkkarte entspricht.<\/p>\n<p>Geben Sie den Code Ihres Geschenkgutscheins in das daf\u00fcr vorgesehene Feld im Zahlungsbereich der Kassenseite ein und schlie\u00dfen Sie Ihren Einkauf ab. Sie k\u00f6nnen die Differenz mit der von Ihnen bevorzugten Zahlungsart begleichen.<\/p>\n<h3>Und im Laden?<\/h3>\n<p>Sind Sie in der N\u00e4he einer unserer Filialen und m\u00f6chten Sie die Produkte, die Sie kaufen m\u00f6chten, anfassen?<\/p>\n<p>Kein Problem! Drucken Sie die E-Mail aus, die Sie mit dem Gutscheincode erhalten haben, und bringen Sie sie mit in den Laden. Sie k\u00f6nnen Ihre Artikel mit dem Wert der Geschenkkarte kaufen und zahlen nur den Differenzbetrag.<\/p>\n<\/div>\n<p style=\"font-size: 10px;\">ALLGEMEINE NUTZUNGSBEDINGUNGEN &#8211; MioMioRun.com-Geschenkkarten k\u00f6nnen nur auf MioMioRun.com oder in unseren Verkaufsstellen verwendet werden. &#8211; Geschenkkarten k\u00f6nnen nicht mit anderen Aktionscodes kombiniert werden. &#8211; Geschenkkarten k\u00f6nnen nicht f\u00fcr den Kauf anderer Geschenkkarten verwendet werden.. &#8211; MioMioRun.com kann dem K\u00e4ufer Informationen \u00fcber die Verwendung der Geschenkkarte zur Verf\u00fcgung stellen. &#8211; MioMioRun.com ist nicht haftbar f\u00fcr verlorene, verlegte oder gestohlene Geschenkkarten.<\/p>\n<p><\/div><\/div><\/div><div class=\"vc-row container\"><div class=\"vc-column\"><a href=\"\/de\/shop-2\/\" class=\"vc-btn btn btn-primary btn-xl btn-flat\">Einkaufen beginnen<\/a><\/div><\/div><\/p>\n","protected":false},"excerpt":{"rendered":"","protected":false},"author":3102,"featured_media":0,"parent":0,"menu_order":0,"comment_status":"closed","ping_status":"closed","template":"","meta":{"_acf_changed":false,"inline_featured_image":[],"footnotes":""},"class_list":["post-72446","page","type-page","status-publish","hentry"],"acf":[],"yoast_head":"<!-- This site is optimized with the Yoast SEO plugin v26.8 - https:\/\/yoast.com\/product\/yoast-seo-wordpress\/ -->\n<title>Wie man eine Geschenkkarte verwendet - MioMioRun<\/title>\n<meta name=\"description\" content=\"Finden Sie heraus, wie Sie einen MioMioRun.com-Geschenkgutschein verwenden und ihn f\u00fcr die Laufprodukte einl\u00f6sen k\u00f6nnen, von denen Sie schon immer getr\u00e4umt haben\" \/>\n<meta name=\"robots\" content=\"index, follow, max-snippet:-1, max-image-preview:large, max-video-preview:-1\" \/>\n<link rel=\"canonical\" href=\"https:\/\/www.miomiorun.com\/de\/wie-man-eine-geschenkkarte-verwendet\/\" \/>\n<meta property=\"og:locale\" content=\"de_DE\" \/>\n<meta property=\"og:type\" content=\"article\" \/>\n<meta property=\"og:title\" content=\"Wie man eine Geschenkkarte verwendet - MioMioRun\" \/>\n<meta property=\"og:description\" content=\"Finden Sie heraus, wie Sie einen MioMioRun.com-Geschenkgutschein verwenden und ihn f\u00fcr die Laufprodukte einl\u00f6sen k\u00f6nnen, von denen Sie schon immer getr\u00e4umt haben\" \/>\n<meta property=\"og:url\" content=\"https:\/\/www.miomiorun.com\/de\/wie-man-eine-geschenkkarte-verwendet\/\" \/>\n<meta property=\"og:site_name\" content=\"MioMioRun\" \/>\n<meta property=\"article:publisher\" content=\"https:\/\/www.facebook.com\/miomiorun\/\" \/>\n<meta property=\"article:modified_time\" content=\"2022-05-26T17:12:40+00:00\" \/>\n<meta name=\"twitter:card\" content=\"summary_large_image\" \/>\n<meta name=\"twitter:label1\" content=\"Est. reading time\" \/>\n\t<meta name=\"twitter:data1\" content=\"2 minutes\" \/>\n<script type=\"application\/ld+json\" class=\"yoast-schema-graph\">{\"@context\":\"https:\/\/schema.org\",\"@graph\":[{\"@type\":\"WebPage\",\"@id\":\"https:\/\/www.miomiorun.com\/de\/wie-man-eine-geschenkkarte-verwendet\/\",\"url\":\"https:\/\/www.miomiorun.com\/de\/wie-man-eine-geschenkkarte-verwendet\/\",\"name\":\"Wie man eine Geschenkkarte verwendet - MioMioRun\",\"isPartOf\":{\"@id\":\"https:\/\/www.miomiorun.com\/de\/#website\"},\"datePublished\":\"2021-11-15T17:15:17+00:00\",\"dateModified\":\"2022-05-26T17:12:40+00:00\",\"description\":\"Finden Sie heraus, wie Sie einen MioMioRun.com-Geschenkgutschein verwenden und ihn f\u00fcr die Laufprodukte einl\u00f6sen k\u00f6nnen, von denen Sie schon immer getr\u00e4umt haben\",\"breadcrumb\":{\"@id\":\"https:\/\/www.miomiorun.com\/de\/wie-man-eine-geschenkkarte-verwendet\/#breadcrumb\"},\"inLanguage\":\"de-DE\",\"potentialAction\":[{\"@type\":\"ReadAction\",\"target\":[\"https:\/\/www.miomiorun.com\/de\/wie-man-eine-geschenkkarte-verwendet\/\"]}]},{\"@type\":\"BreadcrumbList\",\"@id\":\"https:\/\/www.miomiorun.com\/de\/wie-man-eine-geschenkkarte-verwendet\/#breadcrumb\",\"itemListElement\":[{\"@type\":\"ListItem\",\"position\":1,\"name\":\"Home\",\"item\":\"https:\/\/www.miomiorun.com\/de\/\"},{\"@type\":\"ListItem\",\"position\":2,\"name\":\"Wie man eine Geschenkkarte verwendet\"}]},{\"@type\":\"WebSite\",\"@id\":\"https:\/\/www.miomiorun.com\/de\/#website\",\"url\":\"https:\/\/www.miomiorun.com\/de\/\",\"name\":\"MioMioRun\",\"description\":\"100% Lauf- und Trailshop\",\"publisher\":{\"@id\":\"https:\/\/www.miomiorun.com\/de\/#organization\"},\"potentialAction\":[{\"@type\":\"SearchAction\",\"target\":{\"@type\":\"EntryPoint\",\"urlTemplate\":\"https:\/\/www.miomiorun.com\/de\/?s={search_term_string}\"},\"query-input\":{\"@type\":\"PropertyValueSpecification\",\"valueRequired\":true,\"valueName\":\"search_term_string\"}}],\"inLanguage\":\"de-DE\"},{\"@type\":\"Organization\",\"@id\":\"https:\/\/www.miomiorun.com\/de\/#organization\",\"name\":\"MioMio Run\",\"url\":\"https:\/\/www.miomiorun.com\/de\/\",\"logo\":{\"@type\":\"ImageObject\",\"inLanguage\":\"de-DE\",\"@id\":\"https:\/\/www.miomiorun.com\/de\/#\/schema\/logo\/image\/\",\"url\":\"https:\/\/www.miomiorun.com\/app\/uploads\/2019\/12\/logomio.png\",\"contentUrl\":\"https:\/\/www.miomiorun.com\/app\/uploads\/2019\/12\/logomio.png\",\"width\":115,\"height\":82,\"caption\":\"MioMio Run\"},\"image\":{\"@id\":\"https:\/\/www.miomiorun.com\/de\/#\/schema\/logo\/image\/\"},\"sameAs\":[\"https:\/\/www.facebook.com\/miomiorun\/\",\"https:\/\/www.instagram.com\/miomiorun\/\"]}]}<\/script>\n<!-- \/ Yoast SEO plugin. -->","yoast_head_json":{"title":"Wie man eine Geschenkkarte verwendet - MioMioRun","description":"Finden Sie heraus, wie Sie einen MioMioRun.com-Geschenkgutschein verwenden und ihn f\u00fcr die Laufprodukte einl\u00f6sen k\u00f6nnen, von denen Sie schon immer getr\u00e4umt haben","robots":{"index":"index","follow":"follow","max-snippet":"max-snippet:-1","max-image-preview":"max-image-preview:large","max-video-preview":"max-video-preview:-1"},"canonical":"https:\/\/www.miomiorun.com\/de\/wie-man-eine-geschenkkarte-verwendet\/","og_locale":"de_DE","og_type":"article","og_title":"Wie man eine Geschenkkarte verwendet - MioMioRun","og_description":"Finden Sie heraus, wie Sie einen MioMioRun.com-Geschenkgutschein verwenden und ihn f\u00fcr die Laufprodukte einl\u00f6sen k\u00f6nnen, von denen Sie schon immer getr\u00e4umt haben","og_url":"https:\/\/www.miomiorun.com\/de\/wie-man-eine-geschenkkarte-verwendet\/","og_site_name":"MioMioRun","article_publisher":"https:\/\/www.facebook.com\/miomiorun\/","article_modified_time":"2022-05-26T17:12:40+00:00","twitter_card":"summary_large_image","twitter_misc":{"Est. reading time":"2 minutes"},"schema":{"@context":"https:\/\/schema.org","@graph":[{"@type":"WebPage","@id":"https:\/\/www.miomiorun.com\/de\/wie-man-eine-geschenkkarte-verwendet\/","url":"https:\/\/www.miomiorun.com\/de\/wie-man-eine-geschenkkarte-verwendet\/","name":"Wie man eine Geschenkkarte verwendet - MioMioRun","isPartOf":{"@id":"https:\/\/www.miomiorun.com\/de\/#website"},"datePublished":"2021-11-15T17:15:17+00:00","dateModified":"2022-05-26T17:12:40+00:00","description":"Finden Sie heraus, wie Sie einen MioMioRun.com-Geschenkgutschein verwenden und ihn f\u00fcr die Laufprodukte einl\u00f6sen k\u00f6nnen, von denen Sie schon immer getr\u00e4umt haben","breadcrumb":{"@id":"https:\/\/www.miomiorun.com\/de\/wie-man-eine-geschenkkarte-verwendet\/#breadcrumb"},"inLanguage":"de-DE","potentialAction":[{"@type":"ReadAction","target":["https:\/\/www.miomiorun.com\/de\/wie-man-eine-geschenkkarte-verwendet\/"]}]},{"@type":"BreadcrumbList","@id":"https:\/\/www.miomiorun.com\/de\/wie-man-eine-geschenkkarte-verwendet\/#breadcrumb","itemListElement":[{"@type":"ListItem","position":1,"name":"Home","item":"https:\/\/www.miomiorun.com\/de\/"},{"@type":"ListItem","position":2,"name":"Wie man eine Geschenkkarte verwendet"}]},{"@type":"WebSite","@id":"https:\/\/www.miomiorun.com\/de\/#website","url":"https:\/\/www.miomiorun.com\/de\/","name":"MioMioRun","description":"100% Lauf- und Trailshop","publisher":{"@id":"https:\/\/www.miomiorun.com\/de\/#organization"},"potentialAction":[{"@type":"SearchAction","target":{"@type":"EntryPoint","urlTemplate":"https:\/\/www.miomiorun.com\/de\/?s={search_term_string}"},"query-input":{"@type":"PropertyValueSpecification","valueRequired":true,"valueName":"search_term_string"}}],"inLanguage":"de-DE"},{"@type":"Organization","@id":"https:\/\/www.miomiorun.com\/de\/#organization","name":"MioMio Run","url":"https:\/\/www.miomiorun.com\/de\/","logo":{"@type":"ImageObject","inLanguage":"de-DE","@id":"https:\/\/www.miomiorun.com\/de\/#\/schema\/logo\/image\/","url":"https:\/\/www.miomiorun.com\/app\/uploads\/2019\/12\/logomio.png","contentUrl":"https:\/\/www.miomiorun.com\/app\/uploads\/2019\/12\/logomio.png","width":115,"height":82,"caption":"MioMio Run"},"image":{"@id":"https:\/\/www.miomiorun.com\/de\/#\/schema\/logo\/image\/"},"sameAs":["https:\/\/www.facebook.com\/miomiorun\/","https:\/\/www.instagram.com\/miomiorun\/"]}]}},"_links":{"self":[{"href":"https:\/\/www.miomiorun.com\/de\/wp-json\/wp\/v2\/pages\/72446","targetHints":{"allow":["GET"]}}],"collection":[{"href":"https:\/\/www.miomiorun.com\/de\/wp-json\/wp\/v2\/pages"}],"about":[{"href":"https:\/\/www.miomiorun.com\/de\/wp-json\/wp\/v2\/types\/page"}],"author":[{"embeddable":true,"href":"https:\/\/www.miomiorun.com\/de\/wp-json\/wp\/v2\/users\/3102"}],"replies":[{"embeddable":true,"href":"https:\/\/www.miomiorun.com\/de\/wp-json\/wp\/v2\/comments?post=72446"}],"version-history":[{"count":0,"href":"https:\/\/www.miomiorun.com\/de\/wp-json\/wp\/v2\/pages\/72446\/revisions"}],"wp:attachment":[{"href":"https:\/\/www.miomiorun.com\/de\/wp-json\/wp\/v2\/media?parent=72446"}],"curies":[{"name":"wp","href":"https:\/\/api.w.org\/{rel}","templated":true}]}}